{"id":3783,"date":"2019-12-06T11:04:47","date_gmt":"2019-12-06T09:04:47","guid":{"rendered":"https:\/\/www.peetri.edu.ee\/pohikool\/?page_id=3783"},"modified":"2019-12-06T11:06:51","modified_gmt":"2019-12-06T09:06:51","slug":"wonders-digital-world","status":"publish","type":"page","link":"https:\/\/www.peetri.edu.ee\/pohikool\/meie-kool\/projektid\/nord\/wonders-digital-world\/","title":{"rendered":"Wonders of the digital world"},"content":{"rendered":"<p>4.C klassi \u00f5pilased osalevad sel \u00f5ppeaastal Nordplus Junior projektis \u201e\u00a0<a href=\"https:\/\/live.etwinning.net\/projects\/project\/194778\" target=\"_blank\" rel=\"noopener noreferrer\" data-auth=\"NotApplicable\">Wonders of the digital world<\/a>\u201e. 27-31.10 k\u00fclastasid \u00f5pilased Karola, Liisi, Janette, K\u00e4sper ja Ander koos \u00f5petaja Helen Pullineni ja Inga Veskim\u00e4giga Taani Sct. Jacob kooli Vardes. Esimese kohtumise\u00a0\u00a0eesm\u00e4rk oli arendada \u00f5pilaste IT oskusi ja koost\u00f6\u00f6d eTwinning keskkonnas. \u00d5pilased elasid oma uute taani s\u00f5prade kodudes ja said palju h\u00e4id kogemusi ja emotsioone, mida koju kaasa tuua.<\/p>\n<p><iframe loading=\"lazy\" src=\"https:\/\/drive.google.com\/file\/d\/1mUyju1ueA7hHGmcC44QKJbB7rRbNVftj\/preview\" width=\"800\" height=\"600\"><\/iframe><\/p>\n","protected":false},"excerpt":{"rendered":"<p>4.C klassi \u00f5pilased osalevad sel \u00f5ppeaastal Nordplus Junior projektis \u201e\u00a0Wonders of the digital world\u201e. 27-31.10 k\u00fclastasid \u00f5pilased Karola, Liisi, Janette,&#8230;<\/p>\n","protected":false},"author":1,"featured_media":0,"parent":3779,"menu_order":0,"comment_status":"closed","ping_status":"closed","template":"","meta":{"_acf_changed":false,"footnotes":""},"class_list":["post-3783","page","type-page","status-publish","hentry"],"yoast_head":"<!-- This site is optimized with the Yoast SEO plugin v27.2 - https:\/\/yoast.com\/product\/yoast-seo-wordpress\/ -->\n<title>Wonders of the digital world - Peetri P\u00f5hikool<\/title>\n<meta name=\"robots\" content=\"index, follow, max-snippet:-1, max-image-preview:large, max-video-preview:-1\" \/>\n<link rel=\"canonical\" href=\"https:\/\/www.peetri.edu.ee\/pohikool\/meie-kool\/projektid\/nord\/wonders-digital-world\/\" \/>\n<meta property=\"og:locale\" content=\"et_EE\" \/>\n<meta property=\"og:type\" content=\"article\" \/>\n<meta property=\"og:title\" content=\"Wonders of the digital world - Peetri P\u00f5hikool\" \/>\n<meta property=\"og:description\" content=\"4.C klassi \u00f5pilased osalevad sel \u00f5ppeaastal Nordplus Junior projektis \u201e\u00a0Wonders of the digital world\u201e. 27-31.10 k\u00fclastasid \u00f5pilased Karola, Liisi, Janette,...\" \/>\n<meta property=\"og:url\" content=\"https:\/\/www.peetri.edu.ee\/pohikool\/meie-kool\/projektid\/nord\/wonders-digital-world\/\" \/>\n<meta property=\"og:site_name\" content=\"Peetri P\u00f5hikool\" \/>\n<meta property=\"article:modified_time\" content=\"2019-12-06T09:06:51+00:00\" \/>\n<meta name=\"twitter:card\" content=\"summary_large_image\" \/>\n<script type=\"application\/ld+json\" class=\"yoast-schema-graph\">{\"@context\":\"https:\/\/schema.org\",\"@graph\":[{\"@type\":\"WebPage\",\"@id\":\"https:\/\/www.peetri.edu.ee\/pohikool\/meie-kool\/projektid\/nord\/wonders-digital-world\/\",\"url\":\"https:\/\/www.peetri.edu.ee\/pohikool\/meie-kool\/projektid\/nord\/wonders-digital-world\/\",\"name\":\"Wonders of the digital world - Peetri P\u00f5hikool\",\"isPartOf\":{\"@id\":\"https:\/\/www.peetri.edu.ee\/pohikool\/#website\"},\"datePublished\":\"2019-12-06T09:04:47+00:00\",\"dateModified\":\"2019-12-06T09:06:51+00:00\",\"breadcrumb\":{\"@id\":\"https:\/\/www.peetri.edu.ee\/pohikool\/meie-kool\/projektid\/nord\/wonders-digital-world\/#breadcrumb\"},\"inLanguage\":\"et\",\"potentialAction\":[{\"@type\":\"ReadAction\",\"target\":[\"https:\/\/www.peetri.edu.ee\/pohikool\/meie-kool\/projektid\/nord\/wonders-digital-world\/\"]}]},{\"@type\":\"BreadcrumbList\",\"@id\":\"https:\/\/www.peetri.edu.ee\/pohikool\/meie-kool\/projektid\/nord\/wonders-digital-world\/#breadcrumb\",\"itemListElement\":[{\"@type\":\"ListItem\",\"position\":1,\"name\":\"Home\",\"item\":\"https:\/\/www.peetri.edu.ee\/pohikool\/\"},{\"@type\":\"ListItem\",\"position\":2,\"name\":\"Meie kool\",\"item\":\"https:\/\/www.peetri.edu.ee\/pohikool\/\"},{\"@type\":\"ListItem\",\"position\":3,\"name\":\"Projektid\",\"item\":\"https:\/\/www.peetri.edu.ee\/pohikool\/meie-kool\/projektid\/\"},{\"@type\":\"ListItem\",\"position\":4,\"name\":\"Nordplus\",\"item\":\"https:\/\/www.peetri.edu.ee\/pohikool\/meie-kool\/projektid\/nord\/\"},{\"@type\":\"ListItem\",\"position\":5,\"name\":\"Wonders of the digital world\"}]},{\"@type\":\"WebSite\",\"@id\":\"https:\/\/www.peetri.edu.ee\/pohikool\/#website\",\"url\":\"https:\/\/www.peetri.edu.ee\/pohikool\/\",\"name\":\"Peetri P\u00f5hikool\",\"description\":\"Igas inimeses on p\u00e4ike, laskem tal s\u00e4rada\",\"potentialAction\":[{\"@type\":\"SearchAction\",\"target\":{\"@type\":\"EntryPoint\",\"urlTemplate\":\"https:\/\/www.peetri.edu.ee\/pohikool\/?s={search_term_string}\"},\"query-input\":{\"@type\":\"PropertyValueSpecification\",\"valueRequired\":true,\"valueName\":\"search_term_string\"}}],\"inLanguage\":\"et\"}]}<\/script>\n<!-- \/ Yoast SEO plugin. -->","yoast_head_json":{"title":"Wonders of the digital world - Peetri P\u00f5hikool","robots":{"index":"index","follow":"follow","max-snippet":"max-snippet:-1","max-image-preview":"max-image-preview:large","max-video-preview":"max-video-preview:-1"},"canonical":"https:\/\/www.peetri.edu.ee\/pohikool\/meie-kool\/projektid\/nord\/wonders-digital-world\/","og_locale":"et_EE","og_type":"article","og_title":"Wonders of the digital world - Peetri P\u00f5hikool","og_description":"4.C klassi \u00f5pilased osalevad sel \u00f5ppeaastal Nordplus Junior projektis \u201e\u00a0Wonders of the digital world\u201e. 27-31.10 k\u00fclastasid \u00f5pilased Karola, Liisi, Janette,...","og_url":"https:\/\/www.peetri.edu.ee\/pohikool\/meie-kool\/projektid\/nord\/wonders-digital-world\/","og_site_name":"Peetri P\u00f5hikool","article_modified_time":"2019-12-06T09:06:51+00:00","twitter_card":"summary_large_image","schema":{"@context":"https:\/\/schema.org","@graph":[{"@type":"WebPage","@id":"https:\/\/www.peetri.edu.ee\/pohikool\/meie-kool\/projektid\/nord\/wonders-digital-world\/","url":"https:\/\/www.peetri.edu.ee\/pohikool\/meie-kool\/projektid\/nord\/wonders-digital-world\/","name":"Wonders of the digital world - Peetri P\u00f5hikool","isPartOf":{"@id":"https:\/\/www.peetri.edu.ee\/pohikool\/#website"},"datePublished":"2019-12-06T09:04:47+00:00","dateModified":"2019-12-06T09:06:51+00:00","breadcrumb":{"@id":"https:\/\/www.peetri.edu.ee\/pohikool\/meie-kool\/projektid\/nord\/wonders-digital-world\/#breadcrumb"},"inLanguage":"et","potentialAction":[{"@type":"ReadAction","target":["https:\/\/www.peetri.edu.ee\/pohikool\/meie-kool\/projektid\/nord\/wonders-digital-world\/"]}]},{"@type":"BreadcrumbList","@id":"https:\/\/www.peetri.edu.ee\/pohikool\/meie-kool\/projektid\/nord\/wonders-digital-world\/#breadcrumb","itemListElement":[{"@type":"ListItem","position":1,"name":"Home","item":"https:\/\/www.peetri.edu.ee\/pohikool\/"},{"@type":"ListItem","position":2,"name":"Meie kool","item":"https:\/\/www.peetri.edu.ee\/pohikool\/"},{"@type":"ListItem","position":3,"name":"Projektid","item":"https:\/\/www.peetri.edu.ee\/pohikool\/meie-kool\/projektid\/"},{"@type":"ListItem","position":4,"name":"Nordplus","item":"https:\/\/www.peetri.edu.ee\/pohikool\/meie-kool\/projektid\/nord\/"},{"@type":"ListItem","position":5,"name":"Wonders of the digital world"}]},{"@type":"WebSite","@id":"https:\/\/www.peetri.edu.ee\/pohikool\/#website","url":"https:\/\/www.peetri.edu.ee\/pohikool\/","name":"Peetri P\u00f5hikool","description":"Igas inimeses on p\u00e4ike, laskem tal s\u00e4rada","potentialAction":[{"@type":"SearchAction","target":{"@type":"EntryPoint","urlTemplate":"https:\/\/www.peetri.edu.ee\/pohikool\/?s={search_term_string}"},"query-input":{"@type":"PropertyValueSpecification","valueRequired":true,"valueName":"search_term_string"}}],"inLanguage":"et"}]}},"acf":[],"_links":{"self":[{"href":"https:\/\/www.peetri.edu.ee\/pohikool\/wp-json\/wp\/v2\/pages\/3783","targetHints":{"allow":["GET"]}}],"collection":[{"href":"https:\/\/www.peetri.edu.ee\/pohikool\/wp-json\/wp\/v2\/pages"}],"about":[{"href":"https:\/\/www.peetri.edu.ee\/pohikool\/wp-json\/wp\/v2\/types\/page"}],"author":[{"embeddable":true,"href":"https:\/\/www.peetri.edu.ee\/pohikool\/wp-json\/wp\/v2\/users\/1"}],"replies":[{"embeddable":true,"href":"https:\/\/www.peetri.edu.ee\/pohikool\/wp-json\/wp\/v2\/comments?post=3783"}],"version-history":[{"count":2,"href":"https:\/\/www.peetri.edu.ee\/pohikool\/wp-json\/wp\/v2\/pages\/3783\/revisions"}],"predecessor-version":[{"id":3785,"href":"https:\/\/www.peetri.edu.ee\/pohikool\/wp-json\/wp\/v2\/pages\/3783\/revisions\/3785"}],"up":[{"embeddable":true,"href":"https:\/\/www.peetri.edu.ee\/pohikool\/wp-json\/wp\/v2\/pages\/3779"}],"wp:attachment":[{"href":"https:\/\/www.peetri.edu.ee\/pohikool\/wp-json\/wp\/v2\/media?parent=3783"}],"curies":[{"name":"wp","href":"https:\/\/api.w.org\/{rel}","templated":true}]}}