{"id":356,"date":"2017-08-14T10:06:15","date_gmt":"2017-08-14T07:06:15","guid":{"rendered":"https:\/\/www.peetri.edu.ee\/pohikool\/?page_id=356"},"modified":"2023-10-30T15:33:57","modified_gmt":"2023-10-30T13:33:57","slug":"lapsevanemale","status":"publish","type":"page","link":"https:\/\/www.peetri.edu.ee\/pohikool\/meie-kool\/lapsevanemale\/","title":{"rendered":"Lapsevanemale"},"content":{"rendered":"<p><a href=\"https:\/\/www.peetri.edu.ee\/pohikool\/wp-content\/uploads\/sites\/3\/2023\/10\/avaldus-pikemaajaline-planeeritud-puudumine.pdf\">AVALDUS (pikemaajaline planeeritud puudumine \u00f5ppet\u00f6\u00f6 ajal)<\/a><\/p>\n<p><a href=\"https:\/\/www.peetri.edu.ee\/pohikool\/wp-content\/uploads\/sites\/3\/2018\/10\/Esitlus-kodukale-2018.pdf\">Peetri kooli lastevanemate k\u00fcsitluse kokkuv\u00f5te 2018<\/a><\/p>\n<p>Targalt internetis &#8211; lapsevanematele &#8211;\u00a0<a id=\"LPlnk934201\" class=\"x_OWAAutoLink\" href=\"http:\/\/www.targaltinternetis.ee\/lapsevanematele\/\" target=\"_blank\" rel=\"noopener noreferrer\">http:\/\/www.targaltinternetis.ee\/lapsevanematele\/<\/a><\/p>\n<p>eSafety Label portal &#8211;\u00a0e-turvalisuse portaal &#8211;\u00a0\u00a0<a id=\"LPlnk728319\" class=\"x_OWAAutoLink\" href=\"http:\/\/www.esafetylabel.eu\/web\/guest\/etwinningschools\" target=\"_blank\" rel=\"noopener noreferrer\">http:\/\/www.esafetylabel.eu\/web\/guest\/etwinningschools<\/a><\/p>\n<p>P\u00e4riselt ka v\u00f5i &#8211; t\u00e4iskasvanutele &#8211;\u00a0<a id=\"LPlnk154410\" class=\"x_OWAAutoLink\" href=\"http:\/\/pariseltkavoi.ee\/taiskasvanutele.html\" target=\"_blank\" rel=\"noopener noreferrer\">http:\/\/www.pariseltkavoi.ee\/taiskasvanutele.html<\/a><\/p>\n<p>Lapse turvaline k\u00e4itumine Internetis &#8211;\u00a0\u00a0<a id=\"LPlnk66126\" class=\"x_OWAAutoLink\" href=\"http:\/\/laps.targaltinternetis.ee\/\" target=\"_blank\" rel=\"noopener noreferrer\">http:\/\/laps.targaltinternetis.ee\/<\/a>)<\/p>\n<p><a href=\"http:\/\/piksel.ee\/arno\/rae\">Rae valla haridusteenuste haldamise s\u00fcsteem ARNO<\/a><\/p>\n<p><a href=\"https:\/\/www.peetri.edu.ee\/pohikool\/wp-content\/uploads\/sites\/3\/2018\/05\/Vallavalitsuse-korraldus-nr-700-2016-2017-o\u0303ppeaasta-koolivaheajad.pdf\">Rae Vallavalitsuse 03.05.2016 m\u00e4\u00e4rus nr 700 &#8220;Rae valla \u00fcldhariduskoolide\u00a02016\/2017 \u00f5ppeaasta koolivaheaegade kehtestamine&#8221;<\/a><\/p>\n<p><a href=\"https:\/\/www.riigiteataja.ee\/akt\/430122016016\">Rae Vallavalitsuse 27.12.2016 m\u00e4\u00e4rus nr 23 &#8220;Elukohaj\u00e4rgse munitsipaalkooli m\u00e4\u00e4ramise tingimused ja kord&#8221;<\/a><\/p>\n<p><a href=\"https:\/\/www.peetri.edu.ee\/pohikool\/wp-content\/uploads\/sites\/3\/2017\/08\/vastuvott-2.pdf\">Rae Vallavalitsuse 07.02.2017 korraldus nr 225 &#8220;Peetri Lasteaed-P\u00f5hikooli \u00f5pilaste vastuv\u00f5tmise tingimuste ja korra kinnitamine&#8221;<\/a><\/p>\n<p><a href=\"https:\/\/www.peetri.edu.ee\/pohikool\/wp-content\/uploads\/sites\/3\/2017\/08\/KOOLI-ESITLUS_2015-16.pdf\" target=\"_blank\" rel=\"noopener\">Peetri kooli lastevanemate k\u00fcsitluse kokkuv\u00f5te 2015<\/a><\/p>\n<p><a title=\"Haridus- ja Teadusministeerium\" href=\"http:\/\/www.hm.ee\/\" target=\"_blank\" rel=\"noopener\">Haridus- ja Teadusministeerium<\/a><\/p>\n<p><a href=\"http:\/\/www.innove.ee\">SA Innove<\/a><\/p>\n<p><a title=\"Rae vald\" href=\"http:\/\/www.rae.ee\/\" target=\"_blank\" rel=\"noopener\">Rae vald<\/a><\/p>\n<p><a title=\"Koolielu\" href=\"http:\/\/www.koolielu.ee\/\" target=\"_blank\" rel=\"noopener\">Koolielu<\/a><\/p>\n<p><a title=\"Miksike\" href=\"http:\/\/www.miksike.ee\/\" target=\"_blank\" rel=\"noopener\">Miksike<\/a><\/p>\n<p><a title=\"Rae Huvialakool\" href=\"http:\/\/huvikool.rae.ee\/\" target=\"_blank\" rel=\"noopener\">Rae Huvialakoo<\/a>l<\/p>\n<p><a title=\"Rae Valla Spordikeskus\" href=\"http:\/\/www.raespordikeskus.ee\/\" target=\"_blank\" rel=\"noopener\">Rae Valla Spordikeskus<\/a><\/p>\n<p><a href=\"http:\/\/www.rescue.ee\/\" target=\"_blank\" rel=\"noopener\">P\u00e4\u00e4steteenistus<\/a><\/p>\n<p><a href=\"http:\/\/kke.innove.ee\/\">Lehek\u00fclg kakskeelsetele lastele ja nende vanematele \/ \u0421\u0430\u0439\u0442 \u0432 \u043f\u043e\u043c\u043e\u0449\u044c \u0434\u0432\u0443\u044f\u0437\u044b\u0447\u043d\u044b\u043c \u0443\u0447\u0435\u043d\u0438\u043a\u0430\u043c \u0438 \u0438\u0445 \u0440\u043e\u0434\u0438\u0442\u0435\u043b\u044f\u043c.<\/a><\/p>\n","protected":false},"excerpt":{"rendered":"<p>AVALDUS (pikemaajaline planeeritud puudumine \u00f5ppet\u00f6\u00f6 ajal) Peetri kooli lastevanemate k\u00fcsitluse kokkuv\u00f5te 2018 Targalt internetis &#8211; lapsevanematele &#8211;\u00a0http:\/\/www.targaltinternetis.ee\/lapsevanematele\/ eSafety Label portal&#8230;<\/p>\n","protected":false},"author":1,"featured_media":0,"parent":18,"menu_order":70,"comment_status":"closed","ping_status":"closed","template":"","meta":{"_acf_changed":false,"footnotes":""},"class_list":["post-356","page","type-page","status-publish","hentry"],"yoast_head":"<!-- This site is optimized with the Yoast SEO plugin v27.2 - https:\/\/yoast.com\/product\/yoast-seo-wordpress\/ -->\n<title>Lapsevanemale - Peetri P\u00f5hikool<\/title>\n<meta name=\"robots\" content=\"index, follow, max-snippet:-1, max-image-preview:large, max-video-preview:-1\" \/>\n<link rel=\"canonical\" href=\"https:\/\/www.peetri.edu.ee\/pohikool\/meie-kool\/lapsevanemale\/\" \/>\n<meta property=\"og:locale\" content=\"et_EE\" \/>\n<meta property=\"og:type\" content=\"article\" \/>\n<meta property=\"og:title\" content=\"Lapsevanemale - Peetri P\u00f5hikool\" \/>\n<meta property=\"og:description\" content=\"AVALDUS (pikemaajaline planeeritud puudumine \u00f5ppet\u00f6\u00f6 ajal) Peetri kooli lastevanemate k\u00fcsitluse kokkuv\u00f5te 2018 Targalt internetis &#8211; lapsevanematele &#8211;\u00a0http:\/\/www.targaltinternetis.ee\/lapsevanematele\/ eSafety Label portal...\" \/>\n<meta property=\"og:url\" content=\"https:\/\/www.peetri.edu.ee\/pohikool\/meie-kool\/lapsevanemale\/\" \/>\n<meta property=\"og:site_name\" content=\"Peetri P\u00f5hikool\" \/>\n<meta property=\"article:modified_time\" content=\"2023-10-30T13:33:57+00:00\" \/>\n<meta name=\"twitter:card\" content=\"summary_large_image\" \/>\n<meta name=\"twitter:label1\" content=\"Est. reading time\" \/>\n\t<meta name=\"twitter:data1\" content=\"1 minut\" \/>\n<script type=\"application\/ld+json\" class=\"yoast-schema-graph\">{\"@context\":\"https:\/\/schema.org\",\"@graph\":[{\"@type\":\"WebPage\",\"@id\":\"https:\/\/www.peetri.edu.ee\/pohikool\/meie-kool\/lapsevanemale\/\",\"url\":\"https:\/\/www.peetri.edu.ee\/pohikool\/meie-kool\/lapsevanemale\/\",\"name\":\"Lapsevanemale - Peetri P\u00f5hikool\",\"isPartOf\":{\"@id\":\"https:\/\/www.peetri.edu.ee\/pohikool\/#website\"},\"datePublished\":\"2017-08-14T07:06:15+00:00\",\"dateModified\":\"2023-10-30T13:33:57+00:00\",\"breadcrumb\":{\"@id\":\"https:\/\/www.peetri.edu.ee\/pohikool\/meie-kool\/lapsevanemale\/#breadcrumb\"},\"inLanguage\":\"et\",\"potentialAction\":[{\"@type\":\"ReadAction\",\"target\":[\"https:\/\/www.peetri.edu.ee\/pohikool\/meie-kool\/lapsevanemale\/\"]}]},{\"@type\":\"BreadcrumbList\",\"@id\":\"https:\/\/www.peetri.edu.ee\/pohikool\/meie-kool\/lapsevanemale\/#breadcrumb\",\"itemListElement\":[{\"@type\":\"ListItem\",\"position\":1,\"name\":\"Home\",\"item\":\"https:\/\/www.peetri.edu.ee\/pohikool\/\"},{\"@type\":\"ListItem\",\"position\":2,\"name\":\"Meie kool\",\"item\":\"https:\/\/www.peetri.edu.ee\/pohikool\/\"},{\"@type\":\"ListItem\",\"position\":3,\"name\":\"Lapsevanemale\"}]},{\"@type\":\"WebSite\",\"@id\":\"https:\/\/www.peetri.edu.ee\/pohikool\/#website\",\"url\":\"https:\/\/www.peetri.edu.ee\/pohikool\/\",\"name\":\"Peetri P\u00f5hikool\",\"description\":\"Igas inimeses on p\u00e4ike, laskem tal s\u00e4rada\",\"potentialAction\":[{\"@type\":\"SearchAction\",\"target\":{\"@type\":\"EntryPoint\",\"urlTemplate\":\"https:\/\/www.peetri.edu.ee\/pohikool\/?s={search_term_string}\"},\"query-input\":{\"@type\":\"PropertyValueSpecification\",\"valueRequired\":true,\"valueName\":\"search_term_string\"}}],\"inLanguage\":\"et\"}]}<\/script>\n<!-- \/ Yoast SEO plugin. -->","yoast_head_json":{"title":"Lapsevanemale - Peetri P\u00f5hikool","robots":{"index":"index","follow":"follow","max-snippet":"max-snippet:-1","max-image-preview":"max-image-preview:large","max-video-preview":"max-video-preview:-1"},"canonical":"https:\/\/www.peetri.edu.ee\/pohikool\/meie-kool\/lapsevanemale\/","og_locale":"et_EE","og_type":"article","og_title":"Lapsevanemale - Peetri P\u00f5hikool","og_description":"AVALDUS (pikemaajaline planeeritud puudumine \u00f5ppet\u00f6\u00f6 ajal) Peetri kooli lastevanemate k\u00fcsitluse kokkuv\u00f5te 2018 Targalt internetis &#8211; lapsevanematele &#8211;\u00a0http:\/\/www.targaltinternetis.ee\/lapsevanematele\/ eSafety Label portal...","og_url":"https:\/\/www.peetri.edu.ee\/pohikool\/meie-kool\/lapsevanemale\/","og_site_name":"Peetri P\u00f5hikool","article_modified_time":"2023-10-30T13:33:57+00:00","twitter_card":"summary_large_image","twitter_misc":{"Est. reading time":"1 minut"},"schema":{"@context":"https:\/\/schema.org","@graph":[{"@type":"WebPage","@id":"https:\/\/www.peetri.edu.ee\/pohikool\/meie-kool\/lapsevanemale\/","url":"https:\/\/www.peetri.edu.ee\/pohikool\/meie-kool\/lapsevanemale\/","name":"Lapsevanemale - Peetri P\u00f5hikool","isPartOf":{"@id":"https:\/\/www.peetri.edu.ee\/pohikool\/#website"},"datePublished":"2017-08-14T07:06:15+00:00","dateModified":"2023-10-30T13:33:57+00:00","breadcrumb":{"@id":"https:\/\/www.peetri.edu.ee\/pohikool\/meie-kool\/lapsevanemale\/#breadcrumb"},"inLanguage":"et","potentialAction":[{"@type":"ReadAction","target":["https:\/\/www.peetri.edu.ee\/pohikool\/meie-kool\/lapsevanemale\/"]}]},{"@type":"BreadcrumbList","@id":"https:\/\/www.peetri.edu.ee\/pohikool\/meie-kool\/lapsevanemale\/#breadcrumb","itemListElement":[{"@type":"ListItem","position":1,"name":"Home","item":"https:\/\/www.peetri.edu.ee\/pohikool\/"},{"@type":"ListItem","position":2,"name":"Meie kool","item":"https:\/\/www.peetri.edu.ee\/pohikool\/"},{"@type":"ListItem","position":3,"name":"Lapsevanemale"}]},{"@type":"WebSite","@id":"https:\/\/www.peetri.edu.ee\/pohikool\/#website","url":"https:\/\/www.peetri.edu.ee\/pohikool\/","name":"Peetri P\u00f5hikool","description":"Igas inimeses on p\u00e4ike, laskem tal s\u00e4rada","potentialAction":[{"@type":"SearchAction","target":{"@type":"EntryPoint","urlTemplate":"https:\/\/www.peetri.edu.ee\/pohikool\/?s={search_term_string}"},"query-input":{"@type":"PropertyValueSpecification","valueRequired":true,"valueName":"search_term_string"}}],"inLanguage":"et"}]}},"acf":[],"_links":{"self":[{"href":"https:\/\/www.peetri.edu.ee\/pohikool\/wp-json\/wp\/v2\/pages\/356","targetHints":{"allow":["GET"]}}],"collection":[{"href":"https:\/\/www.peetri.edu.ee\/pohikool\/wp-json\/wp\/v2\/pages"}],"about":[{"href":"https:\/\/www.peetri.edu.ee\/pohikool\/wp-json\/wp\/v2\/types\/page"}],"author":[{"embeddable":true,"href":"https:\/\/www.peetri.edu.ee\/pohikool\/wp-json\/wp\/v2\/users\/1"}],"replies":[{"embeddable":true,"href":"https:\/\/www.peetri.edu.ee\/pohikool\/wp-json\/wp\/v2\/comments?post=356"}],"version-history":[{"count":5,"href":"https:\/\/www.peetri.edu.ee\/pohikool\/wp-json\/wp\/v2\/pages\/356\/revisions"}],"predecessor-version":[{"id":8163,"href":"https:\/\/www.peetri.edu.ee\/pohikool\/wp-json\/wp\/v2\/pages\/356\/revisions\/8163"}],"up":[{"embeddable":true,"href":"https:\/\/www.peetri.edu.ee\/pohikool\/wp-json\/wp\/v2\/pages\/18"}],"wp:attachment":[{"href":"https:\/\/www.peetri.edu.ee\/pohikool\/wp-json\/wp\/v2\/media?parent=356"}],"curies":[{"name":"wp","href":"https:\/\/api.w.org\/{rel}","templated":true}]}}