{"id":350,"date":"2017-08-14T10:00:39","date_gmt":"2017-08-14T07:00:39","guid":{"rendered":"https:\/\/www.peetri.edu.ee\/pohikool\/?page_id=350"},"modified":"2024-08-16T11:24:36","modified_gmt":"2024-08-16T08:24:36","slug":"garderoobikapi-uurimine","status":"publish","type":"page","link":"https:\/\/www.peetri.edu.ee\/pohikool\/meie-kool\/lapsevanemale\/garderoobikapi-uurimine\/","title":{"rendered":"Garderoobikapi \u00fc\u00fcrimine"},"content":{"rendered":"<h3>Garderoobikappe saavad \u00fc\u00fcrida 5.-9. klasside \u00f5pilased.<\/h3>\n<p>Garderoobikapi \u00fc\u00fcrimise avaldusi igaks j\u00e4rgnevaks \u00f5ppeaastaks alates augustist <a href=\"https:\/\/www.peetri.edu.ee\/pohikool\/meie-kool\/siseveeb\/\">Spoku e-keskkonnas<\/a>. Kapi v\u00f5tmeid v\u00e4ljastab majandusjuhataja peale avalduse esitamist.<\/p>\n<p>Garderoobikapi rendihind on 2 eur\/kuus. Maksmine toimub poolaasta kaupa Rae valla raamatupidaja poolt esitatud arve alusel.<\/p>\n<p>Peetri Lasteaed-P\u00f5hikooli garderoobikapi kasutamise hinna kehtestamise korraldus<a href=\"https:\/\/www.peetri.edu.ee\/pohikool\/wp-content\/uploads\/sites\/3\/2017\/08\/vallavalitsuse_korraldus_nr_865_garderoobikapi-hinna-kehtestamine.pdf\">vallavalitsuse_korraldus_nr_865_garderoobikapi hinna kehtestamine<\/a>.<\/p>\n","protected":false},"excerpt":{"rendered":"<p>Garderoobikappe saavad \u00fc\u00fcrida 5.-9. klasside \u00f5pilased. Garderoobikapi \u00fc\u00fcrimise avaldusi igaks j\u00e4rgnevaks \u00f5ppeaastaks alates augustist Spoku e-keskkonnas. Kapi v\u00f5tmeid v\u00e4ljastab majandusjuhataja&#8230;<\/p>\n","protected":false},"author":1,"featured_media":0,"parent":356,"menu_order":60,"comment_status":"closed","ping_status":"closed","template":"","meta":{"_acf_changed":false,"footnotes":""},"class_list":["post-350","page","type-page","status-publish","hentry"],"yoast_head":"<!-- This site is optimized with the Yoast SEO plugin v27.2 - https:\/\/yoast.com\/product\/yoast-seo-wordpress\/ -->\n<title>Garderoobikapi \u00fc\u00fcrimine - Peetri P\u00f5hikool<\/title>\n<meta name=\"robots\" content=\"index, follow, max-snippet:-1, max-image-preview:large, max-video-preview:-1\" \/>\n<link rel=\"canonical\" href=\"https:\/\/www.peetri.edu.ee\/pohikool\/meie-kool\/lapsevanemale\/garderoobikapi-uurimine\/\" \/>\n<meta property=\"og:locale\" content=\"et_EE\" \/>\n<meta property=\"og:type\" content=\"article\" \/>\n<meta property=\"og:title\" content=\"Garderoobikapi \u00fc\u00fcrimine - Peetri P\u00f5hikool\" \/>\n<meta property=\"og:description\" content=\"Garderoobikappe saavad \u00fc\u00fcrida 5.-9. klasside \u00f5pilased. Garderoobikapi \u00fc\u00fcrimise avaldusi igaks j\u00e4rgnevaks \u00f5ppeaastaks alates augustist Spoku e-keskkonnas. Kapi v\u00f5tmeid v\u00e4ljastab majandusjuhataja...\" \/>\n<meta property=\"og:url\" content=\"https:\/\/www.peetri.edu.ee\/pohikool\/meie-kool\/lapsevanemale\/garderoobikapi-uurimine\/\" \/>\n<meta property=\"og:site_name\" content=\"Peetri P\u00f5hikool\" \/>\n<meta property=\"article:modified_time\" content=\"2024-08-16T08:24:36+00:00\" \/>\n<meta name=\"twitter:card\" content=\"summary_large_image\" \/>\n<meta name=\"twitter:label1\" content=\"Est. reading time\" \/>\n\t<meta name=\"twitter:data1\" content=\"1 minut\" \/>\n<script type=\"application\/ld+json\" class=\"yoast-schema-graph\">{\"@context\":\"https:\/\/schema.org\",\"@graph\":[{\"@type\":\"WebPage\",\"@id\":\"https:\/\/www.peetri.edu.ee\/pohikool\/meie-kool\/lapsevanemale\/garderoobikapi-uurimine\/\",\"url\":\"https:\/\/www.peetri.edu.ee\/pohikool\/meie-kool\/lapsevanemale\/garderoobikapi-uurimine\/\",\"name\":\"Garderoobikapi \u00fc\u00fcrimine - Peetri P\u00f5hikool\",\"isPartOf\":{\"@id\":\"https:\/\/www.peetri.edu.ee\/pohikool\/#website\"},\"datePublished\":\"2017-08-14T07:00:39+00:00\",\"dateModified\":\"2024-08-16T08:24:36+00:00\",\"breadcrumb\":{\"@id\":\"https:\/\/www.peetri.edu.ee\/pohikool\/meie-kool\/lapsevanemale\/garderoobikapi-uurimine\/#breadcrumb\"},\"inLanguage\":\"et\",\"potentialAction\":[{\"@type\":\"ReadAction\",\"target\":[\"https:\/\/www.peetri.edu.ee\/pohikool\/meie-kool\/lapsevanemale\/garderoobikapi-uurimine\/\"]}]},{\"@type\":\"BreadcrumbList\",\"@id\":\"https:\/\/www.peetri.edu.ee\/pohikool\/meie-kool\/lapsevanemale\/garderoobikapi-uurimine\/#breadcrumb\",\"itemListElement\":[{\"@type\":\"ListItem\",\"position\":1,\"name\":\"Home\",\"item\":\"https:\/\/www.peetri.edu.ee\/pohikool\/\"},{\"@type\":\"ListItem\",\"position\":2,\"name\":\"Meie kool\",\"item\":\"https:\/\/www.peetri.edu.ee\/pohikool\/\"},{\"@type\":\"ListItem\",\"position\":3,\"name\":\"Lapsevanemale\",\"item\":\"https:\/\/www.peetri.edu.ee\/pohikool\/meie-kool\/lapsevanemale\/\"},{\"@type\":\"ListItem\",\"position\":4,\"name\":\"Garderoobikapi \u00fc\u00fcrimine\"}]},{\"@type\":\"WebSite\",\"@id\":\"https:\/\/www.peetri.edu.ee\/pohikool\/#website\",\"url\":\"https:\/\/www.peetri.edu.ee\/pohikool\/\",\"name\":\"Peetri P\u00f5hikool\",\"description\":\"Igas inimeses on p\u00e4ike, laskem tal s\u00e4rada\",\"potentialAction\":[{\"@type\":\"SearchAction\",\"target\":{\"@type\":\"EntryPoint\",\"urlTemplate\":\"https:\/\/www.peetri.edu.ee\/pohikool\/?s={search_term_string}\"},\"query-input\":{\"@type\":\"PropertyValueSpecification\",\"valueRequired\":true,\"valueName\":\"search_term_string\"}}],\"inLanguage\":\"et\"}]}<\/script>\n<!-- \/ Yoast SEO plugin. -->","yoast_head_json":{"title":"Garderoobikapi \u00fc\u00fcrimine - Peetri P\u00f5hikool","robots":{"index":"index","follow":"follow","max-snippet":"max-snippet:-1","max-image-preview":"max-image-preview:large","max-video-preview":"max-video-preview:-1"},"canonical":"https:\/\/www.peetri.edu.ee\/pohikool\/meie-kool\/lapsevanemale\/garderoobikapi-uurimine\/","og_locale":"et_EE","og_type":"article","og_title":"Garderoobikapi \u00fc\u00fcrimine - Peetri P\u00f5hikool","og_description":"Garderoobikappe saavad \u00fc\u00fcrida 5.-9. klasside \u00f5pilased. Garderoobikapi \u00fc\u00fcrimise avaldusi igaks j\u00e4rgnevaks \u00f5ppeaastaks alates augustist Spoku e-keskkonnas. Kapi v\u00f5tmeid v\u00e4ljastab majandusjuhataja...","og_url":"https:\/\/www.peetri.edu.ee\/pohikool\/meie-kool\/lapsevanemale\/garderoobikapi-uurimine\/","og_site_name":"Peetri P\u00f5hikool","article_modified_time":"2024-08-16T08:24:36+00:00","twitter_card":"summary_large_image","twitter_misc":{"Est. reading time":"1 minut"},"schema":{"@context":"https:\/\/schema.org","@graph":[{"@type":"WebPage","@id":"https:\/\/www.peetri.edu.ee\/pohikool\/meie-kool\/lapsevanemale\/garderoobikapi-uurimine\/","url":"https:\/\/www.peetri.edu.ee\/pohikool\/meie-kool\/lapsevanemale\/garderoobikapi-uurimine\/","name":"Garderoobikapi \u00fc\u00fcrimine - Peetri P\u00f5hikool","isPartOf":{"@id":"https:\/\/www.peetri.edu.ee\/pohikool\/#website"},"datePublished":"2017-08-14T07:00:39+00:00","dateModified":"2024-08-16T08:24:36+00:00","breadcrumb":{"@id":"https:\/\/www.peetri.edu.ee\/pohikool\/meie-kool\/lapsevanemale\/garderoobikapi-uurimine\/#breadcrumb"},"inLanguage":"et","potentialAction":[{"@type":"ReadAction","target":["https:\/\/www.peetri.edu.ee\/pohikool\/meie-kool\/lapsevanemale\/garderoobikapi-uurimine\/"]}]},{"@type":"BreadcrumbList","@id":"https:\/\/www.peetri.edu.ee\/pohikool\/meie-kool\/lapsevanemale\/garderoobikapi-uurimine\/#breadcrumb","itemListElement":[{"@type":"ListItem","position":1,"name":"Home","item":"https:\/\/www.peetri.edu.ee\/pohikool\/"},{"@type":"ListItem","position":2,"name":"Meie kool","item":"https:\/\/www.peetri.edu.ee\/pohikool\/"},{"@type":"ListItem","position":3,"name":"Lapsevanemale","item":"https:\/\/www.peetri.edu.ee\/pohikool\/meie-kool\/lapsevanemale\/"},{"@type":"ListItem","position":4,"name":"Garderoobikapi \u00fc\u00fcrimine"}]},{"@type":"WebSite","@id":"https:\/\/www.peetri.edu.ee\/pohikool\/#website","url":"https:\/\/www.peetri.edu.ee\/pohikool\/","name":"Peetri P\u00f5hikool","description":"Igas inimeses on p\u00e4ike, laskem tal s\u00e4rada","potentialAction":[{"@type":"SearchAction","target":{"@type":"EntryPoint","urlTemplate":"https:\/\/www.peetri.edu.ee\/pohikool\/?s={search_term_string}"},"query-input":{"@type":"PropertyValueSpecification","valueRequired":true,"valueName":"search_term_string"}}],"inLanguage":"et"}]}},"acf":[],"_links":{"self":[{"href":"https:\/\/www.peetri.edu.ee\/pohikool\/wp-json\/wp\/v2\/pages\/350","targetHints":{"allow":["GET"]}}],"collection":[{"href":"https:\/\/www.peetri.edu.ee\/pohikool\/wp-json\/wp\/v2\/pages"}],"about":[{"href":"https:\/\/www.peetri.edu.ee\/pohikool\/wp-json\/wp\/v2\/types\/page"}],"author":[{"embeddable":true,"href":"https:\/\/www.peetri.edu.ee\/pohikool\/wp-json\/wp\/v2\/users\/1"}],"replies":[{"embeddable":true,"href":"https:\/\/www.peetri.edu.ee\/pohikool\/wp-json\/wp\/v2\/comments?post=350"}],"version-history":[{"count":5,"href":"https:\/\/www.peetri.edu.ee\/pohikool\/wp-json\/wp\/v2\/pages\/350\/revisions"}],"predecessor-version":[{"id":12211,"href":"https:\/\/www.peetri.edu.ee\/pohikool\/wp-json\/wp\/v2\/pages\/350\/revisions\/12211"}],"up":[{"embeddable":true,"href":"https:\/\/www.peetri.edu.ee\/pohikool\/wp-json\/wp\/v2\/pages\/356"}],"wp:attachment":[{"href":"https:\/\/www.peetri.edu.ee\/pohikool\/wp-json\/wp\/v2\/media?parent=350"}],"curies":[{"name":"wp","href":"https:\/\/api.w.org\/{rel}","templated":true}]}}