{"id":3365,"date":"2019-06-19T12:02:01","date_gmt":"2019-06-19T09:02:01","guid":{"rendered":"https:\/\/www.peetri.edu.ee\/pohikool\/?page_id=3365"},"modified":"2019-06-21T10:29:05","modified_gmt":"2019-06-21T07:29:05","slug":"ill-send-christmas-card-christmas-cards-exchange-2018","status":"publish","type":"page","link":"https:\/\/www.peetri.edu.ee\/pohikool\/meie-kool\/projektid\/etwinning\/20182019-2\/ill-send-christmas-card-christmas-cards-exchange-2018\/","title":{"rendered":"I&#8217;ll send you a Christmas card &#8211; CHRISTMAS CARDS EXCHANGE 2018"},"content":{"rendered":"<p>\u201eJ\u00f5ulutuled, j\u00f5ulukellad ripuvad puu peal,<br \/>\nma saadan sulle j\u00f5ulukaardi, kui saadad mulle \u00fche. &#8221;<\/p>\n<p>Projekti kaudu jagati partnerkoolide \u00f5pilastega j\u00f5ulutunnet, vahetades k\u00e4sitsi valmistatud kaarte ja kirjutades sinna h\u00e4id soove. \u00d5pilased, kasutades erinevaid tehnikaid, tegid j\u00f5ulukaarte, kirjutasid kaartidele inglise keeles j\u00f5ulutervitusi ja saatsid need k\u00f5igile partnerkoolidele traditsioonilise posti teel.<\/p>\n<p>Eesm\u00e4rgid:<\/p>\n<ol>\n<li>j\u00f5ulukaartide saatmine ja vastuv\u00f5tmine;<\/li>\n<li>j\u00f5ulutunde jagamine ja heade soovide edastamine;<\/li>\n<li>inglise keele kasutamine uute s\u00f5pradega suhtlemiseks;<\/li>\n<li>\u00f5pilaste kultuuri- ja geograafiliste teadmiste laiendamine;<\/li>\n<li>teabe saamine teiste riikide j\u00f5ulude kohta.<\/li>\n<\/ol>\n<p>T\u00f6\u00f6 k\u00e4ik:<\/p>\n<ol>\n<li>partnerkoolide aadresside kogumine;<\/li>\n<li>\u00f5petajate tutvustamine, kasutades veebikeskkonda Padlet;<\/li>\n<li>\u00f5pilaste ja koolide tutvustamine eTwinningu Twinspaces (foto, l\u00fchike video jne.);<\/li>\n<li>faktid projektis osalevate riikide kohta (lipud ja pealinnad);<\/li>\n<li>j\u00f5ulukaartide kujundamine ja ingliskeelsete tekstide lisamine;<\/li>\n<li>partnerkoolidele valmistatud kaartide saatmine traditsioonilise posti teel;<\/li>\n<li>j\u00f5ulup\u00e4randi raamatu loomine;<\/li>\n<li>j\u00f5uluga seotud veebim\u00e4ngude loomine (nt veebikeskkonna Quizes kasutamine, rists\u00f5nad tegemine jms);<\/li>\n<li>j\u00f5ulukaartidest n\u00e4ituse korraldamine oma klassiruumis;<\/li>\n<li>videokonverents partnerkoolidega &#8211; projekti arutelu, \u00fchislaulmine;<\/li>\n<li>projekti hindamine.<\/li>\n<\/ol>\n<p><iframe loading=\"lazy\" src=\"https:\/\/drive.google.com\/file\/d\/1rh7amASe_JOjDQbzjd7XiQmk8PftqdmO\/preview\" width=\"640\" height=\"480\"><\/iframe><\/p>\n<p>Projekti materjalid: <a href=\"https:\/\/twinspace.etwinning.net\/74155\/home\">https:\/\/twinspace.etwinning.net\/74155\/home<\/a><\/p>\n","protected":false},"excerpt":{"rendered":"<p>\u201eJ\u00f5ulutuled, j\u00f5ulukellad ripuvad puu peal, ma saadan sulle j\u00f5ulukaardi, kui saadad mulle \u00fche. &#8221; Projekti kaudu jagati partnerkoolide \u00f5pilastega j\u00f5ulutunnet,&#8230;<\/p>\n","protected":false},"author":1,"featured_media":0,"parent":3349,"menu_order":20,"comment_status":"closed","ping_status":"closed","template":"","meta":{"_acf_changed":false,"footnotes":""},"class_list":["post-3365","page","type-page","status-publish","hentry"],"yoast_head":"<!-- This site is optimized with the Yoast SEO plugin v27.2 - https:\/\/yoast.com\/product\/yoast-seo-wordpress\/ -->\n<title>I&#039;ll send you a Christmas card - CHRISTMAS CARDS EXCHANGE 2018 - Peetri P\u00f5hikool<\/title>\n<meta name=\"robots\" content=\"index, follow, max-snippet:-1, max-image-preview:large, max-video-preview:-1\" \/>\n<link rel=\"canonical\" href=\"https:\/\/www.peetri.edu.ee\/pohikool\/meie-kool\/projektid\/etwinning\/20182019-2\/ill-send-christmas-card-christmas-cards-exchange-2018\/\" \/>\n<meta property=\"og:locale\" content=\"et_EE\" \/>\n<meta property=\"og:type\" content=\"article\" \/>\n<meta property=\"og:title\" content=\"I&#039;ll send you a Christmas card - CHRISTMAS CARDS EXCHANGE 2018 - Peetri P\u00f5hikool\" \/>\n<meta property=\"og:description\" content=\"\u201eJ\u00f5ulutuled, j\u00f5ulukellad ripuvad puu peal, ma saadan sulle j\u00f5ulukaardi, kui saadad mulle \u00fche. &#8221; Projekti kaudu jagati partnerkoolide \u00f5pilastega j\u00f5ulutunnet,...\" \/>\n<meta property=\"og:url\" content=\"https:\/\/www.peetri.edu.ee\/pohikool\/meie-kool\/projektid\/etwinning\/20182019-2\/ill-send-christmas-card-christmas-cards-exchange-2018\/\" \/>\n<meta property=\"og:site_name\" content=\"Peetri P\u00f5hikool\" \/>\n<meta property=\"article:modified_time\" content=\"2019-06-21T07:29:05+00:00\" \/>\n<meta name=\"twitter:card\" content=\"summary_large_image\" \/>\n<meta name=\"twitter:label1\" content=\"Est. reading time\" \/>\n\t<meta name=\"twitter:data1\" content=\"1 minut\" \/>\n<script type=\"application\/ld+json\" class=\"yoast-schema-graph\">{\"@context\":\"https:\/\/schema.org\",\"@graph\":[{\"@type\":\"WebPage\",\"@id\":\"https:\/\/www.peetri.edu.ee\/pohikool\/meie-kool\/projektid\/etwinning\/20182019-2\/ill-send-christmas-card-christmas-cards-exchange-2018\/\",\"url\":\"https:\/\/www.peetri.edu.ee\/pohikool\/meie-kool\/projektid\/etwinning\/20182019-2\/ill-send-christmas-card-christmas-cards-exchange-2018\/\",\"name\":\"I'll send you a Christmas card - CHRISTMAS CARDS EXCHANGE 2018 - Peetri P\u00f5hikool\",\"isPartOf\":{\"@id\":\"https:\/\/www.peetri.edu.ee\/pohikool\/#website\"},\"datePublished\":\"2019-06-19T09:02:01+00:00\",\"dateModified\":\"2019-06-21T07:29:05+00:00\",\"breadcrumb\":{\"@id\":\"https:\/\/www.peetri.edu.ee\/pohikool\/meie-kool\/projektid\/etwinning\/20182019-2\/ill-send-christmas-card-christmas-cards-exchange-2018\/#breadcrumb\"},\"inLanguage\":\"et\",\"potentialAction\":[{\"@type\":\"ReadAction\",\"target\":[\"https:\/\/www.peetri.edu.ee\/pohikool\/meie-kool\/projektid\/etwinning\/20182019-2\/ill-send-christmas-card-christmas-cards-exchange-2018\/\"]}]},{\"@type\":\"BreadcrumbList\",\"@id\":\"https:\/\/www.peetri.edu.ee\/pohikool\/meie-kool\/projektid\/etwinning\/20182019-2\/ill-send-christmas-card-christmas-cards-exchange-2018\/#breadcrumb\",\"itemListElement\":[{\"@type\":\"ListItem\",\"position\":1,\"name\":\"Home\",\"item\":\"https:\/\/www.peetri.edu.ee\/pohikool\/\"},{\"@type\":\"ListItem\",\"position\":2,\"name\":\"Meie kool\",\"item\":\"https:\/\/www.peetri.edu.ee\/pohikool\/\"},{\"@type\":\"ListItem\",\"position\":3,\"name\":\"Projektid\",\"item\":\"https:\/\/www.peetri.edu.ee\/pohikool\/meie-kool\/projektid\/\"},{\"@type\":\"ListItem\",\"position\":4,\"name\":\"eTwinning\",\"item\":\"https:\/\/www.peetri.edu.ee\/pohikool\/meie-kool\/projektid\/etwinning\/\"},{\"@type\":\"ListItem\",\"position\":5,\"name\":\"2018\/2019\",\"item\":\"https:\/\/www.peetri.edu.ee\/pohikool\/meie-kool\/projektid\/etwinning\/20182019-2\/\"},{\"@type\":\"ListItem\",\"position\":6,\"name\":\"I&#8217;ll send you a Christmas card &#8211; CHRISTMAS CARDS EXCHANGE 2018\"}]},{\"@type\":\"WebSite\",\"@id\":\"https:\/\/www.peetri.edu.ee\/pohikool\/#website\",\"url\":\"https:\/\/www.peetri.edu.ee\/pohikool\/\",\"name\":\"Peetri P\u00f5hikool\",\"description\":\"Igas inimeses on p\u00e4ike, laskem tal s\u00e4rada\",\"potentialAction\":[{\"@type\":\"SearchAction\",\"target\":{\"@type\":\"EntryPoint\",\"urlTemplate\":\"https:\/\/www.peetri.edu.ee\/pohikool\/?s={search_term_string}\"},\"query-input\":{\"@type\":\"PropertyValueSpecification\",\"valueRequired\":true,\"valueName\":\"search_term_string\"}}],\"inLanguage\":\"et\"}]}<\/script>\n<!-- \/ Yoast SEO plugin. -->","yoast_head_json":{"title":"I'll send you a Christmas card - CHRISTMAS CARDS EXCHANGE 2018 - Peetri P\u00f5hikool","robots":{"index":"index","follow":"follow","max-snippet":"max-snippet:-1","max-image-preview":"max-image-preview:large","max-video-preview":"max-video-preview:-1"},"canonical":"https:\/\/www.peetri.edu.ee\/pohikool\/meie-kool\/projektid\/etwinning\/20182019-2\/ill-send-christmas-card-christmas-cards-exchange-2018\/","og_locale":"et_EE","og_type":"article","og_title":"I'll send you a Christmas card - CHRISTMAS CARDS EXCHANGE 2018 - Peetri P\u00f5hikool","og_description":"\u201eJ\u00f5ulutuled, j\u00f5ulukellad ripuvad puu peal, ma saadan sulle j\u00f5ulukaardi, kui saadad mulle \u00fche. &#8221; Projekti kaudu jagati partnerkoolide \u00f5pilastega j\u00f5ulutunnet,...","og_url":"https:\/\/www.peetri.edu.ee\/pohikool\/meie-kool\/projektid\/etwinning\/20182019-2\/ill-send-christmas-card-christmas-cards-exchange-2018\/","og_site_name":"Peetri P\u00f5hikool","article_modified_time":"2019-06-21T07:29:05+00:00","twitter_card":"summary_large_image","twitter_misc":{"Est. reading time":"1 minut"},"schema":{"@context":"https:\/\/schema.org","@graph":[{"@type":"WebPage","@id":"https:\/\/www.peetri.edu.ee\/pohikool\/meie-kool\/projektid\/etwinning\/20182019-2\/ill-send-christmas-card-christmas-cards-exchange-2018\/","url":"https:\/\/www.peetri.edu.ee\/pohikool\/meie-kool\/projektid\/etwinning\/20182019-2\/ill-send-christmas-card-christmas-cards-exchange-2018\/","name":"I'll send you a Christmas card - CHRISTMAS CARDS EXCHANGE 2018 - Peetri P\u00f5hikool","isPartOf":{"@id":"https:\/\/www.peetri.edu.ee\/pohikool\/#website"},"datePublished":"2019-06-19T09:02:01+00:00","dateModified":"2019-06-21T07:29:05+00:00","breadcrumb":{"@id":"https:\/\/www.peetri.edu.ee\/pohikool\/meie-kool\/projektid\/etwinning\/20182019-2\/ill-send-christmas-card-christmas-cards-exchange-2018\/#breadcrumb"},"inLanguage":"et","potentialAction":[{"@type":"ReadAction","target":["https:\/\/www.peetri.edu.ee\/pohikool\/meie-kool\/projektid\/etwinning\/20182019-2\/ill-send-christmas-card-christmas-cards-exchange-2018\/"]}]},{"@type":"BreadcrumbList","@id":"https:\/\/www.peetri.edu.ee\/pohikool\/meie-kool\/projektid\/etwinning\/20182019-2\/ill-send-christmas-card-christmas-cards-exchange-2018\/#breadcrumb","itemListElement":[{"@type":"ListItem","position":1,"name":"Home","item":"https:\/\/www.peetri.edu.ee\/pohikool\/"},{"@type":"ListItem","position":2,"name":"Meie kool","item":"https:\/\/www.peetri.edu.ee\/pohikool\/"},{"@type":"ListItem","position":3,"name":"Projektid","item":"https:\/\/www.peetri.edu.ee\/pohikool\/meie-kool\/projektid\/"},{"@type":"ListItem","position":4,"name":"eTwinning","item":"https:\/\/www.peetri.edu.ee\/pohikool\/meie-kool\/projektid\/etwinning\/"},{"@type":"ListItem","position":5,"name":"2018\/2019","item":"https:\/\/www.peetri.edu.ee\/pohikool\/meie-kool\/projektid\/etwinning\/20182019-2\/"},{"@type":"ListItem","position":6,"name":"I&#8217;ll send you a Christmas card &#8211; CHRISTMAS CARDS EXCHANGE 2018"}]},{"@type":"WebSite","@id":"https:\/\/www.peetri.edu.ee\/pohikool\/#website","url":"https:\/\/www.peetri.edu.ee\/pohikool\/","name":"Peetri P\u00f5hikool","description":"Igas inimeses on p\u00e4ike, laskem tal s\u00e4rada","potentialAction":[{"@type":"SearchAction","target":{"@type":"EntryPoint","urlTemplate":"https:\/\/www.peetri.edu.ee\/pohikool\/?s={search_term_string}"},"query-input":{"@type":"PropertyValueSpecification","valueRequired":true,"valueName":"search_term_string"}}],"inLanguage":"et"}]}},"acf":[],"_links":{"self":[{"href":"https:\/\/www.peetri.edu.ee\/pohikool\/wp-json\/wp\/v2\/pages\/3365","targetHints":{"allow":["GET"]}}],"collection":[{"href":"https:\/\/www.peetri.edu.ee\/pohikool\/wp-json\/wp\/v2\/pages"}],"about":[{"href":"https:\/\/www.peetri.edu.ee\/pohikool\/wp-json\/wp\/v2\/types\/page"}],"author":[{"embeddable":true,"href":"https:\/\/www.peetri.edu.ee\/pohikool\/wp-json\/wp\/v2\/users\/1"}],"replies":[{"embeddable":true,"href":"https:\/\/www.peetri.edu.ee\/pohikool\/wp-json\/wp\/v2\/comments?post=3365"}],"version-history":[{"count":4,"href":"https:\/\/www.peetri.edu.ee\/pohikool\/wp-json\/wp\/v2\/pages\/3365\/revisions"}],"predecessor-version":[{"id":3399,"href":"https:\/\/www.peetri.edu.ee\/pohikool\/wp-json\/wp\/v2\/pages\/3365\/revisions\/3399"}],"up":[{"embeddable":true,"href":"https:\/\/www.peetri.edu.ee\/pohikool\/wp-json\/wp\/v2\/pages\/3349"}],"wp:attachment":[{"href":"https:\/\/www.peetri.edu.ee\/pohikool\/wp-json\/wp\/v2\/media?parent=3365"}],"curies":[{"name":"wp","href":"https:\/\/api.w.org\/{rel}","templated":true}]}}