{"id":3363,"date":"2019-06-19T11:59:44","date_gmt":"2019-06-19T08:59:44","guid":{"rendered":"https:\/\/www.peetri.edu.ee\/pohikool\/?page_id=3363"},"modified":"2019-06-21T10:26:09","modified_gmt":"2019-06-21T07:26:09","slug":"christmas-traditions","status":"publish","type":"page","link":"https:\/\/www.peetri.edu.ee\/pohikool\/meie-kool\/projektid\/etwinning\/20182019-2\/christmas-traditions\/","title":{"rendered":"Christmas traditions"},"content":{"rendered":"<p>Projekti kestus: 12.11.2019-17.12.2019<br \/>\nProjekti raames toimus j\u00f5ulup\u00e4randite jagamine partnerkooliga (oma riigi j\u00f5ulutraditsioonide kirjeldamine ja teiste riikide traditsioonide uurimine).<br \/>\nJ\u00f5ulukaartide valmistamine ja traditsiooniliste j\u00f5ulupiparkookide valmistamine. (Piparkoogid (Ee) \/ Vaniljekranse \/ Brunkager \/ pebern\u00f8dder (DK))<br \/>\nPartnerid:<br \/>\nPeetri Lasteaed-P\u00f5hikool (Eesti), 5. klass &#8211; 19 \u00f5pilast (10 poissi ja 9 t\u00fcdrukut)<br \/>\nTraneskolen og B\u00f8rneby afd. Tistrup (Taani) , 5. klass &#8211; 18 \u00f5pilast (6 poissi ja 12 t\u00fcdrukut)<\/p>\n<p>Projekti eesm\u00e4rgid:<\/p>\n<ol>\n<li>Kultuuriline ja v\u00e4\u00e4rtuslik p\u00e4devus &#8211; v\u00f5ime hinnata inimsuhteid, oma riigi ja rahva ning partnerriigi kultuurip\u00e4randit.<\/li>\n<li>Suhtlusp\u00e4devus &#8211; v\u00f5ime end selgelt, asjakohaselt ja viisakalt v\u00e4ljendada ja ennast ning oma kooli inglise keeles tutvustada.<\/li>\n<li>Digitaalne p\u00e4devus &#8211; v\u00f5ime kasutada arendatud digitaalset tehnoloogiat, et suhelda ja koost\u00f6\u00f6d teha erinevates digitaalsetes keskkondades.<\/li>\n<\/ol>\n<p>T\u00f6\u00f6 k\u00e4ik<\/p>\n<ul>\n<li>kooli, klasside ja \u00f5pilaste l\u00fchi\u00fclevaade, esitluse (turvaline keskkond)tegemine ja jagamine partneritega<\/li>\n<li>j\u00f5ulukaartide tegemine<\/li>\n<li>k\u00fcpsetiste valmistamine<\/li>\n<li>j\u00f5uluv\u00f5istlused<\/li>\n<li>Skype\u00b4i seanss (Teema: \u201eJ\u00f5ulutervitused\/ j\u00f5ululaulud\u201d)<\/li>\n<\/ul>\n<p>Projekti materjalid: <a href=\"https:\/\/twinspace.etwinning.net\/76626\/home\">https:\/\/twinspace.etwinning.net\/76626\/home<\/a><\/p>\n","protected":false},"excerpt":{"rendered":"<p>Projekti kestus: 12.11.2019-17.12.2019 Projekti raames toimus j\u00f5ulup\u00e4randite jagamine partnerkooliga (oma riigi j\u00f5ulutraditsioonide kirjeldamine ja teiste riikide traditsioonide uurimine). J\u00f5ulukaartide valmistamine&#8230;<\/p>\n","protected":false},"author":1,"featured_media":0,"parent":3349,"menu_order":15,"comment_status":"closed","ping_status":"closed","template":"","meta":{"_acf_changed":false,"footnotes":""},"class_list":["post-3363","page","type-page","status-publish","hentry"],"yoast_head":"<!-- This site is optimized with the Yoast SEO plugin v27.2 - https:\/\/yoast.com\/product\/yoast-seo-wordpress\/ -->\n<title>Christmas traditions - Peetri P\u00f5hikool<\/title>\n<meta name=\"robots\" content=\"index, follow, max-snippet:-1, max-image-preview:large, max-video-preview:-1\" \/>\n<link rel=\"canonical\" href=\"https:\/\/www.peetri.edu.ee\/pohikool\/meie-kool\/projektid\/etwinning\/20182019-2\/christmas-traditions\/\" \/>\n<meta property=\"og:locale\" content=\"et_EE\" \/>\n<meta property=\"og:type\" content=\"article\" \/>\n<meta property=\"og:title\" content=\"Christmas traditions - Peetri P\u00f5hikool\" \/>\n<meta property=\"og:description\" content=\"Projekti kestus: 12.11.2019-17.12.2019 Projekti raames toimus j\u00f5ulup\u00e4randite jagamine partnerkooliga (oma riigi j\u00f5ulutraditsioonide kirjeldamine ja teiste riikide traditsioonide uurimine). J\u00f5ulukaartide valmistamine...\" \/>\n<meta property=\"og:url\" content=\"https:\/\/www.peetri.edu.ee\/pohikool\/meie-kool\/projektid\/etwinning\/20182019-2\/christmas-traditions\/\" \/>\n<meta property=\"og:site_name\" content=\"Peetri P\u00f5hikool\" \/>\n<meta property=\"article:modified_time\" content=\"2019-06-21T07:26:09+00:00\" \/>\n<meta name=\"twitter:card\" content=\"summary_large_image\" \/>\n<meta name=\"twitter:label1\" content=\"Est. reading time\" \/>\n\t<meta name=\"twitter:data1\" content=\"1 minut\" \/>\n<script type=\"application\/ld+json\" class=\"yoast-schema-graph\">{\"@context\":\"https:\/\/schema.org\",\"@graph\":[{\"@type\":\"WebPage\",\"@id\":\"https:\/\/www.peetri.edu.ee\/pohikool\/meie-kool\/projektid\/etwinning\/20182019-2\/christmas-traditions\/\",\"url\":\"https:\/\/www.peetri.edu.ee\/pohikool\/meie-kool\/projektid\/etwinning\/20182019-2\/christmas-traditions\/\",\"name\":\"Christmas traditions - Peetri P\u00f5hikool\",\"isPartOf\":{\"@id\":\"https:\/\/www.peetri.edu.ee\/pohikool\/#website\"},\"datePublished\":\"2019-06-19T08:59:44+00:00\",\"dateModified\":\"2019-06-21T07:26:09+00:00\",\"breadcrumb\":{\"@id\":\"https:\/\/www.peetri.edu.ee\/pohikool\/meie-kool\/projektid\/etwinning\/20182019-2\/christmas-traditions\/#breadcrumb\"},\"inLanguage\":\"et\",\"potentialAction\":[{\"@type\":\"ReadAction\",\"target\":[\"https:\/\/www.peetri.edu.ee\/pohikool\/meie-kool\/projektid\/etwinning\/20182019-2\/christmas-traditions\/\"]}]},{\"@type\":\"BreadcrumbList\",\"@id\":\"https:\/\/www.peetri.edu.ee\/pohikool\/meie-kool\/projektid\/etwinning\/20182019-2\/christmas-traditions\/#breadcrumb\",\"itemListElement\":[{\"@type\":\"ListItem\",\"position\":1,\"name\":\"Home\",\"item\":\"https:\/\/www.peetri.edu.ee\/pohikool\/\"},{\"@type\":\"ListItem\",\"position\":2,\"name\":\"Meie kool\",\"item\":\"https:\/\/www.peetri.edu.ee\/pohikool\/\"},{\"@type\":\"ListItem\",\"position\":3,\"name\":\"Projektid\",\"item\":\"https:\/\/www.peetri.edu.ee\/pohikool\/meie-kool\/projektid\/\"},{\"@type\":\"ListItem\",\"position\":4,\"name\":\"eTwinning\",\"item\":\"https:\/\/www.peetri.edu.ee\/pohikool\/meie-kool\/projektid\/etwinning\/\"},{\"@type\":\"ListItem\",\"position\":5,\"name\":\"2018\/2019\",\"item\":\"https:\/\/www.peetri.edu.ee\/pohikool\/meie-kool\/projektid\/etwinning\/20182019-2\/\"},{\"@type\":\"ListItem\",\"position\":6,\"name\":\"Christmas traditions\"}]},{\"@type\":\"WebSite\",\"@id\":\"https:\/\/www.peetri.edu.ee\/pohikool\/#website\",\"url\":\"https:\/\/www.peetri.edu.ee\/pohikool\/\",\"name\":\"Peetri P\u00f5hikool\",\"description\":\"Igas inimeses on p\u00e4ike, laskem tal s\u00e4rada\",\"potentialAction\":[{\"@type\":\"SearchAction\",\"target\":{\"@type\":\"EntryPoint\",\"urlTemplate\":\"https:\/\/www.peetri.edu.ee\/pohikool\/?s={search_term_string}\"},\"query-input\":{\"@type\":\"PropertyValueSpecification\",\"valueRequired\":true,\"valueName\":\"search_term_string\"}}],\"inLanguage\":\"et\"}]}<\/script>\n<!-- \/ Yoast SEO plugin. -->","yoast_head_json":{"title":"Christmas traditions - Peetri P\u00f5hikool","robots":{"index":"index","follow":"follow","max-snippet":"max-snippet:-1","max-image-preview":"max-image-preview:large","max-video-preview":"max-video-preview:-1"},"canonical":"https:\/\/www.peetri.edu.ee\/pohikool\/meie-kool\/projektid\/etwinning\/20182019-2\/christmas-traditions\/","og_locale":"et_EE","og_type":"article","og_title":"Christmas traditions - Peetri P\u00f5hikool","og_description":"Projekti kestus: 12.11.2019-17.12.2019 Projekti raames toimus j\u00f5ulup\u00e4randite jagamine partnerkooliga (oma riigi j\u00f5ulutraditsioonide kirjeldamine ja teiste riikide traditsioonide uurimine). J\u00f5ulukaartide valmistamine...","og_url":"https:\/\/www.peetri.edu.ee\/pohikool\/meie-kool\/projektid\/etwinning\/20182019-2\/christmas-traditions\/","og_site_name":"Peetri P\u00f5hikool","article_modified_time":"2019-06-21T07:26:09+00:00","twitter_card":"summary_large_image","twitter_misc":{"Est. reading time":"1 minut"},"schema":{"@context":"https:\/\/schema.org","@graph":[{"@type":"WebPage","@id":"https:\/\/www.peetri.edu.ee\/pohikool\/meie-kool\/projektid\/etwinning\/20182019-2\/christmas-traditions\/","url":"https:\/\/www.peetri.edu.ee\/pohikool\/meie-kool\/projektid\/etwinning\/20182019-2\/christmas-traditions\/","name":"Christmas traditions - Peetri P\u00f5hikool","isPartOf":{"@id":"https:\/\/www.peetri.edu.ee\/pohikool\/#website"},"datePublished":"2019-06-19T08:59:44+00:00","dateModified":"2019-06-21T07:26:09+00:00","breadcrumb":{"@id":"https:\/\/www.peetri.edu.ee\/pohikool\/meie-kool\/projektid\/etwinning\/20182019-2\/christmas-traditions\/#breadcrumb"},"inLanguage":"et","potentialAction":[{"@type":"ReadAction","target":["https:\/\/www.peetri.edu.ee\/pohikool\/meie-kool\/projektid\/etwinning\/20182019-2\/christmas-traditions\/"]}]},{"@type":"BreadcrumbList","@id":"https:\/\/www.peetri.edu.ee\/pohikool\/meie-kool\/projektid\/etwinning\/20182019-2\/christmas-traditions\/#breadcrumb","itemListElement":[{"@type":"ListItem","position":1,"name":"Home","item":"https:\/\/www.peetri.edu.ee\/pohikool\/"},{"@type":"ListItem","position":2,"name":"Meie kool","item":"https:\/\/www.peetri.edu.ee\/pohikool\/"},{"@type":"ListItem","position":3,"name":"Projektid","item":"https:\/\/www.peetri.edu.ee\/pohikool\/meie-kool\/projektid\/"},{"@type":"ListItem","position":4,"name":"eTwinning","item":"https:\/\/www.peetri.edu.ee\/pohikool\/meie-kool\/projektid\/etwinning\/"},{"@type":"ListItem","position":5,"name":"2018\/2019","item":"https:\/\/www.peetri.edu.ee\/pohikool\/meie-kool\/projektid\/etwinning\/20182019-2\/"},{"@type":"ListItem","position":6,"name":"Christmas traditions"}]},{"@type":"WebSite","@id":"https:\/\/www.peetri.edu.ee\/pohikool\/#website","url":"https:\/\/www.peetri.edu.ee\/pohikool\/","name":"Peetri P\u00f5hikool","description":"Igas inimeses on p\u00e4ike, laskem tal s\u00e4rada","potentialAction":[{"@type":"SearchAction","target":{"@type":"EntryPoint","urlTemplate":"https:\/\/www.peetri.edu.ee\/pohikool\/?s={search_term_string}"},"query-input":{"@type":"PropertyValueSpecification","valueRequired":true,"valueName":"search_term_string"}}],"inLanguage":"et"}]}},"acf":[],"_links":{"self":[{"href":"https:\/\/www.peetri.edu.ee\/pohikool\/wp-json\/wp\/v2\/pages\/3363","targetHints":{"allow":["GET"]}}],"collection":[{"href":"https:\/\/www.peetri.edu.ee\/pohikool\/wp-json\/wp\/v2\/pages"}],"about":[{"href":"https:\/\/www.peetri.edu.ee\/pohikool\/wp-json\/wp\/v2\/types\/page"}],"author":[{"embeddable":true,"href":"https:\/\/www.peetri.edu.ee\/pohikool\/wp-json\/wp\/v2\/users\/1"}],"replies":[{"embeddable":true,"href":"https:\/\/www.peetri.edu.ee\/pohikool\/wp-json\/wp\/v2\/comments?post=3363"}],"version-history":[{"count":3,"href":"https:\/\/www.peetri.edu.ee\/pohikool\/wp-json\/wp\/v2\/pages\/3363\/revisions"}],"predecessor-version":[{"id":3398,"href":"https:\/\/www.peetri.edu.ee\/pohikool\/wp-json\/wp\/v2\/pages\/3363\/revisions\/3398"}],"up":[{"embeddable":true,"href":"https:\/\/www.peetri.edu.ee\/pohikool\/wp-json\/wp\/v2\/pages\/3349"}],"wp:attachment":[{"href":"https:\/\/www.peetri.edu.ee\/pohikool\/wp-json\/wp\/v2\/media?parent=3363"}],"curies":[{"name":"wp","href":"https:\/\/api.w.org\/{rel}","templated":true}]}}