{"id":3356,"date":"2019-06-19T11:50:18","date_gmt":"2019-06-19T08:50:18","guid":{"rendered":"https:\/\/www.peetri.edu.ee\/pohikool\/?page_id=3356"},"modified":"2021-04-29T10:13:39","modified_gmt":"2021-04-29T07:13:39","slug":"math-is-fun","status":"publish","type":"page","link":"https:\/\/www.peetri.edu.ee\/pohikool\/meie-kool\/projektid\/etwinning\/20182019-2\/math-is-fun\/","title":{"rendered":"Math is fun"},"content":{"rendered":"<p>Projekt oli suunatud 12\u201314-aastastele \u00f5pilastele. T\u00f6\u00f6keel oli inglise keel ja kestus kuus kuud.<br \/>\nProjekti abil sooviti suurendada \u00f5pilaste motivatsiooni ja huvi matemaatika vastu, h\u00f5lbustada vastastikust m\u00f5istmist, saada teadmisi partnerite kohta, \u00f5ppida tundma geomeetrilisi kujundeid ja arvutada nende pindalasid.<br \/>\n\u00d5pilased joonistasid matemaatilistest kujunditest pilte, arvutasid kujundite pindalasid, kasutasid inglise keelt valminud piltide kirjeldamiseks partnerkoolile.<\/p>\n<p>Projekti eesm\u00e4rgid<\/p>\n<ul>\n<li>geomeetriliste kujunditest piltide tegemine ja kujundite pindalade arvutamine<\/li>\n<li>ingliskeelsete juhendite kirjutamine<\/li>\n<li>suhtlemine \u00f5pilaste ja \u00f5petajate vahel<\/li>\n<li>Google Drive&#8217;i je eTwinning Twinspace kasutamine<\/li>\n<li>\u00f5pitud teadmiste kasutamine erinevates olukordades<\/li>\n<\/ul>\n<p>T\u00f6\u00f6 k\u00e4ik<\/p>\n<ul>\n<li>tegevuste arutelu<\/li>\n<li>enesetutvustuste tegemine kasutades \u201cChinese portrait\u201d<\/li>\n<li>rahvusvaheliste r\u00fchmade moodustamine<\/li>\n<li>projekti logode tegemine<\/li>\n<li>geomeetrilistest kujunditest piltide joonestamine ja kujundite pindalade arvutamine<\/li>\n<li>j\u00f5ulukaartide tegemine ja jagamine<\/li>\n<li>ingliskeelsete juhendite kirjutamine\/salvestamine ja partenerkoolide \u00f5pilastega jagamine<\/li>\n<li>juhendite j\u00e4rgi piltide joonistamine ja pindalade arvutamine, valminud materjalide jagamine<\/li>\n<li>originaalt\u00f6\u00f6de jagamine<\/li>\n<li>veebikoosolek<\/li>\n<li>e-raamatu koostamine<\/li>\n<li>projektile tagasiside andmine<\/li>\n<\/ul>\n<p>Projekti materjalid: <a href=\"https:\/\/twinspace.etwinning.net\/70984\/home\">https:\/\/twinspace.etwinning.net\/70984\/home<\/a><\/p>\n<p>Projekt sai vabariikliku kvaliteedim\u00e4rgi ja osales eTwinningu projektiv\u00f5istlusel.<br \/>\neTwinningu projektiv\u00f5istlusel said osaleda 2018. ja 2019. aastal l\u00e4bi viidud projektid, kokku kandideeris konkursil 39 t\u00f6\u00f6d.<\/p>\n<p><b>Projekt \u00a0\u201eMatemaatika on l\u00f5bus\u201c (Math is fun) saavutas II koha.\u00a0<\/b><a href=\"https:\/\/www.hitsa.ee\/uudised-1\/parim-etwinningu-projekt-2019\"><span style=\"font-weight: 400;\">https:\/\/www.hitsa.ee\/uudised-1\/parim-etwinningu-projekt-2019<\/span><\/a><\/p>\n<div style=\"display: inline-block; vertical-align: top; width: 300px; margin: 20px auto; color: #333; background: #fff; border: 1px solid #ddd; line-height: 1.2; text-decoration: none; padding: 0;\">\n<p><a style=\"display: block; color: #333; line-height: 1.2; text-decoration: none; text-align: left; padding: 0; font-weight: normal;\" href=\"https:\/\/read.bookcreator.com\/Q8CvQD4zJHbcjv0QzvrlC8rfOCW2\/uPTIm5rvTCS-PX6YC6VXRg\" target=\"_blank\" rel=\"noopener\"><img decoding=\"async\" style=\"max-height: 300px; max-width: 100%; display: block; margin: 0 auto; padding: 0; border: none;\" src=\"https:\/\/api.bookcreator.com\/users\/v2\/Q8CvQD4zJHbcjv0QzvrlC8rfOCW2\/books\/uPTIm5rvTCS-PX6YC6VXRg\/cover\/\" alt=\"MATH IS FUN\" \/><\/a><\/p>\n<div style=\"display: block; padding: 20px; overflow: hidden; overflow-x: hidden; border-top: 1px solid #ddd;\">\n<div style=\"display: block; color: #333; line-height: 1.2; text-decoration: none; text-align: left; padding: 0; font-weight: normal; font-size: 21px; margin: 0 0 0.25em;\"><a style=\"display: block; color: #333; line-height: 1.2; text-decoration: none; text-align: left; padding: 0; font-weight: normal;\" href=\"https:\/\/read.bookcreator.com\/Q8CvQD4zJHbcjv0QzvrlC8rfOCW2\/uPTIm5rvTCS-PX6YC6VXRg\" target=\"_blank\" rel=\"noopener\">MATH IS FUN<\/a><\/div>\n<div style=\"display: block; color: #333; line-height: 1.2; text-decoration: none; text-align: left; padding: 0; font-weight: normal; font-size: 16px; margin: 0 0 0.5em;\"><a style=\"display: block; color: #333; line-height: 1.2; text-decoration: none; text-align: left; padding: 0; font-weight: normal;\" href=\"https:\/\/read.bookcreator.com\/Q8CvQD4zJHbcjv0QzvrlC8rfOCW2\/uPTIm5rvTCS-PX6YC6VXRg\" target=\"_blank\" rel=\"noopener\">Click to read this book, made with Book Creator<\/a><\/div>\n<div style=\"display: block; color: #455a64; line-height: 1.2; text-decoration: none; text-align: left; padding: 0; font-weight: bold; overflow: hidden; text-overflow: ellipsis; white-space: nowrap; font-size: 14px;\"><a style=\"display: block; color: #333; line-height: 1.2; text-decoration: none; text-align: left; padding: 0; font-weight: normal;\" href=\"https:\/\/read.bookcreator.com\/Q8CvQD4zJHbcjv0QzvrlC8rfOCW2\/uPTIm5rvTCS-PX6YC6VXRg\" target=\"_blank\" rel=\"noopener\">https:\/\/read.bookcreator.com<\/a><\/div>\n<\/div>\n<\/div>\n<p><iframe loading=\"lazy\" src=\"https:\/\/drive.google.com\/file\/d\/1II322N8UPJsYoRm0ZSvuIEpZRb5PvvdM\/preview\" width=\"640\" height=\"480\"><\/iframe><br \/>\n<iframe loading=\"lazy\" src=\"https:\/\/drive.google.com\/file\/d\/1bufpjazxM44hFoBIkGeuICSrbfW0sPPI\/preview\" width=\"640\" height=\"480\"><\/iframe><br \/>\n<iframe loading=\"lazy\" src=\"https:\/\/drive.google.com\/file\/d\/1qF9AaI22yBEr2M5iuoBdUaVFLLfiTSzQ\/preview\" width=\"640\" height=\"480\"><\/iframe><br \/>\n<iframe loading=\"lazy\" src=\"https:\/\/drive.google.com\/file\/d\/12VZa0VzaIO15syWLpp0APJeFIdSKD02y\/preview\" width=\"640\" height=\"480\"><\/iframe><\/p>\n","protected":false},"excerpt":{"rendered":"<p>Projekt oli suunatud 12\u201314-aastastele \u00f5pilastele. T\u00f6\u00f6keel oli inglise keel ja kestus kuus kuud. Projekti abil sooviti suurendada \u00f5pilaste motivatsiooni ja&#8230;<\/p>\n","protected":false},"author":1,"featured_media":0,"parent":3349,"menu_order":80,"comment_status":"closed","ping_status":"closed","template":"","meta":{"_acf_changed":false,"footnotes":""},"class_list":["post-3356","page","type-page","status-publish","hentry"],"yoast_head":"<!-- This site is optimized with the Yoast SEO plugin v27.2 - https:\/\/yoast.com\/product\/yoast-seo-wordpress\/ -->\n<title>Math is fun - Peetri P\u00f5hikool<\/title>\n<meta name=\"robots\" content=\"index, follow, max-snippet:-1, max-image-preview:large, max-video-preview:-1\" \/>\n<link rel=\"canonical\" href=\"https:\/\/www.peetri.edu.ee\/pohikool\/meie-kool\/projektid\/etwinning\/20182019-2\/math-is-fun\/\" \/>\n<meta property=\"og:locale\" content=\"et_EE\" \/>\n<meta property=\"og:type\" content=\"article\" \/>\n<meta property=\"og:title\" content=\"Math is fun - Peetri P\u00f5hikool\" \/>\n<meta property=\"og:description\" content=\"Projekt oli suunatud 12\u201314-aastastele \u00f5pilastele. T\u00f6\u00f6keel oli inglise keel ja kestus kuus kuud. Projekti abil sooviti suurendada \u00f5pilaste motivatsiooni ja...\" \/>\n<meta property=\"og:url\" content=\"https:\/\/www.peetri.edu.ee\/pohikool\/meie-kool\/projektid\/etwinning\/20182019-2\/math-is-fun\/\" \/>\n<meta property=\"og:site_name\" content=\"Peetri P\u00f5hikool\" \/>\n<meta property=\"article:modified_time\" content=\"2021-04-29T07:13:39+00:00\" \/>\n<meta property=\"og:image\" content=\"https:\/\/api.bookcreator.com\/users\/v2\/Q8CvQD4zJHbcjv0QzvrlC8rfOCW2\/books\/uPTIm5rvTCS-PX6YC6VXRg\/cover\/\" \/>\n<meta name=\"twitter:card\" content=\"summary_large_image\" \/>\n<meta name=\"twitter:label1\" content=\"Est. reading time\" \/>\n\t<meta name=\"twitter:data1\" content=\"1 minut\" \/>\n<script type=\"application\/ld+json\" class=\"yoast-schema-graph\">{\"@context\":\"https:\/\/schema.org\",\"@graph\":[{\"@type\":\"WebPage\",\"@id\":\"https:\/\/www.peetri.edu.ee\/pohikool\/meie-kool\/projektid\/etwinning\/20182019-2\/math-is-fun\/\",\"url\":\"https:\/\/www.peetri.edu.ee\/pohikool\/meie-kool\/projektid\/etwinning\/20182019-2\/math-is-fun\/\",\"name\":\"Math is fun - Peetri P\u00f5hikool\",\"isPartOf\":{\"@id\":\"https:\/\/www.peetri.edu.ee\/pohikool\/#website\"},\"primaryImageOfPage\":{\"@id\":\"https:\/\/www.peetri.edu.ee\/pohikool\/meie-kool\/projektid\/etwinning\/20182019-2\/math-is-fun\/#primaryimage\"},\"image\":{\"@id\":\"https:\/\/www.peetri.edu.ee\/pohikool\/meie-kool\/projektid\/etwinning\/20182019-2\/math-is-fun\/#primaryimage\"},\"thumbnailUrl\":\"https:\/\/api.bookcreator.com\/users\/v2\/Q8CvQD4zJHbcjv0QzvrlC8rfOCW2\/books\/uPTIm5rvTCS-PX6YC6VXRg\/cover\/\",\"datePublished\":\"2019-06-19T08:50:18+00:00\",\"dateModified\":\"2021-04-29T07:13:39+00:00\",\"breadcrumb\":{\"@id\":\"https:\/\/www.peetri.edu.ee\/pohikool\/meie-kool\/projektid\/etwinning\/20182019-2\/math-is-fun\/#breadcrumb\"},\"inLanguage\":\"et\",\"potentialAction\":[{\"@type\":\"ReadAction\",\"target\":[\"https:\/\/www.peetri.edu.ee\/pohikool\/meie-kool\/projektid\/etwinning\/20182019-2\/math-is-fun\/\"]}]},{\"@type\":\"ImageObject\",\"inLanguage\":\"et\",\"@id\":\"https:\/\/www.peetri.edu.ee\/pohikool\/meie-kool\/projektid\/etwinning\/20182019-2\/math-is-fun\/#primaryimage\",\"url\":\"https:\/\/api.bookcreator.com\/users\/v2\/Q8CvQD4zJHbcjv0QzvrlC8rfOCW2\/books\/uPTIm5rvTCS-PX6YC6VXRg\/cover\/\",\"contentUrl\":\"https:\/\/api.bookcreator.com\/users\/v2\/Q8CvQD4zJHbcjv0QzvrlC8rfOCW2\/books\/uPTIm5rvTCS-PX6YC6VXRg\/cover\/\"},{\"@type\":\"BreadcrumbList\",\"@id\":\"https:\/\/www.peetri.edu.ee\/pohikool\/meie-kool\/projektid\/etwinning\/20182019-2\/math-is-fun\/#breadcrumb\",\"itemListElement\":[{\"@type\":\"ListItem\",\"position\":1,\"name\":\"Home\",\"item\":\"https:\/\/www.peetri.edu.ee\/pohikool\/\"},{\"@type\":\"ListItem\",\"position\":2,\"name\":\"Meie kool\",\"item\":\"https:\/\/www.peetri.edu.ee\/pohikool\/\"},{\"@type\":\"ListItem\",\"position\":3,\"name\":\"Projektid\",\"item\":\"https:\/\/www.peetri.edu.ee\/pohikool\/meie-kool\/projektid\/\"},{\"@type\":\"ListItem\",\"position\":4,\"name\":\"eTwinning\",\"item\":\"https:\/\/www.peetri.edu.ee\/pohikool\/meie-kool\/projektid\/etwinning\/\"},{\"@type\":\"ListItem\",\"position\":5,\"name\":\"2018\/2019\",\"item\":\"https:\/\/www.peetri.edu.ee\/pohikool\/meie-kool\/projektid\/etwinning\/20182019-2\/\"},{\"@type\":\"ListItem\",\"position\":6,\"name\":\"Math is fun\"}]},{\"@type\":\"WebSite\",\"@id\":\"https:\/\/www.peetri.edu.ee\/pohikool\/#website\",\"url\":\"https:\/\/www.peetri.edu.ee\/pohikool\/\",\"name\":\"Peetri P\u00f5hikool\",\"description\":\"Igas inimeses on p\u00e4ike, laskem tal s\u00e4rada\",\"potentialAction\":[{\"@type\":\"SearchAction\",\"target\":{\"@type\":\"EntryPoint\",\"urlTemplate\":\"https:\/\/www.peetri.edu.ee\/pohikool\/?s={search_term_string}\"},\"query-input\":{\"@type\":\"PropertyValueSpecification\",\"valueRequired\":true,\"valueName\":\"search_term_string\"}}],\"inLanguage\":\"et\"}]}<\/script>\n<!-- \/ Yoast SEO plugin. -->","yoast_head_json":{"title":"Math is fun - Peetri P\u00f5hikool","robots":{"index":"index","follow":"follow","max-snippet":"max-snippet:-1","max-image-preview":"max-image-preview:large","max-video-preview":"max-video-preview:-1"},"canonical":"https:\/\/www.peetri.edu.ee\/pohikool\/meie-kool\/projektid\/etwinning\/20182019-2\/math-is-fun\/","og_locale":"et_EE","og_type":"article","og_title":"Math is fun - Peetri P\u00f5hikool","og_description":"Projekt oli suunatud 12\u201314-aastastele \u00f5pilastele. T\u00f6\u00f6keel oli inglise keel ja kestus kuus kuud. Projekti abil sooviti suurendada \u00f5pilaste motivatsiooni ja...","og_url":"https:\/\/www.peetri.edu.ee\/pohikool\/meie-kool\/projektid\/etwinning\/20182019-2\/math-is-fun\/","og_site_name":"Peetri P\u00f5hikool","article_modified_time":"2021-04-29T07:13:39+00:00","og_image":[{"url":"https:\/\/api.bookcreator.com\/users\/v2\/Q8CvQD4zJHbcjv0QzvrlC8rfOCW2\/books\/uPTIm5rvTCS-PX6YC6VXRg\/cover\/","type":"","width":"","height":""}],"twitter_card":"summary_large_image","twitter_misc":{"Est. reading time":"1 minut"},"schema":{"@context":"https:\/\/schema.org","@graph":[{"@type":"WebPage","@id":"https:\/\/www.peetri.edu.ee\/pohikool\/meie-kool\/projektid\/etwinning\/20182019-2\/math-is-fun\/","url":"https:\/\/www.peetri.edu.ee\/pohikool\/meie-kool\/projektid\/etwinning\/20182019-2\/math-is-fun\/","name":"Math is fun - Peetri P\u00f5hikool","isPartOf":{"@id":"https:\/\/www.peetri.edu.ee\/pohikool\/#website"},"primaryImageOfPage":{"@id":"https:\/\/www.peetri.edu.ee\/pohikool\/meie-kool\/projektid\/etwinning\/20182019-2\/math-is-fun\/#primaryimage"},"image":{"@id":"https:\/\/www.peetri.edu.ee\/pohikool\/meie-kool\/projektid\/etwinning\/20182019-2\/math-is-fun\/#primaryimage"},"thumbnailUrl":"https:\/\/api.bookcreator.com\/users\/v2\/Q8CvQD4zJHbcjv0QzvrlC8rfOCW2\/books\/uPTIm5rvTCS-PX6YC6VXRg\/cover\/","datePublished":"2019-06-19T08:50:18+00:00","dateModified":"2021-04-29T07:13:39+00:00","breadcrumb":{"@id":"https:\/\/www.peetri.edu.ee\/pohikool\/meie-kool\/projektid\/etwinning\/20182019-2\/math-is-fun\/#breadcrumb"},"inLanguage":"et","potentialAction":[{"@type":"ReadAction","target":["https:\/\/www.peetri.edu.ee\/pohikool\/meie-kool\/projektid\/etwinning\/20182019-2\/math-is-fun\/"]}]},{"@type":"ImageObject","inLanguage":"et","@id":"https:\/\/www.peetri.edu.ee\/pohikool\/meie-kool\/projektid\/etwinning\/20182019-2\/math-is-fun\/#primaryimage","url":"https:\/\/api.bookcreator.com\/users\/v2\/Q8CvQD4zJHbcjv0QzvrlC8rfOCW2\/books\/uPTIm5rvTCS-PX6YC6VXRg\/cover\/","contentUrl":"https:\/\/api.bookcreator.com\/users\/v2\/Q8CvQD4zJHbcjv0QzvrlC8rfOCW2\/books\/uPTIm5rvTCS-PX6YC6VXRg\/cover\/"},{"@type":"BreadcrumbList","@id":"https:\/\/www.peetri.edu.ee\/pohikool\/meie-kool\/projektid\/etwinning\/20182019-2\/math-is-fun\/#breadcrumb","itemListElement":[{"@type":"ListItem","position":1,"name":"Home","item":"https:\/\/www.peetri.edu.ee\/pohikool\/"},{"@type":"ListItem","position":2,"name":"Meie kool","item":"https:\/\/www.peetri.edu.ee\/pohikool\/"},{"@type":"ListItem","position":3,"name":"Projektid","item":"https:\/\/www.peetri.edu.ee\/pohikool\/meie-kool\/projektid\/"},{"@type":"ListItem","position":4,"name":"eTwinning","item":"https:\/\/www.peetri.edu.ee\/pohikool\/meie-kool\/projektid\/etwinning\/"},{"@type":"ListItem","position":5,"name":"2018\/2019","item":"https:\/\/www.peetri.edu.ee\/pohikool\/meie-kool\/projektid\/etwinning\/20182019-2\/"},{"@type":"ListItem","position":6,"name":"Math is fun"}]},{"@type":"WebSite","@id":"https:\/\/www.peetri.edu.ee\/pohikool\/#website","url":"https:\/\/www.peetri.edu.ee\/pohikool\/","name":"Peetri P\u00f5hikool","description":"Igas inimeses on p\u00e4ike, laskem tal s\u00e4rada","potentialAction":[{"@type":"SearchAction","target":{"@type":"EntryPoint","urlTemplate":"https:\/\/www.peetri.edu.ee\/pohikool\/?s={search_term_string}"},"query-input":{"@type":"PropertyValueSpecification","valueRequired":true,"valueName":"search_term_string"}}],"inLanguage":"et"}]}},"acf":[],"_links":{"self":[{"href":"https:\/\/www.peetri.edu.ee\/pohikool\/wp-json\/wp\/v2\/pages\/3356","targetHints":{"allow":["GET"]}}],"collection":[{"href":"https:\/\/www.peetri.edu.ee\/pohikool\/wp-json\/wp\/v2\/pages"}],"about":[{"href":"https:\/\/www.peetri.edu.ee\/pohikool\/wp-json\/wp\/v2\/types\/page"}],"author":[{"embeddable":true,"href":"https:\/\/www.peetri.edu.ee\/pohikool\/wp-json\/wp\/v2\/users\/1"}],"replies":[{"embeddable":true,"href":"https:\/\/www.peetri.edu.ee\/pohikool\/wp-json\/wp\/v2\/comments?post=3356"}],"version-history":[{"count":5,"href":"https:\/\/www.peetri.edu.ee\/pohikool\/wp-json\/wp\/v2\/pages\/3356\/revisions"}],"predecessor-version":[{"id":3397,"href":"https:\/\/www.peetri.edu.ee\/pohikool\/wp-json\/wp\/v2\/pages\/3356\/revisions\/3397"}],"up":[{"embeddable":true,"href":"https:\/\/www.peetri.edu.ee\/pohikool\/wp-json\/wp\/v2\/pages\/3349"}],"wp:attachment":[{"href":"https:\/\/www.peetri.edu.ee\/pohikool\/wp-json\/wp\/v2\/media?parent=3356"}],"curies":[{"name":"wp","href":"https:\/\/api.w.org\/{rel}","templated":true}]}}