{"id":3354,"date":"2019-06-19T11:46:41","date_gmt":"2019-06-19T08:46:41","guid":{"rendered":"https:\/\/www.peetri.edu.ee\/pohikool\/?page_id=3354"},"modified":"2019-06-21T10:23:45","modified_gmt":"2019-06-21T07:23:45","slug":"varvid-looduses","status":"publish","type":"page","link":"https:\/\/www.peetri.edu.ee\/pohikool\/meie-kool\/projektid\/etwinning\/20182019-2\/varvid-looduses\/","title":{"rendered":"V\u00e4rvid looduses"},"content":{"rendered":"<p>3.-4. klassi \u00f5pilased tegid loodusest pilte ja jagasid neid eTwinningu portaalis teistega. Piltide p\u00f5hjal m\u00f5eldi v\u00e4lja jutukesed\/luuletused.<br \/>\nProjekti eesm\u00e4rgid<\/p>\n<ul>\n<li>\u00f5ppida tundma loodus<\/li>\n<li>arendada laste loovust ja koost\u00f6\u00f6oskust<\/li>\n<\/ul>\n<p>T\u00f6\u00f6 k\u00e4ik:<\/p>\n<ol>\n<li>\u00d5pilased j\u00e4\u00e4dvustasid hetki loodusest.<\/li>\n<li>\u00d5pilased jagasid oma pilte eTwinningu portaalis.<\/li>\n<li>\u00d5pilased jagati gruppidesse ( grupis on \u00f5pilased erinevatest koolidest).<\/li>\n<li>Iga grupp valis v\u00e4lja pildid, mille p\u00f5hjal kirjutati \u00fchiselt \u00fcks jutuke ja luuletus.<\/li>\n<li>Valmis e-raamat koos piltide ja nende juurde m\u00f5eldud jutukestega.<\/li>\n<\/ol>\n<p>Projekti materjalid: <a href=\"https:\/\/twinspace.etwinning.net\/75513\/home\">https:\/\/twinspace.etwinning.net\/75513\/home<\/a><br \/>\nE-raamatud:<a href=\"https:\/\/twinspace.etwinning.net\/75513\/pages\/page\/543620\">https:\/\/twinspace.etwinning.net\/75513\/pages\/page\/543620<\/a><\/p>\n<p>&nbsp;<\/p>\n<div style=\"width: 480px; max-width: 100%;\"><a class=\"storyjumper-book\" style=\"text-decoration: none;\" href=\"\/\/www.storyjumper.com\/book\/showframe\/64833185\/5c7cdb9f6cd76\" rel=\"nofollow\"><img decoding=\"async\" style=\"border: none; width: 480px; max-width: 100%;\" src=\"\/\/www.storyjumper.com\/book\/coverImage\/64833185\/5c7cdb9f6cd76\/480\" alt=\"Book titled 'N\u00f5id'\" \/><\/a><a style=\"display: block; text-align: center; margin: 0 auto 20px; font-size: 12px; text-decoration: none;\" href=\"\/\/www.storyjumper.com\/book\/index\/64833185\/5c7cdb9f6cd76\">Read this book made on StoryJumper<\/a><script>!function(){function d(){\"undefined\"==typeof SJMakeBookOpenLightBox?--c>0&&setTimeout(d,100):SJMakeBookOpenLightBox()}function e(){\/in\/.test(document.readyState)?setTimeout(e,9):d()}var a=\"https:\"==document.location.protocol?\"https:\":\"http:\";if(\"undefined\"==typeof SJScriptLoaded){window.SJScriptLoaded=!0;var b=document.createElement(\"script\"),c=80;b.src=a+\"\/\/www.storyjumper.com\/script\/storyjumper-embed.js\",b.async=true,b.setAttribute(\"defer\",\"\"),document.getElementsByTagName(\"head\")[0].appendChild(b),e()}}();<\/script><\/div>\n<p>&nbsp;<\/p>\n<div style=\"width: 480px; max-width: 100%;\"><a class=\"storyjumper-book\" style=\"text-decoration: none;\" href=\"\/\/www.storyjumper.com\/book\/showframe\/64833175\/5c7cdafac2b0d\" rel=\"nofollow\"><img decoding=\"async\" style=\"border: none; width: 480px; max-width: 100%;\" src=\"\/\/www.storyjumper.com\/book\/coverImage\/64833175\/5c7cdafac2b0d\/480\" alt=\"Book titled 'Koer ja troll'\" \/><\/a><a style=\"display: block; text-align: center; margin: 0 auto 20px; font-size: 12px; text-decoration: none;\" href=\"\/\/www.storyjumper.com\/book\/index\/64833175\/5c7cdafac2b0d\">Read this book made on StoryJumper<\/a><script>!function(){function d(){\"undefined\"==typeof SJMakeBookOpenLightBox?--c>0&&setTimeout(d,100):SJMakeBookOpenLightBox()}function e(){\/in\/.test(document.readyState)?setTimeout(e,9):d()}var a=\"https:\"==document.location.protocol?\"https:\":\"http:\";if(\"undefined\"==typeof SJScriptLoaded){window.SJScriptLoaded=!0;var b=document.createElement(\"script\"),c=80;b.src=a+\"\/\/www.storyjumper.com\/script\/storyjumper-embed.js\",b.async=true,b.setAttribute(\"defer\",\"\"),document.getElementsByTagName(\"head\")[0].appendChild(b),e()}}();<\/script><\/div>\n<p>&nbsp;<\/p>\n<div style=\"width: 480px; max-width: 100%;\"><a class=\"storyjumper-book\" style=\"text-decoration: none;\" href=\"\/\/www.storyjumper.com\/book\/showframe\/64833165\/5c7cd90b8cc9a\" rel=\"nofollow\"><img decoding=\"async\" style=\"border: none; width: 480px; max-width: 100%;\" src=\"\/\/www.storyjumper.com\/book\/coverImage\/64833165\/5c7cd90b8cc9a\/480\" alt=\"Book titled 'Vikerkaare maja'\" \/><\/a><a style=\"display: block; text-align: center; margin: 0 auto 20px; font-size: 12px; text-decoration: none;\" href=\"\/\/www.storyjumper.com\/book\/index\/64833165\/5c7cd90b8cc9a\">Read this book made on StoryJumper<\/a><script>!function(){function d(){\"undefined\"==typeof SJMakeBookOpenLightBox?--c>0&&setTimeout(d,100):SJMakeBookOpenLightBox()}function e(){\/in\/.test(document.readyState)?setTimeout(e,9):d()}var a=\"https:\"==document.location.protocol?\"https:\":\"http:\";if(\"undefined\"==typeof SJScriptLoaded){window.SJScriptLoaded=!0;var b=document.createElement(\"script\"),c=80;b.src=a+\"\/\/www.storyjumper.com\/script\/storyjumper-embed.js\",b.async=true,b.setAttribute(\"defer\",\"\"),document.getElementsByTagName(\"head\")[0].appendChild(b),e()}}();<\/script><\/div>\n<p>&nbsp;<\/p>\n<div style=\"width: 480px; max-width: 100%;\"><a class=\"storyjumper-book\" style=\"text-decoration: none;\" href=\"\/\/www.storyjumper.com\/book\/showframe\/64833195\/5c7cd9bb16fe1\" rel=\"nofollow\"><img decoding=\"async\" style=\"border: none; width: 480px; max-width: 100%;\" src=\"\/\/www.storyjumper.com\/book\/coverImage\/64833195\/5c7cd9bb16fe1\/480\" alt=\"Book titled 'Karoliina lugu'\" \/><\/a><a style=\"display: block; text-align: center; margin: 0 auto 20px; font-size: 12px; text-decoration: none;\" href=\"\/\/www.storyjumper.com\/book\/index\/64833195\/5c7cd9bb16fe1\">Read this book made on StoryJumper<\/a><script>!function(){function d(){\"undefined\"==typeof SJMakeBookOpenLightBox?--c>0&&setTimeout(d,100):SJMakeBookOpenLightBox()}function e(){\/in\/.test(document.readyState)?setTimeout(e,9):d()}var a=\"https:\"==document.location.protocol?\"https:\":\"http:\";if(\"undefined\"==typeof SJScriptLoaded){window.SJScriptLoaded=!0;var b=document.createElement(\"script\"),c=80;b.src=a+\"\/\/www.storyjumper.com\/script\/storyjumper-embed.js\",b.async=true,b.setAttribute(\"defer\",\"\"),document.getElementsByTagName(\"head\")[0].appendChild(b),e()}}();<\/script><\/div>\n<p>&nbsp;<\/p>\n<div style=\"width: 480px; max-width: 100%;\"><a class=\"storyjumper-book\" style=\"text-decoration: none;\" href=\"\/\/www.storyjumper.com\/book\/showframe\/64833105\/5c7cda81c68eb\" rel=\"nofollow\"><img decoding=\"async\" style=\"border: none; width: 480px; max-width: 100%;\" src=\"\/\/www.storyjumper.com\/book\/coverImage\/64833105\/5c7cda81c68eb\/480\" alt=\"Book titled 'Halb on halb'\" \/><\/a><a style=\"display: block; text-align: center; margin: 0 auto 20px; font-size: 12px; text-decoration: none;\" href=\"\/\/www.storyjumper.com\/book\/index\/64833105\/5c7cda81c68eb\">Read this book made on StoryJumper<\/a><script>!function(){function d(){\"undefined\"==typeof SJMakeBookOpenLightBox?--c>0&&setTimeout(d,100):SJMakeBookOpenLightBox()}function e(){\/in\/.test(document.readyState)?setTimeout(e,9):d()}var a=\"https:\"==document.location.protocol?\"https:\":\"http:\";if(\"undefined\"==typeof SJScriptLoaded){window.SJScriptLoaded=!0;var b=document.createElement(\"script\"),c=80;b.src=a+\"\/\/www.storyjumper.com\/script\/storyjumper-embed.js\",b.async=true,b.setAttribute(\"defer\",\"\"),document.getElementsByTagName(\"head\")[0].appendChild(b),e()}}();<\/script><\/div>\n","protected":false},"excerpt":{"rendered":"<p>3.-4. klassi \u00f5pilased tegid loodusest pilte ja jagasid neid eTwinningu portaalis teistega. Piltide p\u00f5hjal m\u00f5eldi v\u00e4lja jutukesed\/luuletused. Projekti eesm\u00e4rgid \u00f5ppida&#8230;<\/p>\n","protected":false},"author":1,"featured_media":0,"parent":3349,"menu_order":10,"comment_status":"closed","ping_status":"closed","template":"","meta":{"_acf_changed":false,"footnotes":""},"class_list":["post-3354","page","type-page","status-publish","hentry"],"yoast_head":"<!-- This site is optimized with the Yoast SEO plugin v27.2 - https:\/\/yoast.com\/product\/yoast-seo-wordpress\/ -->\n<title>V\u00e4rvid looduses - Peetri P\u00f5hikool<\/title>\n<meta name=\"robots\" content=\"index, follow, max-snippet:-1, max-image-preview:large, max-video-preview:-1\" \/>\n<link rel=\"canonical\" href=\"https:\/\/www.peetri.edu.ee\/pohikool\/meie-kool\/projektid\/etwinning\/20182019-2\/varvid-looduses\/\" \/>\n<meta property=\"og:locale\" content=\"et_EE\" \/>\n<meta property=\"og:type\" content=\"article\" \/>\n<meta property=\"og:title\" content=\"V\u00e4rvid looduses - Peetri P\u00f5hikool\" \/>\n<meta property=\"og:description\" content=\"3.-4. klassi \u00f5pilased tegid loodusest pilte ja jagasid neid eTwinningu portaalis teistega. Piltide p\u00f5hjal m\u00f5eldi v\u00e4lja jutukesed\/luuletused. Projekti eesm\u00e4rgid \u00f5ppida...\" \/>\n<meta property=\"og:url\" content=\"https:\/\/www.peetri.edu.ee\/pohikool\/meie-kool\/projektid\/etwinning\/20182019-2\/varvid-looduses\/\" \/>\n<meta property=\"og:site_name\" content=\"Peetri P\u00f5hikool\" \/>\n<meta property=\"article:modified_time\" content=\"2019-06-21T07:23:45+00:00\" \/>\n<meta name=\"twitter:card\" content=\"summary_large_image\" \/>\n<meta name=\"twitter:label1\" content=\"Est. reading time\" \/>\n\t<meta name=\"twitter:data1\" content=\"1 minut\" \/>\n<script type=\"application\/ld+json\" class=\"yoast-schema-graph\">{\"@context\":\"https:\/\/schema.org\",\"@graph\":[{\"@type\":\"WebPage\",\"@id\":\"https:\/\/www.peetri.edu.ee\/pohikool\/meie-kool\/projektid\/etwinning\/20182019-2\/varvid-looduses\/\",\"url\":\"https:\/\/www.peetri.edu.ee\/pohikool\/meie-kool\/projektid\/etwinning\/20182019-2\/varvid-looduses\/\",\"name\":\"V\u00e4rvid looduses - Peetri P\u00f5hikool\",\"isPartOf\":{\"@id\":\"https:\/\/www.peetri.edu.ee\/pohikool\/#website\"},\"datePublished\":\"2019-06-19T08:46:41+00:00\",\"dateModified\":\"2019-06-21T07:23:45+00:00\",\"breadcrumb\":{\"@id\":\"https:\/\/www.peetri.edu.ee\/pohikool\/meie-kool\/projektid\/etwinning\/20182019-2\/varvid-looduses\/#breadcrumb\"},\"inLanguage\":\"et\",\"potentialAction\":[{\"@type\":\"ReadAction\",\"target\":[\"https:\/\/www.peetri.edu.ee\/pohikool\/meie-kool\/projektid\/etwinning\/20182019-2\/varvid-looduses\/\"]}]},{\"@type\":\"BreadcrumbList\",\"@id\":\"https:\/\/www.peetri.edu.ee\/pohikool\/meie-kool\/projektid\/etwinning\/20182019-2\/varvid-looduses\/#breadcrumb\",\"itemListElement\":[{\"@type\":\"ListItem\",\"position\":1,\"name\":\"Home\",\"item\":\"https:\/\/www.peetri.edu.ee\/pohikool\/\"},{\"@type\":\"ListItem\",\"position\":2,\"name\":\"Meie kool\",\"item\":\"https:\/\/www.peetri.edu.ee\/pohikool\/\"},{\"@type\":\"ListItem\",\"position\":3,\"name\":\"Projektid\",\"item\":\"https:\/\/www.peetri.edu.ee\/pohikool\/meie-kool\/projektid\/\"},{\"@type\":\"ListItem\",\"position\":4,\"name\":\"eTwinning\",\"item\":\"https:\/\/www.peetri.edu.ee\/pohikool\/meie-kool\/projektid\/etwinning\/\"},{\"@type\":\"ListItem\",\"position\":5,\"name\":\"2018\/2019\",\"item\":\"https:\/\/www.peetri.edu.ee\/pohikool\/meie-kool\/projektid\/etwinning\/20182019-2\/\"},{\"@type\":\"ListItem\",\"position\":6,\"name\":\"V\u00e4rvid looduses\"}]},{\"@type\":\"WebSite\",\"@id\":\"https:\/\/www.peetri.edu.ee\/pohikool\/#website\",\"url\":\"https:\/\/www.peetri.edu.ee\/pohikool\/\",\"name\":\"Peetri P\u00f5hikool\",\"description\":\"Igas inimeses on p\u00e4ike, laskem tal s\u00e4rada\",\"potentialAction\":[{\"@type\":\"SearchAction\",\"target\":{\"@type\":\"EntryPoint\",\"urlTemplate\":\"https:\/\/www.peetri.edu.ee\/pohikool\/?s={search_term_string}\"},\"query-input\":{\"@type\":\"PropertyValueSpecification\",\"valueRequired\":true,\"valueName\":\"search_term_string\"}}],\"inLanguage\":\"et\"}]}<\/script>\n<!-- \/ Yoast SEO plugin. -->","yoast_head_json":{"title":"V\u00e4rvid looduses - Peetri P\u00f5hikool","robots":{"index":"index","follow":"follow","max-snippet":"max-snippet:-1","max-image-preview":"max-image-preview:large","max-video-preview":"max-video-preview:-1"},"canonical":"https:\/\/www.peetri.edu.ee\/pohikool\/meie-kool\/projektid\/etwinning\/20182019-2\/varvid-looduses\/","og_locale":"et_EE","og_type":"article","og_title":"V\u00e4rvid looduses - Peetri P\u00f5hikool","og_description":"3.-4. klassi \u00f5pilased tegid loodusest pilte ja jagasid neid eTwinningu portaalis teistega. Piltide p\u00f5hjal m\u00f5eldi v\u00e4lja jutukesed\/luuletused. Projekti eesm\u00e4rgid \u00f5ppida...","og_url":"https:\/\/www.peetri.edu.ee\/pohikool\/meie-kool\/projektid\/etwinning\/20182019-2\/varvid-looduses\/","og_site_name":"Peetri P\u00f5hikool","article_modified_time":"2019-06-21T07:23:45+00:00","twitter_card":"summary_large_image","twitter_misc":{"Est. reading time":"1 minut"},"schema":{"@context":"https:\/\/schema.org","@graph":[{"@type":"WebPage","@id":"https:\/\/www.peetri.edu.ee\/pohikool\/meie-kool\/projektid\/etwinning\/20182019-2\/varvid-looduses\/","url":"https:\/\/www.peetri.edu.ee\/pohikool\/meie-kool\/projektid\/etwinning\/20182019-2\/varvid-looduses\/","name":"V\u00e4rvid looduses - Peetri P\u00f5hikool","isPartOf":{"@id":"https:\/\/www.peetri.edu.ee\/pohikool\/#website"},"datePublished":"2019-06-19T08:46:41+00:00","dateModified":"2019-06-21T07:23:45+00:00","breadcrumb":{"@id":"https:\/\/www.peetri.edu.ee\/pohikool\/meie-kool\/projektid\/etwinning\/20182019-2\/varvid-looduses\/#breadcrumb"},"inLanguage":"et","potentialAction":[{"@type":"ReadAction","target":["https:\/\/www.peetri.edu.ee\/pohikool\/meie-kool\/projektid\/etwinning\/20182019-2\/varvid-looduses\/"]}]},{"@type":"BreadcrumbList","@id":"https:\/\/www.peetri.edu.ee\/pohikool\/meie-kool\/projektid\/etwinning\/20182019-2\/varvid-looduses\/#breadcrumb","itemListElement":[{"@type":"ListItem","position":1,"name":"Home","item":"https:\/\/www.peetri.edu.ee\/pohikool\/"},{"@type":"ListItem","position":2,"name":"Meie kool","item":"https:\/\/www.peetri.edu.ee\/pohikool\/"},{"@type":"ListItem","position":3,"name":"Projektid","item":"https:\/\/www.peetri.edu.ee\/pohikool\/meie-kool\/projektid\/"},{"@type":"ListItem","position":4,"name":"eTwinning","item":"https:\/\/www.peetri.edu.ee\/pohikool\/meie-kool\/projektid\/etwinning\/"},{"@type":"ListItem","position":5,"name":"2018\/2019","item":"https:\/\/www.peetri.edu.ee\/pohikool\/meie-kool\/projektid\/etwinning\/20182019-2\/"},{"@type":"ListItem","position":6,"name":"V\u00e4rvid looduses"}]},{"@type":"WebSite","@id":"https:\/\/www.peetri.edu.ee\/pohikool\/#website","url":"https:\/\/www.peetri.edu.ee\/pohikool\/","name":"Peetri P\u00f5hikool","description":"Igas inimeses on p\u00e4ike, laskem tal s\u00e4rada","potentialAction":[{"@type":"SearchAction","target":{"@type":"EntryPoint","urlTemplate":"https:\/\/www.peetri.edu.ee\/pohikool\/?s={search_term_string}"},"query-input":{"@type":"PropertyValueSpecification","valueRequired":true,"valueName":"search_term_string"}}],"inLanguage":"et"}]}},"acf":[],"_links":{"self":[{"href":"https:\/\/www.peetri.edu.ee\/pohikool\/wp-json\/wp\/v2\/pages\/3354","targetHints":{"allow":["GET"]}}],"collection":[{"href":"https:\/\/www.peetri.edu.ee\/pohikool\/wp-json\/wp\/v2\/pages"}],"about":[{"href":"https:\/\/www.peetri.edu.ee\/pohikool\/wp-json\/wp\/v2\/types\/page"}],"author":[{"embeddable":true,"href":"https:\/\/www.peetri.edu.ee\/pohikool\/wp-json\/wp\/v2\/users\/1"}],"replies":[{"embeddable":true,"href":"https:\/\/www.peetri.edu.ee\/pohikool\/wp-json\/wp\/v2\/comments?post=3354"}],"version-history":[{"count":5,"href":"https:\/\/www.peetri.edu.ee\/pohikool\/wp-json\/wp\/v2\/pages\/3354\/revisions"}],"predecessor-version":[{"id":3396,"href":"https:\/\/www.peetri.edu.ee\/pohikool\/wp-json\/wp\/v2\/pages\/3354\/revisions\/3396"}],"up":[{"embeddable":true,"href":"https:\/\/www.peetri.edu.ee\/pohikool\/wp-json\/wp\/v2\/pages\/3349"}],"wp:attachment":[{"href":"https:\/\/www.peetri.edu.ee\/pohikool\/wp-json\/wp\/v2\/media?parent=3354"}],"curies":[{"name":"wp","href":"https:\/\/api.w.org\/{rel}","templated":true}]}}