{"id":3351,"date":"2019-06-19T11:43:20","date_gmt":"2019-06-19T08:43:20","guid":{"rendered":"https:\/\/www.peetri.edu.ee\/pohikool\/?page_id=3351"},"modified":"2019-06-21T10:22:22","modified_gmt":"2019-06-21T07:22:22","slug":"happy-pi-day","status":"publish","type":"page","link":"https:\/\/www.peetri.edu.ee\/pohikool\/meie-kool\/projektid\/etwinning\/20182019-2\/happy-pi-day\/","title":{"rendered":"Happy Pi Day"},"content":{"rendered":"<p>14. m\u00e4rtsil t\u00e4histatakse pii p\u00e4eva. Rahvusvahelise projekti abil t\u00e4histati seda p\u00e4eva koos partnerkoolidega. Projekti k\u00e4igus jagati kogemusi ja ideid.<br \/>\nProjekti eesm\u00e4rgid<\/p>\n<ul>\n<li>rahvusvahelises meeskondades t\u00f6\u00f6tamine<\/li>\n<li>ideede jagamine<\/li>\n<li>huvi matemaatika vastu<\/li>\n<li>loomingulise tegevuse stimuleerimine<\/li>\n<li>uute kogemuste omandamine, uute s\u00f5prade leidmine teistest kultuuridest<\/li>\n<\/ul>\n<p>T\u00f6\u00f6 k\u00e4ik:<\/p>\n<ol>\n<li>\u00f5pilased loovad plakatid v\u00f5i ettekanded pii p\u00e4eva kohta;<\/li>\n<li>\u00f5pilased v\u00e4rvivad t-s\u00e4rke;<\/li>\n<li>\u00f5pilased teevad n\u00e4itusi pii p\u00e4eva kohta;<\/li>\n<li>\u00f5pilased valmistavad pii p\u00e4eval k\u00fcpsetisi;<\/li>\n<li>\u00f5pilased koostavad ja jagavad matemaatilisi m\u00e4nge;<\/li>\n<li>videokonverents;<\/li>\n<li>projekti tulemuste hindamine.<\/li>\n<\/ol>\n<p>Oodatud tulemused<\/p>\n<ul>\n<li>ideede jagamine<\/li>\n<li>\u00fcksikasjalik pii p\u00e4eva ettevalmistamine<\/li>\n<li>erinevatel etappidel projekti materjali jagamine eTwinningu lehek\u00fclgedel, koolide veebisaitidel ja Twinspace&#8217;is<\/li>\n<li>projekti hindamine<\/li>\n<li>\u00f5pilastel on v\u00f5imalus saada s\u00f5pru teistest riikidest ja nad parandavad oma v\u00f5\u00f5rkeeleoskust, suurendavad loovust, koostavad veebip\u00f5hiseid m\u00e4nge<\/li>\n<\/ul>\n<p>Projekti materjalid: <a href=\"https:\/\/twinspace.etwinning.net\/80321\/home\">https:\/\/twinspace.etwinning.net\/80321\/home<\/a><\/p>\n<p>Pii p\u00e4eva t\u00e4histamine koolis: <a href=\"https:\/\/twinspace.etwinning.net\/80321\/pages\/page\/567139\">https:\/\/twinspace.etwinning.net\/80321\/pages\/page\/567139<\/a><\/p>\n<p><iframe loading=\"lazy\" src=\"https:\/\/drive.google.com\/file\/d\/1U3TqLEPMT_v61bh6H_epJm_JhEjYx8g1\/preview\" width=\"640\" height=\"480\"><\/iframe><br \/>\n<iframe loading=\"lazy\" src=\"https:\/\/drive.google.com\/file\/d\/1Axx-D9FVEdHP-LvIqt4rx9HFrl_cGWzq\/preview\" width=\"640\" height=\"480\"><\/iframe><br \/>\n<iframe loading=\"lazy\" src=\"https:\/\/drive.google.com\/file\/d\/1kP7VGj8h8gezfj19MaUkZLRyktW5FZpQ\/preview\" width=\"640\" height=\"480\"><\/iframe><\/p>\n","protected":false},"excerpt":{"rendered":"<p>14. m\u00e4rtsil t\u00e4histatakse pii p\u00e4eva. Rahvusvahelise projekti abil t\u00e4histati seda p\u00e4eva koos partnerkoolidega. Projekti k\u00e4igus jagati kogemusi ja ideid. Projekti&#8230;<\/p>\n","protected":false},"author":1,"featured_media":0,"parent":3349,"menu_order":5,"comment_status":"closed","ping_status":"closed","template":"","meta":{"_acf_changed":false,"footnotes":""},"class_list":["post-3351","page","type-page","status-publish","hentry"],"yoast_head":"<!-- This site is optimized with the Yoast SEO plugin v27.2 - https:\/\/yoast.com\/product\/yoast-seo-wordpress\/ -->\n<title>Happy Pi Day - Peetri P\u00f5hikool<\/title>\n<meta name=\"robots\" content=\"index, follow, max-snippet:-1, max-image-preview:large, max-video-preview:-1\" \/>\n<link rel=\"canonical\" href=\"https:\/\/www.peetri.edu.ee\/pohikool\/meie-kool\/projektid\/etwinning\/20182019-2\/happy-pi-day\/\" \/>\n<meta property=\"og:locale\" content=\"et_EE\" \/>\n<meta property=\"og:type\" content=\"article\" \/>\n<meta property=\"og:title\" content=\"Happy Pi Day - Peetri P\u00f5hikool\" \/>\n<meta property=\"og:description\" content=\"14. m\u00e4rtsil t\u00e4histatakse pii p\u00e4eva. Rahvusvahelise projekti abil t\u00e4histati seda p\u00e4eva koos partnerkoolidega. Projekti k\u00e4igus jagati kogemusi ja ideid. Projekti...\" \/>\n<meta property=\"og:url\" content=\"https:\/\/www.peetri.edu.ee\/pohikool\/meie-kool\/projektid\/etwinning\/20182019-2\/happy-pi-day\/\" \/>\n<meta property=\"og:site_name\" content=\"Peetri P\u00f5hikool\" \/>\n<meta property=\"article:modified_time\" content=\"2019-06-21T07:22:22+00:00\" \/>\n<meta name=\"twitter:card\" content=\"summary_large_image\" \/>\n<meta name=\"twitter:label1\" content=\"Est. reading time\" \/>\n\t<meta name=\"twitter:data1\" content=\"1 minut\" \/>\n<script type=\"application\/ld+json\" class=\"yoast-schema-graph\">{\"@context\":\"https:\/\/schema.org\",\"@graph\":[{\"@type\":\"WebPage\",\"@id\":\"https:\/\/www.peetri.edu.ee\/pohikool\/meie-kool\/projektid\/etwinning\/20182019-2\/happy-pi-day\/\",\"url\":\"https:\/\/www.peetri.edu.ee\/pohikool\/meie-kool\/projektid\/etwinning\/20182019-2\/happy-pi-day\/\",\"name\":\"Happy Pi Day - Peetri P\u00f5hikool\",\"isPartOf\":{\"@id\":\"https:\/\/www.peetri.edu.ee\/pohikool\/#website\"},\"datePublished\":\"2019-06-19T08:43:20+00:00\",\"dateModified\":\"2019-06-21T07:22:22+00:00\",\"breadcrumb\":{\"@id\":\"https:\/\/www.peetri.edu.ee\/pohikool\/meie-kool\/projektid\/etwinning\/20182019-2\/happy-pi-day\/#breadcrumb\"},\"inLanguage\":\"et\",\"potentialAction\":[{\"@type\":\"ReadAction\",\"target\":[\"https:\/\/www.peetri.edu.ee\/pohikool\/meie-kool\/projektid\/etwinning\/20182019-2\/happy-pi-day\/\"]}]},{\"@type\":\"BreadcrumbList\",\"@id\":\"https:\/\/www.peetri.edu.ee\/pohikool\/meie-kool\/projektid\/etwinning\/20182019-2\/happy-pi-day\/#breadcrumb\",\"itemListElement\":[{\"@type\":\"ListItem\",\"position\":1,\"name\":\"Home\",\"item\":\"https:\/\/www.peetri.edu.ee\/pohikool\/\"},{\"@type\":\"ListItem\",\"position\":2,\"name\":\"Meie kool\",\"item\":\"https:\/\/www.peetri.edu.ee\/pohikool\/\"},{\"@type\":\"ListItem\",\"position\":3,\"name\":\"Projektid\",\"item\":\"https:\/\/www.peetri.edu.ee\/pohikool\/meie-kool\/projektid\/\"},{\"@type\":\"ListItem\",\"position\":4,\"name\":\"eTwinning\",\"item\":\"https:\/\/www.peetri.edu.ee\/pohikool\/meie-kool\/projektid\/etwinning\/\"},{\"@type\":\"ListItem\",\"position\":5,\"name\":\"2018\/2019\",\"item\":\"https:\/\/www.peetri.edu.ee\/pohikool\/meie-kool\/projektid\/etwinning\/20182019-2\/\"},{\"@type\":\"ListItem\",\"position\":6,\"name\":\"Happy Pi Day\"}]},{\"@type\":\"WebSite\",\"@id\":\"https:\/\/www.peetri.edu.ee\/pohikool\/#website\",\"url\":\"https:\/\/www.peetri.edu.ee\/pohikool\/\",\"name\":\"Peetri P\u00f5hikool\",\"description\":\"Igas inimeses on p\u00e4ike, laskem tal s\u00e4rada\",\"potentialAction\":[{\"@type\":\"SearchAction\",\"target\":{\"@type\":\"EntryPoint\",\"urlTemplate\":\"https:\/\/www.peetri.edu.ee\/pohikool\/?s={search_term_string}\"},\"query-input\":{\"@type\":\"PropertyValueSpecification\",\"valueRequired\":true,\"valueName\":\"search_term_string\"}}],\"inLanguage\":\"et\"}]}<\/script>\n<!-- \/ Yoast SEO plugin. -->","yoast_head_json":{"title":"Happy Pi Day - Peetri P\u00f5hikool","robots":{"index":"index","follow":"follow","max-snippet":"max-snippet:-1","max-image-preview":"max-image-preview:large","max-video-preview":"max-video-preview:-1"},"canonical":"https:\/\/www.peetri.edu.ee\/pohikool\/meie-kool\/projektid\/etwinning\/20182019-2\/happy-pi-day\/","og_locale":"et_EE","og_type":"article","og_title":"Happy Pi Day - Peetri P\u00f5hikool","og_description":"14. m\u00e4rtsil t\u00e4histatakse pii p\u00e4eva. Rahvusvahelise projekti abil t\u00e4histati seda p\u00e4eva koos partnerkoolidega. Projekti k\u00e4igus jagati kogemusi ja ideid. Projekti...","og_url":"https:\/\/www.peetri.edu.ee\/pohikool\/meie-kool\/projektid\/etwinning\/20182019-2\/happy-pi-day\/","og_site_name":"Peetri P\u00f5hikool","article_modified_time":"2019-06-21T07:22:22+00:00","twitter_card":"summary_large_image","twitter_misc":{"Est. reading time":"1 minut"},"schema":{"@context":"https:\/\/schema.org","@graph":[{"@type":"WebPage","@id":"https:\/\/www.peetri.edu.ee\/pohikool\/meie-kool\/projektid\/etwinning\/20182019-2\/happy-pi-day\/","url":"https:\/\/www.peetri.edu.ee\/pohikool\/meie-kool\/projektid\/etwinning\/20182019-2\/happy-pi-day\/","name":"Happy Pi Day - Peetri P\u00f5hikool","isPartOf":{"@id":"https:\/\/www.peetri.edu.ee\/pohikool\/#website"},"datePublished":"2019-06-19T08:43:20+00:00","dateModified":"2019-06-21T07:22:22+00:00","breadcrumb":{"@id":"https:\/\/www.peetri.edu.ee\/pohikool\/meie-kool\/projektid\/etwinning\/20182019-2\/happy-pi-day\/#breadcrumb"},"inLanguage":"et","potentialAction":[{"@type":"ReadAction","target":["https:\/\/www.peetri.edu.ee\/pohikool\/meie-kool\/projektid\/etwinning\/20182019-2\/happy-pi-day\/"]}]},{"@type":"BreadcrumbList","@id":"https:\/\/www.peetri.edu.ee\/pohikool\/meie-kool\/projektid\/etwinning\/20182019-2\/happy-pi-day\/#breadcrumb","itemListElement":[{"@type":"ListItem","position":1,"name":"Home","item":"https:\/\/www.peetri.edu.ee\/pohikool\/"},{"@type":"ListItem","position":2,"name":"Meie kool","item":"https:\/\/www.peetri.edu.ee\/pohikool\/"},{"@type":"ListItem","position":3,"name":"Projektid","item":"https:\/\/www.peetri.edu.ee\/pohikool\/meie-kool\/projektid\/"},{"@type":"ListItem","position":4,"name":"eTwinning","item":"https:\/\/www.peetri.edu.ee\/pohikool\/meie-kool\/projektid\/etwinning\/"},{"@type":"ListItem","position":5,"name":"2018\/2019","item":"https:\/\/www.peetri.edu.ee\/pohikool\/meie-kool\/projektid\/etwinning\/20182019-2\/"},{"@type":"ListItem","position":6,"name":"Happy Pi Day"}]},{"@type":"WebSite","@id":"https:\/\/www.peetri.edu.ee\/pohikool\/#website","url":"https:\/\/www.peetri.edu.ee\/pohikool\/","name":"Peetri P\u00f5hikool","description":"Igas inimeses on p\u00e4ike, laskem tal s\u00e4rada","potentialAction":[{"@type":"SearchAction","target":{"@type":"EntryPoint","urlTemplate":"https:\/\/www.peetri.edu.ee\/pohikool\/?s={search_term_string}"},"query-input":{"@type":"PropertyValueSpecification","valueRequired":true,"valueName":"search_term_string"}}],"inLanguage":"et"}]}},"acf":[],"_links":{"self":[{"href":"https:\/\/www.peetri.edu.ee\/pohikool\/wp-json\/wp\/v2\/pages\/3351","targetHints":{"allow":["GET"]}}],"collection":[{"href":"https:\/\/www.peetri.edu.ee\/pohikool\/wp-json\/wp\/v2\/pages"}],"about":[{"href":"https:\/\/www.peetri.edu.ee\/pohikool\/wp-json\/wp\/v2\/types\/page"}],"author":[{"embeddable":true,"href":"https:\/\/www.peetri.edu.ee\/pohikool\/wp-json\/wp\/v2\/users\/1"}],"replies":[{"embeddable":true,"href":"https:\/\/www.peetri.edu.ee\/pohikool\/wp-json\/wp\/v2\/comments?post=3351"}],"version-history":[{"count":5,"href":"https:\/\/www.peetri.edu.ee\/pohikool\/wp-json\/wp\/v2\/pages\/3351\/revisions"}],"predecessor-version":[{"id":3394,"href":"https:\/\/www.peetri.edu.ee\/pohikool\/wp-json\/wp\/v2\/pages\/3351\/revisions\/3394"}],"up":[{"embeddable":true,"href":"https:\/\/www.peetri.edu.ee\/pohikool\/wp-json\/wp\/v2\/pages\/3349"}],"wp:attachment":[{"href":"https:\/\/www.peetri.edu.ee\/pohikool\/wp-json\/wp\/v2\/media?parent=3351"}],"curies":[{"name":"wp","href":"https:\/\/api.w.org\/{rel}","templated":true}]}}