{"id":3341,"date":"2019-06-19T11:35:57","date_gmt":"2019-06-19T08:35:57","guid":{"rendered":"https:\/\/www.peetri.edu.ee\/pohikool\/?page_id=3341"},"modified":"2019-10-24T11:02:41","modified_gmt":"2019-10-24T08:02:41","slug":"digital-competences-tablets","status":"publish","type":"page","link":"https:\/\/www.peetri.edu.ee\/pohikool\/erasmus-opiranded\/2017-2019-projekt\/digital-competences-tablets\/","title":{"rendered":"Digital Competences through Tablets"},"content":{"rendered":"<p><b>Kursus <\/b><b>Digital Competences through Tablets<\/b><span style=\"font-weight: 400;\"> toimus T\u0161ehhis<\/span><\/p>\n<p>Digitaalsete kompetentside kursuse eesm\u00e4rgik on aidata vabaneda eelarvamustest uute tehnoloogiate suhtes. Kursusel tutvustati tahvelarvutitel olevaid \u00e4ppe, mida kasutada klassiruumis. Kursuse metoodika: Kursuse sisu oli jagatud 11 erinevaks, kuid omavahel seotud mooduliks. Kursusel n\u00e4idati erinevaid l\u00e4henemisviise ja anti uusi ideid tahvelarvutite kasutamiseks tundides.<\/p>\n<p>Moodulid:<br \/>\nMoodul 01 &#8211; keeleoskuse rakendused<br \/>\nMoodul 02 &#8211; tundide loomise rakendused<br \/>\nMoodul 03 &#8211; liitreaalsus<br \/>\nMoodul 04 &#8211; QR-koodid \u00f5ues \u00f5ppimiseks<br \/>\nMoodul 05 &#8211; hindamisrakendused<br \/>\nMoodul 06 &#8211; ekspeditsioonid<br \/>\nMoodul 07 &#8211; kollaa\u017eide valmistamine<br \/>\nMoodul 08 &#8211; klassiruumi haldamine<br \/>\nMoodul 09 &#8211; lihtne kodeerimine<br \/>\nMoodul 10 &#8211; m\u00f5istekaardid<br \/>\nMoodul 11 &#8211; video tegemine<\/p>\n<p>\u00d5pitulemused:<br \/>\nOskus kasutada erinevaid IKT \u00f5petamismeetodeid ja tehnikaid, julgustada t\u00e4henduslike reaal\u00fclesannete lahendamist ja arendada transversaalseid p\u00e4devusi.<br \/>\nGenereerida kasutusvalmis materjale ja ideid, et toetada organisatsiooni arengut ja kvaliteedi parandamist juhendamisoskuste valdkonnas, toetada koost\u00f6\u00f6d asutuste ja t\u00f6\u00f6andjate vahel. Parandada oskusi avatud ja digitaalsete ressursside kasutamisel, toetada digitaalsete oskuste ja meediap\u00e4devuse arendamist, suurendada suutlikkust kutsuda esile muudatusi IKT-d kasutavas moderniseerimises.<br \/>\nArendada uuenduslike \u00f5petamismeetodite kaudu asjakohaseid k\u00f5rgetasemelisi oskusi nagu loovus, kriitiline m\u00f5tlemine, metakognitsioon ja muud v\u00f5tmep\u00e4devused, parandada tavahariduse head kvaliteeti.<br \/>\nTutvuda eri rahvusest kolleegidega ELis, osaleda kultuuridevahelises \u00f5pikogemuses, vahetada m\u00f5tteid ja luua rahvusvahelise koost\u00f6\u00f6 v\u00f5rgustik.<br \/>\nSaavutada laiem arusaam erinevate riikide tavadest, poliitikast ja hariduss\u00fcsteemidest, kasvatada vastastikust lugupidamist, kultuuridevahelist teadlikkust ja kinnistage \u00fchiseid haridus- ja koolitusv\u00e4\u00e4rtusi.<br \/>\nRikastada suhtlemisoskust, parandada v\u00f5\u00f5rkeelteoskust, laiendada erialast s\u00f5navara ja edendage ELi laia keelelist mitmekesisust.<\/p>\n<p><iframe loading=\"lazy\" src=\"https:\/\/drive.google.com\/file\/d\/1tQG54d92qPeyRV9sj5saXhxuOBA0o0mq\/preview\" width=\"800\" height=\"600\"><\/iframe><\/p>\n","protected":false},"excerpt":{"rendered":"<p>Kursus Digital Competences through Tablets toimus T\u0161ehhis Digitaalsete kompetentside kursuse eesm\u00e4rgik on aidata vabaneda eelarvamustest uute tehnoloogiate suhtes. Kursusel tutvustati&#8230;<\/p>\n","protected":false},"author":1,"featured_media":0,"parent":3331,"menu_order":0,"comment_status":"closed","ping_status":"closed","template":"","meta":{"_acf_changed":false,"footnotes":""},"class_list":["post-3341","page","type-page","status-publish","hentry"],"yoast_head":"<!-- This site is optimized with the Yoast SEO plugin v27.2 - https:\/\/yoast.com\/product\/yoast-seo-wordpress\/ -->\n<title>Digital Competences through Tablets - Peetri P\u00f5hikool<\/title>\n<meta name=\"robots\" content=\"index, follow, max-snippet:-1, max-image-preview:large, max-video-preview:-1\" \/>\n<link rel=\"canonical\" href=\"https:\/\/www.peetri.edu.ee\/pohikool\/erasmus-opiranded\/2017-2019-projekt\/digital-competences-tablets\/\" \/>\n<meta property=\"og:locale\" content=\"et_EE\" \/>\n<meta property=\"og:type\" content=\"article\" \/>\n<meta property=\"og:title\" content=\"Digital Competences through Tablets - Peetri P\u00f5hikool\" \/>\n<meta property=\"og:description\" content=\"Kursus Digital Competences through Tablets toimus T\u0161ehhis Digitaalsete kompetentside kursuse eesm\u00e4rgik on aidata vabaneda eelarvamustest uute tehnoloogiate suhtes. Kursusel tutvustati...\" \/>\n<meta property=\"og:url\" content=\"https:\/\/www.peetri.edu.ee\/pohikool\/erasmus-opiranded\/2017-2019-projekt\/digital-competences-tablets\/\" \/>\n<meta property=\"og:site_name\" content=\"Peetri P\u00f5hikool\" \/>\n<meta property=\"article:modified_time\" content=\"2019-10-24T08:02:41+00:00\" \/>\n<meta name=\"twitter:card\" content=\"summary_large_image\" \/>\n<meta name=\"twitter:label1\" content=\"Est. reading time\" \/>\n\t<meta name=\"twitter:data1\" content=\"1 minut\" \/>\n<script type=\"application\/ld+json\" class=\"yoast-schema-graph\">{\"@context\":\"https:\/\/schema.org\",\"@graph\":[{\"@type\":\"WebPage\",\"@id\":\"https:\/\/www.peetri.edu.ee\/pohikool\/erasmus-opiranded\/2017-2019-projekt\/digital-competences-tablets\/\",\"url\":\"https:\/\/www.peetri.edu.ee\/pohikool\/erasmus-opiranded\/2017-2019-projekt\/digital-competences-tablets\/\",\"name\":\"Digital Competences through Tablets - Peetri P\u00f5hikool\",\"isPartOf\":{\"@id\":\"https:\/\/www.peetri.edu.ee\/pohikool\/#website\"},\"datePublished\":\"2019-06-19T08:35:57+00:00\",\"dateModified\":\"2019-10-24T08:02:41+00:00\",\"breadcrumb\":{\"@id\":\"https:\/\/www.peetri.edu.ee\/pohikool\/erasmus-opiranded\/2017-2019-projekt\/digital-competences-tablets\/#breadcrumb\"},\"inLanguage\":\"et\",\"potentialAction\":[{\"@type\":\"ReadAction\",\"target\":[\"https:\/\/www.peetri.edu.ee\/pohikool\/erasmus-opiranded\/2017-2019-projekt\/digital-competences-tablets\/\"]}]},{\"@type\":\"BreadcrumbList\",\"@id\":\"https:\/\/www.peetri.edu.ee\/pohikool\/erasmus-opiranded\/2017-2019-projekt\/digital-competences-tablets\/#breadcrumb\",\"itemListElement\":[{\"@type\":\"ListItem\",\"position\":1,\"name\":\"Home\",\"item\":\"https:\/\/www.peetri.edu.ee\/pohikool\/\"},{\"@type\":\"ListItem\",\"position\":2,\"name\":\"Erasmus+ \u00f5pir\u00e4nded ja koost\u00f6\u00f6projektid\",\"item\":\"https:\/\/www.peetri.edu.ee\/pohikool\/erasmus-opiranded\/\"},{\"@type\":\"ListItem\",\"position\":3,\"name\":\"2017-2019 projekt\",\"item\":\"https:\/\/www.peetri.edu.ee\/pohikool\/erasmus-opiranded\/2017-2019-projekt\/\"},{\"@type\":\"ListItem\",\"position\":4,\"name\":\"Digital Competences through Tablets\"}]},{\"@type\":\"WebSite\",\"@id\":\"https:\/\/www.peetri.edu.ee\/pohikool\/#website\",\"url\":\"https:\/\/www.peetri.edu.ee\/pohikool\/\",\"name\":\"Peetri P\u00f5hikool\",\"description\":\"Igas inimeses on p\u00e4ike, laskem tal s\u00e4rada\",\"potentialAction\":[{\"@type\":\"SearchAction\",\"target\":{\"@type\":\"EntryPoint\",\"urlTemplate\":\"https:\/\/www.peetri.edu.ee\/pohikool\/?s={search_term_string}\"},\"query-input\":{\"@type\":\"PropertyValueSpecification\",\"valueRequired\":true,\"valueName\":\"search_term_string\"}}],\"inLanguage\":\"et\"}]}<\/script>\n<!-- \/ Yoast SEO plugin. -->","yoast_head_json":{"title":"Digital Competences through Tablets - Peetri P\u00f5hikool","robots":{"index":"index","follow":"follow","max-snippet":"max-snippet:-1","max-image-preview":"max-image-preview:large","max-video-preview":"max-video-preview:-1"},"canonical":"https:\/\/www.peetri.edu.ee\/pohikool\/erasmus-opiranded\/2017-2019-projekt\/digital-competences-tablets\/","og_locale":"et_EE","og_type":"article","og_title":"Digital Competences through Tablets - Peetri P\u00f5hikool","og_description":"Kursus Digital Competences through Tablets toimus T\u0161ehhis Digitaalsete kompetentside kursuse eesm\u00e4rgik on aidata vabaneda eelarvamustest uute tehnoloogiate suhtes. Kursusel tutvustati...","og_url":"https:\/\/www.peetri.edu.ee\/pohikool\/erasmus-opiranded\/2017-2019-projekt\/digital-competences-tablets\/","og_site_name":"Peetri P\u00f5hikool","article_modified_time":"2019-10-24T08:02:41+00:00","twitter_card":"summary_large_image","twitter_misc":{"Est. reading time":"1 minut"},"schema":{"@context":"https:\/\/schema.org","@graph":[{"@type":"WebPage","@id":"https:\/\/www.peetri.edu.ee\/pohikool\/erasmus-opiranded\/2017-2019-projekt\/digital-competences-tablets\/","url":"https:\/\/www.peetri.edu.ee\/pohikool\/erasmus-opiranded\/2017-2019-projekt\/digital-competences-tablets\/","name":"Digital Competences through Tablets - Peetri P\u00f5hikool","isPartOf":{"@id":"https:\/\/www.peetri.edu.ee\/pohikool\/#website"},"datePublished":"2019-06-19T08:35:57+00:00","dateModified":"2019-10-24T08:02:41+00:00","breadcrumb":{"@id":"https:\/\/www.peetri.edu.ee\/pohikool\/erasmus-opiranded\/2017-2019-projekt\/digital-competences-tablets\/#breadcrumb"},"inLanguage":"et","potentialAction":[{"@type":"ReadAction","target":["https:\/\/www.peetri.edu.ee\/pohikool\/erasmus-opiranded\/2017-2019-projekt\/digital-competences-tablets\/"]}]},{"@type":"BreadcrumbList","@id":"https:\/\/www.peetri.edu.ee\/pohikool\/erasmus-opiranded\/2017-2019-projekt\/digital-competences-tablets\/#breadcrumb","itemListElement":[{"@type":"ListItem","position":1,"name":"Home","item":"https:\/\/www.peetri.edu.ee\/pohikool\/"},{"@type":"ListItem","position":2,"name":"Erasmus+ \u00f5pir\u00e4nded ja koost\u00f6\u00f6projektid","item":"https:\/\/www.peetri.edu.ee\/pohikool\/erasmus-opiranded\/"},{"@type":"ListItem","position":3,"name":"2017-2019 projekt","item":"https:\/\/www.peetri.edu.ee\/pohikool\/erasmus-opiranded\/2017-2019-projekt\/"},{"@type":"ListItem","position":4,"name":"Digital Competences through Tablets"}]},{"@type":"WebSite","@id":"https:\/\/www.peetri.edu.ee\/pohikool\/#website","url":"https:\/\/www.peetri.edu.ee\/pohikool\/","name":"Peetri P\u00f5hikool","description":"Igas inimeses on p\u00e4ike, laskem tal s\u00e4rada","potentialAction":[{"@type":"SearchAction","target":{"@type":"EntryPoint","urlTemplate":"https:\/\/www.peetri.edu.ee\/pohikool\/?s={search_term_string}"},"query-input":{"@type":"PropertyValueSpecification","valueRequired":true,"valueName":"search_term_string"}}],"inLanguage":"et"}]}},"acf":[],"_links":{"self":[{"href":"https:\/\/www.peetri.edu.ee\/pohikool\/wp-json\/wp\/v2\/pages\/3341","targetHints":{"allow":["GET"]}}],"collection":[{"href":"https:\/\/www.peetri.edu.ee\/pohikool\/wp-json\/wp\/v2\/pages"}],"about":[{"href":"https:\/\/www.peetri.edu.ee\/pohikool\/wp-json\/wp\/v2\/types\/page"}],"author":[{"embeddable":true,"href":"https:\/\/www.peetri.edu.ee\/pohikool\/wp-json\/wp\/v2\/users\/1"}],"replies":[{"embeddable":true,"href":"https:\/\/www.peetri.edu.ee\/pohikool\/wp-json\/wp\/v2\/comments?post=3341"}],"version-history":[{"count":5,"href":"https:\/\/www.peetri.edu.ee\/pohikool\/wp-json\/wp\/v2\/pages\/3341\/revisions"}],"predecessor-version":[{"id":3659,"href":"https:\/\/www.peetri.edu.ee\/pohikool\/wp-json\/wp\/v2\/pages\/3341\/revisions\/3659"}],"up":[{"embeddable":true,"href":"https:\/\/www.peetri.edu.ee\/pohikool\/wp-json\/wp\/v2\/pages\/3331"}],"wp:attachment":[{"href":"https:\/\/www.peetri.edu.ee\/pohikool\/wp-json\/wp\/v2\/media?parent=3341"}],"curies":[{"name":"wp","href":"https:\/\/api.w.org\/{rel}","templated":true}]}}