{"id":3338,"date":"2019-06-19T11:34:45","date_gmt":"2019-06-19T08:34:45","guid":{"rendered":"https:\/\/www.peetri.edu.ee\/pohikool\/?page_id=3338"},"modified":"2019-06-21T10:18:35","modified_gmt":"2019-06-21T07:18:35","slug":"parents-teachers-building-bridges","status":"publish","type":"page","link":"https:\/\/www.peetri.edu.ee\/pohikool\/erasmus-opiranded\/2017-2019-projekt\/parents-teachers-building-bridges\/","title":{"rendered":"Parents and Teachers: building bridges"},"content":{"rendered":"<p><strong>Kursus &#8220;Parents &amp; Teachers: building bridges&#8221; toimus Hispaanias Sevilla linnas<\/strong> 10.12.2018-14.12.2018. Kursuse juhendaja oli Karolina Kochanowska. Kursus toimus Erasmus+ Key Action 1 programm raames. Kursusel osalesid \u00f5petajad Kreekast, L\u00e4tist ja Eestist.<br \/>\n5-p\u00e4evane kursus keskendus teemadele, millega puutuvad kokku k\u00f5ik haridusasutused: koost\u00f6\u00f6 ja suhtlemine lapsevanemaga. Kursus sisaldas v\u00e4ga palju praktilisi harjutusi ja r\u00fchmat\u00f6id.<br \/>\nEsimesel p\u00e4eval arutleti teemadel:<\/p>\n<ol>\n<li>Missugused on vanemate ja \u00f5petajate eesm\u00e4rgid ja rollid hariduss\u00fcsteemis?<\/li>\n<li>Kuidas n\u00e4evad teineteist \u00f5petajad ja lapsevanemad ja kes nad teineteisele on?<\/li>\n<li>M\u00fc\u00fcdid, stereot\u00fc\u00fcbid ja eelarvamused.<\/li>\n<\/ol>\n<p>Teisel p\u00e4eval uuriti, mida lapsevanemad ja \u00f5petajad m\u00f5tlevad, teevad ja vajavad kooli kogukonnas, mida lapsevanemad ja \u00f5petajad \u00fcksteiselt ootavad.<\/p>\n<p>Kolmandal p\u00e4eval \u00f5piti, kui oluline on suhtlemisel aktiivne kuulamine ja empaatia. Tehti tutvust v\u00e4givallavaba suhtlemise t\u00f6\u00f6riistaga (Non-violent communication).<\/p>\n<p>Neljas koolitusp\u00e4ev t\u00f5i kaasa ideeturu (maailma kohviku meetod), kus keskenduti sellele, kuidas lapsevanemaid kaasata kooli kogukonda, mida \u00f5petajad tavaliselt teevad, et neil oleksid lastevanematega head suhted ja kas need strateegiad katavad \u00e4ra lastevanemate, \u00f5petajate ja \u00f5pilaste vajadused.<\/p>\n<p>Viimasel p\u00e4eval tehti kokkuv\u00f5tteid ja j\u00e4reldusi. Arutleti selle \u00fcle, kuidas uusi teadmisi ja tehnikaid rakendada oma koolis.<\/p>\n<p>Kokkuv\u00f5tvalt v\u00f5ib \u00f6elda, et silla ehitamine \u00f5petajate ja lastevanemate vahel on olulise t\u00e4htsusega ja selle aluseks on empaatiline suhtlemine. Eelk\u00f5ige on vaja v\u00e4lja selgitada inimese tunded ja vajadused, suuta aktiivselt kuulata.<\/p>\n<p><iframe loading=\"lazy\" src=\"https:\/\/drive.google.com\/file\/d\/15Vk_73B37OY2FbIlV1MF7BlOmuEMUTFa\/preview\" width=\"640\" height=\"480\"><\/iframe><br \/>\n<iframe loading=\"lazy\" src=\"https:\/\/drive.google.com\/file\/d\/1KKDgMpknc0lYpGllj3r1sDcLMRyqZfXd\/preview\" width=\"640\" height=\"480\"><\/iframe><br \/>\n<iframe loading=\"lazy\" src=\"https:\/\/drive.google.com\/file\/d\/18OY793_8FnqCgXtfD70GGgrbLw_oqogN\/preview\" width=\"640\" height=\"480\"><\/iframe><br \/>\n<iframe loading=\"lazy\" src=\"https:\/\/drive.google.com\/file\/d\/1WlKdXtiySxKGD8y65c-36wB9y4yH14Gf\/preview\" width=\"640\" height=\"480\"><\/iframe><\/p>\n","protected":false},"excerpt":{"rendered":"<p>Kursus &#8220;Parents &amp; Teachers: building bridges&#8221; toimus Hispaanias Sevilla linnas 10.12.2018-14.12.2018. Kursuse juhendaja oli Karolina Kochanowska. Kursus toimus Erasmus+ Key&#8230;<\/p>\n","protected":false},"author":1,"featured_media":0,"parent":3331,"menu_order":0,"comment_status":"closed","ping_status":"closed","template":"","meta":{"_acf_changed":false,"footnotes":""},"class_list":["post-3338","page","type-page","status-publish","hentry"],"yoast_head":"<!-- This site is optimized with the Yoast SEO plugin v27.2 - https:\/\/yoast.com\/product\/yoast-seo-wordpress\/ -->\n<title>Parents and Teachers: building bridges - Peetri P\u00f5hikool<\/title>\n<meta name=\"robots\" content=\"index, follow, max-snippet:-1, max-image-preview:large, max-video-preview:-1\" \/>\n<link rel=\"canonical\" href=\"https:\/\/www.peetri.edu.ee\/pohikool\/erasmus-opiranded\/2017-2019-projekt\/parents-teachers-building-bridges\/\" \/>\n<meta property=\"og:locale\" content=\"et_EE\" \/>\n<meta property=\"og:type\" content=\"article\" \/>\n<meta property=\"og:title\" content=\"Parents and Teachers: building bridges - Peetri P\u00f5hikool\" \/>\n<meta property=\"og:description\" content=\"Kursus &#8220;Parents &amp; Teachers: building bridges&#8221; toimus Hispaanias Sevilla linnas 10.12.2018-14.12.2018. Kursuse juhendaja oli Karolina Kochanowska. Kursus toimus Erasmus+ Key...\" \/>\n<meta property=\"og:url\" content=\"https:\/\/www.peetri.edu.ee\/pohikool\/erasmus-opiranded\/2017-2019-projekt\/parents-teachers-building-bridges\/\" \/>\n<meta property=\"og:site_name\" content=\"Peetri P\u00f5hikool\" \/>\n<meta property=\"article:modified_time\" content=\"2019-06-21T07:18:35+00:00\" \/>\n<meta name=\"twitter:card\" content=\"summary_large_image\" \/>\n<meta name=\"twitter:label1\" content=\"Est. reading time\" \/>\n\t<meta name=\"twitter:data1\" content=\"1 minut\" \/>\n<script type=\"application\/ld+json\" class=\"yoast-schema-graph\">{\"@context\":\"https:\/\/schema.org\",\"@graph\":[{\"@type\":\"WebPage\",\"@id\":\"https:\/\/www.peetri.edu.ee\/pohikool\/erasmus-opiranded\/2017-2019-projekt\/parents-teachers-building-bridges\/\",\"url\":\"https:\/\/www.peetri.edu.ee\/pohikool\/erasmus-opiranded\/2017-2019-projekt\/parents-teachers-building-bridges\/\",\"name\":\"Parents and Teachers: building bridges - Peetri P\u00f5hikool\",\"isPartOf\":{\"@id\":\"https:\/\/www.peetri.edu.ee\/pohikool\/#website\"},\"datePublished\":\"2019-06-19T08:34:45+00:00\",\"dateModified\":\"2019-06-21T07:18:35+00:00\",\"breadcrumb\":{\"@id\":\"https:\/\/www.peetri.edu.ee\/pohikool\/erasmus-opiranded\/2017-2019-projekt\/parents-teachers-building-bridges\/#breadcrumb\"},\"inLanguage\":\"et\",\"potentialAction\":[{\"@type\":\"ReadAction\",\"target\":[\"https:\/\/www.peetri.edu.ee\/pohikool\/erasmus-opiranded\/2017-2019-projekt\/parents-teachers-building-bridges\/\"]}]},{\"@type\":\"BreadcrumbList\",\"@id\":\"https:\/\/www.peetri.edu.ee\/pohikool\/erasmus-opiranded\/2017-2019-projekt\/parents-teachers-building-bridges\/#breadcrumb\",\"itemListElement\":[{\"@type\":\"ListItem\",\"position\":1,\"name\":\"Home\",\"item\":\"https:\/\/www.peetri.edu.ee\/pohikool\/\"},{\"@type\":\"ListItem\",\"position\":2,\"name\":\"Erasmus+ \u00f5pir\u00e4nded ja koost\u00f6\u00f6projektid\",\"item\":\"https:\/\/www.peetri.edu.ee\/pohikool\/erasmus-opiranded\/\"},{\"@type\":\"ListItem\",\"position\":3,\"name\":\"2017-2019 projekt\",\"item\":\"https:\/\/www.peetri.edu.ee\/pohikool\/erasmus-opiranded\/2017-2019-projekt\/\"},{\"@type\":\"ListItem\",\"position\":4,\"name\":\"Parents and Teachers: building bridges\"}]},{\"@type\":\"WebSite\",\"@id\":\"https:\/\/www.peetri.edu.ee\/pohikool\/#website\",\"url\":\"https:\/\/www.peetri.edu.ee\/pohikool\/\",\"name\":\"Peetri P\u00f5hikool\",\"description\":\"Igas inimeses on p\u00e4ike, laskem tal s\u00e4rada\",\"potentialAction\":[{\"@type\":\"SearchAction\",\"target\":{\"@type\":\"EntryPoint\",\"urlTemplate\":\"https:\/\/www.peetri.edu.ee\/pohikool\/?s={search_term_string}\"},\"query-input\":{\"@type\":\"PropertyValueSpecification\",\"valueRequired\":true,\"valueName\":\"search_term_string\"}}],\"inLanguage\":\"et\"}]}<\/script>\n<!-- \/ Yoast SEO plugin. -->","yoast_head_json":{"title":"Parents and Teachers: building bridges - Peetri P\u00f5hikool","robots":{"index":"index","follow":"follow","max-snippet":"max-snippet:-1","max-image-preview":"max-image-preview:large","max-video-preview":"max-video-preview:-1"},"canonical":"https:\/\/www.peetri.edu.ee\/pohikool\/erasmus-opiranded\/2017-2019-projekt\/parents-teachers-building-bridges\/","og_locale":"et_EE","og_type":"article","og_title":"Parents and Teachers: building bridges - Peetri P\u00f5hikool","og_description":"Kursus &#8220;Parents &amp; Teachers: building bridges&#8221; toimus Hispaanias Sevilla linnas 10.12.2018-14.12.2018. Kursuse juhendaja oli Karolina Kochanowska. Kursus toimus Erasmus+ Key...","og_url":"https:\/\/www.peetri.edu.ee\/pohikool\/erasmus-opiranded\/2017-2019-projekt\/parents-teachers-building-bridges\/","og_site_name":"Peetri P\u00f5hikool","article_modified_time":"2019-06-21T07:18:35+00:00","twitter_card":"summary_large_image","twitter_misc":{"Est. reading time":"1 minut"},"schema":{"@context":"https:\/\/schema.org","@graph":[{"@type":"WebPage","@id":"https:\/\/www.peetri.edu.ee\/pohikool\/erasmus-opiranded\/2017-2019-projekt\/parents-teachers-building-bridges\/","url":"https:\/\/www.peetri.edu.ee\/pohikool\/erasmus-opiranded\/2017-2019-projekt\/parents-teachers-building-bridges\/","name":"Parents and Teachers: building bridges - Peetri P\u00f5hikool","isPartOf":{"@id":"https:\/\/www.peetri.edu.ee\/pohikool\/#website"},"datePublished":"2019-06-19T08:34:45+00:00","dateModified":"2019-06-21T07:18:35+00:00","breadcrumb":{"@id":"https:\/\/www.peetri.edu.ee\/pohikool\/erasmus-opiranded\/2017-2019-projekt\/parents-teachers-building-bridges\/#breadcrumb"},"inLanguage":"et","potentialAction":[{"@type":"ReadAction","target":["https:\/\/www.peetri.edu.ee\/pohikool\/erasmus-opiranded\/2017-2019-projekt\/parents-teachers-building-bridges\/"]}]},{"@type":"BreadcrumbList","@id":"https:\/\/www.peetri.edu.ee\/pohikool\/erasmus-opiranded\/2017-2019-projekt\/parents-teachers-building-bridges\/#breadcrumb","itemListElement":[{"@type":"ListItem","position":1,"name":"Home","item":"https:\/\/www.peetri.edu.ee\/pohikool\/"},{"@type":"ListItem","position":2,"name":"Erasmus+ \u00f5pir\u00e4nded ja koost\u00f6\u00f6projektid","item":"https:\/\/www.peetri.edu.ee\/pohikool\/erasmus-opiranded\/"},{"@type":"ListItem","position":3,"name":"2017-2019 projekt","item":"https:\/\/www.peetri.edu.ee\/pohikool\/erasmus-opiranded\/2017-2019-projekt\/"},{"@type":"ListItem","position":4,"name":"Parents and Teachers: building bridges"}]},{"@type":"WebSite","@id":"https:\/\/www.peetri.edu.ee\/pohikool\/#website","url":"https:\/\/www.peetri.edu.ee\/pohikool\/","name":"Peetri P\u00f5hikool","description":"Igas inimeses on p\u00e4ike, laskem tal s\u00e4rada","potentialAction":[{"@type":"SearchAction","target":{"@type":"EntryPoint","urlTemplate":"https:\/\/www.peetri.edu.ee\/pohikool\/?s={search_term_string}"},"query-input":{"@type":"PropertyValueSpecification","valueRequired":true,"valueName":"search_term_string"}}],"inLanguage":"et"}]}},"acf":[],"_links":{"self":[{"href":"https:\/\/www.peetri.edu.ee\/pohikool\/wp-json\/wp\/v2\/pages\/3338","targetHints":{"allow":["GET"]}}],"collection":[{"href":"https:\/\/www.peetri.edu.ee\/pohikool\/wp-json\/wp\/v2\/pages"}],"about":[{"href":"https:\/\/www.peetri.edu.ee\/pohikool\/wp-json\/wp\/v2\/types\/page"}],"author":[{"embeddable":true,"href":"https:\/\/www.peetri.edu.ee\/pohikool\/wp-json\/wp\/v2\/users\/1"}],"replies":[{"embeddable":true,"href":"https:\/\/www.peetri.edu.ee\/pohikool\/wp-json\/wp\/v2\/comments?post=3338"}],"version-history":[{"count":5,"href":"https:\/\/www.peetri.edu.ee\/pohikool\/wp-json\/wp\/v2\/pages\/3338\/revisions"}],"predecessor-version":[{"id":3392,"href":"https:\/\/www.peetri.edu.ee\/pohikool\/wp-json\/wp\/v2\/pages\/3338\/revisions\/3392"}],"up":[{"embeddable":true,"href":"https:\/\/www.peetri.edu.ee\/pohikool\/wp-json\/wp\/v2\/pages\/3331"}],"wp:attachment":[{"href":"https:\/\/www.peetri.edu.ee\/pohikool\/wp-json\/wp\/v2\/media?parent=3338"}],"curies":[{"name":"wp","href":"https:\/\/api.w.org\/{rel}","templated":true}]}}