{"id":3334,"date":"2019-06-19T11:33:24","date_gmt":"2019-06-19T08:33:24","guid":{"rendered":"https:\/\/www.peetri.edu.ee\/pohikool\/?page_id=3334"},"modified":"2019-10-24T12:41:31","modified_gmt":"2019-10-24T09:41:31","slug":"intercultural-competencies","status":"publish","type":"page","link":"https:\/\/www.peetri.edu.ee\/pohikool\/erasmus-opiranded\/2017-2019-projekt\/intercultural-competencies\/","title":{"rendered":"Intercultural competencies"},"content":{"rendered":"<p><b>Kursus \u00a0Intercultural competencies<\/b><span style=\"font-weight: 400;\"> toimus Kreekas. <\/span><\/p>\n<p>Kursus \u201cIntercultural competences\u201d toimus Kreekas Ateena linnas 8.10.2018-12.10.2018. Kursuse maht oli 30 tundi ning see toimus Erasmus+ Key Action 1 programm raames.<br \/>\nKursusel osalesid \u00f5petajad Taanist, Soomest, Leedust, Sloveeniast, Horvaatiast ja Eestist.<\/p>\n<p>5-p\u00e4evane kursus keskendus teemadele, millega k\u00e4esoleval hetkel puutuvad kokku k\u00f5ik haridusasutused: \u201cKuidas m\u00f5ista erinevast rahvusest inimesi, kuidas olla avatud uutele kultuuridele ning kuidas aidata teisest kultuurist tulnud \u00f5pilastel kooliga kohaneda.<br \/>\nL\u00e4bitud kursus sisaldas v\u00e4ga palju praktilisi harjutusi ja r\u00fchmat\u00f6id, kuna ainult praktiliste oskuste omandamise kaudu on koolielus nimetatud kompetentsusi v\u00f5imalik rakendada.<\/p>\n<p>Koolituse k\u00e4igus arutleti teemade \u00fcle<\/p>\n<ol>\n<li>Kultuur ja sterot\u00fc\u00fcbid.<\/li>\n<li>Migratsioon ja selle p\u00f5hjused. Kas me oleme tegelikult erinevad?<\/li>\n<li>M\u00fc\u00fcdid, stereot\u00fc\u00fcbid ja eelarvamused.<\/li>\n<li>Kultuuriliste erinevuste m\u00f5istmise 5 sammu, erinevad tehnikad ja m\u00e4ngud, mida saab koolis \u00f5pilastega l\u00e4bi viia.<\/li>\n<li>Mitteverbaalse -ja verbaalse suhtluse erinevad v\u00f5imalused &#8211; erinevuste m\u00f5istmiseks ja sarnasuste m\u00e4rkamiseks.<\/li>\n<li>Aktiivne kuulamine ja empaatia. V\u00e4givallavaba suhtlemise t\u00f6\u00f6riistaga.<\/li>\n<li>Erinevad probleemide lahendamise strateegiad ja oskused \u00f5petajatele<\/li>\n<li>Kool kogukonna osana, millised on lapsevanemate ja \u00f5petajate ootused ja v\u00f5imalused.<\/li>\n<\/ol>\n<p>\u00dche p\u00e4eval k\u00fclastasime kooli, kuhu suunatakse \u00f5ppima k\u00f5ik riik tulnud \u00f5pilased, kes on saabunud nii pagulastena Kreekasse ,kui ka muudel p\u00f5hjustel. Nimetatud \u00f5pilaste kodune keel ei ole kreeka keel ja esmalt \u00f5petatakse neile keelt. \u00d5petajad tutvustasid oma t\u00f6\u00f6meetodeid, kuidas v\u00f5imalikult kiiresti aidata \u00f5pilastel tunda ennast koduselt ja kuidas j\u00f5udu tulemuseni, kus \u00f5pilase alustavad peagi kooliteed riigikoolis koos teiste \u00f5pilastega.<\/p>\n<p>Viimasel p\u00e4eval tegime kokkuv\u00f5tteid ning jagasime oma praktikaid. Arutlesime, kuidas uusi teadmisi ja tehnikaid rakendada oma koolis ja millist praktilist kasu koolituselt saime.<\/p>\n<p>Kindlasti oli antud koolituse suur lisav\u00e4\u00e4rtus just teiste riikide \u00f5petajate kogemus, kuidas nemad on juba aidanud erinevate riikide ja rahvuste \u00f5pilastel koos \u00f5ppida. Lisaks sai s\u00f5lmitud mitmeid isiklikke kontakte, mille tulemusel peaks Peetri Lasteaed-P\u00f5hikoolis tulevikus saama alguse mitmed uued rahvusvahelised projektid<\/p>\n<p><iframe loading=\"lazy\" src=\"https:\/\/drive.google.com\/file\/d\/1PPITWjJ4Pslq3vjdhcASIkTMWnZjdOYg\/preview\" width=\"640\" height=\"480\"><\/iframe><br \/>\nKoolitusmaterjalide tutvustamine kolleegidele<\/p>\n","protected":false},"excerpt":{"rendered":"<p>Kursus \u00a0Intercultural competencies toimus Kreekas. Kursus \u201cIntercultural competences\u201d toimus Kreekas Ateena linnas 8.10.2018-12.10.2018. Kursuse maht oli 30 tundi ning see&#8230;<\/p>\n","protected":false},"author":1,"featured_media":0,"parent":3331,"menu_order":0,"comment_status":"closed","ping_status":"closed","template":"","meta":{"_acf_changed":false,"footnotes":""},"class_list":["post-3334","page","type-page","status-publish","hentry"],"yoast_head":"<!-- This site is optimized with the Yoast SEO plugin v27.2 - https:\/\/yoast.com\/product\/yoast-seo-wordpress\/ -->\n<title>Intercultural competencies - Peetri P\u00f5hikool<\/title>\n<meta name=\"robots\" content=\"index, follow, max-snippet:-1, max-image-preview:large, max-video-preview:-1\" \/>\n<link rel=\"canonical\" href=\"https:\/\/www.peetri.edu.ee\/pohikool\/erasmus-opiranded\/2017-2019-projekt\/intercultural-competencies\/\" \/>\n<meta property=\"og:locale\" content=\"et_EE\" \/>\n<meta property=\"og:type\" content=\"article\" \/>\n<meta property=\"og:title\" content=\"Intercultural competencies - Peetri P\u00f5hikool\" \/>\n<meta property=\"og:description\" content=\"Kursus \u00a0Intercultural competencies toimus Kreekas. Kursus \u201cIntercultural competences\u201d toimus Kreekas Ateena linnas 8.10.2018-12.10.2018. Kursuse maht oli 30 tundi ning see...\" \/>\n<meta property=\"og:url\" content=\"https:\/\/www.peetri.edu.ee\/pohikool\/erasmus-opiranded\/2017-2019-projekt\/intercultural-competencies\/\" \/>\n<meta property=\"og:site_name\" content=\"Peetri P\u00f5hikool\" \/>\n<meta property=\"article:modified_time\" content=\"2019-10-24T09:41:31+00:00\" \/>\n<meta name=\"twitter:card\" content=\"summary_large_image\" \/>\n<meta name=\"twitter:label1\" content=\"Est. reading time\" \/>\n\t<meta name=\"twitter:data1\" content=\"2 minutit\" \/>\n<script type=\"application\/ld+json\" class=\"yoast-schema-graph\">{\"@context\":\"https:\/\/schema.org\",\"@graph\":[{\"@type\":\"WebPage\",\"@id\":\"https:\/\/www.peetri.edu.ee\/pohikool\/erasmus-opiranded\/2017-2019-projekt\/intercultural-competencies\/\",\"url\":\"https:\/\/www.peetri.edu.ee\/pohikool\/erasmus-opiranded\/2017-2019-projekt\/intercultural-competencies\/\",\"name\":\"Intercultural competencies - Peetri P\u00f5hikool\",\"isPartOf\":{\"@id\":\"https:\/\/www.peetri.edu.ee\/pohikool\/#website\"},\"datePublished\":\"2019-06-19T08:33:24+00:00\",\"dateModified\":\"2019-10-24T09:41:31+00:00\",\"breadcrumb\":{\"@id\":\"https:\/\/www.peetri.edu.ee\/pohikool\/erasmus-opiranded\/2017-2019-projekt\/intercultural-competencies\/#breadcrumb\"},\"inLanguage\":\"et\",\"potentialAction\":[{\"@type\":\"ReadAction\",\"target\":[\"https:\/\/www.peetri.edu.ee\/pohikool\/erasmus-opiranded\/2017-2019-projekt\/intercultural-competencies\/\"]}]},{\"@type\":\"BreadcrumbList\",\"@id\":\"https:\/\/www.peetri.edu.ee\/pohikool\/erasmus-opiranded\/2017-2019-projekt\/intercultural-competencies\/#breadcrumb\",\"itemListElement\":[{\"@type\":\"ListItem\",\"position\":1,\"name\":\"Home\",\"item\":\"https:\/\/www.peetri.edu.ee\/pohikool\/\"},{\"@type\":\"ListItem\",\"position\":2,\"name\":\"Erasmus+ \u00f5pir\u00e4nded ja koost\u00f6\u00f6projektid\",\"item\":\"https:\/\/www.peetri.edu.ee\/pohikool\/erasmus-opiranded\/\"},{\"@type\":\"ListItem\",\"position\":3,\"name\":\"2017-2019 projekt\",\"item\":\"https:\/\/www.peetri.edu.ee\/pohikool\/erasmus-opiranded\/2017-2019-projekt\/\"},{\"@type\":\"ListItem\",\"position\":4,\"name\":\"Intercultural competencies\"}]},{\"@type\":\"WebSite\",\"@id\":\"https:\/\/www.peetri.edu.ee\/pohikool\/#website\",\"url\":\"https:\/\/www.peetri.edu.ee\/pohikool\/\",\"name\":\"Peetri P\u00f5hikool\",\"description\":\"Igas inimeses on p\u00e4ike, laskem tal s\u00e4rada\",\"potentialAction\":[{\"@type\":\"SearchAction\",\"target\":{\"@type\":\"EntryPoint\",\"urlTemplate\":\"https:\/\/www.peetri.edu.ee\/pohikool\/?s={search_term_string}\"},\"query-input\":{\"@type\":\"PropertyValueSpecification\",\"valueRequired\":true,\"valueName\":\"search_term_string\"}}],\"inLanguage\":\"et\"}]}<\/script>\n<!-- \/ Yoast SEO plugin. -->","yoast_head_json":{"title":"Intercultural competencies - Peetri P\u00f5hikool","robots":{"index":"index","follow":"follow","max-snippet":"max-snippet:-1","max-image-preview":"max-image-preview:large","max-video-preview":"max-video-preview:-1"},"canonical":"https:\/\/www.peetri.edu.ee\/pohikool\/erasmus-opiranded\/2017-2019-projekt\/intercultural-competencies\/","og_locale":"et_EE","og_type":"article","og_title":"Intercultural competencies - Peetri P\u00f5hikool","og_description":"Kursus \u00a0Intercultural competencies toimus Kreekas. Kursus \u201cIntercultural competences\u201d toimus Kreekas Ateena linnas 8.10.2018-12.10.2018. Kursuse maht oli 30 tundi ning see...","og_url":"https:\/\/www.peetri.edu.ee\/pohikool\/erasmus-opiranded\/2017-2019-projekt\/intercultural-competencies\/","og_site_name":"Peetri P\u00f5hikool","article_modified_time":"2019-10-24T09:41:31+00:00","twitter_card":"summary_large_image","twitter_misc":{"Est. reading time":"2 minutit"},"schema":{"@context":"https:\/\/schema.org","@graph":[{"@type":"WebPage","@id":"https:\/\/www.peetri.edu.ee\/pohikool\/erasmus-opiranded\/2017-2019-projekt\/intercultural-competencies\/","url":"https:\/\/www.peetri.edu.ee\/pohikool\/erasmus-opiranded\/2017-2019-projekt\/intercultural-competencies\/","name":"Intercultural competencies - Peetri P\u00f5hikool","isPartOf":{"@id":"https:\/\/www.peetri.edu.ee\/pohikool\/#website"},"datePublished":"2019-06-19T08:33:24+00:00","dateModified":"2019-10-24T09:41:31+00:00","breadcrumb":{"@id":"https:\/\/www.peetri.edu.ee\/pohikool\/erasmus-opiranded\/2017-2019-projekt\/intercultural-competencies\/#breadcrumb"},"inLanguage":"et","potentialAction":[{"@type":"ReadAction","target":["https:\/\/www.peetri.edu.ee\/pohikool\/erasmus-opiranded\/2017-2019-projekt\/intercultural-competencies\/"]}]},{"@type":"BreadcrumbList","@id":"https:\/\/www.peetri.edu.ee\/pohikool\/erasmus-opiranded\/2017-2019-projekt\/intercultural-competencies\/#breadcrumb","itemListElement":[{"@type":"ListItem","position":1,"name":"Home","item":"https:\/\/www.peetri.edu.ee\/pohikool\/"},{"@type":"ListItem","position":2,"name":"Erasmus+ \u00f5pir\u00e4nded ja koost\u00f6\u00f6projektid","item":"https:\/\/www.peetri.edu.ee\/pohikool\/erasmus-opiranded\/"},{"@type":"ListItem","position":3,"name":"2017-2019 projekt","item":"https:\/\/www.peetri.edu.ee\/pohikool\/erasmus-opiranded\/2017-2019-projekt\/"},{"@type":"ListItem","position":4,"name":"Intercultural competencies"}]},{"@type":"WebSite","@id":"https:\/\/www.peetri.edu.ee\/pohikool\/#website","url":"https:\/\/www.peetri.edu.ee\/pohikool\/","name":"Peetri P\u00f5hikool","description":"Igas inimeses on p\u00e4ike, laskem tal s\u00e4rada","potentialAction":[{"@type":"SearchAction","target":{"@type":"EntryPoint","urlTemplate":"https:\/\/www.peetri.edu.ee\/pohikool\/?s={search_term_string}"},"query-input":{"@type":"PropertyValueSpecification","valueRequired":true,"valueName":"search_term_string"}}],"inLanguage":"et"}]}},"acf":[],"_links":{"self":[{"href":"https:\/\/www.peetri.edu.ee\/pohikool\/wp-json\/wp\/v2\/pages\/3334","targetHints":{"allow":["GET"]}}],"collection":[{"href":"https:\/\/www.peetri.edu.ee\/pohikool\/wp-json\/wp\/v2\/pages"}],"about":[{"href":"https:\/\/www.peetri.edu.ee\/pohikool\/wp-json\/wp\/v2\/types\/page"}],"author":[{"embeddable":true,"href":"https:\/\/www.peetri.edu.ee\/pohikool\/wp-json\/wp\/v2\/users\/1"}],"replies":[{"embeddable":true,"href":"https:\/\/www.peetri.edu.ee\/pohikool\/wp-json\/wp\/v2\/comments?post=3334"}],"version-history":[{"count":3,"href":"https:\/\/www.peetri.edu.ee\/pohikool\/wp-json\/wp\/v2\/pages\/3334\/revisions"}],"predecessor-version":[{"id":3660,"href":"https:\/\/www.peetri.edu.ee\/pohikool\/wp-json\/wp\/v2\/pages\/3334\/revisions\/3660"}],"up":[{"embeddable":true,"href":"https:\/\/www.peetri.edu.ee\/pohikool\/wp-json\/wp\/v2\/pages\/3331"}],"wp:attachment":[{"href":"https:\/\/www.peetri.edu.ee\/pohikool\/wp-json\/wp\/v2\/media?parent=3334"}],"curies":[{"name":"wp","href":"https:\/\/api.w.org\/{rel}","templated":true}]}}