{"id":3329,"date":"2019-06-19T11:29:01","date_gmt":"2019-06-19T08:29:01","guid":{"rendered":"https:\/\/www.peetri.edu.ee\/pohikool\/?page_id=3329"},"modified":"2024-08-29T10:00:46","modified_gmt":"2024-08-29T07:00:46","slug":"erasmus-opiranded","status":"publish","type":"page","link":"https:\/\/www.peetri.edu.ee\/pohikool\/erasmus-opiranded\/","title":{"rendered":"Erasmus+ \u00f5pir\u00e4nded ja koost\u00f6\u00f6projektid"},"content":{"rendered":"<h2><span style=\"font-weight: 400;\">Erasmus+<\/span><\/h2>\n<h3>Erasmus+ on Euroopa Liidu haridus-, koolitus-, noorte- ja spordiprogramm 2021\u20132027<\/h3>\n<p>Programmi v\u00f5imalusi saavad kasutada lasteaiad, koolid, kutsekoolid, k\u00f5rgkoolid, noortevaldkonnas tegutsevad organisatsioonid, solidaarsusvaldkonnas tegutsevad organisatsioonid, kohalikud omavalitsused, koolitusettev\u00f5tted, katusorganisatsioonid, erialaliidud, MT\u00dc-d, muuseumid, raamatukogud, vabahariduskoolid jne.<br \/>\nV\u00f5imalused avanevad \u00f5ppijatele, \u00f5petajatele, \u00f5ppej\u00f5ududele, noortele, noorsoot\u00f6\u00f6tajatele, koolitajatele, koolijuhtidele, tugipersonalile, karj\u00e4\u00e4rin\u00f5ustajatele, haridusametnikele jne.<br \/>\nErasmus+ programm ei piirdu ainult Euroopa v\u00f5i eurooplastega \u2013 mitmed tegevused on avatud <strong>kogu maailma \u00f5pihimulistele inimestele.<\/strong><br \/>\n<strong>V\u00f5rreldes 2014\u20132020<\/strong> programmiperioodiga on <strong>Erasmus+ 2021\u20132027<\/strong> programmi eelarve oluliselt kasvanud. Uue progammiperioodi eelarve on 26,2 miljardit eurot.<br \/>\nErasmus+ programm seob haridus-, koolitus- ja noorteprogramme ning poliitilisi lahendusi. Uuel programmiperioodil on fookuses kaasamine ja mitmekesisus; rohem\u00f5tlemine ja kliimaeesm\u00e4rgid, digitaalne p\u00f6\u00f6re ning osalemine demokraatlikus protsessis.<\/p>\n<p>Euroopa Liidu haridus-, koolitus-, noorte- ja spordiprogramm 2014\u20132020<\/p>\n<p>Programmiga avanevad v\u00f5imalused \u00f5ppej\u00f5ududele, \u00fcli\u00f5pilastele, \u00f5petajatele, t\u00e4iskasvanukoolitajatele ja teistele haridust\u00f6\u00f6tajatele, kutse\u00f5ppeasutuste \u00f5ppuritele, vabatahtlikele jne. Erasmus+ programm ei piirdu ainult Euroopa v\u00f5i eurooplastega \u2013 mitmed tegevused on avatud <strong>kogu maailma<\/strong> \u00f5pihimulistele inimestele.<br \/>\n<strong>Erasmus+<\/strong> h\u00f5lmab endas koost\u00f6\u00f6programme \u201eElukestva \u00f5ppe programm\u201c, \u201eEuroopa Noored\u201c, Euroopa komisjoni rahvusvahelised k\u00f5rgharidusprogrammid ning juurde liideti spordiprogramm.<br \/>\n<strong>Hariduse ja koolituse valdkonnas t\u00e4idetakse programmi eesm\u00e4rke j\u00e4rgmiste meetmetega:<\/strong><br \/>\na) <a href=\"http:\/\/haridus.archimedes.ee\/opiranne\">\u00d5pir\u00e4nne<\/a> (Key Action 1)<br \/>\nb) <a href=\"http:\/\/haridus.archimedes.ee\/strateegiline-koostoo\">Strateegiline koost\u00f6\u00f6<\/a> (Key Action 2)<br \/>\nc) <a href=\"http:\/\/erasmuspluss.ee\/poliitikareformi-toetamine\/\">Poliitikate kujundamine<\/a> (Key Action 3)<\/p>\n","protected":false},"excerpt":{"rendered":"<p>Erasmus+ Erasmus+ on Euroopa Liidu haridus-, koolitus-, noorte- ja spordiprogramm 2021\u20132027 Programmi v\u00f5imalusi saavad kasutada lasteaiad, koolid, kutsekoolid, k\u00f5rgkoolid, noortevaldkonnas&#8230;<\/p>\n","protected":false},"author":1,"featured_media":0,"parent":0,"menu_order":0,"comment_status":"closed","ping_status":"closed","template":"","meta":{"_acf_changed":false,"footnotes":""},"class_list":["post-3329","page","type-page","status-publish","hentry"],"yoast_head":"<!-- This site is optimized with the Yoast SEO plugin v27.2 - https:\/\/yoast.com\/product\/yoast-seo-wordpress\/ -->\n<title>Erasmus+ \u00f5pir\u00e4nded ja koost\u00f6\u00f6projektid - Peetri P\u00f5hikool<\/title>\n<meta name=\"robots\" content=\"index, follow, max-snippet:-1, max-image-preview:large, max-video-preview:-1\" \/>\n<link rel=\"canonical\" href=\"https:\/\/www.peetri.edu.ee\/pohikool\/erasmus-opiranded\/\" \/>\n<meta property=\"og:locale\" content=\"et_EE\" \/>\n<meta property=\"og:type\" content=\"article\" \/>\n<meta property=\"og:title\" content=\"Erasmus+ \u00f5pir\u00e4nded ja koost\u00f6\u00f6projektid - Peetri P\u00f5hikool\" \/>\n<meta property=\"og:description\" content=\"Erasmus+ Erasmus+ on Euroopa Liidu haridus-, koolitus-, noorte- ja spordiprogramm 2021\u20132027 Programmi v\u00f5imalusi saavad kasutada lasteaiad, koolid, kutsekoolid, k\u00f5rgkoolid, noortevaldkonnas...\" \/>\n<meta property=\"og:url\" content=\"https:\/\/www.peetri.edu.ee\/pohikool\/erasmus-opiranded\/\" \/>\n<meta property=\"og:site_name\" content=\"Peetri P\u00f5hikool\" \/>\n<meta property=\"article:modified_time\" content=\"2024-08-29T07:00:46+00:00\" \/>\n<meta name=\"twitter:card\" content=\"summary_large_image\" \/>\n<meta name=\"twitter:label1\" content=\"Est. reading time\" \/>\n\t<meta name=\"twitter:data1\" content=\"2 minutit\" \/>\n<script type=\"application\/ld+json\" class=\"yoast-schema-graph\">{\"@context\":\"https:\/\/schema.org\",\"@graph\":[{\"@type\":\"WebPage\",\"@id\":\"https:\/\/www.peetri.edu.ee\/pohikool\/erasmus-opiranded\/\",\"url\":\"https:\/\/www.peetri.edu.ee\/pohikool\/erasmus-opiranded\/\",\"name\":\"Erasmus+ \u00f5pir\u00e4nded ja koost\u00f6\u00f6projektid - Peetri P\u00f5hikool\",\"isPartOf\":{\"@id\":\"https:\/\/www.peetri.edu.ee\/pohikool\/#website\"},\"datePublished\":\"2019-06-19T08:29:01+00:00\",\"dateModified\":\"2024-08-29T07:00:46+00:00\",\"breadcrumb\":{\"@id\":\"https:\/\/www.peetri.edu.ee\/pohikool\/erasmus-opiranded\/#breadcrumb\"},\"inLanguage\":\"et\",\"potentialAction\":[{\"@type\":\"ReadAction\",\"target\":[\"https:\/\/www.peetri.edu.ee\/pohikool\/erasmus-opiranded\/\"]}]},{\"@type\":\"BreadcrumbList\",\"@id\":\"https:\/\/www.peetri.edu.ee\/pohikool\/erasmus-opiranded\/#breadcrumb\",\"itemListElement\":[{\"@type\":\"ListItem\",\"position\":1,\"name\":\"Home\",\"item\":\"https:\/\/www.peetri.edu.ee\/pohikool\/\"},{\"@type\":\"ListItem\",\"position\":2,\"name\":\"Erasmus+ \u00f5pir\u00e4nded ja koost\u00f6\u00f6projektid\"}]},{\"@type\":\"WebSite\",\"@id\":\"https:\/\/www.peetri.edu.ee\/pohikool\/#website\",\"url\":\"https:\/\/www.peetri.edu.ee\/pohikool\/\",\"name\":\"Peetri P\u00f5hikool\",\"description\":\"Igas inimeses on p\u00e4ike, laskem tal s\u00e4rada\",\"potentialAction\":[{\"@type\":\"SearchAction\",\"target\":{\"@type\":\"EntryPoint\",\"urlTemplate\":\"https:\/\/www.peetri.edu.ee\/pohikool\/?s={search_term_string}\"},\"query-input\":{\"@type\":\"PropertyValueSpecification\",\"valueRequired\":true,\"valueName\":\"search_term_string\"}}],\"inLanguage\":\"et\"}]}<\/script>\n<!-- \/ Yoast SEO plugin. -->","yoast_head_json":{"title":"Erasmus+ \u00f5pir\u00e4nded ja koost\u00f6\u00f6projektid - Peetri P\u00f5hikool","robots":{"index":"index","follow":"follow","max-snippet":"max-snippet:-1","max-image-preview":"max-image-preview:large","max-video-preview":"max-video-preview:-1"},"canonical":"https:\/\/www.peetri.edu.ee\/pohikool\/erasmus-opiranded\/","og_locale":"et_EE","og_type":"article","og_title":"Erasmus+ \u00f5pir\u00e4nded ja koost\u00f6\u00f6projektid - Peetri P\u00f5hikool","og_description":"Erasmus+ Erasmus+ on Euroopa Liidu haridus-, koolitus-, noorte- ja spordiprogramm 2021\u20132027 Programmi v\u00f5imalusi saavad kasutada lasteaiad, koolid, kutsekoolid, k\u00f5rgkoolid, noortevaldkonnas...","og_url":"https:\/\/www.peetri.edu.ee\/pohikool\/erasmus-opiranded\/","og_site_name":"Peetri P\u00f5hikool","article_modified_time":"2024-08-29T07:00:46+00:00","twitter_card":"summary_large_image","twitter_misc":{"Est. reading time":"2 minutit"},"schema":{"@context":"https:\/\/schema.org","@graph":[{"@type":"WebPage","@id":"https:\/\/www.peetri.edu.ee\/pohikool\/erasmus-opiranded\/","url":"https:\/\/www.peetri.edu.ee\/pohikool\/erasmus-opiranded\/","name":"Erasmus+ \u00f5pir\u00e4nded ja koost\u00f6\u00f6projektid - Peetri P\u00f5hikool","isPartOf":{"@id":"https:\/\/www.peetri.edu.ee\/pohikool\/#website"},"datePublished":"2019-06-19T08:29:01+00:00","dateModified":"2024-08-29T07:00:46+00:00","breadcrumb":{"@id":"https:\/\/www.peetri.edu.ee\/pohikool\/erasmus-opiranded\/#breadcrumb"},"inLanguage":"et","potentialAction":[{"@type":"ReadAction","target":["https:\/\/www.peetri.edu.ee\/pohikool\/erasmus-opiranded\/"]}]},{"@type":"BreadcrumbList","@id":"https:\/\/www.peetri.edu.ee\/pohikool\/erasmus-opiranded\/#breadcrumb","itemListElement":[{"@type":"ListItem","position":1,"name":"Home","item":"https:\/\/www.peetri.edu.ee\/pohikool\/"},{"@type":"ListItem","position":2,"name":"Erasmus+ \u00f5pir\u00e4nded ja koost\u00f6\u00f6projektid"}]},{"@type":"WebSite","@id":"https:\/\/www.peetri.edu.ee\/pohikool\/#website","url":"https:\/\/www.peetri.edu.ee\/pohikool\/","name":"Peetri P\u00f5hikool","description":"Igas inimeses on p\u00e4ike, laskem tal s\u00e4rada","potentialAction":[{"@type":"SearchAction","target":{"@type":"EntryPoint","urlTemplate":"https:\/\/www.peetri.edu.ee\/pohikool\/?s={search_term_string}"},"query-input":{"@type":"PropertyValueSpecification","valueRequired":true,"valueName":"search_term_string"}}],"inLanguage":"et"}]}},"acf":[],"_links":{"self":[{"href":"https:\/\/www.peetri.edu.ee\/pohikool\/wp-json\/wp\/v2\/pages\/3329","targetHints":{"allow":["GET"]}}],"collection":[{"href":"https:\/\/www.peetri.edu.ee\/pohikool\/wp-json\/wp\/v2\/pages"}],"about":[{"href":"https:\/\/www.peetri.edu.ee\/pohikool\/wp-json\/wp\/v2\/types\/page"}],"author":[{"embeddable":true,"href":"https:\/\/www.peetri.edu.ee\/pohikool\/wp-json\/wp\/v2\/users\/1"}],"replies":[{"embeddable":true,"href":"https:\/\/www.peetri.edu.ee\/pohikool\/wp-json\/wp\/v2\/comments?post=3329"}],"version-history":[{"count":5,"href":"https:\/\/www.peetri.edu.ee\/pohikool\/wp-json\/wp\/v2\/pages\/3329\/revisions"}],"predecessor-version":[{"id":12256,"href":"https:\/\/www.peetri.edu.ee\/pohikool\/wp-json\/wp\/v2\/pages\/3329\/revisions\/12256"}],"wp:attachment":[{"href":"https:\/\/www.peetri.edu.ee\/pohikool\/wp-json\/wp\/v2\/media?parent=3329"}],"curies":[{"name":"wp","href":"https:\/\/api.w.org\/{rel}","templated":true}]}}