{"id":280,"date":"2017-08-11T16:38:50","date_gmt":"2017-08-11T13:38:50","guid":{"rendered":"https:\/\/www.peetri.edu.ee\/pohikool\/?page_id=280"},"modified":"2025-12-03T12:53:23","modified_gmt":"2025-12-03T10:53:23","slug":"koolivorm","status":"publish","type":"page","link":"https:\/\/www.peetri.edu.ee\/pohikool\/meie-kool\/lapsevanemale\/koolivorm\/","title":{"rendered":"Koolivorm"},"content":{"rendered":"<h3>Koolivormi kandmise eesm\u00e4rk<\/h3>\n<p>Peetri Lasteaed-P\u00f5hikooli koolivorm v\u00e4ljendab \u00fchtsust ja identiteeti ning v\u00e4\u00e4rtustab koolikultuuri. Koolivorm tugevdab austust oma kooli vastu ja t\u00f5stab \u00f5pilaskonna autoriteeti kogukonnas. Koolivorm on osa meie kooli s\u00fcmboolikast ning seda kantakse au ja uhkusega.<\/p>\n<p>Koolivorm on alati puhas ja korrektne ning selle kandmise juurde kuulub viisakas k\u00e4itumine, mis on koosk\u00f5las hea tavaga.<\/p>\n<p>Koolivorm on k\u00f5ikidele Peetri kooli \u00f5pilastele kohustuslik, kuid\u00a0alates 5. klassist\u00a0on poistel ja t\u00fcdrukutel lubatud igap\u00e4evaselt kanda tumesiniseid v\u00f5i musti p\u00fckse\/teksap\u00fckse v\u00f5i seelikut.<\/p>\n<p>Koolivormi pusad on m\u00f5eldud 5.-9. klassi \u00f5pilastele.<\/p>\n<h3>Koolivormi tellimine<\/h3>\n<p>Peetri koolis toimub koolivormi tellimine kaks korda \u00f5ppeaastas: novembris ja maikuu l\u00f5pus.<\/p>\n<p>J\u00e4rgmine tellimine toimub\u00a0<strong><u>17. \u2013 28. novembrini<\/u><\/strong><u>\u00a0(<strong>tooted saab klassijuhatajalt k\u00e4tte <\/strong><strong>2026<\/strong><strong> jaanuari l\u00f5pus<\/strong>)<\/u>. Tellimusvorm hetkel on kinni (<strong><u>oli avatud <\/u><\/strong><strong><u>17. \u2013 28. november<\/u><\/strong>).<\/p>\n<p><span style=\"color: #ff0000;\"><strong>POLODE JA PUSADE TARNEAEG S\u00d5LTUB SELLEST, KAS EUROOPA LAOS ON SOOVITUD TOOTED KOHE OLEMAS v\u00f5i MITTE. <\/strong><\/span>Seet\u00f5ttu v\u00f5ib k\u00e4ttesaamise aeg l\u00fckkuda <strong>2026 a.<\/strong> jaanuari l\u00f5pust edasi.<\/p>\n<p>Tekleid novembris tellida ei saa, kuna tellimuste maht on eelnevatel aastatel olnud v\u00e4ike.<\/p>\n<p>Palume enne tellimuse esitamist t\u00e4pselt l\u00e4bi m\u00f5elda, mida ja mis suuruses ning mis v\u00e4rvi toodet Te tellida soovite.<\/p>\n<p>Tellimuse vormistamisel palume j\u00e4lgida:<\/p>\n<ul>\n<li>tellimus vormistatakse \u00f5ige\u00a0<strong>vanuser\u00fchma<\/strong>\u00a0alt (nt 1.-4.klass t\u00fcdrukud jne);<\/li>\n<li>tellimusse saaks kirja toote soovitud\u00a0<strong>suurus<\/strong>\u00a0ja\u00a0<strong>v\u00e4rv<\/strong>;<\/li>\n<li>tellija nimi ja andmed ning lapse nimi ja klass oleksid korrektsed;<\/li>\n<li>\u00fchele lapsele\u00a0soovitud koolivorm asuks\u00a0\u00fches tellimuses.<\/li>\n<\/ul>\n<p><strong>Enne tellimuse kinnitamist palume veenduda, et ostukorvi sisu vastab Teie soovile.<\/strong><\/p>\n<p><strong>P\u00e4rast tellimuse esitamist tuleb Teie sisestatud meiliaadressile TELLIMUSE KINNITUS <span style=\"color: #ff0000;\">(v\u00f5ib tulla ka r\u00e4mpsposti)<\/span>. Kui seda mingil p\u00f5hjusel ei tule, palun k\u00fcsige \u00fcle (<a href=\"mailto:koolivorm@peetri.edu.ee\">koolivorm@peetri.edu.ee<\/a>), kas Teie tellimuse j\u00f5udis meieni.<\/strong><\/p>\n<p>Edaspidi ei ole v\u00f5imalik<\/p>\n<ul>\n<li>toodete ringi vahetamine ja juurde lisamine;<\/li>\n<li>tellitud kaubast loobumine;<\/li>\n<li>toodete tellimine v\u00e4ljaspool tellimisaega.<\/li>\n<\/ul>\n<p>Peetri kooli koolivormi tellimise, arvete saatmise ning tootvate firmadega suhtlemise ja arveldamisega tegeleb koolivormi tarbeks kooli juurde loodud MT\u00dc Triibulised Ruudud. <strong><u>Arved tellitud koolivormi eest saadab MT\u00dc tellija meiliaadressile <\/u><u>2026<\/u><u> jaanuarikuu alguses<\/u>.\u00a0<u>Palun tasuda arve \u00f5igeaegselt !<\/u><\/strong><\/p>\n<p>Kooli saabunud tooted komplekteeritakse klasside kaupa ning\u00a0<strong>lapsevanem saab tellitud riided k\u00e4tte klassijuhatajalt<\/strong>.<\/p>\n<p class=\"x_MsoNormal\"><span lang=\"ET\">INFOKS : <\/span><b>Poiste p\u00fckste suurusnumber 146v_L on suuruste 140L ja 146L vahepealne suurus.<\/b><\/p>\n<ul>\n<li><a href=\"https:\/\/www.peetri.edu.ee\/pohikool\/wp-content\/uploads\/sites\/3\/2022\/05\/VAJALIKUD-KOOLIVORMI-RIIDED-KLASSITI_UUS.pdf\">KOOLIVORMI RIIDED KLASSITI<\/a><\/li>\n<li><a href=\"https:\/\/www.peetri.edu.ee\/pohikool\/wp-content\/uploads\/sites\/3\/2025\/05\/HINNAKIRI_2025_mai.pdf\">HINNAKIRI<\/a><\/li>\n<\/ul>\n<p>K\u00fcsimused saata e-posti aadressile\u00a0<a href=\"mailto:koolivorm@peetri.edu.ee\">koolivorm@peetri.edu.ee<\/a><\/p>\n","protected":false},"excerpt":{"rendered":"<p>Koolivormi kandmise eesm\u00e4rk Peetri Lasteaed-P\u00f5hikooli koolivorm v\u00e4ljendab \u00fchtsust ja identiteeti ning v\u00e4\u00e4rtustab koolikultuuri. Koolivorm tugevdab austust oma kooli vastu ja&#8230;<\/p>\n","protected":false},"author":1,"featured_media":0,"parent":356,"menu_order":50,"comment_status":"closed","ping_status":"closed","template":"","meta":{"_acf_changed":false,"footnotes":""},"class_list":["post-280","page","type-page","status-publish","hentry"],"yoast_head":"<!-- This site is optimized with the Yoast SEO plugin v27.2 - https:\/\/yoast.com\/product\/yoast-seo-wordpress\/ -->\n<title>Koolivorm - Peetri P\u00f5hikool<\/title>\n<meta name=\"robots\" content=\"index, follow, max-snippet:-1, max-image-preview:large, max-video-preview:-1\" \/>\n<link rel=\"canonical\" href=\"https:\/\/www.peetri.edu.ee\/pohikool\/meie-kool\/lapsevanemale\/koolivorm\/\" \/>\n<meta property=\"og:locale\" content=\"et_EE\" \/>\n<meta property=\"og:type\" content=\"article\" \/>\n<meta property=\"og:title\" content=\"Koolivorm - Peetri P\u00f5hikool\" \/>\n<meta property=\"og:description\" content=\"Koolivormi kandmise eesm\u00e4rk Peetri Lasteaed-P\u00f5hikooli koolivorm v\u00e4ljendab \u00fchtsust ja identiteeti ning v\u00e4\u00e4rtustab koolikultuuri. Koolivorm tugevdab austust oma kooli vastu ja...\" \/>\n<meta property=\"og:url\" content=\"https:\/\/www.peetri.edu.ee\/pohikool\/meie-kool\/lapsevanemale\/koolivorm\/\" \/>\n<meta property=\"og:site_name\" content=\"Peetri P\u00f5hikool\" \/>\n<meta property=\"article:modified_time\" content=\"2025-12-03T10:53:23+00:00\" \/>\n<meta name=\"twitter:card\" content=\"summary_large_image\" \/>\n<meta name=\"twitter:label1\" content=\"Est. reading time\" \/>\n\t<meta name=\"twitter:data1\" content=\"2 minutit\" \/>\n<script type=\"application\/ld+json\" class=\"yoast-schema-graph\">{\"@context\":\"https:\/\/schema.org\",\"@graph\":[{\"@type\":\"WebPage\",\"@id\":\"https:\/\/www.peetri.edu.ee\/pohikool\/meie-kool\/lapsevanemale\/koolivorm\/\",\"url\":\"https:\/\/www.peetri.edu.ee\/pohikool\/meie-kool\/lapsevanemale\/koolivorm\/\",\"name\":\"Koolivorm - Peetri P\u00f5hikool\",\"isPartOf\":{\"@id\":\"https:\/\/www.peetri.edu.ee\/pohikool\/#website\"},\"datePublished\":\"2017-08-11T13:38:50+00:00\",\"dateModified\":\"2025-12-03T10:53:23+00:00\",\"breadcrumb\":{\"@id\":\"https:\/\/www.peetri.edu.ee\/pohikool\/meie-kool\/lapsevanemale\/koolivorm\/#breadcrumb\"},\"inLanguage\":\"et\",\"potentialAction\":[{\"@type\":\"ReadAction\",\"target\":[\"https:\/\/www.peetri.edu.ee\/pohikool\/meie-kool\/lapsevanemale\/koolivorm\/\"]}]},{\"@type\":\"BreadcrumbList\",\"@id\":\"https:\/\/www.peetri.edu.ee\/pohikool\/meie-kool\/lapsevanemale\/koolivorm\/#breadcrumb\",\"itemListElement\":[{\"@type\":\"ListItem\",\"position\":1,\"name\":\"Home\",\"item\":\"https:\/\/www.peetri.edu.ee\/pohikool\/\"},{\"@type\":\"ListItem\",\"position\":2,\"name\":\"Meie kool\",\"item\":\"https:\/\/www.peetri.edu.ee\/pohikool\/\"},{\"@type\":\"ListItem\",\"position\":3,\"name\":\"Lapsevanemale\",\"item\":\"https:\/\/www.peetri.edu.ee\/pohikool\/meie-kool\/lapsevanemale\/\"},{\"@type\":\"ListItem\",\"position\":4,\"name\":\"Koolivorm\"}]},{\"@type\":\"WebSite\",\"@id\":\"https:\/\/www.peetri.edu.ee\/pohikool\/#website\",\"url\":\"https:\/\/www.peetri.edu.ee\/pohikool\/\",\"name\":\"Peetri P\u00f5hikool\",\"description\":\"Igas inimeses on p\u00e4ike, laskem tal s\u00e4rada\",\"potentialAction\":[{\"@type\":\"SearchAction\",\"target\":{\"@type\":\"EntryPoint\",\"urlTemplate\":\"https:\/\/www.peetri.edu.ee\/pohikool\/?s={search_term_string}\"},\"query-input\":{\"@type\":\"PropertyValueSpecification\",\"valueRequired\":true,\"valueName\":\"search_term_string\"}}],\"inLanguage\":\"et\"}]}<\/script>\n<!-- \/ Yoast SEO plugin. -->","yoast_head_json":{"title":"Koolivorm - Peetri P\u00f5hikool","robots":{"index":"index","follow":"follow","max-snippet":"max-snippet:-1","max-image-preview":"max-image-preview:large","max-video-preview":"max-video-preview:-1"},"canonical":"https:\/\/www.peetri.edu.ee\/pohikool\/meie-kool\/lapsevanemale\/koolivorm\/","og_locale":"et_EE","og_type":"article","og_title":"Koolivorm - Peetri P\u00f5hikool","og_description":"Koolivormi kandmise eesm\u00e4rk Peetri Lasteaed-P\u00f5hikooli koolivorm v\u00e4ljendab \u00fchtsust ja identiteeti ning v\u00e4\u00e4rtustab koolikultuuri. Koolivorm tugevdab austust oma kooli vastu ja...","og_url":"https:\/\/www.peetri.edu.ee\/pohikool\/meie-kool\/lapsevanemale\/koolivorm\/","og_site_name":"Peetri P\u00f5hikool","article_modified_time":"2025-12-03T10:53:23+00:00","twitter_card":"summary_large_image","twitter_misc":{"Est. reading time":"2 minutit"},"schema":{"@context":"https:\/\/schema.org","@graph":[{"@type":"WebPage","@id":"https:\/\/www.peetri.edu.ee\/pohikool\/meie-kool\/lapsevanemale\/koolivorm\/","url":"https:\/\/www.peetri.edu.ee\/pohikool\/meie-kool\/lapsevanemale\/koolivorm\/","name":"Koolivorm - Peetri P\u00f5hikool","isPartOf":{"@id":"https:\/\/www.peetri.edu.ee\/pohikool\/#website"},"datePublished":"2017-08-11T13:38:50+00:00","dateModified":"2025-12-03T10:53:23+00:00","breadcrumb":{"@id":"https:\/\/www.peetri.edu.ee\/pohikool\/meie-kool\/lapsevanemale\/koolivorm\/#breadcrumb"},"inLanguage":"et","potentialAction":[{"@type":"ReadAction","target":["https:\/\/www.peetri.edu.ee\/pohikool\/meie-kool\/lapsevanemale\/koolivorm\/"]}]},{"@type":"BreadcrumbList","@id":"https:\/\/www.peetri.edu.ee\/pohikool\/meie-kool\/lapsevanemale\/koolivorm\/#breadcrumb","itemListElement":[{"@type":"ListItem","position":1,"name":"Home","item":"https:\/\/www.peetri.edu.ee\/pohikool\/"},{"@type":"ListItem","position":2,"name":"Meie kool","item":"https:\/\/www.peetri.edu.ee\/pohikool\/"},{"@type":"ListItem","position":3,"name":"Lapsevanemale","item":"https:\/\/www.peetri.edu.ee\/pohikool\/meie-kool\/lapsevanemale\/"},{"@type":"ListItem","position":4,"name":"Koolivorm"}]},{"@type":"WebSite","@id":"https:\/\/www.peetri.edu.ee\/pohikool\/#website","url":"https:\/\/www.peetri.edu.ee\/pohikool\/","name":"Peetri P\u00f5hikool","description":"Igas inimeses on p\u00e4ike, laskem tal s\u00e4rada","potentialAction":[{"@type":"SearchAction","target":{"@type":"EntryPoint","urlTemplate":"https:\/\/www.peetri.edu.ee\/pohikool\/?s={search_term_string}"},"query-input":{"@type":"PropertyValueSpecification","valueRequired":true,"valueName":"search_term_string"}}],"inLanguage":"et"}]}},"acf":[],"_links":{"self":[{"href":"https:\/\/www.peetri.edu.ee\/pohikool\/wp-json\/wp\/v2\/pages\/280","targetHints":{"allow":["GET"]}}],"collection":[{"href":"https:\/\/www.peetri.edu.ee\/pohikool\/wp-json\/wp\/v2\/pages"}],"about":[{"href":"https:\/\/www.peetri.edu.ee\/pohikool\/wp-json\/wp\/v2\/types\/page"}],"author":[{"embeddable":true,"href":"https:\/\/www.peetri.edu.ee\/pohikool\/wp-json\/wp\/v2\/users\/1"}],"replies":[{"embeddable":true,"href":"https:\/\/www.peetri.edu.ee\/pohikool\/wp-json\/wp\/v2\/comments?post=280"}],"version-history":[{"count":5,"href":"https:\/\/www.peetri.edu.ee\/pohikool\/wp-json\/wp\/v2\/pages\/280\/revisions"}],"predecessor-version":[{"id":13476,"href":"https:\/\/www.peetri.edu.ee\/pohikool\/wp-json\/wp\/v2\/pages\/280\/revisions\/13476"}],"up":[{"embeddable":true,"href":"https:\/\/www.peetri.edu.ee\/pohikool\/wp-json\/wp\/v2\/pages\/356"}],"wp:attachment":[{"href":"https:\/\/www.peetri.edu.ee\/pohikool\/wp-json\/wp\/v2\/media?parent=280"}],"curies":[{"name":"wp","href":"https:\/\/api.w.org\/{rel}","templated":true}]}}