{"id":2438,"date":"2018-10-16T12:36:34","date_gmt":"2018-10-16T09:36:34","guid":{"rendered":"https:\/\/www.peetri.edu.ee\/pohikool\/?page_id=2438"},"modified":"2026-04-02T12:56:32","modified_gmt":"2026-04-02T09:56:32","slug":"jarelvastamine","status":"publish","type":"page","link":"https:\/\/www.peetri.edu.ee\/pohikool\/jarelvastamine\/","title":{"rendered":"J\u00e4relevastamine"},"content":{"rendered":"<p style=\"text-align: center\"><strong>J\u00c4RELEVASTAMISSE REGISTREERIMINE 2025\/2026<\/strong><\/p>\n<p>J\u00e4relevastamisse saab <strong><span style=\"color: #339966\">ainult Stuudiumi kaudu registreerimisel.<\/span><\/strong><\/p>\n<ul>\n<li>Registreerimise asukoht :<\/li>\n<\/ul>\n<p><em>Stuudium &gt; vali \u00fclevalt rippmen\u00fc\u00fcst Registreeri &gt; J\u00e4relevastamisse registreerimine<\/em>.<\/p>\n<ul>\n<li>Registreerimisel vali sobiv kuu, kuup\u00e4ev ja aeg. M\u00e4rkuste lahtrisse kirjuta <u>\u00f5ppeaine<\/u>, milles soovid j\u00e4relt\u00f6\u00f6d teha ja <u>aine\u00f5petaja nimi<\/u> (n\u00e4ide: matemaatika \/ \u00f5p Signe Reidla)<\/li>\n<li>Kui \u00fcks aeg on t\u00e4itunud, siis seda enam valida ei saa ja j\u00e4relevastamiseks tuleb teine aeg leida.<\/li>\n<\/ul>\n<p><span style=\"color: #ff0000\"><strong>NB! Registreerima peab <u>v\u00e4hemalt 1 p\u00e4ev enne<\/u>.<\/strong><\/span><\/p>\n<p>J\u00e4relevastamise juures olev \u00f5petaja annab t\u00f6id v\u00e4lja registreerinute nimekirja alusel.<\/p>\n<p style=\"text-align: center\"><span style=\"color: #008000\"><strong>J\u00c4RELEVASTAMISE AJAD:<\/strong><\/span><\/p>\n<p style=\"text-align: center\"><strong>esmasp\u00e4eviti 7. ja 8.tund<\/strong><\/p>\n<p style=\"text-align: center\"><strong>teisip\u00e4eviti 7. ja 8.tund<\/strong><\/p>\n<p>Kui on k\u00fcsimusi v\u00f5i vajad registreerimisel abi, siis palun p\u00f6\u00f6rdu \u00f5petaja Signe Reidla poole (ruum A305).<\/p>\n<p><strong>KONSULTATSIOON JA J\u00c4RELEVASTAMINE<\/strong><strong>\u00a0<\/strong><\/p>\n<ol>\n<li><u> Konsultatsioon e \u00f5piabi.<\/u><\/li>\n<\/ol>\n<p><strong>KONSULTATSIOON<\/strong> on <strong>j\u00e4releaitamise ja \u00f5petamise aeg<\/strong>. \u00d5pilasel on v\u00f5imalus t\u00e4iendavaks \u00f5ppeks, mis toimub <strong>\u00fcks kord n\u00e4dalas<\/strong> aine\u00f5petaja klassis selleks ette n\u00e4htud ajal.<\/p>\n<p>Konsultatsioonide ajad on n\u00e4htavad kooli kodulehel.<\/p>\n<ol start=\"2\">\n<li><u> J\u00e4relevastamine.<\/u><\/li>\n<\/ol>\n<p><strong>J\u00c4RELEVASTAMINE <\/strong>on \u00f5pilase v\u00f5imalus teha <strong>puudumise t\u00f5ttu<\/strong> v\u00f5i <strong>hindega <\/strong><strong>\u201eF\u201d<\/strong> \u00a0<strong>v\u00f5i \u201cMA\u201d<\/strong> vastatud \u00f5pi\u00fclesanne uuesti.<br \/>\n<strong>1.\u20134. klassi<\/strong> \u00f5pilaste j\u00e4relevastamised toimuvad kokkulepitud ajal oma \u00f5petaja juures.<br \/>\n<strong>5.\u20139. klassi<\/strong> \u00f5pilaste <strong>suuliste \u00f5pi\u00fclesannete j\u00e4relevastamised <\/strong>toimuvad kokku lepitud ajal oma aine\u00f5petaja juures.<\/p>\n<ol start=\"3\">\n<li><u> Kirjalike t\u00f6\u00f6de j\u00e4relevastamine.<\/u><\/li>\n<\/ol>\n<p>Kirjalikke t\u00f6id on v\u00f5imalik j\u00e4rele vastamas k\u00e4ia <strong>kuni iga uue kuu 10. kuup\u00e4evani<\/strong> (nt septembris saadud \u201eF\u201c-sid saab parandada 10. oktoobrini)<\/p>\n<p>P\u00e4rast 10. kuup\u00e4eva m\u00f6\u00f6dumist pole \u00f5pilasel \u00f5igust ilma m\u00f5juva p\u00f5hjuseta parandada hindele \u201eF\u201c tehtud t\u00f6\u00f6d.<strong><br \/>\n<\/strong>Kui \u00f5pilane puudub p\u00e4rast t\u00f6\u00f6 hindele \u201eF\u201c sooritamist koolist m\u00f5juvatel p\u00f5hjustel ja soovib oma eelnevalt saadud mitterahuldavat hinnet parandada, on ta kohustatud aine\u00f5petajale sellest n\u00e4dala jooksul teada andma. Sellisel juhul lepitakse aine\u00f5petajaga kokku hilisem j\u00e4relt\u00f6\u00f6 aeg.<\/p>\n<p><strong>Tegemata t\u00f6\u00f6d <\/strong><strong>(Stuudiumis \u201eT\u201c)<\/strong> k\u00e4sitletakse kui j\u00e4relt\u00f6\u00f6d, mida on v\u00f5imalik teha \u00fcks kord. P\u00e4rast 10.kuup\u00e4eva m\u00f6\u00f6dumist pole \u00f5pilasel \u00f5igust ilma m\u00f5juva p\u00f5hjuseta tegemata t\u00f6\u00f6d enam sooritada ning tema hinne on \u201eF\u201c ning ei kuulu enam j\u00e4relevastamisele.<\/p>\n<p>Kui \u00f5pilane ei ilmu aine\u00f5petajaga kokku lepitud ajal j\u00e4relt\u00f6\u00f6d sooritama, siis ei pea \u00f5petaja enam uut j\u00e4relt\u00f6\u00f6 aega v\u00f5imaldama.<\/p>\n<p>\u00d5pilasel on \u00f5igus j\u00e4rele vastata kokkuleppel aine\u00f5petajaga erigraafiku alusel.<\/p>\n","protected":false},"excerpt":{"rendered":"<p>J\u00c4RELEVASTAMISSE REGISTREERIMINE 2025\/2026 J\u00e4relevastamisse saab ainult Stuudiumi kaudu registreerimisel. Registreerimise asukoht : Stuudium &gt; vali \u00fclevalt rippmen\u00fc\u00fcst Registreeri &gt; J\u00e4relevastamisse&#8230;<\/p>\n","protected":false},"author":1,"featured_media":0,"parent":0,"menu_order":0,"comment_status":"closed","ping_status":"closed","template":"","meta":{"_acf_changed":false,"footnotes":""},"class_list":["post-2438","page","type-page","status-publish","hentry"],"yoast_head":"<!-- This site is optimized with the Yoast SEO plugin v27.2 - https:\/\/yoast.com\/product\/yoast-seo-wordpress\/ -->\n<title>J\u00e4relevastamine - Peetri P\u00f5hikool<\/title>\n<meta name=\"robots\" content=\"index, follow, max-snippet:-1, max-image-preview:large, max-video-preview:-1\" \/>\n<link rel=\"canonical\" href=\"https:\/\/www.peetri.edu.ee\/pohikool\/jarelvastamine\/\" \/>\n<meta property=\"og:locale\" content=\"et_EE\" \/>\n<meta property=\"og:type\" content=\"article\" \/>\n<meta property=\"og:title\" content=\"J\u00e4relevastamine - Peetri P\u00f5hikool\" \/>\n<meta property=\"og:description\" content=\"J\u00c4RELEVASTAMISSE REGISTREERIMINE 2025\/2026 J\u00e4relevastamisse saab ainult Stuudiumi kaudu registreerimisel. Registreerimise asukoht : Stuudium &gt; vali \u00fclevalt rippmen\u00fc\u00fcst Registreeri &gt; J\u00e4relevastamisse...\" \/>\n<meta property=\"og:url\" content=\"https:\/\/www.peetri.edu.ee\/pohikool\/jarelvastamine\/\" \/>\n<meta property=\"og:site_name\" content=\"Peetri P\u00f5hikool\" \/>\n<meta property=\"article:modified_time\" content=\"2026-04-02T09:56:32+00:00\" \/>\n<meta name=\"twitter:card\" content=\"summary_large_image\" \/>\n<meta name=\"twitter:label1\" content=\"Est. reading time\" \/>\n\t<meta name=\"twitter:data1\" content=\"2 minutit\" \/>\n<script type=\"application\/ld+json\" class=\"yoast-schema-graph\">{\"@context\":\"https:\/\/schema.org\",\"@graph\":[{\"@type\":\"WebPage\",\"@id\":\"https:\/\/www.peetri.edu.ee\/pohikool\/jarelvastamine\/\",\"url\":\"https:\/\/www.peetri.edu.ee\/pohikool\/jarelvastamine\/\",\"name\":\"J\u00e4relevastamine - Peetri P\u00f5hikool\",\"isPartOf\":{\"@id\":\"https:\/\/www.peetri.edu.ee\/pohikool\/#website\"},\"datePublished\":\"2018-10-16T09:36:34+00:00\",\"dateModified\":\"2026-04-02T09:56:32+00:00\",\"breadcrumb\":{\"@id\":\"https:\/\/www.peetri.edu.ee\/pohikool\/jarelvastamine\/#breadcrumb\"},\"inLanguage\":\"et\",\"potentialAction\":[{\"@type\":\"ReadAction\",\"target\":[\"https:\/\/www.peetri.edu.ee\/pohikool\/jarelvastamine\/\"]}]},{\"@type\":\"BreadcrumbList\",\"@id\":\"https:\/\/www.peetri.edu.ee\/pohikool\/jarelvastamine\/#breadcrumb\",\"itemListElement\":[{\"@type\":\"ListItem\",\"position\":1,\"name\":\"Home\",\"item\":\"https:\/\/www.peetri.edu.ee\/pohikool\/\"},{\"@type\":\"ListItem\",\"position\":2,\"name\":\"J\u00e4relevastamine\"}]},{\"@type\":\"WebSite\",\"@id\":\"https:\/\/www.peetri.edu.ee\/pohikool\/#website\",\"url\":\"https:\/\/www.peetri.edu.ee\/pohikool\/\",\"name\":\"Peetri P\u00f5hikool\",\"description\":\"Igas inimeses on p\u00e4ike, laskem tal s\u00e4rada\",\"potentialAction\":[{\"@type\":\"SearchAction\",\"target\":{\"@type\":\"EntryPoint\",\"urlTemplate\":\"https:\/\/www.peetri.edu.ee\/pohikool\/?s={search_term_string}\"},\"query-input\":{\"@type\":\"PropertyValueSpecification\",\"valueRequired\":true,\"valueName\":\"search_term_string\"}}],\"inLanguage\":\"et\"}]}<\/script>\n<!-- \/ Yoast SEO plugin. -->","yoast_head_json":{"title":"J\u00e4relevastamine - Peetri P\u00f5hikool","robots":{"index":"index","follow":"follow","max-snippet":"max-snippet:-1","max-image-preview":"max-image-preview:large","max-video-preview":"max-video-preview:-1"},"canonical":"https:\/\/www.peetri.edu.ee\/pohikool\/jarelvastamine\/","og_locale":"et_EE","og_type":"article","og_title":"J\u00e4relevastamine - Peetri P\u00f5hikool","og_description":"J\u00c4RELEVASTAMISSE REGISTREERIMINE 2025\/2026 J\u00e4relevastamisse saab ainult Stuudiumi kaudu registreerimisel. Registreerimise asukoht : Stuudium &gt; vali \u00fclevalt rippmen\u00fc\u00fcst Registreeri &gt; J\u00e4relevastamisse...","og_url":"https:\/\/www.peetri.edu.ee\/pohikool\/jarelvastamine\/","og_site_name":"Peetri P\u00f5hikool","article_modified_time":"2026-04-02T09:56:32+00:00","twitter_card":"summary_large_image","twitter_misc":{"Est. reading time":"2 minutit"},"schema":{"@context":"https:\/\/schema.org","@graph":[{"@type":"WebPage","@id":"https:\/\/www.peetri.edu.ee\/pohikool\/jarelvastamine\/","url":"https:\/\/www.peetri.edu.ee\/pohikool\/jarelvastamine\/","name":"J\u00e4relevastamine - Peetri P\u00f5hikool","isPartOf":{"@id":"https:\/\/www.peetri.edu.ee\/pohikool\/#website"},"datePublished":"2018-10-16T09:36:34+00:00","dateModified":"2026-04-02T09:56:32+00:00","breadcrumb":{"@id":"https:\/\/www.peetri.edu.ee\/pohikool\/jarelvastamine\/#breadcrumb"},"inLanguage":"et","potentialAction":[{"@type":"ReadAction","target":["https:\/\/www.peetri.edu.ee\/pohikool\/jarelvastamine\/"]}]},{"@type":"BreadcrumbList","@id":"https:\/\/www.peetri.edu.ee\/pohikool\/jarelvastamine\/#breadcrumb","itemListElement":[{"@type":"ListItem","position":1,"name":"Home","item":"https:\/\/www.peetri.edu.ee\/pohikool\/"},{"@type":"ListItem","position":2,"name":"J\u00e4relevastamine"}]},{"@type":"WebSite","@id":"https:\/\/www.peetri.edu.ee\/pohikool\/#website","url":"https:\/\/www.peetri.edu.ee\/pohikool\/","name":"Peetri P\u00f5hikool","description":"Igas inimeses on p\u00e4ike, laskem tal s\u00e4rada","potentialAction":[{"@type":"SearchAction","target":{"@type":"EntryPoint","urlTemplate":"https:\/\/www.peetri.edu.ee\/pohikool\/?s={search_term_string}"},"query-input":{"@type":"PropertyValueSpecification","valueRequired":true,"valueName":"search_term_string"}}],"inLanguage":"et"}]}},"acf":[],"_links":{"self":[{"href":"https:\/\/www.peetri.edu.ee\/pohikool\/wp-json\/wp\/v2\/pages\/2438","targetHints":{"allow":["GET"]}}],"collection":[{"href":"https:\/\/www.peetri.edu.ee\/pohikool\/wp-json\/wp\/v2\/pages"}],"about":[{"href":"https:\/\/www.peetri.edu.ee\/pohikool\/wp-json\/wp\/v2\/types\/page"}],"author":[{"embeddable":true,"href":"https:\/\/www.peetri.edu.ee\/pohikool\/wp-json\/wp\/v2\/users\/1"}],"replies":[{"embeddable":true,"href":"https:\/\/www.peetri.edu.ee\/pohikool\/wp-json\/wp\/v2\/comments?post=2438"}],"version-history":[{"count":6,"href":"https:\/\/www.peetri.edu.ee\/pohikool\/wp-json\/wp\/v2\/pages\/2438\/revisions"}],"predecessor-version":[{"id":14221,"href":"https:\/\/www.peetri.edu.ee\/pohikool\/wp-json\/wp\/v2\/pages\/2438\/revisions\/14221"}],"wp:attachment":[{"href":"https:\/\/www.peetri.edu.ee\/pohikool\/wp-json\/wp\/v2\/media?parent=2438"}],"curies":[{"name":"wp","href":"https:\/\/api.w.org\/{rel}","templated":true}]}}