{"id":2056,"date":"2018-09-01T13:14:29","date_gmt":"2018-09-01T10:14:29","guid":{"rendered":"https:\/\/www.peetri.edu.ee\/pohikool\/?page_id=2056"},"modified":"2024-01-25T13:06:18","modified_gmt":"2024-01-25T11:06:18","slug":"hev-koordinaator","status":"publish","type":"page","link":"https:\/\/www.peetri.edu.ee\/pohikool\/meie-kool\/inimesed\/tugiteenused\/hev-koordinaator\/","title":{"rendered":"HEV koordinaator"},"content":{"rendered":"<p>HEV koordinaatori \u00fclesandeks on haridusliku erivajadusega \u00f5pilase \u00f5ppe ja arengu toetamiseks vajaliku abi ja koost\u00f6\u00f6 korraldamine koolis ja kooliv\u00e4liselt. HEV koordinaator suunab koost\u00f6\u00f6d tugispetsialistide, \u00f5pilaste ja \u00f5petajate vahel ning n\u00f5ustab lapsevanemaid.<\/p>\n<p><strong>Kaia Roots<\/strong><br \/>\n<a href=\"mailto:kaia.roots@peetri.edu.ee\">kaia.roots@peetri.edu.ee<\/a><br \/>\n55 626 685<\/p>\n","protected":false},"excerpt":{"rendered":"<p>HEV koordinaatori \u00fclesandeks on haridusliku erivajadusega \u00f5pilase \u00f5ppe ja arengu toetamiseks vajaliku abi ja koost\u00f6\u00f6 korraldamine koolis ja kooliv\u00e4liselt. HEV&#8230;<\/p>\n","protected":false},"author":1,"featured_media":0,"parent":103,"menu_order":0,"comment_status":"closed","ping_status":"closed","template":"","meta":{"_acf_changed":false,"footnotes":""},"class_list":["post-2056","page","type-page","status-publish","hentry"],"yoast_head":"<!-- This site is optimized with the Yoast SEO plugin v27.2 - https:\/\/yoast.com\/product\/yoast-seo-wordpress\/ -->\n<title>HEV koordinaator - Peetri P\u00f5hikool<\/title>\n<meta name=\"robots\" content=\"index, follow, max-snippet:-1, max-image-preview:large, max-video-preview:-1\" \/>\n<link rel=\"canonical\" href=\"https:\/\/www.peetri.edu.ee\/pohikool\/meie-kool\/inimesed\/tugiteenused\/hev-koordinaator\/\" \/>\n<meta property=\"og:locale\" content=\"et_EE\" \/>\n<meta property=\"og:type\" content=\"article\" \/>\n<meta property=\"og:title\" content=\"HEV koordinaator - Peetri P\u00f5hikool\" \/>\n<meta property=\"og:description\" content=\"HEV koordinaatori \u00fclesandeks on haridusliku erivajadusega \u00f5pilase \u00f5ppe ja arengu toetamiseks vajaliku abi ja koost\u00f6\u00f6 korraldamine koolis ja kooliv\u00e4liselt. HEV...\" \/>\n<meta property=\"og:url\" content=\"https:\/\/www.peetri.edu.ee\/pohikool\/meie-kool\/inimesed\/tugiteenused\/hev-koordinaator\/\" \/>\n<meta property=\"og:site_name\" content=\"Peetri P\u00f5hikool\" \/>\n<meta property=\"article:modified_time\" content=\"2024-01-25T11:06:18+00:00\" \/>\n<meta name=\"twitter:card\" content=\"summary_large_image\" \/>\n<script type=\"application\/ld+json\" class=\"yoast-schema-graph\">{\"@context\":\"https:\/\/schema.org\",\"@graph\":[{\"@type\":\"WebPage\",\"@id\":\"https:\/\/www.peetri.edu.ee\/pohikool\/meie-kool\/inimesed\/tugiteenused\/hev-koordinaator\/\",\"url\":\"https:\/\/www.peetri.edu.ee\/pohikool\/meie-kool\/inimesed\/tugiteenused\/hev-koordinaator\/\",\"name\":\"HEV koordinaator - Peetri P\u00f5hikool\",\"isPartOf\":{\"@id\":\"https:\/\/www.peetri.edu.ee\/pohikool\/#website\"},\"datePublished\":\"2018-09-01T10:14:29+00:00\",\"dateModified\":\"2024-01-25T11:06:18+00:00\",\"breadcrumb\":{\"@id\":\"https:\/\/www.peetri.edu.ee\/pohikool\/meie-kool\/inimesed\/tugiteenused\/hev-koordinaator\/#breadcrumb\"},\"inLanguage\":\"et\",\"potentialAction\":[{\"@type\":\"ReadAction\",\"target\":[\"https:\/\/www.peetri.edu.ee\/pohikool\/meie-kool\/inimesed\/tugiteenused\/hev-koordinaator\/\"]}]},{\"@type\":\"BreadcrumbList\",\"@id\":\"https:\/\/www.peetri.edu.ee\/pohikool\/meie-kool\/inimesed\/tugiteenused\/hev-koordinaator\/#breadcrumb\",\"itemListElement\":[{\"@type\":\"ListItem\",\"position\":1,\"name\":\"Home\",\"item\":\"https:\/\/www.peetri.edu.ee\/pohikool\/\"},{\"@type\":\"ListItem\",\"position\":2,\"name\":\"Meie kool\",\"item\":\"https:\/\/www.peetri.edu.ee\/pohikool\/\"},{\"@type\":\"ListItem\",\"position\":3,\"name\":\"Inimesed\",\"item\":\"https:\/\/www.peetri.edu.ee\/pohikool\/meie-kool\/inimesed\/\"},{\"@type\":\"ListItem\",\"position\":4,\"name\":\"Tugispetsialistid\",\"item\":\"https:\/\/www.peetri.edu.ee\/pohikool\/meie-kool\/inimesed\/tugiteenused\/\"},{\"@type\":\"ListItem\",\"position\":5,\"name\":\"HEV koordinaator\"}]},{\"@type\":\"WebSite\",\"@id\":\"https:\/\/www.peetri.edu.ee\/pohikool\/#website\",\"url\":\"https:\/\/www.peetri.edu.ee\/pohikool\/\",\"name\":\"Peetri P\u00f5hikool\",\"description\":\"Igas inimeses on p\u00e4ike, laskem tal s\u00e4rada\",\"potentialAction\":[{\"@type\":\"SearchAction\",\"target\":{\"@type\":\"EntryPoint\",\"urlTemplate\":\"https:\/\/www.peetri.edu.ee\/pohikool\/?s={search_term_string}\"},\"query-input\":{\"@type\":\"PropertyValueSpecification\",\"valueRequired\":true,\"valueName\":\"search_term_string\"}}],\"inLanguage\":\"et\"}]}<\/script>\n<!-- \/ Yoast SEO plugin. -->","yoast_head_json":{"title":"HEV koordinaator - Peetri P\u00f5hikool","robots":{"index":"index","follow":"follow","max-snippet":"max-snippet:-1","max-image-preview":"max-image-preview:large","max-video-preview":"max-video-preview:-1"},"canonical":"https:\/\/www.peetri.edu.ee\/pohikool\/meie-kool\/inimesed\/tugiteenused\/hev-koordinaator\/","og_locale":"et_EE","og_type":"article","og_title":"HEV koordinaator - Peetri P\u00f5hikool","og_description":"HEV koordinaatori \u00fclesandeks on haridusliku erivajadusega \u00f5pilase \u00f5ppe ja arengu toetamiseks vajaliku abi ja koost\u00f6\u00f6 korraldamine koolis ja kooliv\u00e4liselt. HEV...","og_url":"https:\/\/www.peetri.edu.ee\/pohikool\/meie-kool\/inimesed\/tugiteenused\/hev-koordinaator\/","og_site_name":"Peetri P\u00f5hikool","article_modified_time":"2024-01-25T11:06:18+00:00","twitter_card":"summary_large_image","schema":{"@context":"https:\/\/schema.org","@graph":[{"@type":"WebPage","@id":"https:\/\/www.peetri.edu.ee\/pohikool\/meie-kool\/inimesed\/tugiteenused\/hev-koordinaator\/","url":"https:\/\/www.peetri.edu.ee\/pohikool\/meie-kool\/inimesed\/tugiteenused\/hev-koordinaator\/","name":"HEV koordinaator - Peetri P\u00f5hikool","isPartOf":{"@id":"https:\/\/www.peetri.edu.ee\/pohikool\/#website"},"datePublished":"2018-09-01T10:14:29+00:00","dateModified":"2024-01-25T11:06:18+00:00","breadcrumb":{"@id":"https:\/\/www.peetri.edu.ee\/pohikool\/meie-kool\/inimesed\/tugiteenused\/hev-koordinaator\/#breadcrumb"},"inLanguage":"et","potentialAction":[{"@type":"ReadAction","target":["https:\/\/www.peetri.edu.ee\/pohikool\/meie-kool\/inimesed\/tugiteenused\/hev-koordinaator\/"]}]},{"@type":"BreadcrumbList","@id":"https:\/\/www.peetri.edu.ee\/pohikool\/meie-kool\/inimesed\/tugiteenused\/hev-koordinaator\/#breadcrumb","itemListElement":[{"@type":"ListItem","position":1,"name":"Home","item":"https:\/\/www.peetri.edu.ee\/pohikool\/"},{"@type":"ListItem","position":2,"name":"Meie kool","item":"https:\/\/www.peetri.edu.ee\/pohikool\/"},{"@type":"ListItem","position":3,"name":"Inimesed","item":"https:\/\/www.peetri.edu.ee\/pohikool\/meie-kool\/inimesed\/"},{"@type":"ListItem","position":4,"name":"Tugispetsialistid","item":"https:\/\/www.peetri.edu.ee\/pohikool\/meie-kool\/inimesed\/tugiteenused\/"},{"@type":"ListItem","position":5,"name":"HEV koordinaator"}]},{"@type":"WebSite","@id":"https:\/\/www.peetri.edu.ee\/pohikool\/#website","url":"https:\/\/www.peetri.edu.ee\/pohikool\/","name":"Peetri P\u00f5hikool","description":"Igas inimeses on p\u00e4ike, laskem tal s\u00e4rada","potentialAction":[{"@type":"SearchAction","target":{"@type":"EntryPoint","urlTemplate":"https:\/\/www.peetri.edu.ee\/pohikool\/?s={search_term_string}"},"query-input":{"@type":"PropertyValueSpecification","valueRequired":true,"valueName":"search_term_string"}}],"inLanguage":"et"}]}},"acf":[],"_links":{"self":[{"href":"https:\/\/www.peetri.edu.ee\/pohikool\/wp-json\/wp\/v2\/pages\/2056","targetHints":{"allow":["GET"]}}],"collection":[{"href":"https:\/\/www.peetri.edu.ee\/pohikool\/wp-json\/wp\/v2\/pages"}],"about":[{"href":"https:\/\/www.peetri.edu.ee\/pohikool\/wp-json\/wp\/v2\/types\/page"}],"author":[{"embeddable":true,"href":"https:\/\/www.peetri.edu.ee\/pohikool\/wp-json\/wp\/v2\/users\/1"}],"replies":[{"embeddable":true,"href":"https:\/\/www.peetri.edu.ee\/pohikool\/wp-json\/wp\/v2\/comments?post=2056"}],"version-history":[{"count":5,"href":"https:\/\/www.peetri.edu.ee\/pohikool\/wp-json\/wp\/v2\/pages\/2056\/revisions"}],"predecessor-version":[{"id":8366,"href":"https:\/\/www.peetri.edu.ee\/pohikool\/wp-json\/wp\/v2\/pages\/2056\/revisions\/8366"}],"up":[{"embeddable":true,"href":"https:\/\/www.peetri.edu.ee\/pohikool\/wp-json\/wp\/v2\/pages\/103"}],"wp:attachment":[{"href":"https:\/\/www.peetri.edu.ee\/pohikool\/wp-json\/wp\/v2\/media?parent=2056"}],"curies":[{"name":"wp","href":"https:\/\/api.w.org\/{rel}","templated":true}]}}