{"id":204,"date":"2017-08-11T15:17:19","date_gmt":"2017-08-11T12:17:19","guid":{"rendered":"https:\/\/www.peetri.edu.ee\/pohikool\/?page_id=204"},"modified":"2017-09-12T12:18:33","modified_gmt":"2017-09-12T09:18:33","slug":"stuudium","status":"publish","type":"page","link":"https:\/\/www.peetri.edu.ee\/pohikool\/meie-kool\/stuudium\/","title":{"rendered":"Stuudium"},"content":{"rendered":"<p><a href=\"https:\/\/peetri.ope.ee\/auth\/\" target=\"_blank\" rel=\"noopener\"><img loading=\"lazy\" decoding=\"async\" class=\"alignnone wp-image-207 size-full\" src=\"https:\/\/www.peetri.edu.ee\/pohikool\/wp-content\/uploads\/sites\/3\/2017\/08\/stuudium_logo.png\" alt=\"\" width=\"117\" height=\"37\" \/><\/a><\/p>\n<p>Stuudium on koolidele loodud veebirakenduste komplekt, mis v\u00f5imaldab \u00f5petajatel t\u00e4ita\u00a0p\u00e4evikut, jagada\u00a0\u00f5ppematerjale,\u00a0suhelda\u00a0\u00f5pilaste ja lapsevanematega.<\/p>\n<p>Klikates Stuudiumi logol, suundute <a href=\"https:\/\/peetri.ope.ee\/\" target=\"_blank\" rel=\"noopener\">Stuudiumi avalehele<\/a>.<\/p>\n<p>K\u00f5ikidel lapsevanematel tuleb luua omale uued kasutajakontod.<br \/>\nInfot kasutajatekontode ja nende loomise kohta:\u00a0<a href=\"https:\/\/abi-peetri.ope.ee\/info\/kasutajakonto\/uued-kasutajad\" target=\"_blank\" rel=\"noopener\">https:\/\/abi-peetri.ope.ee\/info\/kasutajakonto\/uued-kasutajad<\/a><\/p>\n<p>J\u00e4rgnevalt lingilt saab lugeda puudumiste ja nende p\u00f5hjendamiste kohta\u00a0<a href=\"https:\/\/abi-peetri.ope.ee\/info\/puudumiste-pohjendamine\" target=\"_blank\" rel=\"noopener\">https:\/\/abi-peetri.ope.ee\/info\/puudumiste-pohjendamine<\/a><\/p>\n<p>Kui kooli alustas minu teine laps. Kuidas saan teda oma kontole lisada? Esita palun taotlus, mille alusel saab administraator Sulle lubada vastava ligip\u00e4\u00e4su. Seda saad teha siit:\u00a0<a href=\"https:\/\/peetri.ope.ee\/konto?lang=et\" target=\"_blank\" rel=\"noopener\">https:\/\/peetri.ope.ee\/konto?lang=et<\/a><\/p>\n<p><strong>Stuudiumi s\u00fcsteemihaldur<\/strong><\/p>\n<p>Endel M\u00e4gi<br \/>\nE-post:\u00a0endel.magi@peetri.edu.ee<\/p>\n","protected":false},"excerpt":{"rendered":"<p>Stuudium on koolidele loodud veebirakenduste komplekt, mis v\u00f5imaldab \u00f5petajatel t\u00e4ita\u00a0p\u00e4evikut, jagada\u00a0\u00f5ppematerjale,\u00a0suhelda\u00a0\u00f5pilaste ja lapsevanematega. Klikates Stuudiumi logol, suundute Stuudiumi avalehele. K\u00f5ikidel&#8230;<\/p>\n","protected":false},"author":1,"featured_media":0,"parent":18,"menu_order":20,"comment_status":"closed","ping_status":"closed","template":"","meta":{"_acf_changed":false,"footnotes":""},"class_list":["post-204","page","type-page","status-publish","hentry"],"yoast_head":"<!-- This site is optimized with the Yoast SEO plugin v27.2 - https:\/\/yoast.com\/product\/yoast-seo-wordpress\/ -->\n<title>Stuudium - Peetri P\u00f5hikool<\/title>\n<meta name=\"robots\" content=\"index, follow, max-snippet:-1, max-image-preview:large, max-video-preview:-1\" \/>\n<link rel=\"canonical\" href=\"https:\/\/www.peetri.edu.ee\/pohikool\/meie-kool\/stuudium\/\" \/>\n<meta property=\"og:locale\" content=\"et_EE\" \/>\n<meta property=\"og:type\" content=\"article\" \/>\n<meta property=\"og:title\" content=\"Stuudium - Peetri P\u00f5hikool\" \/>\n<meta property=\"og:description\" content=\"Stuudium on koolidele loodud veebirakenduste komplekt, mis v\u00f5imaldab \u00f5petajatel t\u00e4ita\u00a0p\u00e4evikut, jagada\u00a0\u00f5ppematerjale,\u00a0suhelda\u00a0\u00f5pilaste ja lapsevanematega. Klikates Stuudiumi logol, suundute Stuudiumi avalehele. K\u00f5ikidel...\" \/>\n<meta property=\"og:url\" content=\"https:\/\/www.peetri.edu.ee\/pohikool\/meie-kool\/stuudium\/\" \/>\n<meta property=\"og:site_name\" content=\"Peetri P\u00f5hikool\" \/>\n<meta property=\"article:modified_time\" content=\"2017-09-12T09:18:33+00:00\" \/>\n<meta property=\"og:image\" content=\"https:\/\/www.peetri.edu.ee\/pohikool\/wp-content\/uploads\/sites\/3\/2017\/08\/stuudium_logo.png\" \/>\n<meta name=\"twitter:card\" content=\"summary_large_image\" \/>\n<meta name=\"twitter:label1\" content=\"Est. reading time\" \/>\n\t<meta name=\"twitter:data1\" content=\"1 minut\" \/>\n<script type=\"application\/ld+json\" class=\"yoast-schema-graph\">{\"@context\":\"https:\/\/schema.org\",\"@graph\":[{\"@type\":\"WebPage\",\"@id\":\"https:\/\/www.peetri.edu.ee\/pohikool\/meie-kool\/stuudium\/\",\"url\":\"https:\/\/www.peetri.edu.ee\/pohikool\/meie-kool\/stuudium\/\",\"name\":\"Stuudium - Peetri P\u00f5hikool\",\"isPartOf\":{\"@id\":\"https:\/\/www.peetri.edu.ee\/pohikool\/#website\"},\"primaryImageOfPage\":{\"@id\":\"https:\/\/www.peetri.edu.ee\/pohikool\/meie-kool\/stuudium\/#primaryimage\"},\"image\":{\"@id\":\"https:\/\/www.peetri.edu.ee\/pohikool\/meie-kool\/stuudium\/#primaryimage\"},\"thumbnailUrl\":\"https:\/\/www.peetri.edu.ee\/pohikool\/wp-content\/uploads\/sites\/3\/2017\/08\/stuudium_logo.png\",\"datePublished\":\"2017-08-11T12:17:19+00:00\",\"dateModified\":\"2017-09-12T09:18:33+00:00\",\"breadcrumb\":{\"@id\":\"https:\/\/www.peetri.edu.ee\/pohikool\/meie-kool\/stuudium\/#breadcrumb\"},\"inLanguage\":\"et\",\"potentialAction\":[{\"@type\":\"ReadAction\",\"target\":[\"https:\/\/www.peetri.edu.ee\/pohikool\/meie-kool\/stuudium\/\"]}]},{\"@type\":\"ImageObject\",\"inLanguage\":\"et\",\"@id\":\"https:\/\/www.peetri.edu.ee\/pohikool\/meie-kool\/stuudium\/#primaryimage\",\"url\":\"https:\/\/www.peetri.edu.ee\/pohikool\/wp-content\/uploads\/sites\/3\/2017\/08\/stuudium_logo.png\",\"contentUrl\":\"https:\/\/www.peetri.edu.ee\/pohikool\/wp-content\/uploads\/sites\/3\/2017\/08\/stuudium_logo.png\",\"width\":117,\"height\":37},{\"@type\":\"BreadcrumbList\",\"@id\":\"https:\/\/www.peetri.edu.ee\/pohikool\/meie-kool\/stuudium\/#breadcrumb\",\"itemListElement\":[{\"@type\":\"ListItem\",\"position\":1,\"name\":\"Home\",\"item\":\"https:\/\/www.peetri.edu.ee\/pohikool\/\"},{\"@type\":\"ListItem\",\"position\":2,\"name\":\"Meie kool\",\"item\":\"https:\/\/www.peetri.edu.ee\/pohikool\/\"},{\"@type\":\"ListItem\",\"position\":3,\"name\":\"Stuudium\"}]},{\"@type\":\"WebSite\",\"@id\":\"https:\/\/www.peetri.edu.ee\/pohikool\/#website\",\"url\":\"https:\/\/www.peetri.edu.ee\/pohikool\/\",\"name\":\"Peetri P\u00f5hikool\",\"description\":\"Igas inimeses on p\u00e4ike, laskem tal s\u00e4rada\",\"potentialAction\":[{\"@type\":\"SearchAction\",\"target\":{\"@type\":\"EntryPoint\",\"urlTemplate\":\"https:\/\/www.peetri.edu.ee\/pohikool\/?s={search_term_string}\"},\"query-input\":{\"@type\":\"PropertyValueSpecification\",\"valueRequired\":true,\"valueName\":\"search_term_string\"}}],\"inLanguage\":\"et\"}]}<\/script>\n<!-- \/ Yoast SEO plugin. -->","yoast_head_json":{"title":"Stuudium - Peetri P\u00f5hikool","robots":{"index":"index","follow":"follow","max-snippet":"max-snippet:-1","max-image-preview":"max-image-preview:large","max-video-preview":"max-video-preview:-1"},"canonical":"https:\/\/www.peetri.edu.ee\/pohikool\/meie-kool\/stuudium\/","og_locale":"et_EE","og_type":"article","og_title":"Stuudium - Peetri P\u00f5hikool","og_description":"Stuudium on koolidele loodud veebirakenduste komplekt, mis v\u00f5imaldab \u00f5petajatel t\u00e4ita\u00a0p\u00e4evikut, jagada\u00a0\u00f5ppematerjale,\u00a0suhelda\u00a0\u00f5pilaste ja lapsevanematega. Klikates Stuudiumi logol, suundute Stuudiumi avalehele. K\u00f5ikidel...","og_url":"https:\/\/www.peetri.edu.ee\/pohikool\/meie-kool\/stuudium\/","og_site_name":"Peetri P\u00f5hikool","article_modified_time":"2017-09-12T09:18:33+00:00","og_image":[{"url":"https:\/\/www.peetri.edu.ee\/pohikool\/wp-content\/uploads\/sites\/3\/2017\/08\/stuudium_logo.png","type":"","width":"","height":""}],"twitter_card":"summary_large_image","twitter_misc":{"Est. reading time":"1 minut"},"schema":{"@context":"https:\/\/schema.org","@graph":[{"@type":"WebPage","@id":"https:\/\/www.peetri.edu.ee\/pohikool\/meie-kool\/stuudium\/","url":"https:\/\/www.peetri.edu.ee\/pohikool\/meie-kool\/stuudium\/","name":"Stuudium - Peetri P\u00f5hikool","isPartOf":{"@id":"https:\/\/www.peetri.edu.ee\/pohikool\/#website"},"primaryImageOfPage":{"@id":"https:\/\/www.peetri.edu.ee\/pohikool\/meie-kool\/stuudium\/#primaryimage"},"image":{"@id":"https:\/\/www.peetri.edu.ee\/pohikool\/meie-kool\/stuudium\/#primaryimage"},"thumbnailUrl":"https:\/\/www.peetri.edu.ee\/pohikool\/wp-content\/uploads\/sites\/3\/2017\/08\/stuudium_logo.png","datePublished":"2017-08-11T12:17:19+00:00","dateModified":"2017-09-12T09:18:33+00:00","breadcrumb":{"@id":"https:\/\/www.peetri.edu.ee\/pohikool\/meie-kool\/stuudium\/#breadcrumb"},"inLanguage":"et","potentialAction":[{"@type":"ReadAction","target":["https:\/\/www.peetri.edu.ee\/pohikool\/meie-kool\/stuudium\/"]}]},{"@type":"ImageObject","inLanguage":"et","@id":"https:\/\/www.peetri.edu.ee\/pohikool\/meie-kool\/stuudium\/#primaryimage","url":"https:\/\/www.peetri.edu.ee\/pohikool\/wp-content\/uploads\/sites\/3\/2017\/08\/stuudium_logo.png","contentUrl":"https:\/\/www.peetri.edu.ee\/pohikool\/wp-content\/uploads\/sites\/3\/2017\/08\/stuudium_logo.png","width":117,"height":37},{"@type":"BreadcrumbList","@id":"https:\/\/www.peetri.edu.ee\/pohikool\/meie-kool\/stuudium\/#breadcrumb","itemListElement":[{"@type":"ListItem","position":1,"name":"Home","item":"https:\/\/www.peetri.edu.ee\/pohikool\/"},{"@type":"ListItem","position":2,"name":"Meie kool","item":"https:\/\/www.peetri.edu.ee\/pohikool\/"},{"@type":"ListItem","position":3,"name":"Stuudium"}]},{"@type":"WebSite","@id":"https:\/\/www.peetri.edu.ee\/pohikool\/#website","url":"https:\/\/www.peetri.edu.ee\/pohikool\/","name":"Peetri P\u00f5hikool","description":"Igas inimeses on p\u00e4ike, laskem tal s\u00e4rada","potentialAction":[{"@type":"SearchAction","target":{"@type":"EntryPoint","urlTemplate":"https:\/\/www.peetri.edu.ee\/pohikool\/?s={search_term_string}"},"query-input":{"@type":"PropertyValueSpecification","valueRequired":true,"valueName":"search_term_string"}}],"inLanguage":"et"}]}},"acf":[],"_links":{"self":[{"href":"https:\/\/www.peetri.edu.ee\/pohikool\/wp-json\/wp\/v2\/pages\/204","targetHints":{"allow":["GET"]}}],"collection":[{"href":"https:\/\/www.peetri.edu.ee\/pohikool\/wp-json\/wp\/v2\/pages"}],"about":[{"href":"https:\/\/www.peetri.edu.ee\/pohikool\/wp-json\/wp\/v2\/types\/page"}],"author":[{"embeddable":true,"href":"https:\/\/www.peetri.edu.ee\/pohikool\/wp-json\/wp\/v2\/users\/1"}],"replies":[{"embeddable":true,"href":"https:\/\/www.peetri.edu.ee\/pohikool\/wp-json\/wp\/v2\/comments?post=204"}],"version-history":[{"count":5,"href":"https:\/\/www.peetri.edu.ee\/pohikool\/wp-json\/wp\/v2\/pages\/204\/revisions"}],"predecessor-version":[{"id":1027,"href":"https:\/\/www.peetri.edu.ee\/pohikool\/wp-json\/wp\/v2\/pages\/204\/revisions\/1027"}],"up":[{"embeddable":true,"href":"https:\/\/www.peetri.edu.ee\/pohikool\/wp-json\/wp\/v2\/pages\/18"}],"wp:attachment":[{"href":"https:\/\/www.peetri.edu.ee\/pohikool\/wp-json\/wp\/v2\/media?parent=204"}],"curies":[{"name":"wp","href":"https:\/\/api.w.org\/{rel}","templated":true}]}}