{"id":1952,"date":"2018-06-19T14:06:44","date_gmt":"2018-06-19T11:06:44","guid":{"rendered":"https:\/\/www.peetri.edu.ee\/pohikool\/?page_id=1952"},"modified":"2022-10-17T11:13:32","modified_gmt":"2022-10-17T08:13:32","slug":"kik-projektid","status":"publish","type":"page","link":"https:\/\/www.peetri.edu.ee\/pohikool\/meie-kool\/projektid\/kik-projektid\/","title":{"rendered":"KIK projektid"},"content":{"rendered":"<p style=\"text-align: center;\"><strong>Keskkonnainvesteeringute Keskuse rahastatud projektid<\/strong><\/p>\n<p><img loading=\"lazy\" decoding=\"async\" class=\"size-full wp-image-1953 aligncenter\" src=\"https:\/\/www.peetri.edu.ee\/pohikool\/wp-content\/uploads\/sites\/3\/2018\/06\/kik.png\" alt=\"\" width=\"194\" height=\"227\" \/><\/p>\n<p><strong>2017\/2018. \u00f5ppeaastal toetab KIK (Keskkonnainvesteeringute Keskus) Peetri Lasteaed-P\u00f5hikooli projekti &#8220;Nuhvliga nutikalt looduses&#8221;. <\/strong><br \/>\n<strong> Eesm\u00e4rgiks on uurimuslikku \u00f5ppe rakendamine ja nutiseadmete kasutamine loodus\u00f5petuses. Olulisemate kodukoha puu- ja p\u00f5\u00f5saliikide tundma\u00f5ppimine ning kodukoha elurikkuse v\u00e4\u00e4rtustamine. Keskkonnaprobleemide ja inimtegevusega m\u00f5ju teadvustamine.<\/strong><br \/>\n<strong> 3., 4. ja 6. klasside \u00f5pilased \u00f5pivad tundma Peetri aleviku piirkonnas asuvaid puid, p\u00f5\u00f5said, puhmaid ja rohttaimi ning \u00f5pivad kasutama interaktiivseid m\u00e4\u00e4rajaid.<\/strong><br \/>\n<strong> klasside \u00f5pilased k\u00fclastavad Puhta vee teemaparki, kus tutvutakse p\u00f5hjavee tekke, kivimite ja Pandivere karstialaga.<\/strong><\/p>\n<p><strong>2019\/2020 toetab KIK Peetri Lasteaed-P\u00f5hikooli projekti \u201ePeetri Lasteaed-P\u00f5hikooli aktiiv\u00f5ppeprogrammid 1\u201c. 1.- 8. klassi \u00f5pilastele toimub kokku 35 \u00f5ppeprogrammi Eesti erinevates loodusmuuseumides ja RMK looduskeskustes.<\/strong><br \/>\n<strong> L\u00e4bi kogemus-tegevuslike aktiiv\u00f5ppeprogrammide \u00f5pitakse tundma taime-ja loomaliike, looduskeskkondi, v\u00e4\u00e4rtustama elurikkust, j\u00e4tkusuutlikku ja vastutustundlikku eluviisi ning s\u00e4\u00e4stvat arengut.<\/strong><\/p>\n<p><strong>2020\/21 toetab KIK Peetri Lasteaed-P\u00f5hikooli projekti \u201ePeetri Lasteaed-P\u00f5hikooli aktiiv\u00f5ppeprogrammid 2\u201c. 1.-9. klassi \u00f5pilastele toimub kokku 37 \u00f5ppeprogrammi.<\/strong><\/p>\n<p data-ogsb=\"white\"><strong><span class=\"x_ContentPasted0\" data-ogsc=\"rgb(33, 37, 41)\">2021\/22 \u00f5ppeaastal loome koolis pr\u00fcgi sorteerimise s\u00fcsteemi KIK\u00b4ilt saadud toetusega Ringmajaduse programmi raames. Toimub eraldi olme-, segapakendi- ja bioj\u00e4\u00e4tmete kogumine. J\u00e4\u00e4tmesorteerimisjaamad on A ja B tiiva igal korrusel ning kiirkomposter kooli territooriumil. \u00a0<\/span><\/strong><\/p>\n<p data-ogsb=\"white\"><strong><span class=\"x_ContentPasted0\" data-ogsc=\"rgb(33, 37, 41)\">2022\/23 \u00f5ppeaastal\u00a0<\/span><span class=\"x_ContentPasted0\" data-ogsc=\"rgb(34, 34, 34)\" data-ogsb=\"white\">toetab KIK Peetri Lasteaed-P\u00f5hikooli projekti \u201ePeetri Lasteaed-P\u00f5hikooli aktiiv\u00f5ppeprogrammid\u201c. 1.-9. klassi \u00f5pilastele toimub kokku 35 \u00f5ppeprogrammi.<\/span>\u00a0<\/strong><\/p>\n","protected":false},"excerpt":{"rendered":"<p>Keskkonnainvesteeringute Keskuse rahastatud projektid 2017\/2018. \u00f5ppeaastal toetab KIK (Keskkonnainvesteeringute Keskus) Peetri Lasteaed-P\u00f5hikooli projekti &#8220;Nuhvliga nutikalt looduses&#8221;. Eesm\u00e4rgiks on uurimuslikku \u00f5ppe&#8230;<\/p>\n","protected":false},"author":1,"featured_media":0,"parent":397,"menu_order":0,"comment_status":"closed","ping_status":"closed","template":"","meta":{"_acf_changed":false,"footnotes":""},"class_list":["post-1952","page","type-page","status-publish","hentry"],"yoast_head":"<!-- This site is optimized with the Yoast SEO plugin v27.2 - https:\/\/yoast.com\/product\/yoast-seo-wordpress\/ -->\n<title>KIK projektid - Peetri P\u00f5hikool<\/title>\n<meta name=\"robots\" content=\"index, follow, max-snippet:-1, max-image-preview:large, max-video-preview:-1\" \/>\n<link rel=\"canonical\" href=\"https:\/\/www.peetri.edu.ee\/pohikool\/meie-kool\/projektid\/kik-projektid\/\" \/>\n<meta property=\"og:locale\" content=\"et_EE\" \/>\n<meta property=\"og:type\" content=\"article\" \/>\n<meta property=\"og:title\" content=\"KIK projektid - Peetri P\u00f5hikool\" \/>\n<meta property=\"og:description\" content=\"Keskkonnainvesteeringute Keskuse rahastatud projektid 2017\/2018. \u00f5ppeaastal toetab KIK (Keskkonnainvesteeringute Keskus) Peetri Lasteaed-P\u00f5hikooli projekti &#8220;Nuhvliga nutikalt looduses&#8221;. Eesm\u00e4rgiks on uurimuslikku \u00f5ppe...\" \/>\n<meta property=\"og:url\" content=\"https:\/\/www.peetri.edu.ee\/pohikool\/meie-kool\/projektid\/kik-projektid\/\" \/>\n<meta property=\"og:site_name\" content=\"Peetri P\u00f5hikool\" \/>\n<meta property=\"article:modified_time\" content=\"2022-10-17T08:13:32+00:00\" \/>\n<meta property=\"og:image\" content=\"https:\/\/www.peetri.edu.ee\/pohikool\/wp-content\/uploads\/sites\/3\/2018\/06\/kik.png\" \/>\n<meta name=\"twitter:card\" content=\"summary_large_image\" \/>\n<meta name=\"twitter:label1\" content=\"Est. reading time\" \/>\n\t<meta name=\"twitter:data1\" content=\"1 minut\" \/>\n<script type=\"application\/ld+json\" class=\"yoast-schema-graph\">{\"@context\":\"https:\/\/schema.org\",\"@graph\":[{\"@type\":\"WebPage\",\"@id\":\"https:\/\/www.peetri.edu.ee\/pohikool\/meie-kool\/projektid\/kik-projektid\/\",\"url\":\"https:\/\/www.peetri.edu.ee\/pohikool\/meie-kool\/projektid\/kik-projektid\/\",\"name\":\"KIK projektid - Peetri P\u00f5hikool\",\"isPartOf\":{\"@id\":\"https:\/\/www.peetri.edu.ee\/pohikool\/#website\"},\"primaryImageOfPage\":{\"@id\":\"https:\/\/www.peetri.edu.ee\/pohikool\/meie-kool\/projektid\/kik-projektid\/#primaryimage\"},\"image\":{\"@id\":\"https:\/\/www.peetri.edu.ee\/pohikool\/meie-kool\/projektid\/kik-projektid\/#primaryimage\"},\"thumbnailUrl\":\"https:\/\/www.peetri.edu.ee\/pohikool\/wp-content\/uploads\/sites\/3\/2018\/06\/kik.png\",\"datePublished\":\"2018-06-19T11:06:44+00:00\",\"dateModified\":\"2022-10-17T08:13:32+00:00\",\"breadcrumb\":{\"@id\":\"https:\/\/www.peetri.edu.ee\/pohikool\/meie-kool\/projektid\/kik-projektid\/#breadcrumb\"},\"inLanguage\":\"et\",\"potentialAction\":[{\"@type\":\"ReadAction\",\"target\":[\"https:\/\/www.peetri.edu.ee\/pohikool\/meie-kool\/projektid\/kik-projektid\/\"]}]},{\"@type\":\"ImageObject\",\"inLanguage\":\"et\",\"@id\":\"https:\/\/www.peetri.edu.ee\/pohikool\/meie-kool\/projektid\/kik-projektid\/#primaryimage\",\"url\":\"https:\/\/www.peetri.edu.ee\/pohikool\/wp-content\/uploads\/sites\/3\/2018\/06\/kik.png\",\"contentUrl\":\"https:\/\/www.peetri.edu.ee\/pohikool\/wp-content\/uploads\/sites\/3\/2018\/06\/kik.png\",\"width\":194,\"height\":227},{\"@type\":\"BreadcrumbList\",\"@id\":\"https:\/\/www.peetri.edu.ee\/pohikool\/meie-kool\/projektid\/kik-projektid\/#breadcrumb\",\"itemListElement\":[{\"@type\":\"ListItem\",\"position\":1,\"name\":\"Home\",\"item\":\"https:\/\/www.peetri.edu.ee\/pohikool\/\"},{\"@type\":\"ListItem\",\"position\":2,\"name\":\"Meie kool\",\"item\":\"https:\/\/www.peetri.edu.ee\/pohikool\/\"},{\"@type\":\"ListItem\",\"position\":3,\"name\":\"Projektid\",\"item\":\"https:\/\/www.peetri.edu.ee\/pohikool\/meie-kool\/projektid\/\"},{\"@type\":\"ListItem\",\"position\":4,\"name\":\"KIK projektid\"}]},{\"@type\":\"WebSite\",\"@id\":\"https:\/\/www.peetri.edu.ee\/pohikool\/#website\",\"url\":\"https:\/\/www.peetri.edu.ee\/pohikool\/\",\"name\":\"Peetri P\u00f5hikool\",\"description\":\"Igas inimeses on p\u00e4ike, laskem tal s\u00e4rada\",\"potentialAction\":[{\"@type\":\"SearchAction\",\"target\":{\"@type\":\"EntryPoint\",\"urlTemplate\":\"https:\/\/www.peetri.edu.ee\/pohikool\/?s={search_term_string}\"},\"query-input\":{\"@type\":\"PropertyValueSpecification\",\"valueRequired\":true,\"valueName\":\"search_term_string\"}}],\"inLanguage\":\"et\"}]}<\/script>\n<!-- \/ Yoast SEO plugin. -->","yoast_head_json":{"title":"KIK projektid - Peetri P\u00f5hikool","robots":{"index":"index","follow":"follow","max-snippet":"max-snippet:-1","max-image-preview":"max-image-preview:large","max-video-preview":"max-video-preview:-1"},"canonical":"https:\/\/www.peetri.edu.ee\/pohikool\/meie-kool\/projektid\/kik-projektid\/","og_locale":"et_EE","og_type":"article","og_title":"KIK projektid - Peetri P\u00f5hikool","og_description":"Keskkonnainvesteeringute Keskuse rahastatud projektid 2017\/2018. \u00f5ppeaastal toetab KIK (Keskkonnainvesteeringute Keskus) Peetri Lasteaed-P\u00f5hikooli projekti &#8220;Nuhvliga nutikalt looduses&#8221;. Eesm\u00e4rgiks on uurimuslikku \u00f5ppe...","og_url":"https:\/\/www.peetri.edu.ee\/pohikool\/meie-kool\/projektid\/kik-projektid\/","og_site_name":"Peetri P\u00f5hikool","article_modified_time":"2022-10-17T08:13:32+00:00","og_image":[{"url":"https:\/\/www.peetri.edu.ee\/pohikool\/wp-content\/uploads\/sites\/3\/2018\/06\/kik.png","type":"","width":"","height":""}],"twitter_card":"summary_large_image","twitter_misc":{"Est. reading time":"1 minut"},"schema":{"@context":"https:\/\/schema.org","@graph":[{"@type":"WebPage","@id":"https:\/\/www.peetri.edu.ee\/pohikool\/meie-kool\/projektid\/kik-projektid\/","url":"https:\/\/www.peetri.edu.ee\/pohikool\/meie-kool\/projektid\/kik-projektid\/","name":"KIK projektid - Peetri P\u00f5hikool","isPartOf":{"@id":"https:\/\/www.peetri.edu.ee\/pohikool\/#website"},"primaryImageOfPage":{"@id":"https:\/\/www.peetri.edu.ee\/pohikool\/meie-kool\/projektid\/kik-projektid\/#primaryimage"},"image":{"@id":"https:\/\/www.peetri.edu.ee\/pohikool\/meie-kool\/projektid\/kik-projektid\/#primaryimage"},"thumbnailUrl":"https:\/\/www.peetri.edu.ee\/pohikool\/wp-content\/uploads\/sites\/3\/2018\/06\/kik.png","datePublished":"2018-06-19T11:06:44+00:00","dateModified":"2022-10-17T08:13:32+00:00","breadcrumb":{"@id":"https:\/\/www.peetri.edu.ee\/pohikool\/meie-kool\/projektid\/kik-projektid\/#breadcrumb"},"inLanguage":"et","potentialAction":[{"@type":"ReadAction","target":["https:\/\/www.peetri.edu.ee\/pohikool\/meie-kool\/projektid\/kik-projektid\/"]}]},{"@type":"ImageObject","inLanguage":"et","@id":"https:\/\/www.peetri.edu.ee\/pohikool\/meie-kool\/projektid\/kik-projektid\/#primaryimage","url":"https:\/\/www.peetri.edu.ee\/pohikool\/wp-content\/uploads\/sites\/3\/2018\/06\/kik.png","contentUrl":"https:\/\/www.peetri.edu.ee\/pohikool\/wp-content\/uploads\/sites\/3\/2018\/06\/kik.png","width":194,"height":227},{"@type":"BreadcrumbList","@id":"https:\/\/www.peetri.edu.ee\/pohikool\/meie-kool\/projektid\/kik-projektid\/#breadcrumb","itemListElement":[{"@type":"ListItem","position":1,"name":"Home","item":"https:\/\/www.peetri.edu.ee\/pohikool\/"},{"@type":"ListItem","position":2,"name":"Meie kool","item":"https:\/\/www.peetri.edu.ee\/pohikool\/"},{"@type":"ListItem","position":3,"name":"Projektid","item":"https:\/\/www.peetri.edu.ee\/pohikool\/meie-kool\/projektid\/"},{"@type":"ListItem","position":4,"name":"KIK projektid"}]},{"@type":"WebSite","@id":"https:\/\/www.peetri.edu.ee\/pohikool\/#website","url":"https:\/\/www.peetri.edu.ee\/pohikool\/","name":"Peetri P\u00f5hikool","description":"Igas inimeses on p\u00e4ike, laskem tal s\u00e4rada","potentialAction":[{"@type":"SearchAction","target":{"@type":"EntryPoint","urlTemplate":"https:\/\/www.peetri.edu.ee\/pohikool\/?s={search_term_string}"},"query-input":{"@type":"PropertyValueSpecification","valueRequired":true,"valueName":"search_term_string"}}],"inLanguage":"et"}]}},"acf":[],"_links":{"self":[{"href":"https:\/\/www.peetri.edu.ee\/pohikool\/wp-json\/wp\/v2\/pages\/1952","targetHints":{"allow":["GET"]}}],"collection":[{"href":"https:\/\/www.peetri.edu.ee\/pohikool\/wp-json\/wp\/v2\/pages"}],"about":[{"href":"https:\/\/www.peetri.edu.ee\/pohikool\/wp-json\/wp\/v2\/types\/page"}],"author":[{"embeddable":true,"href":"https:\/\/www.peetri.edu.ee\/pohikool\/wp-json\/wp\/v2\/users\/1"}],"replies":[{"embeddable":true,"href":"https:\/\/www.peetri.edu.ee\/pohikool\/wp-json\/wp\/v2\/comments?post=1952"}],"version-history":[{"count":4,"href":"https:\/\/www.peetri.edu.ee\/pohikool\/wp-json\/wp\/v2\/pages\/1952\/revisions"}],"predecessor-version":[{"id":6637,"href":"https:\/\/www.peetri.edu.ee\/pohikool\/wp-json\/wp\/v2\/pages\/1952\/revisions\/6637"}],"up":[{"embeddable":true,"href":"https:\/\/www.peetri.edu.ee\/pohikool\/wp-json\/wp\/v2\/pages\/397"}],"wp:attachment":[{"href":"https:\/\/www.peetri.edu.ee\/pohikool\/wp-json\/wp\/v2\/media?parent=1952"}],"curies":[{"name":"wp","href":"https:\/\/api.w.org\/{rel}","templated":true}]}}