{"id":1945,"date":"2018-06-15T09:27:40","date_gmt":"2018-06-15T06:27:40","guid":{"rendered":"https:\/\/www.peetri.edu.ee\/pohikool\/?page_id=1945"},"modified":"2018-06-15T15:56:54","modified_gmt":"2018-06-15T12:56:54","slug":"uldpadevuste-loiming-oppeprotsessis","status":"publish","type":"page","link":"https:\/\/www.peetri.edu.ee\/pohikool\/meie-kool\/projektid\/uldpadevuste-loiming-oppeprotsessis\/","title":{"rendered":"SA Innove projekt"},"content":{"rendered":"<p><img loading=\"lazy\" decoding=\"async\" class=\"aligncenter size-full wp-image-1946\" src=\"https:\/\/www.peetri.edu.ee\/pohikool\/wp-content\/uploads\/sites\/3\/2018\/06\/eueesti.jpg\" alt=\"\" width=\"922\" height=\"487\" \/><\/p>\n<p>Peetri Lasteaed-P\u00f5hikooli projekt<strong> &#8220;\u00dcldp\u00e4devuste l\u00f5iming \u00f5ppeprotsessis&#8221; <\/strong>Euroopa Liidu struktuurivahenditest rahastamiseks<\/p>\n<p><strong>Projekti eesm\u00e4rk ja tulemused.<\/strong> \u00dcldp\u00e4devuste teadlik ja eesm\u00e4rgip\u00e4rane l\u00f5imine \u00f5ppeprotsessi.\u00d5ppeprotsessi juhtimisel ja \u00f5pikeskkonna kujundamisel arendatakse lisaks ainep\u00e4devustele ka \u00fcldp\u00e4devusi ning antakse tagasisidet \u00f5pilaste arengule ka\u00a0p\u00e4devuste aspektist.<br \/>\nProjekti eesm\u00e4rgiks on koost\u00f6ise koolikultuuri edendamine.<\/p>\n<p><strong>Projekti tulemuste j\u00e4tkusuutlikkus.<\/strong> Projekti tulemused on rakendatavad igap\u00e4evases \u00f5ppet\u00f6\u00f6s. Areneb koost\u00f6ine kultuur, mida saab rakendada \u00fcksk\u00f5ik millise muutuse juhtimisel. \u00d5petajalt \u00f5petajale koolituste kaudu saab p\u00e4rast kaasatud kogu kollektiiv.<br \/>\nLisaks ainealastele oskustele k\u00f5ikide \u00fcldp\u00e4devuste arendamine toetab \u00f5pilase\u00a0toimetulekut elus ja heaks kodanikuks kasvamisel. \u00dcldhariduse \u00fclesandeks on\u00a0toetada \u00f5ppijate motivatsiooni elukestvas \u00f5ppes osalemiseks ning tagada p\u00e4devused, oskused ja teadmised, et olla tulevikus aktiivne kodanik, asjalik t\u00f6\u00f6taja ja hea inimene.<\/p>\n","protected":false},"excerpt":{"rendered":"<p>Peetri Lasteaed-P\u00f5hikooli projekt &#8220;\u00dcldp\u00e4devuste l\u00f5iming \u00f5ppeprotsessis&#8221; Euroopa Liidu struktuurivahenditest rahastamiseks Projekti eesm\u00e4rk ja tulemused. \u00dcldp\u00e4devuste teadlik ja eesm\u00e4rgip\u00e4rane l\u00f5imine \u00f5ppeprotsessi.\u00d5ppeprotsessi&#8230;<\/p>\n","protected":false},"author":1,"featured_media":0,"parent":397,"menu_order":0,"comment_status":"closed","ping_status":"closed","template":"","meta":{"_acf_changed":false,"footnotes":""},"class_list":["post-1945","page","type-page","status-publish","hentry"],"yoast_head":"<!-- This site is optimized with the Yoast SEO plugin v27.2 - https:\/\/yoast.com\/product\/yoast-seo-wordpress\/ -->\n<title>SA Innove projekt - Peetri P\u00f5hikool<\/title>\n<meta name=\"robots\" content=\"index, follow, max-snippet:-1, max-image-preview:large, max-video-preview:-1\" \/>\n<link rel=\"canonical\" href=\"https:\/\/www.peetri.edu.ee\/pohikool\/meie-kool\/projektid\/uldpadevuste-loiming-oppeprotsessis\/\" \/>\n<meta property=\"og:locale\" content=\"et_EE\" \/>\n<meta property=\"og:type\" content=\"article\" \/>\n<meta property=\"og:title\" content=\"SA Innove projekt - Peetri P\u00f5hikool\" \/>\n<meta property=\"og:description\" content=\"Peetri Lasteaed-P\u00f5hikooli projekt &#8220;\u00dcldp\u00e4devuste l\u00f5iming \u00f5ppeprotsessis&#8221; Euroopa Liidu struktuurivahenditest rahastamiseks Projekti eesm\u00e4rk ja tulemused. \u00dcldp\u00e4devuste teadlik ja eesm\u00e4rgip\u00e4rane l\u00f5imine \u00f5ppeprotsessi.\u00d5ppeprotsessi...\" \/>\n<meta property=\"og:url\" content=\"https:\/\/www.peetri.edu.ee\/pohikool\/meie-kool\/projektid\/uldpadevuste-loiming-oppeprotsessis\/\" \/>\n<meta property=\"og:site_name\" content=\"Peetri P\u00f5hikool\" \/>\n<meta property=\"article:modified_time\" content=\"2018-06-15T12:56:54+00:00\" \/>\n<meta property=\"og:image\" content=\"https:\/\/www.peetri.edu.ee\/pohikool\/wp-content\/uploads\/sites\/3\/2018\/06\/eueesti.jpg\" \/>\n<meta name=\"twitter:card\" content=\"summary_large_image\" \/>\n<meta name=\"twitter:label1\" content=\"Est. reading time\" \/>\n\t<meta name=\"twitter:data1\" content=\"1 minut\" \/>\n<script type=\"application\/ld+json\" class=\"yoast-schema-graph\">{\"@context\":\"https:\/\/schema.org\",\"@graph\":[{\"@type\":\"WebPage\",\"@id\":\"https:\/\/www.peetri.edu.ee\/pohikool\/meie-kool\/projektid\/uldpadevuste-loiming-oppeprotsessis\/\",\"url\":\"https:\/\/www.peetri.edu.ee\/pohikool\/meie-kool\/projektid\/uldpadevuste-loiming-oppeprotsessis\/\",\"name\":\"SA Innove projekt - Peetri P\u00f5hikool\",\"isPartOf\":{\"@id\":\"https:\/\/www.peetri.edu.ee\/pohikool\/#website\"},\"primaryImageOfPage\":{\"@id\":\"https:\/\/www.peetri.edu.ee\/pohikool\/meie-kool\/projektid\/uldpadevuste-loiming-oppeprotsessis\/#primaryimage\"},\"image\":{\"@id\":\"https:\/\/www.peetri.edu.ee\/pohikool\/meie-kool\/projektid\/uldpadevuste-loiming-oppeprotsessis\/#primaryimage\"},\"thumbnailUrl\":\"https:\/\/www.peetri.edu.ee\/pohikool\/wp-content\/uploads\/sites\/3\/2018\/06\/eueesti.jpg\",\"datePublished\":\"2018-06-15T06:27:40+00:00\",\"dateModified\":\"2018-06-15T12:56:54+00:00\",\"breadcrumb\":{\"@id\":\"https:\/\/www.peetri.edu.ee\/pohikool\/meie-kool\/projektid\/uldpadevuste-loiming-oppeprotsessis\/#breadcrumb\"},\"inLanguage\":\"et\",\"potentialAction\":[{\"@type\":\"ReadAction\",\"target\":[\"https:\/\/www.peetri.edu.ee\/pohikool\/meie-kool\/projektid\/uldpadevuste-loiming-oppeprotsessis\/\"]}]},{\"@type\":\"ImageObject\",\"inLanguage\":\"et\",\"@id\":\"https:\/\/www.peetri.edu.ee\/pohikool\/meie-kool\/projektid\/uldpadevuste-loiming-oppeprotsessis\/#primaryimage\",\"url\":\"https:\/\/www.peetri.edu.ee\/pohikool\/wp-content\/uploads\/sites\/3\/2018\/06\/eueesti.jpg\",\"contentUrl\":\"https:\/\/www.peetri.edu.ee\/pohikool\/wp-content\/uploads\/sites\/3\/2018\/06\/eueesti.jpg\",\"width\":922,\"height\":487},{\"@type\":\"BreadcrumbList\",\"@id\":\"https:\/\/www.peetri.edu.ee\/pohikool\/meie-kool\/projektid\/uldpadevuste-loiming-oppeprotsessis\/#breadcrumb\",\"itemListElement\":[{\"@type\":\"ListItem\",\"position\":1,\"name\":\"Home\",\"item\":\"https:\/\/www.peetri.edu.ee\/pohikool\/\"},{\"@type\":\"ListItem\",\"position\":2,\"name\":\"Meie kool\",\"item\":\"https:\/\/www.peetri.edu.ee\/pohikool\/\"},{\"@type\":\"ListItem\",\"position\":3,\"name\":\"Projektid\",\"item\":\"https:\/\/www.peetri.edu.ee\/pohikool\/meie-kool\/projektid\/\"},{\"@type\":\"ListItem\",\"position\":4,\"name\":\"SA Innove projekt\"}]},{\"@type\":\"WebSite\",\"@id\":\"https:\/\/www.peetri.edu.ee\/pohikool\/#website\",\"url\":\"https:\/\/www.peetri.edu.ee\/pohikool\/\",\"name\":\"Peetri P\u00f5hikool\",\"description\":\"Igas inimeses on p\u00e4ike, laskem tal s\u00e4rada\",\"potentialAction\":[{\"@type\":\"SearchAction\",\"target\":{\"@type\":\"EntryPoint\",\"urlTemplate\":\"https:\/\/www.peetri.edu.ee\/pohikool\/?s={search_term_string}\"},\"query-input\":{\"@type\":\"PropertyValueSpecification\",\"valueRequired\":true,\"valueName\":\"search_term_string\"}}],\"inLanguage\":\"et\"}]}<\/script>\n<!-- \/ Yoast SEO plugin. -->","yoast_head_json":{"title":"SA Innove projekt - Peetri P\u00f5hikool","robots":{"index":"index","follow":"follow","max-snippet":"max-snippet:-1","max-image-preview":"max-image-preview:large","max-video-preview":"max-video-preview:-1"},"canonical":"https:\/\/www.peetri.edu.ee\/pohikool\/meie-kool\/projektid\/uldpadevuste-loiming-oppeprotsessis\/","og_locale":"et_EE","og_type":"article","og_title":"SA Innove projekt - Peetri P\u00f5hikool","og_description":"Peetri Lasteaed-P\u00f5hikooli projekt &#8220;\u00dcldp\u00e4devuste l\u00f5iming \u00f5ppeprotsessis&#8221; Euroopa Liidu struktuurivahenditest rahastamiseks Projekti eesm\u00e4rk ja tulemused. \u00dcldp\u00e4devuste teadlik ja eesm\u00e4rgip\u00e4rane l\u00f5imine \u00f5ppeprotsessi.\u00d5ppeprotsessi...","og_url":"https:\/\/www.peetri.edu.ee\/pohikool\/meie-kool\/projektid\/uldpadevuste-loiming-oppeprotsessis\/","og_site_name":"Peetri P\u00f5hikool","article_modified_time":"2018-06-15T12:56:54+00:00","og_image":[{"url":"https:\/\/www.peetri.edu.ee\/pohikool\/wp-content\/uploads\/sites\/3\/2018\/06\/eueesti.jpg","type":"","width":"","height":""}],"twitter_card":"summary_large_image","twitter_misc":{"Est. reading time":"1 minut"},"schema":{"@context":"https:\/\/schema.org","@graph":[{"@type":"WebPage","@id":"https:\/\/www.peetri.edu.ee\/pohikool\/meie-kool\/projektid\/uldpadevuste-loiming-oppeprotsessis\/","url":"https:\/\/www.peetri.edu.ee\/pohikool\/meie-kool\/projektid\/uldpadevuste-loiming-oppeprotsessis\/","name":"SA Innove projekt - Peetri P\u00f5hikool","isPartOf":{"@id":"https:\/\/www.peetri.edu.ee\/pohikool\/#website"},"primaryImageOfPage":{"@id":"https:\/\/www.peetri.edu.ee\/pohikool\/meie-kool\/projektid\/uldpadevuste-loiming-oppeprotsessis\/#primaryimage"},"image":{"@id":"https:\/\/www.peetri.edu.ee\/pohikool\/meie-kool\/projektid\/uldpadevuste-loiming-oppeprotsessis\/#primaryimage"},"thumbnailUrl":"https:\/\/www.peetri.edu.ee\/pohikool\/wp-content\/uploads\/sites\/3\/2018\/06\/eueesti.jpg","datePublished":"2018-06-15T06:27:40+00:00","dateModified":"2018-06-15T12:56:54+00:00","breadcrumb":{"@id":"https:\/\/www.peetri.edu.ee\/pohikool\/meie-kool\/projektid\/uldpadevuste-loiming-oppeprotsessis\/#breadcrumb"},"inLanguage":"et","potentialAction":[{"@type":"ReadAction","target":["https:\/\/www.peetri.edu.ee\/pohikool\/meie-kool\/projektid\/uldpadevuste-loiming-oppeprotsessis\/"]}]},{"@type":"ImageObject","inLanguage":"et","@id":"https:\/\/www.peetri.edu.ee\/pohikool\/meie-kool\/projektid\/uldpadevuste-loiming-oppeprotsessis\/#primaryimage","url":"https:\/\/www.peetri.edu.ee\/pohikool\/wp-content\/uploads\/sites\/3\/2018\/06\/eueesti.jpg","contentUrl":"https:\/\/www.peetri.edu.ee\/pohikool\/wp-content\/uploads\/sites\/3\/2018\/06\/eueesti.jpg","width":922,"height":487},{"@type":"BreadcrumbList","@id":"https:\/\/www.peetri.edu.ee\/pohikool\/meie-kool\/projektid\/uldpadevuste-loiming-oppeprotsessis\/#breadcrumb","itemListElement":[{"@type":"ListItem","position":1,"name":"Home","item":"https:\/\/www.peetri.edu.ee\/pohikool\/"},{"@type":"ListItem","position":2,"name":"Meie kool","item":"https:\/\/www.peetri.edu.ee\/pohikool\/"},{"@type":"ListItem","position":3,"name":"Projektid","item":"https:\/\/www.peetri.edu.ee\/pohikool\/meie-kool\/projektid\/"},{"@type":"ListItem","position":4,"name":"SA Innove projekt"}]},{"@type":"WebSite","@id":"https:\/\/www.peetri.edu.ee\/pohikool\/#website","url":"https:\/\/www.peetri.edu.ee\/pohikool\/","name":"Peetri P\u00f5hikool","description":"Igas inimeses on p\u00e4ike, laskem tal s\u00e4rada","potentialAction":[{"@type":"SearchAction","target":{"@type":"EntryPoint","urlTemplate":"https:\/\/www.peetri.edu.ee\/pohikool\/?s={search_term_string}"},"query-input":{"@type":"PropertyValueSpecification","valueRequired":true,"valueName":"search_term_string"}}],"inLanguage":"et"}]}},"acf":[],"_links":{"self":[{"href":"https:\/\/www.peetri.edu.ee\/pohikool\/wp-json\/wp\/v2\/pages\/1945","targetHints":{"allow":["GET"]}}],"collection":[{"href":"https:\/\/www.peetri.edu.ee\/pohikool\/wp-json\/wp\/v2\/pages"}],"about":[{"href":"https:\/\/www.peetri.edu.ee\/pohikool\/wp-json\/wp\/v2\/types\/page"}],"author":[{"embeddable":true,"href":"https:\/\/www.peetri.edu.ee\/pohikool\/wp-json\/wp\/v2\/users\/1"}],"replies":[{"embeddable":true,"href":"https:\/\/www.peetri.edu.ee\/pohikool\/wp-json\/wp\/v2\/comments?post=1945"}],"version-history":[{"count":3,"href":"https:\/\/www.peetri.edu.ee\/pohikool\/wp-json\/wp\/v2\/pages\/1945\/revisions"}],"predecessor-version":[{"id":1949,"href":"https:\/\/www.peetri.edu.ee\/pohikool\/wp-json\/wp\/v2\/pages\/1945\/revisions\/1949"}],"up":[{"embeddable":true,"href":"https:\/\/www.peetri.edu.ee\/pohikool\/wp-json\/wp\/v2\/pages\/397"}],"wp:attachment":[{"href":"https:\/\/www.peetri.edu.ee\/pohikool\/wp-json\/wp\/v2\/media?parent=1945"}],"curies":[{"name":"wp","href":"https:\/\/api.w.org\/{rel}","templated":true}]}}