{"id":186,"date":"2017-08-11T14:57:38","date_gmt":"2017-08-11T11:57:38","guid":{"rendered":"https:\/\/www.peetri.edu.ee\/pohikool\/?page_id=186"},"modified":"2025-12-02T15:02:52","modified_gmt":"2025-12-02T13:02:52","slug":"huviringid","status":"publish","type":"page","link":"https:\/\/www.peetri.edu.ee\/pohikool\/huvitegevus\/huviringid\/","title":{"rendered":"Huviringid"},"content":{"rendered":"<p class=\"x_MsoNormal\"><b>Peetri kooli 2025\/2026 aasta esmane ja piiratud registreerimine (lubatud ainult \u00fcks ring) algab 10. septembril 00.00 ja kestab kuni 14. septembrini.<\/b><\/p>\n<p><b>Kui peale esmast registreerimist selgub, et osades ringides on vabu kohti, siis toimub kordusregistreerimine alates 15. septembrist.<\/b><\/p>\n<p class=\"x_MsoNormal\"><b>Sel aastal on valikus j\u00e4rgmised huviringid:<\/b><\/p>\n<p><a href=\"https:\/\/www.peetri.edu.ee\/pohikool\/wp-content\/uploads\/sites\/3\/2025\/09\/Huviringide-tutvustused-2025_2026.pdf\">HUVIRINGIDE TUTVUSTUSED<\/a><\/p>\n<p><a href=\"https:\/\/www.peetri.edu.ee\/pohikool\/wp-content\/uploads\/sites\/3\/2025\/12\/Huviringid-2025.2026-loplik.xlsx.pdf\">HUVIRINGIDE TOIMUMISE AJAD<\/a><\/p>\n<p class=\"x_MsoNormal\">Huviringidesse registreerimine toimub<strong>\u00a0<\/strong><a href=\"https:\/\/piksel.ee\/arno\/rae\/\" target=\"_blank\" rel=\"noopener noreferrer\"><strong>ARNO<\/strong><\/a> keskkonnas. Samuti on n\u00e4ha seal ka iga ringi detailid, seal hulgas on ka, kus ruumis ja millal ring alustab jne.<\/p>\n<ul type=\"disc\">\n<li class=\"x_MsoNormal\">info n\u00e4gemiseks ja \u00f5pilase ringidesse registreerimiseks on vaja s\u00fcsteemi sisse logida<\/li>\n<li class=\"x_MsoNormal\">klassi piiranguga ringidesse saab registreerida ainult vastava klassi \u00f5pilasi<\/li>\n<\/ul>\n<p class=\"x_MsoNormal\">Huviringi t\u00e4itumisel on v\u00f5imalik oma laps lisada t\u00e4itunud ringi\u00a0<b>ootej\u00e4rjekorda<\/b>!<\/p>\n<p class=\"x_MsoNormal\">Kui j\u00e4rjekord j\u00f5uab Teie lapseni, teavitatakse sellest automaatselt!<\/p>\n<p>Lisaks toimub 09.09 -15.09.2025 kooli Facebooki lehel <a id=\"OWA280f40e9-c78c-d821-2eef-716ed0798da4\" class=\"x_OWAAutoLink\" title=\"https:\/\/fb.me\/e\/1ZSGv2hwJ\" href=\"https:\/\/fb.me\/e\/51k6oWrsx\" target=\"_blank\" rel=\"noopener noreferrer\" data-auth=\"NotApplicable\" data-linkindex=\"4\">Virtuaalne huvitegevuse laat<\/a>\u00a0, kus saab \u00fclevaate k\u00f5ikidest huviringidest, mis meie majas toimetavad.<\/p>\n<p class=\"x_MsoNormal\">E-mail bruno.lange@peetri.edu.ee<\/p>\n<p class=\"x_MsoNormal\">\n","protected":false},"excerpt":{"rendered":"<p>Peetri kooli 2025\/2026 aasta esmane ja piiratud registreerimine (lubatud ainult \u00fcks ring) algab 10. septembril 00.00 ja kestab kuni 14&#8230;.<\/p>\n","protected":false},"author":1,"featured_media":0,"parent":56,"menu_order":0,"comment_status":"closed","ping_status":"closed","template":"","meta":{"_acf_changed":false,"footnotes":""},"class_list":["post-186","page","type-page","status-publish","hentry"],"yoast_head":"<!-- This site is optimized with the Yoast SEO plugin v27.2 - https:\/\/yoast.com\/product\/yoast-seo-wordpress\/ -->\n<title>Huviringid - Peetri P\u00f5hikool<\/title>\n<meta name=\"robots\" content=\"index, follow, max-snippet:-1, max-image-preview:large, max-video-preview:-1\" \/>\n<link rel=\"canonical\" href=\"https:\/\/www.peetri.edu.ee\/pohikool\/huvitegevus\/huviringid\/\" \/>\n<meta property=\"og:locale\" content=\"et_EE\" \/>\n<meta property=\"og:type\" content=\"article\" \/>\n<meta property=\"og:title\" content=\"Huviringid - Peetri P\u00f5hikool\" \/>\n<meta property=\"og:description\" content=\"Peetri kooli 2025\/2026 aasta esmane ja piiratud registreerimine (lubatud ainult \u00fcks ring) algab 10. septembril 00.00 ja kestab kuni 14....\" \/>\n<meta property=\"og:url\" content=\"https:\/\/www.peetri.edu.ee\/pohikool\/huvitegevus\/huviringid\/\" \/>\n<meta property=\"og:site_name\" content=\"Peetri P\u00f5hikool\" \/>\n<meta property=\"article:modified_time\" content=\"2025-12-02T13:02:52+00:00\" \/>\n<meta name=\"twitter:card\" content=\"summary_large_image\" \/>\n<meta name=\"twitter:label1\" content=\"Est. reading time\" \/>\n\t<meta name=\"twitter:data1\" content=\"1 minut\" \/>\n<script type=\"application\/ld+json\" class=\"yoast-schema-graph\">{\"@context\":\"https:\/\/schema.org\",\"@graph\":[{\"@type\":\"WebPage\",\"@id\":\"https:\/\/www.peetri.edu.ee\/pohikool\/huvitegevus\/huviringid\/\",\"url\":\"https:\/\/www.peetri.edu.ee\/pohikool\/huvitegevus\/huviringid\/\",\"name\":\"Huviringid - Peetri P\u00f5hikool\",\"isPartOf\":{\"@id\":\"https:\/\/www.peetri.edu.ee\/pohikool\/#website\"},\"datePublished\":\"2017-08-11T11:57:38+00:00\",\"dateModified\":\"2025-12-02T13:02:52+00:00\",\"breadcrumb\":{\"@id\":\"https:\/\/www.peetri.edu.ee\/pohikool\/huvitegevus\/huviringid\/#breadcrumb\"},\"inLanguage\":\"et\",\"potentialAction\":[{\"@type\":\"ReadAction\",\"target\":[\"https:\/\/www.peetri.edu.ee\/pohikool\/huvitegevus\/huviringid\/\"]}]},{\"@type\":\"BreadcrumbList\",\"@id\":\"https:\/\/www.peetri.edu.ee\/pohikool\/huvitegevus\/huviringid\/#breadcrumb\",\"itemListElement\":[{\"@type\":\"ListItem\",\"position\":1,\"name\":\"Home\",\"item\":\"https:\/\/www.peetri.edu.ee\/pohikool\/\"},{\"@type\":\"ListItem\",\"position\":2,\"name\":\"Huvitegevus\",\"item\":\"https:\/\/www.peetri.edu.ee\/pohikool\/huvitegevus\/\"},{\"@type\":\"ListItem\",\"position\":3,\"name\":\"Huviringid\"}]},{\"@type\":\"WebSite\",\"@id\":\"https:\/\/www.peetri.edu.ee\/pohikool\/#website\",\"url\":\"https:\/\/www.peetri.edu.ee\/pohikool\/\",\"name\":\"Peetri P\u00f5hikool\",\"description\":\"Igas inimeses on p\u00e4ike, laskem tal s\u00e4rada\",\"potentialAction\":[{\"@type\":\"SearchAction\",\"target\":{\"@type\":\"EntryPoint\",\"urlTemplate\":\"https:\/\/www.peetri.edu.ee\/pohikool\/?s={search_term_string}\"},\"query-input\":{\"@type\":\"PropertyValueSpecification\",\"valueRequired\":true,\"valueName\":\"search_term_string\"}}],\"inLanguage\":\"et\"}]}<\/script>\n<!-- \/ Yoast SEO plugin. -->","yoast_head_json":{"title":"Huviringid - Peetri P\u00f5hikool","robots":{"index":"index","follow":"follow","max-snippet":"max-snippet:-1","max-image-preview":"max-image-preview:large","max-video-preview":"max-video-preview:-1"},"canonical":"https:\/\/www.peetri.edu.ee\/pohikool\/huvitegevus\/huviringid\/","og_locale":"et_EE","og_type":"article","og_title":"Huviringid - Peetri P\u00f5hikool","og_description":"Peetri kooli 2025\/2026 aasta esmane ja piiratud registreerimine (lubatud ainult \u00fcks ring) algab 10. septembril 00.00 ja kestab kuni 14....","og_url":"https:\/\/www.peetri.edu.ee\/pohikool\/huvitegevus\/huviringid\/","og_site_name":"Peetri P\u00f5hikool","article_modified_time":"2025-12-02T13:02:52+00:00","twitter_card":"summary_large_image","twitter_misc":{"Est. reading time":"1 minut"},"schema":{"@context":"https:\/\/schema.org","@graph":[{"@type":"WebPage","@id":"https:\/\/www.peetri.edu.ee\/pohikool\/huvitegevus\/huviringid\/","url":"https:\/\/www.peetri.edu.ee\/pohikool\/huvitegevus\/huviringid\/","name":"Huviringid - Peetri P\u00f5hikool","isPartOf":{"@id":"https:\/\/www.peetri.edu.ee\/pohikool\/#website"},"datePublished":"2017-08-11T11:57:38+00:00","dateModified":"2025-12-02T13:02:52+00:00","breadcrumb":{"@id":"https:\/\/www.peetri.edu.ee\/pohikool\/huvitegevus\/huviringid\/#breadcrumb"},"inLanguage":"et","potentialAction":[{"@type":"ReadAction","target":["https:\/\/www.peetri.edu.ee\/pohikool\/huvitegevus\/huviringid\/"]}]},{"@type":"BreadcrumbList","@id":"https:\/\/www.peetri.edu.ee\/pohikool\/huvitegevus\/huviringid\/#breadcrumb","itemListElement":[{"@type":"ListItem","position":1,"name":"Home","item":"https:\/\/www.peetri.edu.ee\/pohikool\/"},{"@type":"ListItem","position":2,"name":"Huvitegevus","item":"https:\/\/www.peetri.edu.ee\/pohikool\/huvitegevus\/"},{"@type":"ListItem","position":3,"name":"Huviringid"}]},{"@type":"WebSite","@id":"https:\/\/www.peetri.edu.ee\/pohikool\/#website","url":"https:\/\/www.peetri.edu.ee\/pohikool\/","name":"Peetri P\u00f5hikool","description":"Igas inimeses on p\u00e4ike, laskem tal s\u00e4rada","potentialAction":[{"@type":"SearchAction","target":{"@type":"EntryPoint","urlTemplate":"https:\/\/www.peetri.edu.ee\/pohikool\/?s={search_term_string}"},"query-input":{"@type":"PropertyValueSpecification","valueRequired":true,"valueName":"search_term_string"}}],"inLanguage":"et"}]}},"acf":[],"_links":{"self":[{"href":"https:\/\/www.peetri.edu.ee\/pohikool\/wp-json\/wp\/v2\/pages\/186","targetHints":{"allow":["GET"]}}],"collection":[{"href":"https:\/\/www.peetri.edu.ee\/pohikool\/wp-json\/wp\/v2\/pages"}],"about":[{"href":"https:\/\/www.peetri.edu.ee\/pohikool\/wp-json\/wp\/v2\/types\/page"}],"author":[{"embeddable":true,"href":"https:\/\/www.peetri.edu.ee\/pohikool\/wp-json\/wp\/v2\/users\/1"}],"replies":[{"embeddable":true,"href":"https:\/\/www.peetri.edu.ee\/pohikool\/wp-json\/wp\/v2\/comments?post=186"}],"version-history":[{"count":5,"href":"https:\/\/www.peetri.edu.ee\/pohikool\/wp-json\/wp\/v2\/pages\/186\/revisions"}],"predecessor-version":[{"id":13475,"href":"https:\/\/www.peetri.edu.ee\/pohikool\/wp-json\/wp\/v2\/pages\/186\/revisions\/13475"}],"up":[{"embeddable":true,"href":"https:\/\/www.peetri.edu.ee\/pohikool\/wp-json\/wp\/v2\/pages\/56"}],"wp:attachment":[{"href":"https:\/\/www.peetri.edu.ee\/pohikool\/wp-json\/wp\/v2\/media?parent=186"}],"curies":[{"name":"wp","href":"https:\/\/api.w.org\/{rel}","templated":true}]}}