{"id":179,"date":"2017-08-11T14:48:03","date_gmt":"2017-08-11T11:48:03","guid":{"rendered":"https:\/\/www.peetri.edu.ee\/pohikool\/?page_id=179"},"modified":"2017-08-11T14:48:03","modified_gmt":"2017-08-11T11:48:03","slug":"20112012-oppeaasta-uritused","status":"publish","type":"page","link":"https:\/\/www.peetri.edu.ee\/pohikool\/huvitegevus\/20112012-oppeaasta-uritused\/","title":{"rendered":"2011\/2012 \u00f5ppeaasta \u00fcritused"},"content":{"rendered":"<h3>Juuni 2012<\/h3>\n<ul>\n<li>04.06 &#8211; Kevadlaat<\/li>\n<li>01.06 &#8211; Perepiknik<\/li>\n<\/ul>\n<h3>Mai 2012<\/h3>\n<ul>\n<li>31.05 &#8211; Lemmikloomap\u00e4ev.<\/li>\n<li>25.05 &#8211; 1. \u2013 4. klassi \u00f5pilased k\u00fclastavad Nokia Kontserdimajas etendust \u201eKosmonaut Lotte\u201c.<\/li>\n<li>25.05 &#8211; Peetri P\u00f5hikooli \u00f5pilased osalevad Rae valla laulu- ja tantsupeol \u201eJ\u00fcri klunker\u201c.<\/li>\n<li>24.05 &#8211; kell 18.00 3. klasside kevadkontsert.<\/li>\n<li>22.05 &#8211; kell 18.00 2. klasside kevadkontset.<\/li>\n<li>17.05 &#8211; kell 18.00 4.-7. klasside kevadkontsert.<\/li>\n<li>10.05 &#8211; kell 18.00 1. klasside kevadkontsert.<\/li>\n<\/ul>\n<h3>Aprill 2012<\/h3>\n<ul>\n<li>30.04 &#8211; Jakko Maltise ja Padman\u2019i esinemine. Lisaks osalevad 5.-7.klassi \u00f5pilased workshopides, kus saavad ise iPadiga muusikat luua.<\/li>\n<li>23.04 &#8211; t\u00e4histasime J\u00fcrip\u00e4eva orienteerumism\u00e4nguga.<\/li>\n<li>9.-13.04 &#8211; toimub muusika- ja tantsun\u00e4dal.<\/li>\n<\/ul>\n<h3>M\u00e4rts 2012<\/h3>\n<ul>\n<li>30.03 &#8211; toimuvad nuputamise vahetunnid.<\/li>\n<li>12-16.03 &#8211; toimus koolis emakeelen\u00e4dal mitmete p\u00f5nevate kohtumiste ja tegemistega.<\/li>\n<\/ul>\n<h3>Veebruar 2012<\/h3>\n<ul>\n<li>23.02 &#8211; Eesti Vabariigi aastap\u00e4eva aktus.<\/li>\n<li>20-22.02 &#8211; Peetri aleviku teemap\u00e4evad, ettekannete ja k\u00fclalistega.<\/li>\n<li>16.02 &#8211; Toimus koolis ja Pirital suusap\u00e4ev.<\/li>\n<li>14.02 &#8211; T\u00e4histati koolis s\u00f5brap\u00e4eva.<\/li>\n<\/ul>\n<h3>Jaanuar 2012<\/h3>\n<ul>\n<li>30.01 &#8211; Koolis on k\u00fclas Robotiteater.<\/li>\n<li>24.01 &#8211; Uisup\u00e4ev Jeti j\u00e4\u00e4hallis, 2. klassid, 4.-7. klassid.<\/li>\n<li>23.01 &#8211; Uisup\u00e4ev Jeti j\u00e4\u00e4hallis, 1. klassid ja 3. klassid.<\/li>\n<li>20.01 &#8211; Lauam\u00e4ngu vahetunnid. 2. vahetund 3.-7. klassid. 3. vahetund 1.-2. Klassid.<\/li>\n<\/ul>\n<h3>Detsember 2011<\/h3>\n<ul>\n<li>07.12 &#8211; 1.-4. klass k\u00fclastab Nukuteatri etendust Karlsson katuselt.<\/li>\n<li>09.12 \u2013 5.-7. klass k\u00fclastab Nokia kontserdimaja, kus etendub Mary Poppins.<\/li>\n<li>16.12 &#8211; 4.-7. klasside j\u00f5ulupidu algusega kell 18.<\/li>\n<li>19.12 &#8211; 2. klasside j\u00f5ulupidu algusega kell 18.<\/li>\n<li>19.12 &#8211; hommikul k\u00fclastame terve kooliga J\u00fcri kirikut 4.advendi puhul.<\/li>\n<li>20.12 &#8211; 1. klasside j\u00f5ulupidu algusega kell 18.<\/li>\n<li>21.12 &#8211; 3. klasside j\u00f5ulupidu algusega kell 18.<\/li>\n<\/ul>\n<h3>November 2011<\/h3>\n<ul>\n<li>7.11 \u2013 Mardip\u00e4eva raames\u00a01.a ja 1.c klass Vaba\u00f5humuuseumis Kuie koolis.<\/li>\n<li>10.11 \u2013\u00a0Mardip\u00e4ev<\/li>\n<li>11.00 Mart Juur kohtub 2.-7. klassi \u00f5pilastega.<\/li>\n<li>3. klassi lapsed jooksevad marti.<\/li>\n<li>11.11 Lauam\u00e4ngu vahetunnid:<br \/>\n2. vahetund 3.-7. klassid<br \/>\n3. vahetund 1.-2. klassid<\/li>\n<li>28.11 \u2013 I advent<\/li>\n<\/ul>\n<h3>Oktoober 2011<\/h3>\n<ul>\n<li>10.10.\u00a0\u2013\u00a014.10. Metsan\u00e4dal<\/li>\n<li>1. \u2013 3. ja 5. \u2013 7. klass k\u00fclastavad P\u00e4\u00e4sk\u00fcla raba.<\/li>\n<li>4. klass k\u00fclastab Muraste looduskooli.<\/li>\n<\/ul>\n<h3>September 2011<\/h3>\n<ul>\n<li>23.09.\u00a0Teadusp\u00e4ev<br \/>\n10.00 \u2013 TT\u00dc teaduslabor tuleb tegema\u00a0l\u00e4mmastiku katseid<br \/>\n1. ja 2. klassile tuleb k\u00fclla mobiiline planetaarium<br \/>\n3. klassid tegelevad koolis teadusega<br \/>\n4. klass k\u00fclastab Energiakeskust<br \/>\n5. \u2013 7. klass TT\u00dcs robootikaga tutvumas<\/li>\n<li>26.09. \u2013 30.09.\u00a0\u00a0S\u00fcgisn\u00e4dal<br \/>\nIsemeisterdatud kaartide n\u00e4itus (kaardid\u00a0valmistatakse loodulikest materjalidest) 1.-4. klass<br \/>\nFoton\u00e4itus \u201eS\u00fcgis looduses\u201c 5.-7. klass<br \/>\nS\u00fcgislaat 30.09. kell 9.00-9.45<\/li>\n<\/ul>\n","protected":false},"excerpt":{"rendered":"<p>Juuni 2012 04.06 &#8211; Kevadlaat 01.06 &#8211; Perepiknik Mai 2012 31.05 &#8211; Lemmikloomap\u00e4ev. 25.05 &#8211; 1. \u2013 4. klassi \u00f5pilased&#8230;<\/p>\n","protected":false},"author":1,"featured_media":0,"parent":56,"menu_order":80,"comment_status":"closed","ping_status":"closed","template":"","meta":{"_acf_changed":false,"footnotes":""},"class_list":["post-179","page","type-page","status-publish","hentry"],"yoast_head":"<!-- This site is optimized with the Yoast SEO plugin v27.2 - https:\/\/yoast.com\/product\/yoast-seo-wordpress\/ -->\n<title>2011\/2012 \u00f5ppeaasta \u00fcritused - Peetri P\u00f5hikool<\/title>\n<meta name=\"robots\" content=\"index, follow, max-snippet:-1, max-image-preview:large, max-video-preview:-1\" \/>\n<link rel=\"canonical\" href=\"https:\/\/www.peetri.edu.ee\/pohikool\/huvitegevus\/20112012-oppeaasta-uritused\/\" \/>\n<meta property=\"og:locale\" content=\"et_EE\" \/>\n<meta property=\"og:type\" content=\"article\" \/>\n<meta property=\"og:title\" content=\"2011\/2012 \u00f5ppeaasta \u00fcritused - Peetri P\u00f5hikool\" \/>\n<meta property=\"og:description\" content=\"Juuni 2012 04.06 &#8211; Kevadlaat 01.06 &#8211; Perepiknik Mai 2012 31.05 &#8211; Lemmikloomap\u00e4ev. 25.05 &#8211; 1. \u2013 4. klassi \u00f5pilased...\" \/>\n<meta property=\"og:url\" content=\"https:\/\/www.peetri.edu.ee\/pohikool\/huvitegevus\/20112012-oppeaasta-uritused\/\" \/>\n<meta property=\"og:site_name\" content=\"Peetri P\u00f5hikool\" \/>\n<meta name=\"twitter:card\" content=\"summary_large_image\" \/>\n<meta name=\"twitter:label1\" content=\"Est. reading time\" \/>\n\t<meta name=\"twitter:data1\" content=\"2 minutit\" \/>\n<script type=\"application\/ld+json\" class=\"yoast-schema-graph\">{\"@context\":\"https:\/\/schema.org\",\"@graph\":[{\"@type\":\"WebPage\",\"@id\":\"https:\/\/www.peetri.edu.ee\/pohikool\/huvitegevus\/20112012-oppeaasta-uritused\/\",\"url\":\"https:\/\/www.peetri.edu.ee\/pohikool\/huvitegevus\/20112012-oppeaasta-uritused\/\",\"name\":\"2011\/2012 \u00f5ppeaasta \u00fcritused - Peetri P\u00f5hikool\",\"isPartOf\":{\"@id\":\"https:\/\/www.peetri.edu.ee\/pohikool\/#website\"},\"datePublished\":\"2017-08-11T11:48:03+00:00\",\"breadcrumb\":{\"@id\":\"https:\/\/www.peetri.edu.ee\/pohikool\/huvitegevus\/20112012-oppeaasta-uritused\/#breadcrumb\"},\"inLanguage\":\"et\",\"potentialAction\":[{\"@type\":\"ReadAction\",\"target\":[\"https:\/\/www.peetri.edu.ee\/pohikool\/huvitegevus\/20112012-oppeaasta-uritused\/\"]}]},{\"@type\":\"BreadcrumbList\",\"@id\":\"https:\/\/www.peetri.edu.ee\/pohikool\/huvitegevus\/20112012-oppeaasta-uritused\/#breadcrumb\",\"itemListElement\":[{\"@type\":\"ListItem\",\"position\":1,\"name\":\"Home\",\"item\":\"https:\/\/www.peetri.edu.ee\/pohikool\/\"},{\"@type\":\"ListItem\",\"position\":2,\"name\":\"Huvitegevus\",\"item\":\"https:\/\/www.peetri.edu.ee\/pohikool\/huvitegevus\/\"},{\"@type\":\"ListItem\",\"position\":3,\"name\":\"2011\/2012 \u00f5ppeaasta \u00fcritused\"}]},{\"@type\":\"WebSite\",\"@id\":\"https:\/\/www.peetri.edu.ee\/pohikool\/#website\",\"url\":\"https:\/\/www.peetri.edu.ee\/pohikool\/\",\"name\":\"Peetri P\u00f5hikool\",\"description\":\"Igas inimeses on p\u00e4ike, laskem tal s\u00e4rada\",\"potentialAction\":[{\"@type\":\"SearchAction\",\"target\":{\"@type\":\"EntryPoint\",\"urlTemplate\":\"https:\/\/www.peetri.edu.ee\/pohikool\/?s={search_term_string}\"},\"query-input\":{\"@type\":\"PropertyValueSpecification\",\"valueRequired\":true,\"valueName\":\"search_term_string\"}}],\"inLanguage\":\"et\"}]}<\/script>\n<!-- \/ Yoast SEO plugin. -->","yoast_head_json":{"title":"2011\/2012 \u00f5ppeaasta \u00fcritused - Peetri P\u00f5hikool","robots":{"index":"index","follow":"follow","max-snippet":"max-snippet:-1","max-image-preview":"max-image-preview:large","max-video-preview":"max-video-preview:-1"},"canonical":"https:\/\/www.peetri.edu.ee\/pohikool\/huvitegevus\/20112012-oppeaasta-uritused\/","og_locale":"et_EE","og_type":"article","og_title":"2011\/2012 \u00f5ppeaasta \u00fcritused - Peetri P\u00f5hikool","og_description":"Juuni 2012 04.06 &#8211; Kevadlaat 01.06 &#8211; Perepiknik Mai 2012 31.05 &#8211; Lemmikloomap\u00e4ev. 25.05 &#8211; 1. \u2013 4. klassi \u00f5pilased...","og_url":"https:\/\/www.peetri.edu.ee\/pohikool\/huvitegevus\/20112012-oppeaasta-uritused\/","og_site_name":"Peetri P\u00f5hikool","twitter_card":"summary_large_image","twitter_misc":{"Est. reading time":"2 minutit"},"schema":{"@context":"https:\/\/schema.org","@graph":[{"@type":"WebPage","@id":"https:\/\/www.peetri.edu.ee\/pohikool\/huvitegevus\/20112012-oppeaasta-uritused\/","url":"https:\/\/www.peetri.edu.ee\/pohikool\/huvitegevus\/20112012-oppeaasta-uritused\/","name":"2011\/2012 \u00f5ppeaasta \u00fcritused - Peetri P\u00f5hikool","isPartOf":{"@id":"https:\/\/www.peetri.edu.ee\/pohikool\/#website"},"datePublished":"2017-08-11T11:48:03+00:00","breadcrumb":{"@id":"https:\/\/www.peetri.edu.ee\/pohikool\/huvitegevus\/20112012-oppeaasta-uritused\/#breadcrumb"},"inLanguage":"et","potentialAction":[{"@type":"ReadAction","target":["https:\/\/www.peetri.edu.ee\/pohikool\/huvitegevus\/20112012-oppeaasta-uritused\/"]}]},{"@type":"BreadcrumbList","@id":"https:\/\/www.peetri.edu.ee\/pohikool\/huvitegevus\/20112012-oppeaasta-uritused\/#breadcrumb","itemListElement":[{"@type":"ListItem","position":1,"name":"Home","item":"https:\/\/www.peetri.edu.ee\/pohikool\/"},{"@type":"ListItem","position":2,"name":"Huvitegevus","item":"https:\/\/www.peetri.edu.ee\/pohikool\/huvitegevus\/"},{"@type":"ListItem","position":3,"name":"2011\/2012 \u00f5ppeaasta \u00fcritused"}]},{"@type":"WebSite","@id":"https:\/\/www.peetri.edu.ee\/pohikool\/#website","url":"https:\/\/www.peetri.edu.ee\/pohikool\/","name":"Peetri P\u00f5hikool","description":"Igas inimeses on p\u00e4ike, laskem tal s\u00e4rada","potentialAction":[{"@type":"SearchAction","target":{"@type":"EntryPoint","urlTemplate":"https:\/\/www.peetri.edu.ee\/pohikool\/?s={search_term_string}"},"query-input":{"@type":"PropertyValueSpecification","valueRequired":true,"valueName":"search_term_string"}}],"inLanguage":"et"}]}},"acf":[],"_links":{"self":[{"href":"https:\/\/www.peetri.edu.ee\/pohikool\/wp-json\/wp\/v2\/pages\/179","targetHints":{"allow":["GET"]}}],"collection":[{"href":"https:\/\/www.peetri.edu.ee\/pohikool\/wp-json\/wp\/v2\/pages"}],"about":[{"href":"https:\/\/www.peetri.edu.ee\/pohikool\/wp-json\/wp\/v2\/types\/page"}],"author":[{"embeddable":true,"href":"https:\/\/www.peetri.edu.ee\/pohikool\/wp-json\/wp\/v2\/users\/1"}],"replies":[{"embeddable":true,"href":"https:\/\/www.peetri.edu.ee\/pohikool\/wp-json\/wp\/v2\/comments?post=179"}],"version-history":[{"count":1,"href":"https:\/\/www.peetri.edu.ee\/pohikool\/wp-json\/wp\/v2\/pages\/179\/revisions"}],"predecessor-version":[{"id":180,"href":"https:\/\/www.peetri.edu.ee\/pohikool\/wp-json\/wp\/v2\/pages\/179\/revisions\/180"}],"up":[{"embeddable":true,"href":"https:\/\/www.peetri.edu.ee\/pohikool\/wp-json\/wp\/v2\/pages\/56"}],"wp:attachment":[{"href":"https:\/\/www.peetri.edu.ee\/pohikool\/wp-json\/wp\/v2\/media?parent=179"}],"curies":[{"name":"wp","href":"https:\/\/api.w.org\/{rel}","templated":true}]}}