{"id":177,"date":"2017-08-11T14:45:24","date_gmt":"2017-08-11T11:45:24","guid":{"rendered":"https:\/\/www.peetri.edu.ee\/pohikool\/?page_id=177"},"modified":"2017-08-11T14:45:24","modified_gmt":"2017-08-11T11:45:24","slug":"20122013-oppeaasta-uritused","status":"publish","type":"page","link":"https:\/\/www.peetri.edu.ee\/pohikool\/huvitegevus\/20122013-oppeaasta-uritused\/","title":{"rendered":"2012\/2013 \u00f5ppeaasta \u00fcritused"},"content":{"rendered":"<h3>Juuni<\/h3>\n<ul>\n<li>03.06 &#8211; Lemmikloomap\u00e4ev<\/li>\n<\/ul>\n<h3>Mai<\/h3>\n<ul>\n<li>02.05 \u2013 Kevadlaat<\/li>\n<li>08.05\u00a0\u2013\u00a010.05 \u2013 Keeltep\u00e4evad<\/li>\n<li>09.05 \u2013 5.-8. klassi \u00f5pilased k\u00fclastavad Nokia Kontserdimajas muusikali \u201eGrease\u201c. Rohkem infot etenduse kohta leiad siit &#8211;\u00a0http:\/\/tallinnconcerthall.com\/events\/muusikal-grease\/?t=2232<\/li>\n<li>17.05 \u2013 Lauam\u00e4nguvahetunnid. 2. ja 3. vahetunni ajal 1. korruse koridoris.<\/li>\n<li>31.05 \u2013 Perepiknik<\/li>\n<\/ul>\n<h3>Aprill<\/h3>\n<ul>\n<li>02.04 \u2013 1. klassi \u00f5pilased k\u00fclastavad Nokia Kontserdimajas muusikali \u201eShrek\u201c. Rohkem infot etenduse kohta leiad siit &#8211;\u00a0http:\/\/www.nuku.ee\/teater\/tulekul\/shrek\/<\/li>\n<li>04.04 \u2013 2.- 4. klassi \u00f5pilased k\u00fclastavad Nokia Kontserdimajas muusikali \u201eShrek\u201c.<\/li>\n<li>15.- 19.04 \u2013 Muusika- ja tanstun\u00e4dal<\/li>\n<li>23.04 \u2013 J\u00fcrip\u00e4eva t\u00e4histamine<\/li>\n<\/ul>\n<h3>M\u00e4rts<\/h3>\n<ul>\n<li>11.- 15.03 &#8211; Emakeelen\u00e4dal<\/li>\n<li>13.03 &#8211; 5.-8. klassi filmi\u00f5htu, kell 19.00 \u2013 21.00<\/li>\n<li>14.03 &#8211; 2.-4. klassi \u00f6\u00f6lugemine<\/li>\n<\/ul>\n<h3>Veebruar<\/h3>\n<ul>\n<li>01.02 &#8211;\u00a0Lauam\u00e4nguvahetunnid\u00a0&#8211; 2. ja 3. vahetunni ajal 1. korruse koridoris<\/li>\n<li>14.02 &#8211; S\u00f5brap\u00e4eva t\u00e4histamine<\/li>\n<li>15.02 &#8211; Suusap\u00e4ev<br \/>\n2.-8. klassi \u00f5pilased Pirital<br \/>\n1. klassi \u00f5pilased kohalikel suusaradadel<\/li>\n<li>18.- 21.02 &#8211; Ajaloon\u00e4dal<\/li>\n<li>20.02 &#8211; 5.-8. klassi Eesti vabariigi aastap\u00e4eva aktus, kell 13.30<\/li>\n<li>22.02 &#8211; 1.-4. klassi Eesti vabariigi aastap\u00e4eva aktus, kell 11.30<\/li>\n<\/ul>\n<h3>Jaanuar<\/h3>\n<ul>\n<li>24.01 \u2013 Disco 4.-8. klassi \u00f5pilastele. Korraldajaks \u00d5OV<\/li>\n<li>30.01 \u2013 4.-8. klassi \u00f5pilased Jeti j\u00e4\u00e4hallis uisutamas<\/li>\n<\/ul>\n<h3>Detsember<\/h3>\n<ul>\n<li>03.12 \u2013 I advendi t\u00e4histamine. Kooliperele tuleb k\u00fclla J\u00fcri Koguduse \u00f5petaja.<\/li>\n<li>07.12 \u2013 Barokkmuusika kontsert 1.-4.klassi \u00f5pilastele<\/li>\n<li>10.12 \u2013 II advendi t\u00e4histamine<\/li>\n<li>17.12 \u2013 III advendi t\u00e4histamine<\/li>\n<li>20.12 \u2013 J\u00f5ulukontsert, kell 18.00<\/li>\n<\/ul>\n<h3>November<\/h3>\n<ul>\n<li>19. &#8211; 23.11 &#8211;\u00a0Stiilin\u00e4dal &#8211;\u00a0Esimene \u00fcritus, mille korraldamisel on abiks \u00d5OV.Esmasp\u00e4ev \u2013 P\u00e4ev kui \u00f6\u00f6\u00a0(Pane jalga sussid ja selga pidzaama v\u00f5i muud mugavad \u00f6\u00f6riided)<br \/>\nTeisip\u00e4ev \u2013 \u00d5petajate ja t\u00f6\u00f6tajate p\u00e4ev\u00a0(Riieta ennast oma lemmik \u00f5petajaks v\u00f5i lemmik koolit\u00f6\u00f6tajaks)<br \/>\nKolmap\u00e4ev \u2013 Kuulsuste p\u00e4ev\u00a0(Riietu oma lemmik staariks)<br \/>\nNeljap\u00e4ev \u2013 Vahetuse p\u00e4ev\u00a0(Kui sa oled poiss, siis riietu ennast t\u00fcdrukuks. Kui sa oled t\u00fcdruk, siis riietu ennast poisiks)<br \/>\nReede \u2013 Taaskasutus p\u00e4ev\u00a0(Taaskasutad materjale \u2013 riietud neisse)<\/li>\n<li>30.11 &#8211;\u00a0Lauam\u00e4nguvahetunnid\u00a0&#8211; 2. ja 3. vahetunni ajal, 1. korruse koridoris<\/li>\n<\/ul>\n<h3>Oktoober<\/h3>\n<ul>\n<li>02.10 \u2013 2. tunni ajal annavad kontserdi Antti Kammiste ja Madis Kari \u201eKlassikast saab l\u00e4bi d\u017e\u00e4ssi pop v\u00f5i hip hop ehk \u00e4ra ela raamis &#8230; \u00d5pi pilli m\u00e4ngima\u201c 2. \u2013 8. klassi \u00f5pilastele<\/li>\n<li>05.10 \u2013 \u00d5petajap\u00e4eva kabeturniir \u00f5petaja vs \u00f5pilane. Pilte saab vaadata\u00a0siin.<\/li>\n<li>08.10 \u2013 S\u00fcgisla<\/li>\n<li>12.10 \u2013 Lauam\u00e4nguvahetunnid 1.-4. klassi \u00f5pilastele.<\/li>\n<li>17.10 \u2013 kell 19.00 \u2013 4.-7. klassi \u00f5pilastele \u201eKella seitsme orienteerumine\u201c<\/li>\n<\/ul>\n<h3>September<\/h3>\n<ul>\n<li>Metsap\u00e4evad (1. \u2013 4. Klassid):<br \/>\n06.09 \u2013 4.a klassi \u00f5pilased k\u00fclastavad Muraste Looduskooli<br \/>\n07.09 \u2013 4.b klass \u00f5pilased k\u00fclastavad Muraste Looduskooli<br \/>\n20.09 \u2013 2. klassid Viimsi RMK matkarajal<br \/>\n24.09 \u2013 1.d, 1.b ja 1.a klass Viimsi RMK matkarajal<br \/>\n25.09 \u2013 4.c. 3.a, 3.b ja 3.c klass Aegviidu RMK matkarajal<br \/>\n25.09 \u2013 1.c ja 1.e klass Viimsi RMK matkarajal<\/li>\n<li>Foton\u00e4itus\u00a0&#8211; Aastaring mis kestab septembrist maini.<\/li>\n<li>Spordip\u00e4ev\u00a0&#8211; 14. september toimub Peetri koolis spordip\u00e4ev.<\/li>\n<li>Teatejooksud\u00a0&#8211; 5. &#8211; 8. klassi \u00f5pilased v\u00f5tavad osa j\u00e4rgmistest teatejooksudest: 13. september Harjumaa jooks.<\/li>\n<\/ul>\n","protected":false},"excerpt":{"rendered":"<p>Juuni 03.06 &#8211; Lemmikloomap\u00e4ev Mai 02.05 \u2013 Kevadlaat 08.05\u00a0\u2013\u00a010.05 \u2013 Keeltep\u00e4evad 09.05 \u2013 5.-8. klassi \u00f5pilased k\u00fclastavad Nokia Kontserdimajas muusikali&#8230;<\/p>\n","protected":false},"author":1,"featured_media":0,"parent":56,"menu_order":70,"comment_status":"closed","ping_status":"closed","template":"","meta":{"_acf_changed":false,"footnotes":""},"class_list":["post-177","page","type-page","status-publish","hentry"],"yoast_head":"<!-- This site is optimized with the Yoast SEO plugin v27.5 - https:\/\/yoast.com\/product\/yoast-seo-wordpress\/ -->\n<title>2012\/2013 \u00f5ppeaasta \u00fcritused - Peetri P\u00f5hikool<\/title>\n<meta name=\"robots\" content=\"index, follow, max-snippet:-1, max-image-preview:large, max-video-preview:-1\" \/>\n<link rel=\"canonical\" href=\"https:\/\/www.peetri.edu.ee\/pohikool\/huvitegevus\/20122013-oppeaasta-uritused\/\" \/>\n<meta property=\"og:locale\" content=\"et_EE\" \/>\n<meta property=\"og:type\" content=\"article\" \/>\n<meta property=\"og:title\" content=\"2012\/2013 \u00f5ppeaasta \u00fcritused - Peetri P\u00f5hikool\" \/>\n<meta property=\"og:description\" content=\"Juuni 03.06 &#8211; Lemmikloomap\u00e4ev Mai 02.05 \u2013 Kevadlaat 08.05\u00a0\u2013\u00a010.05 \u2013 Keeltep\u00e4evad 09.05 \u2013 5.-8. klassi \u00f5pilased k\u00fclastavad Nokia Kontserdimajas muusikali...\" \/>\n<meta property=\"og:url\" content=\"https:\/\/www.peetri.edu.ee\/pohikool\/huvitegevus\/20122013-oppeaasta-uritused\/\" \/>\n<meta property=\"og:site_name\" content=\"Peetri P\u00f5hikool\" \/>\n<meta name=\"twitter:card\" content=\"summary_large_image\" \/>\n<meta name=\"twitter:label1\" content=\"Est. reading time\" \/>\n\t<meta name=\"twitter:data1\" content=\"2 minutit\" \/>\n<script type=\"application\/ld+json\" class=\"yoast-schema-graph\">{\"@context\":\"https:\\\/\\\/schema.org\",\"@graph\":[{\"@type\":\"WebPage\",\"@id\":\"https:\\\/\\\/www.peetri.edu.ee\\\/pohikool\\\/huvitegevus\\\/20122013-oppeaasta-uritused\\\/\",\"url\":\"https:\\\/\\\/www.peetri.edu.ee\\\/pohikool\\\/huvitegevus\\\/20122013-oppeaasta-uritused\\\/\",\"name\":\"2012\\\/2013 \u00f5ppeaasta \u00fcritused - Peetri P\u00f5hikool\",\"isPartOf\":{\"@id\":\"https:\\\/\\\/www.peetri.edu.ee\\\/pohikool\\\/#website\"},\"datePublished\":\"2017-08-11T11:45:24+00:00\",\"breadcrumb\":{\"@id\":\"https:\\\/\\\/www.peetri.edu.ee\\\/pohikool\\\/huvitegevus\\\/20122013-oppeaasta-uritused\\\/#breadcrumb\"},\"inLanguage\":\"et\",\"potentialAction\":[{\"@type\":\"ReadAction\",\"target\":[\"https:\\\/\\\/www.peetri.edu.ee\\\/pohikool\\\/huvitegevus\\\/20122013-oppeaasta-uritused\\\/\"]}]},{\"@type\":\"BreadcrumbList\",\"@id\":\"https:\\\/\\\/www.peetri.edu.ee\\\/pohikool\\\/huvitegevus\\\/20122013-oppeaasta-uritused\\\/#breadcrumb\",\"itemListElement\":[{\"@type\":\"ListItem\",\"position\":1,\"name\":\"Home\",\"item\":\"https:\\\/\\\/www.peetri.edu.ee\\\/pohikool\\\/\"},{\"@type\":\"ListItem\",\"position\":2,\"name\":\"Huvitegevus\",\"item\":\"https:\\\/\\\/www.peetri.edu.ee\\\/pohikool\\\/huvitegevus\\\/\"},{\"@type\":\"ListItem\",\"position\":3,\"name\":\"2012\\\/2013 \u00f5ppeaasta \u00fcritused\"}]},{\"@type\":\"WebSite\",\"@id\":\"https:\\\/\\\/www.peetri.edu.ee\\\/pohikool\\\/#website\",\"url\":\"https:\\\/\\\/www.peetri.edu.ee\\\/pohikool\\\/\",\"name\":\"Peetri P\u00f5hikool\",\"description\":\"Igas inimeses on p\u00e4ike, laskem tal s\u00e4rada\",\"potentialAction\":[{\"@type\":\"SearchAction\",\"target\":{\"@type\":\"EntryPoint\",\"urlTemplate\":\"https:\\\/\\\/www.peetri.edu.ee\\\/pohikool\\\/?s={search_term_string}\"},\"query-input\":{\"@type\":\"PropertyValueSpecification\",\"valueRequired\":true,\"valueName\":\"search_term_string\"}}],\"inLanguage\":\"et\"}]}<\/script>\n<!-- \/ Yoast SEO plugin. -->","yoast_head_json":{"title":"2012\/2013 \u00f5ppeaasta \u00fcritused - Peetri P\u00f5hikool","robots":{"index":"index","follow":"follow","max-snippet":"max-snippet:-1","max-image-preview":"max-image-preview:large","max-video-preview":"max-video-preview:-1"},"canonical":"https:\/\/www.peetri.edu.ee\/pohikool\/huvitegevus\/20122013-oppeaasta-uritused\/","og_locale":"et_EE","og_type":"article","og_title":"2012\/2013 \u00f5ppeaasta \u00fcritused - Peetri P\u00f5hikool","og_description":"Juuni 03.06 &#8211; Lemmikloomap\u00e4ev Mai 02.05 \u2013 Kevadlaat 08.05\u00a0\u2013\u00a010.05 \u2013 Keeltep\u00e4evad 09.05 \u2013 5.-8. klassi \u00f5pilased k\u00fclastavad Nokia Kontserdimajas muusikali...","og_url":"https:\/\/www.peetri.edu.ee\/pohikool\/huvitegevus\/20122013-oppeaasta-uritused\/","og_site_name":"Peetri P\u00f5hikool","twitter_card":"summary_large_image","twitter_misc":{"Est. reading time":"2 minutit"},"schema":{"@context":"https:\/\/schema.org","@graph":[{"@type":"WebPage","@id":"https:\/\/www.peetri.edu.ee\/pohikool\/huvitegevus\/20122013-oppeaasta-uritused\/","url":"https:\/\/www.peetri.edu.ee\/pohikool\/huvitegevus\/20122013-oppeaasta-uritused\/","name":"2012\/2013 \u00f5ppeaasta \u00fcritused - Peetri P\u00f5hikool","isPartOf":{"@id":"https:\/\/www.peetri.edu.ee\/pohikool\/#website"},"datePublished":"2017-08-11T11:45:24+00:00","breadcrumb":{"@id":"https:\/\/www.peetri.edu.ee\/pohikool\/huvitegevus\/20122013-oppeaasta-uritused\/#breadcrumb"},"inLanguage":"et","potentialAction":[{"@type":"ReadAction","target":["https:\/\/www.peetri.edu.ee\/pohikool\/huvitegevus\/20122013-oppeaasta-uritused\/"]}]},{"@type":"BreadcrumbList","@id":"https:\/\/www.peetri.edu.ee\/pohikool\/huvitegevus\/20122013-oppeaasta-uritused\/#breadcrumb","itemListElement":[{"@type":"ListItem","position":1,"name":"Home","item":"https:\/\/www.peetri.edu.ee\/pohikool\/"},{"@type":"ListItem","position":2,"name":"Huvitegevus","item":"https:\/\/www.peetri.edu.ee\/pohikool\/huvitegevus\/"},{"@type":"ListItem","position":3,"name":"2012\/2013 \u00f5ppeaasta \u00fcritused"}]},{"@type":"WebSite","@id":"https:\/\/www.peetri.edu.ee\/pohikool\/#website","url":"https:\/\/www.peetri.edu.ee\/pohikool\/","name":"Peetri P\u00f5hikool","description":"Igas inimeses on p\u00e4ike, laskem tal s\u00e4rada","potentialAction":[{"@type":"SearchAction","target":{"@type":"EntryPoint","urlTemplate":"https:\/\/www.peetri.edu.ee\/pohikool\/?s={search_term_string}"},"query-input":{"@type":"PropertyValueSpecification","valueRequired":true,"valueName":"search_term_string"}}],"inLanguage":"et"}]}},"acf":[],"_links":{"self":[{"href":"https:\/\/www.peetri.edu.ee\/pohikool\/wp-json\/wp\/v2\/pages\/177","targetHints":{"allow":["GET"]}}],"collection":[{"href":"https:\/\/www.peetri.edu.ee\/pohikool\/wp-json\/wp\/v2\/pages"}],"about":[{"href":"https:\/\/www.peetri.edu.ee\/pohikool\/wp-json\/wp\/v2\/types\/page"}],"author":[{"embeddable":true,"href":"https:\/\/www.peetri.edu.ee\/pohikool\/wp-json\/wp\/v2\/users\/1"}],"replies":[{"embeddable":true,"href":"https:\/\/www.peetri.edu.ee\/pohikool\/wp-json\/wp\/v2\/comments?post=177"}],"version-history":[{"count":1,"href":"https:\/\/www.peetri.edu.ee\/pohikool\/wp-json\/wp\/v2\/pages\/177\/revisions"}],"predecessor-version":[{"id":178,"href":"https:\/\/www.peetri.edu.ee\/pohikool\/wp-json\/wp\/v2\/pages\/177\/revisions\/178"}],"up":[{"embeddable":true,"href":"https:\/\/www.peetri.edu.ee\/pohikool\/wp-json\/wp\/v2\/pages\/56"}],"wp:attachment":[{"href":"https:\/\/www.peetri.edu.ee\/pohikool\/wp-json\/wp\/v2\/media?parent=177"}],"curies":[{"name":"wp","href":"https:\/\/api.w.org\/{rel}","templated":true}]}}