{"id":1765,"date":"2018-05-03T19:41:17","date_gmt":"2018-05-03T16:41:17","guid":{"rendered":"https:\/\/www.peetri.edu.ee\/pohikool\/?page_id=1765"},"modified":"2022-02-02T09:33:08","modified_gmt":"2022-02-02T07:33:08","slug":"jarelvalve","status":"publish","type":"page","link":"https:\/\/www.peetri.edu.ee\/pohikool\/meie-kool\/dokumentatsioon\/jarelvalve\/","title":{"rendered":"J\u00e4relevalve"},"content":{"rendered":"<h3>Haldusj\u00e4relevalvet \u00f5ppeasutuse \u00f5ppe- ja kasvatustegevuse \u00f5igusp\u00e4rasuse \u00fcle teostab Haridus- ja Teadusministeerium<\/h3>\n<p class=\"x_MsoNormal\"><b><u><a href=\"https:\/\/www.hm.ee\/et\" target=\"_blank\" rel=\"noopener noreferrer\">Haridus- ja Teadusministeerium<\/a><\/u><\/b><\/p>\n<p class=\"x_MsoNormal\">Munga 18, 50088 Tartu<\/p>\n<p class=\"x_MsoNormal\">Telefon 7350222<\/p>\n<p class=\"x_MsoNormal\">Meiliaadress\u00a0<a href=\"mailto:hm@hm.ee\" target=\"_blank\" rel=\"noopener noreferrer\">hm@hm.ee<\/a><\/p>\n<p>&nbsp;<\/p>\n<p class=\"x_MsoNormal\"><b><u><a href=\"http:\/\/www.rae.ee\/\" target=\"_blank\" rel=\"noopener noreferrer\">Rae Vallavalitsus<\/a><\/u><\/b><\/p>\n<p class=\"x_MsoNormal\">Aruk\u00fcla tee 9, 75301 J\u00fcri, Harjumaa<\/p>\n<p class=\"x_MsoNormal\">Telefon 605 6750<\/p>\n<p class=\"x_MsoNormal\">Meiliaadress\u00a0<a href=\"mailto:info@rae.ee\" target=\"_blank\" rel=\"noopener noreferrer\">info@rae.ee<\/a><\/p>\n","protected":false},"excerpt":{"rendered":"<p>Haldusj\u00e4relevalvet \u00f5ppeasutuse \u00f5ppe- ja kasvatustegevuse \u00f5igusp\u00e4rasuse \u00fcle teostab Haridus- ja Teadusministeerium Haridus- ja Teadusministeerium Munga 18, 50088 Tartu Telefon 7350222&#8230;<\/p>\n","protected":false},"author":1,"featured_media":0,"parent":225,"menu_order":0,"comment_status":"closed","ping_status":"closed","template":"","meta":{"_acf_changed":false,"footnotes":""},"class_list":["post-1765","page","type-page","status-publish","hentry"],"yoast_head":"<!-- This site is optimized with the Yoast SEO plugin v27.2 - https:\/\/yoast.com\/product\/yoast-seo-wordpress\/ -->\n<title>J\u00e4relevalve - Peetri P\u00f5hikool<\/title>\n<meta name=\"robots\" content=\"index, follow, max-snippet:-1, max-image-preview:large, max-video-preview:-1\" \/>\n<link rel=\"canonical\" href=\"https:\/\/www.peetri.edu.ee\/pohikool\/meie-kool\/dokumentatsioon\/jarelvalve\/\" \/>\n<meta property=\"og:locale\" content=\"et_EE\" \/>\n<meta property=\"og:type\" content=\"article\" \/>\n<meta property=\"og:title\" content=\"J\u00e4relevalve - Peetri P\u00f5hikool\" \/>\n<meta property=\"og:description\" content=\"Haldusj\u00e4relevalvet \u00f5ppeasutuse \u00f5ppe- ja kasvatustegevuse \u00f5igusp\u00e4rasuse \u00fcle teostab Haridus- ja Teadusministeerium Haridus- ja Teadusministeerium Munga 18, 50088 Tartu Telefon 7350222...\" \/>\n<meta property=\"og:url\" content=\"https:\/\/www.peetri.edu.ee\/pohikool\/meie-kool\/dokumentatsioon\/jarelvalve\/\" \/>\n<meta property=\"og:site_name\" content=\"Peetri P\u00f5hikool\" \/>\n<meta property=\"article:modified_time\" content=\"2022-02-02T07:33:08+00:00\" \/>\n<meta name=\"twitter:card\" content=\"summary_large_image\" \/>\n<script type=\"application\/ld+json\" class=\"yoast-schema-graph\">{\"@context\":\"https:\/\/schema.org\",\"@graph\":[{\"@type\":\"WebPage\",\"@id\":\"https:\/\/www.peetri.edu.ee\/pohikool\/meie-kool\/dokumentatsioon\/jarelvalve\/\",\"url\":\"https:\/\/www.peetri.edu.ee\/pohikool\/meie-kool\/dokumentatsioon\/jarelvalve\/\",\"name\":\"J\u00e4relevalve - Peetri P\u00f5hikool\",\"isPartOf\":{\"@id\":\"https:\/\/www.peetri.edu.ee\/pohikool\/#website\"},\"datePublished\":\"2018-05-03T16:41:17+00:00\",\"dateModified\":\"2022-02-02T07:33:08+00:00\",\"breadcrumb\":{\"@id\":\"https:\/\/www.peetri.edu.ee\/pohikool\/meie-kool\/dokumentatsioon\/jarelvalve\/#breadcrumb\"},\"inLanguage\":\"et\",\"potentialAction\":[{\"@type\":\"ReadAction\",\"target\":[\"https:\/\/www.peetri.edu.ee\/pohikool\/meie-kool\/dokumentatsioon\/jarelvalve\/\"]}]},{\"@type\":\"BreadcrumbList\",\"@id\":\"https:\/\/www.peetri.edu.ee\/pohikool\/meie-kool\/dokumentatsioon\/jarelvalve\/#breadcrumb\",\"itemListElement\":[{\"@type\":\"ListItem\",\"position\":1,\"name\":\"Home\",\"item\":\"https:\/\/www.peetri.edu.ee\/pohikool\/\"},{\"@type\":\"ListItem\",\"position\":2,\"name\":\"Meie kool\",\"item\":\"https:\/\/www.peetri.edu.ee\/pohikool\/\"},{\"@type\":\"ListItem\",\"position\":3,\"name\":\"Dokumentatsioon\",\"item\":\"https:\/\/www.peetri.edu.ee\/pohikool\/meie-kool\/dokumentatsioon\/\"},{\"@type\":\"ListItem\",\"position\":4,\"name\":\"J\u00e4relevalve\"}]},{\"@type\":\"WebSite\",\"@id\":\"https:\/\/www.peetri.edu.ee\/pohikool\/#website\",\"url\":\"https:\/\/www.peetri.edu.ee\/pohikool\/\",\"name\":\"Peetri P\u00f5hikool\",\"description\":\"Igas inimeses on p\u00e4ike, laskem tal s\u00e4rada\",\"potentialAction\":[{\"@type\":\"SearchAction\",\"target\":{\"@type\":\"EntryPoint\",\"urlTemplate\":\"https:\/\/www.peetri.edu.ee\/pohikool\/?s={search_term_string}\"},\"query-input\":{\"@type\":\"PropertyValueSpecification\",\"valueRequired\":true,\"valueName\":\"search_term_string\"}}],\"inLanguage\":\"et\"}]}<\/script>\n<!-- \/ Yoast SEO plugin. -->","yoast_head_json":{"title":"J\u00e4relevalve - Peetri P\u00f5hikool","robots":{"index":"index","follow":"follow","max-snippet":"max-snippet:-1","max-image-preview":"max-image-preview:large","max-video-preview":"max-video-preview:-1"},"canonical":"https:\/\/www.peetri.edu.ee\/pohikool\/meie-kool\/dokumentatsioon\/jarelvalve\/","og_locale":"et_EE","og_type":"article","og_title":"J\u00e4relevalve - Peetri P\u00f5hikool","og_description":"Haldusj\u00e4relevalvet \u00f5ppeasutuse \u00f5ppe- ja kasvatustegevuse \u00f5igusp\u00e4rasuse \u00fcle teostab Haridus- ja Teadusministeerium Haridus- ja Teadusministeerium Munga 18, 50088 Tartu Telefon 7350222...","og_url":"https:\/\/www.peetri.edu.ee\/pohikool\/meie-kool\/dokumentatsioon\/jarelvalve\/","og_site_name":"Peetri P\u00f5hikool","article_modified_time":"2022-02-02T07:33:08+00:00","twitter_card":"summary_large_image","schema":{"@context":"https:\/\/schema.org","@graph":[{"@type":"WebPage","@id":"https:\/\/www.peetri.edu.ee\/pohikool\/meie-kool\/dokumentatsioon\/jarelvalve\/","url":"https:\/\/www.peetri.edu.ee\/pohikool\/meie-kool\/dokumentatsioon\/jarelvalve\/","name":"J\u00e4relevalve - Peetri P\u00f5hikool","isPartOf":{"@id":"https:\/\/www.peetri.edu.ee\/pohikool\/#website"},"datePublished":"2018-05-03T16:41:17+00:00","dateModified":"2022-02-02T07:33:08+00:00","breadcrumb":{"@id":"https:\/\/www.peetri.edu.ee\/pohikool\/meie-kool\/dokumentatsioon\/jarelvalve\/#breadcrumb"},"inLanguage":"et","potentialAction":[{"@type":"ReadAction","target":["https:\/\/www.peetri.edu.ee\/pohikool\/meie-kool\/dokumentatsioon\/jarelvalve\/"]}]},{"@type":"BreadcrumbList","@id":"https:\/\/www.peetri.edu.ee\/pohikool\/meie-kool\/dokumentatsioon\/jarelvalve\/#breadcrumb","itemListElement":[{"@type":"ListItem","position":1,"name":"Home","item":"https:\/\/www.peetri.edu.ee\/pohikool\/"},{"@type":"ListItem","position":2,"name":"Meie kool","item":"https:\/\/www.peetri.edu.ee\/pohikool\/"},{"@type":"ListItem","position":3,"name":"Dokumentatsioon","item":"https:\/\/www.peetri.edu.ee\/pohikool\/meie-kool\/dokumentatsioon\/"},{"@type":"ListItem","position":4,"name":"J\u00e4relevalve"}]},{"@type":"WebSite","@id":"https:\/\/www.peetri.edu.ee\/pohikool\/#website","url":"https:\/\/www.peetri.edu.ee\/pohikool\/","name":"Peetri P\u00f5hikool","description":"Igas inimeses on p\u00e4ike, laskem tal s\u00e4rada","potentialAction":[{"@type":"SearchAction","target":{"@type":"EntryPoint","urlTemplate":"https:\/\/www.peetri.edu.ee\/pohikool\/?s={search_term_string}"},"query-input":{"@type":"PropertyValueSpecification","valueRequired":true,"valueName":"search_term_string"}}],"inLanguage":"et"}]}},"acf":[],"_links":{"self":[{"href":"https:\/\/www.peetri.edu.ee\/pohikool\/wp-json\/wp\/v2\/pages\/1765","targetHints":{"allow":["GET"]}}],"collection":[{"href":"https:\/\/www.peetri.edu.ee\/pohikool\/wp-json\/wp\/v2\/pages"}],"about":[{"href":"https:\/\/www.peetri.edu.ee\/pohikool\/wp-json\/wp\/v2\/types\/page"}],"author":[{"embeddable":true,"href":"https:\/\/www.peetri.edu.ee\/pohikool\/wp-json\/wp\/v2\/users\/1"}],"replies":[{"embeddable":true,"href":"https:\/\/www.peetri.edu.ee\/pohikool\/wp-json\/wp\/v2\/comments?post=1765"}],"version-history":[{"count":5,"href":"https:\/\/www.peetri.edu.ee\/pohikool\/wp-json\/wp\/v2\/pages\/1765\/revisions"}],"predecessor-version":[{"id":6032,"href":"https:\/\/www.peetri.edu.ee\/pohikool\/wp-json\/wp\/v2\/pages\/1765\/revisions\/6032"}],"up":[{"embeddable":true,"href":"https:\/\/www.peetri.edu.ee\/pohikool\/wp-json\/wp\/v2\/pages\/225"}],"wp:attachment":[{"href":"https:\/\/www.peetri.edu.ee\/pohikool\/wp-json\/wp\/v2\/media?parent=1765"}],"curies":[{"name":"wp","href":"https:\/\/api.w.org\/{rel}","templated":true}]}}