{"id":165,"date":"2017-08-11T14:31:47","date_gmt":"2017-08-11T11:31:47","guid":{"rendered":"https:\/\/www.peetri.edu.ee\/pohikool\/?page_id=165"},"modified":"2017-08-14T09:24:15","modified_gmt":"2017-08-14T06:24:15","slug":"20162017-oppeaasta-uritused","status":"publish","type":"page","link":"https:\/\/www.peetri.edu.ee\/pohikool\/huvitegevus\/20162017-oppeaasta-uritused\/","title":{"rendered":"2016\/2017 \u00f5ppeaasta \u00fcritused"},"content":{"rendered":"<h3>Juuni<\/h3>\n<ul>\n<li>1.06 V\u00f5imlemispidu ja perepiknik<\/li>\n<li>6.06 L\u00f5puaktused 1.-8. klassid<\/li>\n<li>20.06 9. klassi L\u00f5puaktus<\/li>\n<\/ul>\n<h3>Mai<\/h3>\n<ul>\n<li>8.05-12.05 V\u00f5\u00f5rkeelte p\u00e4evad<\/li>\n<li>12.05 Stiilipidu 5.-9. klassid<\/li>\n<li>15.05 Kevadn\u00e4itus<\/li>\n<li>19.05 R\u00f5\u00f5mumeeter<\/li>\n<li>24.05 4. klasside L\u00f5puball<\/li>\n<li>26.05 9. klassi L\u00f5pukell<\/li>\n<li>31.05 M\u00e4ngude vahetunnid \u00f5ues<\/li>\n<\/ul>\n<h3>Aprill<\/h3>\n<ul>\n<li>6.04 Lugemis\u00f6\u00f6 2.-4. klassid<\/li>\n<li>21.04 Laulupidu 1.-2. klassid<\/li>\n<li>25.04 J\u00fcri-Mari jooks<\/li>\n<li>28.04 Karneval 3.-4. klassid<\/li>\n<\/ul>\n<h3>M\u00e4rts<\/h3>\n<ul>\n<li>9.03 Filmi\u00f6\u00f6 5.-9. klassid<\/li>\n<li>13-16.03 Emakeelep\u00e4evad<\/li>\n<li>17.03 Infotehnooloogia p\u00e4ev<\/li>\n<li>31.03 Koolivormivaba p\u00e4ev<\/li>\n<\/ul>\n<h3>Veebruar<\/h3>\n<ul>\n<li>M\u00e4ngude vahetunnid<\/li>\n<li>6-10.02 Teadusp\u00e4evad<\/li>\n<li>14.02 S\u00f5brap\u00e4ev<\/li>\n<li>17.02 Eesti Vabariigi aastap\u00e4ev<\/li>\n<\/ul>\n<h3>Detsember<\/h3>\n<ul>\n<li>5., 12., 19.12 \u2013 II\u2013IV advendi t\u00e4histamine<\/li>\n<li>21.12 &#8211; J\u00f5ulukontsert<\/li>\n<\/ul>\n<h3>November<\/h3>\n<ul>\n<li>16.11, kell 13.00 \u2013 2.-4.klassi Eurovisioon<\/li>\n<li>17.11, kell 17.00 \u2013 5.-9.klassi Eurovisioon<\/li>\n<li>28.11 \u2013 I advent<\/li>\n<\/ul>\n<h3>Oktoober<\/h3>\n<ul>\n<li>19.10, kell 19.00 \u2013 5.-9.klassi \u00f5pilastele &#8220;Kella 7 orienteerumine&#8221;<\/li>\n<li>17.-21.10 \u2013 CS Week<\/li>\n<li>M\u00e4nguvahetunnid<\/li>\n<\/ul>\n<h3>September<\/h3>\n<ul>\n<li>12.-16.09 \u2013 Spordin\u00e4dal<\/li>\n<li>26.09 \u2013 S\u00fcgislaat<\/li>\n<li>30.09 \u2013 Muusikap\u00e4ev<\/li>\n<\/ul>\n","protected":false},"excerpt":{"rendered":"<p>Juuni 1.06 V\u00f5imlemispidu ja perepiknik 6.06 L\u00f5puaktused 1.-8. klassid 20.06 9. klassi L\u00f5puaktus Mai 8.05-12.05 V\u00f5\u00f5rkeelte p\u00e4evad 12.05 Stiilipidu 5.-9&#8230;.<\/p>\n","protected":false},"author":1,"featured_media":0,"parent":56,"menu_order":30,"comment_status":"closed","ping_status":"closed","template":"","meta":{"_acf_changed":false,"footnotes":""},"class_list":["post-165","page","type-page","status-publish","hentry"],"yoast_head":"<!-- This site is optimized with the Yoast SEO plugin v27.5 - https:\/\/yoast.com\/product\/yoast-seo-wordpress\/ -->\n<title>2016\/2017 \u00f5ppeaasta \u00fcritused - Peetri P\u00f5hikool<\/title>\n<meta name=\"robots\" content=\"index, follow, max-snippet:-1, max-image-preview:large, max-video-preview:-1\" \/>\n<link rel=\"canonical\" href=\"https:\/\/www.peetri.edu.ee\/pohikool\/huvitegevus\/20162017-oppeaasta-uritused\/\" \/>\n<meta property=\"og:locale\" content=\"et_EE\" \/>\n<meta property=\"og:type\" content=\"article\" \/>\n<meta property=\"og:title\" content=\"2016\/2017 \u00f5ppeaasta \u00fcritused - Peetri P\u00f5hikool\" \/>\n<meta property=\"og:description\" content=\"Juuni 1.06 V\u00f5imlemispidu ja perepiknik 6.06 L\u00f5puaktused 1.-8. klassid 20.06 9. klassi L\u00f5puaktus Mai 8.05-12.05 V\u00f5\u00f5rkeelte p\u00e4evad 12.05 Stiilipidu 5.-9....\" \/>\n<meta property=\"og:url\" content=\"https:\/\/www.peetri.edu.ee\/pohikool\/huvitegevus\/20162017-oppeaasta-uritused\/\" \/>\n<meta property=\"og:site_name\" content=\"Peetri P\u00f5hikool\" \/>\n<meta property=\"article:modified_time\" content=\"2017-08-14T06:24:15+00:00\" \/>\n<meta name=\"twitter:card\" content=\"summary_large_image\" \/>\n<meta name=\"twitter:label1\" content=\"Est. reading time\" \/>\n\t<meta name=\"twitter:data1\" content=\"1 minut\" \/>\n<script type=\"application\/ld+json\" class=\"yoast-schema-graph\">{\"@context\":\"https:\\\/\\\/schema.org\",\"@graph\":[{\"@type\":\"WebPage\",\"@id\":\"https:\\\/\\\/www.peetri.edu.ee\\\/pohikool\\\/huvitegevus\\\/20162017-oppeaasta-uritused\\\/\",\"url\":\"https:\\\/\\\/www.peetri.edu.ee\\\/pohikool\\\/huvitegevus\\\/20162017-oppeaasta-uritused\\\/\",\"name\":\"2016\\\/2017 \u00f5ppeaasta \u00fcritused - Peetri P\u00f5hikool\",\"isPartOf\":{\"@id\":\"https:\\\/\\\/www.peetri.edu.ee\\\/pohikool\\\/#website\"},\"datePublished\":\"2017-08-11T11:31:47+00:00\",\"dateModified\":\"2017-08-14T06:24:15+00:00\",\"breadcrumb\":{\"@id\":\"https:\\\/\\\/www.peetri.edu.ee\\\/pohikool\\\/huvitegevus\\\/20162017-oppeaasta-uritused\\\/#breadcrumb\"},\"inLanguage\":\"et\",\"potentialAction\":[{\"@type\":\"ReadAction\",\"target\":[\"https:\\\/\\\/www.peetri.edu.ee\\\/pohikool\\\/huvitegevus\\\/20162017-oppeaasta-uritused\\\/\"]}]},{\"@type\":\"BreadcrumbList\",\"@id\":\"https:\\\/\\\/www.peetri.edu.ee\\\/pohikool\\\/huvitegevus\\\/20162017-oppeaasta-uritused\\\/#breadcrumb\",\"itemListElement\":[{\"@type\":\"ListItem\",\"position\":1,\"name\":\"Home\",\"item\":\"https:\\\/\\\/www.peetri.edu.ee\\\/pohikool\\\/\"},{\"@type\":\"ListItem\",\"position\":2,\"name\":\"Huvitegevus\",\"item\":\"https:\\\/\\\/www.peetri.edu.ee\\\/pohikool\\\/huvitegevus\\\/\"},{\"@type\":\"ListItem\",\"position\":3,\"name\":\"2016\\\/2017 \u00f5ppeaasta \u00fcritused\"}]},{\"@type\":\"WebSite\",\"@id\":\"https:\\\/\\\/www.peetri.edu.ee\\\/pohikool\\\/#website\",\"url\":\"https:\\\/\\\/www.peetri.edu.ee\\\/pohikool\\\/\",\"name\":\"Peetri P\u00f5hikool\",\"description\":\"Igas inimeses on p\u00e4ike, laskem tal s\u00e4rada\",\"potentialAction\":[{\"@type\":\"SearchAction\",\"target\":{\"@type\":\"EntryPoint\",\"urlTemplate\":\"https:\\\/\\\/www.peetri.edu.ee\\\/pohikool\\\/?s={search_term_string}\"},\"query-input\":{\"@type\":\"PropertyValueSpecification\",\"valueRequired\":true,\"valueName\":\"search_term_string\"}}],\"inLanguage\":\"et\"}]}<\/script>\n<!-- \/ Yoast SEO plugin. -->","yoast_head_json":{"title":"2016\/2017 \u00f5ppeaasta \u00fcritused - Peetri P\u00f5hikool","robots":{"index":"index","follow":"follow","max-snippet":"max-snippet:-1","max-image-preview":"max-image-preview:large","max-video-preview":"max-video-preview:-1"},"canonical":"https:\/\/www.peetri.edu.ee\/pohikool\/huvitegevus\/20162017-oppeaasta-uritused\/","og_locale":"et_EE","og_type":"article","og_title":"2016\/2017 \u00f5ppeaasta \u00fcritused - Peetri P\u00f5hikool","og_description":"Juuni 1.06 V\u00f5imlemispidu ja perepiknik 6.06 L\u00f5puaktused 1.-8. klassid 20.06 9. klassi L\u00f5puaktus Mai 8.05-12.05 V\u00f5\u00f5rkeelte p\u00e4evad 12.05 Stiilipidu 5.-9....","og_url":"https:\/\/www.peetri.edu.ee\/pohikool\/huvitegevus\/20162017-oppeaasta-uritused\/","og_site_name":"Peetri P\u00f5hikool","article_modified_time":"2017-08-14T06:24:15+00:00","twitter_card":"summary_large_image","twitter_misc":{"Est. reading time":"1 minut"},"schema":{"@context":"https:\/\/schema.org","@graph":[{"@type":"WebPage","@id":"https:\/\/www.peetri.edu.ee\/pohikool\/huvitegevus\/20162017-oppeaasta-uritused\/","url":"https:\/\/www.peetri.edu.ee\/pohikool\/huvitegevus\/20162017-oppeaasta-uritused\/","name":"2016\/2017 \u00f5ppeaasta \u00fcritused - Peetri P\u00f5hikool","isPartOf":{"@id":"https:\/\/www.peetri.edu.ee\/pohikool\/#website"},"datePublished":"2017-08-11T11:31:47+00:00","dateModified":"2017-08-14T06:24:15+00:00","breadcrumb":{"@id":"https:\/\/www.peetri.edu.ee\/pohikool\/huvitegevus\/20162017-oppeaasta-uritused\/#breadcrumb"},"inLanguage":"et","potentialAction":[{"@type":"ReadAction","target":["https:\/\/www.peetri.edu.ee\/pohikool\/huvitegevus\/20162017-oppeaasta-uritused\/"]}]},{"@type":"BreadcrumbList","@id":"https:\/\/www.peetri.edu.ee\/pohikool\/huvitegevus\/20162017-oppeaasta-uritused\/#breadcrumb","itemListElement":[{"@type":"ListItem","position":1,"name":"Home","item":"https:\/\/www.peetri.edu.ee\/pohikool\/"},{"@type":"ListItem","position":2,"name":"Huvitegevus","item":"https:\/\/www.peetri.edu.ee\/pohikool\/huvitegevus\/"},{"@type":"ListItem","position":3,"name":"2016\/2017 \u00f5ppeaasta \u00fcritused"}]},{"@type":"WebSite","@id":"https:\/\/www.peetri.edu.ee\/pohikool\/#website","url":"https:\/\/www.peetri.edu.ee\/pohikool\/","name":"Peetri P\u00f5hikool","description":"Igas inimeses on p\u00e4ike, laskem tal s\u00e4rada","potentialAction":[{"@type":"SearchAction","target":{"@type":"EntryPoint","urlTemplate":"https:\/\/www.peetri.edu.ee\/pohikool\/?s={search_term_string}"},"query-input":{"@type":"PropertyValueSpecification","valueRequired":true,"valueName":"search_term_string"}}],"inLanguage":"et"}]}},"acf":[],"_links":{"self":[{"href":"https:\/\/www.peetri.edu.ee\/pohikool\/wp-json\/wp\/v2\/pages\/165","targetHints":{"allow":["GET"]}}],"collection":[{"href":"https:\/\/www.peetri.edu.ee\/pohikool\/wp-json\/wp\/v2\/pages"}],"about":[{"href":"https:\/\/www.peetri.edu.ee\/pohikool\/wp-json\/wp\/v2\/types\/page"}],"author":[{"embeddable":true,"href":"https:\/\/www.peetri.edu.ee\/pohikool\/wp-json\/wp\/v2\/users\/1"}],"replies":[{"embeddable":true,"href":"https:\/\/www.peetri.edu.ee\/pohikool\/wp-json\/wp\/v2\/comments?post=165"}],"version-history":[{"count":5,"href":"https:\/\/www.peetri.edu.ee\/pohikool\/wp-json\/wp\/v2\/pages\/165\/revisions"}],"predecessor-version":[{"id":322,"href":"https:\/\/www.peetri.edu.ee\/pohikool\/wp-json\/wp\/v2\/pages\/165\/revisions\/322"}],"up":[{"embeddable":true,"href":"https:\/\/www.peetri.edu.ee\/pohikool\/wp-json\/wp\/v2\/pages\/56"}],"wp:attachment":[{"href":"https:\/\/www.peetri.edu.ee\/pohikool\/wp-json\/wp\/v2\/media?parent=165"}],"curies":[{"name":"wp","href":"https:\/\/api.w.org\/{rel}","templated":true}]}}