{"id":1640,"date":"2018-03-08T08:32:13","date_gmt":"2018-03-08T06:32:13","guid":{"rendered":"https:\/\/www.peetri.edu.ee\/pohikool\/?page_id=1640"},"modified":"2021-08-04T12:27:55","modified_gmt":"2021-08-04T09:27:55","slug":"opilastele","status":"publish","type":"page","link":"https:\/\/www.peetri.edu.ee\/pohikool\/opilastele\/","title":{"rendered":"\u00d5pilastele"},"content":{"rendered":"<h3>Turvaliselt internetis<\/h3>\n<p>Targalt internetis lastele &#8211; Laps internetis &#8211; <a href=\"http:\/\/laps.targaltinternetis.ee\/\">http:\/\/laps.targaltinternetis.ee\/<\/a><br \/>\nTargalt internetis noortele -Noor internetis &#8211; <a href=\"http:\/\/noor.targaltinternetis.ee\/\">http:\/\/noor.targaltinternetis.ee\/<\/a><br \/>\nTargalt internetis &#8211; <a href=\"http:\/\/www.targaltinternetis.ee\/\">http:\/\/www.targaltinternetis.ee\/<\/a><br \/>\nP\u00e4riselt ka v\u00f5i &#8211; <a href=\"http:\/\/www.pariseltkavoi.ee\/\">http:\/\/www.pariseltkavoi.ee\/<\/a><br \/>\neSafety Label portal &#8211; e-turvalisuse portaal &#8211; <a href=\"http:\/\/www.esafetylabel.eu\/web\/guest\/etwinningschools\">http:\/\/www.esafetylabel.eu\/web\/guest\/etwinningschools<\/a><\/p>\n","protected":false},"excerpt":{"rendered":"<p>Turvaliselt internetis Targalt internetis lastele &#8211; Laps internetis &#8211; http:\/\/laps.targaltinternetis.ee\/ Targalt internetis noortele -Noor internetis &#8211; http:\/\/noor.targaltinternetis.ee\/ Targalt internetis &#8211;&#8230;<\/p>\n","protected":false},"author":1,"featured_media":0,"parent":0,"menu_order":0,"comment_status":"closed","ping_status":"closed","template":"","meta":{"_acf_changed":false,"footnotes":""},"class_list":["post-1640","page","type-page","status-publish","hentry"],"yoast_head":"<!-- This site is optimized with the Yoast SEO plugin v27.2 - https:\/\/yoast.com\/product\/yoast-seo-wordpress\/ -->\n<title>\u00d5pilastele - Peetri P\u00f5hikool<\/title>\n<meta name=\"robots\" content=\"index, follow, max-snippet:-1, max-image-preview:large, max-video-preview:-1\" \/>\n<link rel=\"canonical\" href=\"https:\/\/www.peetri.edu.ee\/pohikool\/opilastele\/\" \/>\n<meta property=\"og:locale\" content=\"et_EE\" \/>\n<meta property=\"og:type\" content=\"article\" \/>\n<meta property=\"og:title\" content=\"\u00d5pilastele - Peetri P\u00f5hikool\" \/>\n<meta property=\"og:description\" content=\"Turvaliselt internetis Targalt internetis lastele &#8211; Laps internetis &#8211; http:\/\/laps.targaltinternetis.ee\/ Targalt internetis noortele -Noor internetis &#8211; http:\/\/noor.targaltinternetis.ee\/ Targalt internetis &#8211;...\" \/>\n<meta property=\"og:url\" content=\"https:\/\/www.peetri.edu.ee\/pohikool\/opilastele\/\" \/>\n<meta property=\"og:site_name\" content=\"Peetri P\u00f5hikool\" \/>\n<meta property=\"article:modified_time\" content=\"2021-08-04T09:27:55+00:00\" \/>\n<meta name=\"twitter:card\" content=\"summary_large_image\" \/>\n<script type=\"application\/ld+json\" class=\"yoast-schema-graph\">{\"@context\":\"https:\/\/schema.org\",\"@graph\":[{\"@type\":\"WebPage\",\"@id\":\"https:\/\/www.peetri.edu.ee\/pohikool\/opilastele\/\",\"url\":\"https:\/\/www.peetri.edu.ee\/pohikool\/opilastele\/\",\"name\":\"\u00d5pilastele - Peetri P\u00f5hikool\",\"isPartOf\":{\"@id\":\"https:\/\/www.peetri.edu.ee\/pohikool\/#website\"},\"datePublished\":\"2018-03-08T06:32:13+00:00\",\"dateModified\":\"2021-08-04T09:27:55+00:00\",\"breadcrumb\":{\"@id\":\"https:\/\/www.peetri.edu.ee\/pohikool\/opilastele\/#breadcrumb\"},\"inLanguage\":\"et\",\"potentialAction\":[{\"@type\":\"ReadAction\",\"target\":[\"https:\/\/www.peetri.edu.ee\/pohikool\/opilastele\/\"]}]},{\"@type\":\"BreadcrumbList\",\"@id\":\"https:\/\/www.peetri.edu.ee\/pohikool\/opilastele\/#breadcrumb\",\"itemListElement\":[{\"@type\":\"ListItem\",\"position\":1,\"name\":\"Home\",\"item\":\"https:\/\/www.peetri.edu.ee\/pohikool\/\"},{\"@type\":\"ListItem\",\"position\":2,\"name\":\"\u00d5pilastele\"}]},{\"@type\":\"WebSite\",\"@id\":\"https:\/\/www.peetri.edu.ee\/pohikool\/#website\",\"url\":\"https:\/\/www.peetri.edu.ee\/pohikool\/\",\"name\":\"Peetri P\u00f5hikool\",\"description\":\"Igas inimeses on p\u00e4ike, laskem tal s\u00e4rada\",\"potentialAction\":[{\"@type\":\"SearchAction\",\"target\":{\"@type\":\"EntryPoint\",\"urlTemplate\":\"https:\/\/www.peetri.edu.ee\/pohikool\/?s={search_term_string}\"},\"query-input\":{\"@type\":\"PropertyValueSpecification\",\"valueRequired\":true,\"valueName\":\"search_term_string\"}}],\"inLanguage\":\"et\"}]}<\/script>\n<!-- \/ Yoast SEO plugin. -->","yoast_head_json":{"title":"\u00d5pilastele - Peetri P\u00f5hikool","robots":{"index":"index","follow":"follow","max-snippet":"max-snippet:-1","max-image-preview":"max-image-preview:large","max-video-preview":"max-video-preview:-1"},"canonical":"https:\/\/www.peetri.edu.ee\/pohikool\/opilastele\/","og_locale":"et_EE","og_type":"article","og_title":"\u00d5pilastele - Peetri P\u00f5hikool","og_description":"Turvaliselt internetis Targalt internetis lastele &#8211; Laps internetis &#8211; http:\/\/laps.targaltinternetis.ee\/ Targalt internetis noortele -Noor internetis &#8211; http:\/\/noor.targaltinternetis.ee\/ Targalt internetis &#8211;...","og_url":"https:\/\/www.peetri.edu.ee\/pohikool\/opilastele\/","og_site_name":"Peetri P\u00f5hikool","article_modified_time":"2021-08-04T09:27:55+00:00","twitter_card":"summary_large_image","schema":{"@context":"https:\/\/schema.org","@graph":[{"@type":"WebPage","@id":"https:\/\/www.peetri.edu.ee\/pohikool\/opilastele\/","url":"https:\/\/www.peetri.edu.ee\/pohikool\/opilastele\/","name":"\u00d5pilastele - Peetri P\u00f5hikool","isPartOf":{"@id":"https:\/\/www.peetri.edu.ee\/pohikool\/#website"},"datePublished":"2018-03-08T06:32:13+00:00","dateModified":"2021-08-04T09:27:55+00:00","breadcrumb":{"@id":"https:\/\/www.peetri.edu.ee\/pohikool\/opilastele\/#breadcrumb"},"inLanguage":"et","potentialAction":[{"@type":"ReadAction","target":["https:\/\/www.peetri.edu.ee\/pohikool\/opilastele\/"]}]},{"@type":"BreadcrumbList","@id":"https:\/\/www.peetri.edu.ee\/pohikool\/opilastele\/#breadcrumb","itemListElement":[{"@type":"ListItem","position":1,"name":"Home","item":"https:\/\/www.peetri.edu.ee\/pohikool\/"},{"@type":"ListItem","position":2,"name":"\u00d5pilastele"}]},{"@type":"WebSite","@id":"https:\/\/www.peetri.edu.ee\/pohikool\/#website","url":"https:\/\/www.peetri.edu.ee\/pohikool\/","name":"Peetri P\u00f5hikool","description":"Igas inimeses on p\u00e4ike, laskem tal s\u00e4rada","potentialAction":[{"@type":"SearchAction","target":{"@type":"EntryPoint","urlTemplate":"https:\/\/www.peetri.edu.ee\/pohikool\/?s={search_term_string}"},"query-input":{"@type":"PropertyValueSpecification","valueRequired":true,"valueName":"search_term_string"}}],"inLanguage":"et"}]}},"acf":[],"_links":{"self":[{"href":"https:\/\/www.peetri.edu.ee\/pohikool\/wp-json\/wp\/v2\/pages\/1640","targetHints":{"allow":["GET"]}}],"collection":[{"href":"https:\/\/www.peetri.edu.ee\/pohikool\/wp-json\/wp\/v2\/pages"}],"about":[{"href":"https:\/\/www.peetri.edu.ee\/pohikool\/wp-json\/wp\/v2\/types\/page"}],"author":[{"embeddable":true,"href":"https:\/\/www.peetri.edu.ee\/pohikool\/wp-json\/wp\/v2\/users\/1"}],"replies":[{"embeddable":true,"href":"https:\/\/www.peetri.edu.ee\/pohikool\/wp-json\/wp\/v2\/comments?post=1640"}],"version-history":[{"count":2,"href":"https:\/\/www.peetri.edu.ee\/pohikool\/wp-json\/wp\/v2\/pages\/1640\/revisions"}],"predecessor-version":[{"id":5507,"href":"https:\/\/www.peetri.edu.ee\/pohikool\/wp-json\/wp\/v2\/pages\/1640\/revisions\/5507"}],"wp:attachment":[{"href":"https:\/\/www.peetri.edu.ee\/pohikool\/wp-json\/wp\/v2\/media?parent=1640"}],"curies":[{"name":"wp","href":"https:\/\/api.w.org\/{rel}","templated":true}]}}