{"id":158,"date":"2017-08-11T14:28:36","date_gmt":"2017-08-11T11:28:36","guid":{"rendered":"https:\/\/www.peetri.edu.ee\/pohikool\/?page_id=158"},"modified":"2018-09-14T10:46:55","modified_gmt":"2018-09-14T07:46:55","slug":"viited-kirjandusele","status":"publish","type":"page","link":"https:\/\/www.peetri.edu.ee\/pohikool\/viited-kirjandusele\/","title":{"rendered":"Viited kirjandusele"},"content":{"rendered":"<ul>\n<li>Sean Covey \u201eV\u00e4ga efektiivse teismelise 7 harjumust\u201c<\/li>\n<li>Stephen R. Covey \u201eV\u00e4ga efektiivse inimese 7 harjumust\u201c<\/li>\n<li>Stephen R. Covey \u201e8. harjumus. Efektiivsest suurep\u00e4raseks\u201c<\/li>\n<li><strong>Sean Covey \u201e\u00d5nnelike laste 7 harjumust\u201c<br \/>\n<\/strong>2016. aastal ilmus raamatust kordustr\u00fckk.<\/li>\n<\/ul>\n<p><img loading=\"lazy\" decoding=\"async\" class=\"alignnone size-full wp-image-159\" src=\"https:\/\/www.peetri.edu.ee\/pohikool\/wp-content\/uploads\/sites\/3\/2017\/08\/jarjehoidja1.jpg\" alt=\"\" width=\"1417\" height=\"3130\" \/><\/p>\n","protected":false},"excerpt":{"rendered":"<p>Sean Covey \u201eV\u00e4ga efektiivse teismelise 7 harjumust\u201c Stephen R. Covey \u201eV\u00e4ga efektiivse inimese 7 harjumust\u201c Stephen R. Covey \u201e8. harjumus&#8230;.<\/p>\n","protected":false},"author":1,"featured_media":0,"parent":0,"menu_order":90,"comment_status":"closed","ping_status":"closed","template":"","meta":{"_acf_changed":false,"footnotes":""},"class_list":["post-158","page","type-page","status-publish","hentry"],"yoast_head":"<!-- This site is optimized with the Yoast SEO plugin v27.2 - https:\/\/yoast.com\/product\/yoast-seo-wordpress\/ -->\n<title>Viited kirjandusele - Peetri P\u00f5hikool<\/title>\n<meta name=\"robots\" content=\"index, follow, max-snippet:-1, max-image-preview:large, max-video-preview:-1\" \/>\n<link rel=\"canonical\" href=\"https:\/\/www.peetri.edu.ee\/pohikool\/viited-kirjandusele\/\" \/>\n<meta property=\"og:locale\" content=\"et_EE\" \/>\n<meta property=\"og:type\" content=\"article\" \/>\n<meta property=\"og:title\" content=\"Viited kirjandusele - Peetri P\u00f5hikool\" \/>\n<meta property=\"og:description\" content=\"Sean Covey \u201eV\u00e4ga efektiivse teismelise 7 harjumust\u201c Stephen R. Covey \u201eV\u00e4ga efektiivse inimese 7 harjumust\u201c Stephen R. Covey \u201e8. harjumus....\" \/>\n<meta property=\"og:url\" content=\"https:\/\/www.peetri.edu.ee\/pohikool\/viited-kirjandusele\/\" \/>\n<meta property=\"og:site_name\" content=\"Peetri P\u00f5hikool\" \/>\n<meta property=\"article:modified_time\" content=\"2018-09-14T07:46:55+00:00\" \/>\n<meta property=\"og:image\" content=\"https:\/\/www.peetri.edu.ee\/pohikool\/wp-content\/uploads\/sites\/3\/2017\/08\/jarjehoidja1.jpg\" \/>\n<meta name=\"twitter:card\" content=\"summary_large_image\" \/>\n<script type=\"application\/ld+json\" class=\"yoast-schema-graph\">{\"@context\":\"https:\/\/schema.org\",\"@graph\":[{\"@type\":\"WebPage\",\"@id\":\"https:\/\/www.peetri.edu.ee\/pohikool\/viited-kirjandusele\/\",\"url\":\"https:\/\/www.peetri.edu.ee\/pohikool\/viited-kirjandusele\/\",\"name\":\"Viited kirjandusele - Peetri P\u00f5hikool\",\"isPartOf\":{\"@id\":\"https:\/\/www.peetri.edu.ee\/pohikool\/#website\"},\"primaryImageOfPage\":{\"@id\":\"https:\/\/www.peetri.edu.ee\/pohikool\/viited-kirjandusele\/#primaryimage\"},\"image\":{\"@id\":\"https:\/\/www.peetri.edu.ee\/pohikool\/viited-kirjandusele\/#primaryimage\"},\"thumbnailUrl\":\"https:\/\/www.peetri.edu.ee\/pohikool\/wp-content\/uploads\/sites\/3\/2017\/08\/jarjehoidja1.jpg\",\"datePublished\":\"2017-08-11T11:28:36+00:00\",\"dateModified\":\"2018-09-14T07:46:55+00:00\",\"breadcrumb\":{\"@id\":\"https:\/\/www.peetri.edu.ee\/pohikool\/viited-kirjandusele\/#breadcrumb\"},\"inLanguage\":\"et\",\"potentialAction\":[{\"@type\":\"ReadAction\",\"target\":[\"https:\/\/www.peetri.edu.ee\/pohikool\/viited-kirjandusele\/\"]}]},{\"@type\":\"ImageObject\",\"inLanguage\":\"et\",\"@id\":\"https:\/\/www.peetri.edu.ee\/pohikool\/viited-kirjandusele\/#primaryimage\",\"url\":\"https:\/\/www.peetri.edu.ee\/pohikool\/wp-content\/uploads\/sites\/3\/2017\/08\/jarjehoidja1.jpg\",\"contentUrl\":\"https:\/\/www.peetri.edu.ee\/pohikool\/wp-content\/uploads\/sites\/3\/2017\/08\/jarjehoidja1.jpg\",\"width\":1417,\"height\":3130},{\"@type\":\"BreadcrumbList\",\"@id\":\"https:\/\/www.peetri.edu.ee\/pohikool\/viited-kirjandusele\/#breadcrumb\",\"itemListElement\":[{\"@type\":\"ListItem\",\"position\":1,\"name\":\"Home\",\"item\":\"https:\/\/www.peetri.edu.ee\/pohikool\/\"},{\"@type\":\"ListItem\",\"position\":2,\"name\":\"Viited kirjandusele\"}]},{\"@type\":\"WebSite\",\"@id\":\"https:\/\/www.peetri.edu.ee\/pohikool\/#website\",\"url\":\"https:\/\/www.peetri.edu.ee\/pohikool\/\",\"name\":\"Peetri P\u00f5hikool\",\"description\":\"Igas inimeses on p\u00e4ike, laskem tal s\u00e4rada\",\"potentialAction\":[{\"@type\":\"SearchAction\",\"target\":{\"@type\":\"EntryPoint\",\"urlTemplate\":\"https:\/\/www.peetri.edu.ee\/pohikool\/?s={search_term_string}\"},\"query-input\":{\"@type\":\"PropertyValueSpecification\",\"valueRequired\":true,\"valueName\":\"search_term_string\"}}],\"inLanguage\":\"et\"}]}<\/script>\n<!-- \/ Yoast SEO plugin. -->","yoast_head_json":{"title":"Viited kirjandusele - Peetri P\u00f5hikool","robots":{"index":"index","follow":"follow","max-snippet":"max-snippet:-1","max-image-preview":"max-image-preview:large","max-video-preview":"max-video-preview:-1"},"canonical":"https:\/\/www.peetri.edu.ee\/pohikool\/viited-kirjandusele\/","og_locale":"et_EE","og_type":"article","og_title":"Viited kirjandusele - Peetri P\u00f5hikool","og_description":"Sean Covey \u201eV\u00e4ga efektiivse teismelise 7 harjumust\u201c Stephen R. Covey \u201eV\u00e4ga efektiivse inimese 7 harjumust\u201c Stephen R. Covey \u201e8. harjumus....","og_url":"https:\/\/www.peetri.edu.ee\/pohikool\/viited-kirjandusele\/","og_site_name":"Peetri P\u00f5hikool","article_modified_time":"2018-09-14T07:46:55+00:00","og_image":[{"url":"https:\/\/www.peetri.edu.ee\/pohikool\/wp-content\/uploads\/sites\/3\/2017\/08\/jarjehoidja1.jpg","type":"","width":"","height":""}],"twitter_card":"summary_large_image","schema":{"@context":"https:\/\/schema.org","@graph":[{"@type":"WebPage","@id":"https:\/\/www.peetri.edu.ee\/pohikool\/viited-kirjandusele\/","url":"https:\/\/www.peetri.edu.ee\/pohikool\/viited-kirjandusele\/","name":"Viited kirjandusele - Peetri P\u00f5hikool","isPartOf":{"@id":"https:\/\/www.peetri.edu.ee\/pohikool\/#website"},"primaryImageOfPage":{"@id":"https:\/\/www.peetri.edu.ee\/pohikool\/viited-kirjandusele\/#primaryimage"},"image":{"@id":"https:\/\/www.peetri.edu.ee\/pohikool\/viited-kirjandusele\/#primaryimage"},"thumbnailUrl":"https:\/\/www.peetri.edu.ee\/pohikool\/wp-content\/uploads\/sites\/3\/2017\/08\/jarjehoidja1.jpg","datePublished":"2017-08-11T11:28:36+00:00","dateModified":"2018-09-14T07:46:55+00:00","breadcrumb":{"@id":"https:\/\/www.peetri.edu.ee\/pohikool\/viited-kirjandusele\/#breadcrumb"},"inLanguage":"et","potentialAction":[{"@type":"ReadAction","target":["https:\/\/www.peetri.edu.ee\/pohikool\/viited-kirjandusele\/"]}]},{"@type":"ImageObject","inLanguage":"et","@id":"https:\/\/www.peetri.edu.ee\/pohikool\/viited-kirjandusele\/#primaryimage","url":"https:\/\/www.peetri.edu.ee\/pohikool\/wp-content\/uploads\/sites\/3\/2017\/08\/jarjehoidja1.jpg","contentUrl":"https:\/\/www.peetri.edu.ee\/pohikool\/wp-content\/uploads\/sites\/3\/2017\/08\/jarjehoidja1.jpg","width":1417,"height":3130},{"@type":"BreadcrumbList","@id":"https:\/\/www.peetri.edu.ee\/pohikool\/viited-kirjandusele\/#breadcrumb","itemListElement":[{"@type":"ListItem","position":1,"name":"Home","item":"https:\/\/www.peetri.edu.ee\/pohikool\/"},{"@type":"ListItem","position":2,"name":"Viited kirjandusele"}]},{"@type":"WebSite","@id":"https:\/\/www.peetri.edu.ee\/pohikool\/#website","url":"https:\/\/www.peetri.edu.ee\/pohikool\/","name":"Peetri P\u00f5hikool","description":"Igas inimeses on p\u00e4ike, laskem tal s\u00e4rada","potentialAction":[{"@type":"SearchAction","target":{"@type":"EntryPoint","urlTemplate":"https:\/\/www.peetri.edu.ee\/pohikool\/?s={search_term_string}"},"query-input":{"@type":"PropertyValueSpecification","valueRequired":true,"valueName":"search_term_string"}}],"inLanguage":"et"}]}},"acf":[],"_links":{"self":[{"href":"https:\/\/www.peetri.edu.ee\/pohikool\/wp-json\/wp\/v2\/pages\/158","targetHints":{"allow":["GET"]}}],"collection":[{"href":"https:\/\/www.peetri.edu.ee\/pohikool\/wp-json\/wp\/v2\/pages"}],"about":[{"href":"https:\/\/www.peetri.edu.ee\/pohikool\/wp-json\/wp\/v2\/types\/page"}],"author":[{"embeddable":true,"href":"https:\/\/www.peetri.edu.ee\/pohikool\/wp-json\/wp\/v2\/users\/1"}],"replies":[{"embeddable":true,"href":"https:\/\/www.peetri.edu.ee\/pohikool\/wp-json\/wp\/v2\/comments?post=158"}],"version-history":[{"count":1,"href":"https:\/\/www.peetri.edu.ee\/pohikool\/wp-json\/wp\/v2\/pages\/158\/revisions"}],"predecessor-version":[{"id":160,"href":"https:\/\/www.peetri.edu.ee\/pohikool\/wp-json\/wp\/v2\/pages\/158\/revisions\/160"}],"wp:attachment":[{"href":"https:\/\/www.peetri.edu.ee\/pohikool\/wp-json\/wp\/v2\/media?parent=158"}],"curies":[{"name":"wp","href":"https:\/\/api.w.org\/{rel}","templated":true}]}}