{"id":1541,"date":"2018-02-07T11:58:47","date_gmt":"2018-02-07T09:58:47","guid":{"rendered":"https:\/\/www.peetri.edu.ee\/pohikool\/?page_id=1541"},"modified":"2025-02-03T10:27:52","modified_gmt":"2025-02-03T08:27:52","slug":"kooli-esindamine","status":"publish","type":"page","link":"https:\/\/www.peetri.edu.ee\/pohikool\/kooli-esindamine\/","title":{"rendered":"Kooli esindamine"},"content":{"rendered":"\n<h1>2024\/2025<\/h1>\n\n\n\n\n\n\n\n<p><strong>Harjumaa koolidevaheline v\u00f5rkpall 4.-6. klassi t\u00fcdrukutele 29. jaanuar<\/strong><\/p>\n<p>4.-6. klassi t\u00fcdrukute v\u00f5istkond saavutas 6. koha v\u00f5istkonnas m\u00e4ngisid: Elise Loreen, Emma, Grete , Anni , Loreida ja Marta.<\/p>\n<figure id=\"attachment_12782\" aria-describedby=\"caption-attachment-12782\" style=\"width: 225px\" class=\"wp-caption alignnone\"><img loading=\"lazy\" decoding=\"async\" class=\"size-medium wp-image-12782\" src=\"https:\/\/www.peetri.edu.ee\/pohikool\/wp-content\/uploads\/sites\/3\/2025\/02\/IMG_0459-225x300.jpg\" alt=\"Harjumaa koolidevaheline v\u00f5rkpall 4.-6. klassi t\u00fcdrukutele 29. jaanuar\" width=\"225\" height=\"300\" \/><figcaption id=\"caption-attachment-12782\" class=\"wp-caption-text\">Harjumaa koolidevaheline v\u00f5rkpall 4.-6. klassi t\u00fcdrukutele 29. jaanuar<\/figcaption><\/figure>\n\n\n\n<p><strong>Harjumaa koolidevaheline v\u00f5rkpall 4.-6. klassi poistele 21. jaanuar<\/strong><\/p>\n\n\n\n<p>4.-6. klassi poiste v\u00f5istkond saavutas 6. koha v\u00f5istkonnas m\u00e4ngisid: Sten, Oliver, Sigmar, Edvin, Tobias , Ricco.<\/p>\n\n\n\n<figure class=\"wp-block-image size-large is-resized\"><img loading=\"lazy\" decoding=\"async\" width=\"1024\" height=\"768\" src=\"https:\/\/www.peetri.edu.ee\/pohikool\/wp-content\/uploads\/sites\/3\/2025\/01\/IMG_0199-1024x768.jpg\" alt=\"Harjumaa koolidevaheline v\u00f5rkpall 4.-6. klassi poistele 21. jaanuar\" class=\"wp-image-12764\" style=\"width:453px;height:auto\" \/><\/figure>\n\n\n","protected":false},"excerpt":{"rendered":"<p>2024\/2025 Harjumaa koolidevaheline v\u00f5rkpall 4.-6. klassi t\u00fcdrukutele 29. jaanuar 4.-6. klassi t\u00fcdrukute v\u00f5istkond saavutas 6. koha v\u00f5istkonnas m\u00e4ngisid: Elise Loreen,&#8230;<\/p>\n","protected":false},"author":1,"featured_media":0,"parent":0,"menu_order":0,"comment_status":"closed","ping_status":"closed","template":"","meta":{"_acf_changed":false,"footnotes":""},"class_list":["post-1541","page","type-page","status-publish","hentry"],"yoast_head":"<!-- This site is optimized with the Yoast SEO plugin v27.2 - https:\/\/yoast.com\/product\/yoast-seo-wordpress\/ -->\n<title>Kooli esindamine - Peetri P\u00f5hikool<\/title>\n<meta name=\"robots\" content=\"index, follow, max-snippet:-1, max-image-preview:large, max-video-preview:-1\" \/>\n<link rel=\"canonical\" href=\"https:\/\/www.peetri.edu.ee\/pohikool\/kooli-esindamine\/\" \/>\n<meta property=\"og:locale\" content=\"et_EE\" \/>\n<meta property=\"og:type\" content=\"article\" \/>\n<meta property=\"og:title\" content=\"Kooli esindamine - Peetri P\u00f5hikool\" \/>\n<meta property=\"og:description\" content=\"2024\/2025 Harjumaa koolidevaheline v\u00f5rkpall 4.-6. klassi t\u00fcdrukutele 29. jaanuar 4.-6. klassi t\u00fcdrukute v\u00f5istkond saavutas 6. koha v\u00f5istkonnas m\u00e4ngisid: Elise Loreen,...\" \/>\n<meta property=\"og:url\" content=\"https:\/\/www.peetri.edu.ee\/pohikool\/kooli-esindamine\/\" \/>\n<meta property=\"og:site_name\" content=\"Peetri P\u00f5hikool\" \/>\n<meta property=\"article:modified_time\" content=\"2025-02-03T08:27:52+00:00\" \/>\n<meta property=\"og:image\" content=\"https:\/\/www.peetri.edu.ee\/pohikool\/wp-content\/uploads\/sites\/3\/2025\/02\/IMG_0459-rotated.jpg\" \/>\n\t<meta property=\"og:image:width\" content=\"480\" \/>\n\t<meta property=\"og:image:height\" content=\"640\" \/>\n\t<meta property=\"og:image:type\" content=\"image\/jpeg\" \/>\n<meta name=\"twitter:card\" content=\"summary_large_image\" \/>\n<meta name=\"twitter:label1\" content=\"Est. reading time\" \/>\n\t<meta name=\"twitter:data1\" content=\"1 minut\" \/>\n<script type=\"application\/ld+json\" class=\"yoast-schema-graph\">{\"@context\":\"https:\/\/schema.org\",\"@graph\":[{\"@type\":\"WebPage\",\"@id\":\"https:\/\/www.peetri.edu.ee\/pohikool\/kooli-esindamine\/\",\"url\":\"https:\/\/www.peetri.edu.ee\/pohikool\/kooli-esindamine\/\",\"name\":\"Kooli esindamine - Peetri P\u00f5hikool\",\"isPartOf\":{\"@id\":\"https:\/\/www.peetri.edu.ee\/pohikool\/#website\"},\"primaryImageOfPage\":{\"@id\":\"https:\/\/www.peetri.edu.ee\/pohikool\/kooli-esindamine\/#primaryimage\"},\"image\":{\"@id\":\"https:\/\/www.peetri.edu.ee\/pohikool\/kooli-esindamine\/#primaryimage\"},\"thumbnailUrl\":\"https:\/\/www.peetri.edu.ee\/pohikool\/wp-content\/uploads\/sites\/3\/2025\/02\/IMG_0459-225x300.jpg\",\"datePublished\":\"2018-02-07T09:58:47+00:00\",\"dateModified\":\"2025-02-03T08:27:52+00:00\",\"breadcrumb\":{\"@id\":\"https:\/\/www.peetri.edu.ee\/pohikool\/kooli-esindamine\/#breadcrumb\"},\"inLanguage\":\"et\",\"potentialAction\":[{\"@type\":\"ReadAction\",\"target\":[\"https:\/\/www.peetri.edu.ee\/pohikool\/kooli-esindamine\/\"]}]},{\"@type\":\"ImageObject\",\"inLanguage\":\"et\",\"@id\":\"https:\/\/www.peetri.edu.ee\/pohikool\/kooli-esindamine\/#primaryimage\",\"url\":\"https:\/\/www.peetri.edu.ee\/pohikool\/wp-content\/uploads\/sites\/3\/2025\/02\/IMG_0459-225x300.jpg\",\"contentUrl\":\"https:\/\/www.peetri.edu.ee\/pohikool\/wp-content\/uploads\/sites\/3\/2025\/02\/IMG_0459-225x300.jpg\"},{\"@type\":\"BreadcrumbList\",\"@id\":\"https:\/\/www.peetri.edu.ee\/pohikool\/kooli-esindamine\/#breadcrumb\",\"itemListElement\":[{\"@type\":\"ListItem\",\"position\":1,\"name\":\"Home\",\"item\":\"https:\/\/www.peetri.edu.ee\/pohikool\/\"},{\"@type\":\"ListItem\",\"position\":2,\"name\":\"Kooli esindamine\"}]},{\"@type\":\"WebSite\",\"@id\":\"https:\/\/www.peetri.edu.ee\/pohikool\/#website\",\"url\":\"https:\/\/www.peetri.edu.ee\/pohikool\/\",\"name\":\"Peetri P\u00f5hikool\",\"description\":\"Igas inimeses on p\u00e4ike, laskem tal s\u00e4rada\",\"potentialAction\":[{\"@type\":\"SearchAction\",\"target\":{\"@type\":\"EntryPoint\",\"urlTemplate\":\"https:\/\/www.peetri.edu.ee\/pohikool\/?s={search_term_string}\"},\"query-input\":{\"@type\":\"PropertyValueSpecification\",\"valueRequired\":true,\"valueName\":\"search_term_string\"}}],\"inLanguage\":\"et\"}]}<\/script>\n<!-- \/ Yoast SEO plugin. -->","yoast_head_json":{"title":"Kooli esindamine - Peetri P\u00f5hikool","robots":{"index":"index","follow":"follow","max-snippet":"max-snippet:-1","max-image-preview":"max-image-preview:large","max-video-preview":"max-video-preview:-1"},"canonical":"https:\/\/www.peetri.edu.ee\/pohikool\/kooli-esindamine\/","og_locale":"et_EE","og_type":"article","og_title":"Kooli esindamine - Peetri P\u00f5hikool","og_description":"2024\/2025 Harjumaa koolidevaheline v\u00f5rkpall 4.-6. klassi t\u00fcdrukutele 29. jaanuar 4.-6. klassi t\u00fcdrukute v\u00f5istkond saavutas 6. koha v\u00f5istkonnas m\u00e4ngisid: Elise Loreen,...","og_url":"https:\/\/www.peetri.edu.ee\/pohikool\/kooli-esindamine\/","og_site_name":"Peetri P\u00f5hikool","article_modified_time":"2025-02-03T08:27:52+00:00","og_image":[{"width":480,"height":640,"url":"https:\/\/www.peetri.edu.ee\/pohikool\/wp-content\/uploads\/sites\/3\/2025\/02\/IMG_0459-rotated.jpg","type":"image\/jpeg"}],"twitter_card":"summary_large_image","twitter_misc":{"Est. reading time":"1 minut"},"schema":{"@context":"https:\/\/schema.org","@graph":[{"@type":"WebPage","@id":"https:\/\/www.peetri.edu.ee\/pohikool\/kooli-esindamine\/","url":"https:\/\/www.peetri.edu.ee\/pohikool\/kooli-esindamine\/","name":"Kooli esindamine - Peetri P\u00f5hikool","isPartOf":{"@id":"https:\/\/www.peetri.edu.ee\/pohikool\/#website"},"primaryImageOfPage":{"@id":"https:\/\/www.peetri.edu.ee\/pohikool\/kooli-esindamine\/#primaryimage"},"image":{"@id":"https:\/\/www.peetri.edu.ee\/pohikool\/kooli-esindamine\/#primaryimage"},"thumbnailUrl":"https:\/\/www.peetri.edu.ee\/pohikool\/wp-content\/uploads\/sites\/3\/2025\/02\/IMG_0459-225x300.jpg","datePublished":"2018-02-07T09:58:47+00:00","dateModified":"2025-02-03T08:27:52+00:00","breadcrumb":{"@id":"https:\/\/www.peetri.edu.ee\/pohikool\/kooli-esindamine\/#breadcrumb"},"inLanguage":"et","potentialAction":[{"@type":"ReadAction","target":["https:\/\/www.peetri.edu.ee\/pohikool\/kooli-esindamine\/"]}]},{"@type":"ImageObject","inLanguage":"et","@id":"https:\/\/www.peetri.edu.ee\/pohikool\/kooli-esindamine\/#primaryimage","url":"https:\/\/www.peetri.edu.ee\/pohikool\/wp-content\/uploads\/sites\/3\/2025\/02\/IMG_0459-225x300.jpg","contentUrl":"https:\/\/www.peetri.edu.ee\/pohikool\/wp-content\/uploads\/sites\/3\/2025\/02\/IMG_0459-225x300.jpg"},{"@type":"BreadcrumbList","@id":"https:\/\/www.peetri.edu.ee\/pohikool\/kooli-esindamine\/#breadcrumb","itemListElement":[{"@type":"ListItem","position":1,"name":"Home","item":"https:\/\/www.peetri.edu.ee\/pohikool\/"},{"@type":"ListItem","position":2,"name":"Kooli esindamine"}]},{"@type":"WebSite","@id":"https:\/\/www.peetri.edu.ee\/pohikool\/#website","url":"https:\/\/www.peetri.edu.ee\/pohikool\/","name":"Peetri P\u00f5hikool","description":"Igas inimeses on p\u00e4ike, laskem tal s\u00e4rada","potentialAction":[{"@type":"SearchAction","target":{"@type":"EntryPoint","urlTemplate":"https:\/\/www.peetri.edu.ee\/pohikool\/?s={search_term_string}"},"query-input":{"@type":"PropertyValueSpecification","valueRequired":true,"valueName":"search_term_string"}}],"inLanguage":"et"}]}},"acf":[],"_links":{"self":[{"href":"https:\/\/www.peetri.edu.ee\/pohikool\/wp-json\/wp\/v2\/pages\/1541","targetHints":{"allow":["GET"]}}],"collection":[{"href":"https:\/\/www.peetri.edu.ee\/pohikool\/wp-json\/wp\/v2\/pages"}],"about":[{"href":"https:\/\/www.peetri.edu.ee\/pohikool\/wp-json\/wp\/v2\/types\/page"}],"author":[{"embeddable":true,"href":"https:\/\/www.peetri.edu.ee\/pohikool\/wp-json\/wp\/v2\/users\/1"}],"replies":[{"embeddable":true,"href":"https:\/\/www.peetri.edu.ee\/pohikool\/wp-json\/wp\/v2\/comments?post=1541"}],"version-history":[{"count":5,"href":"https:\/\/www.peetri.edu.ee\/pohikool\/wp-json\/wp\/v2\/pages\/1541\/revisions"}],"predecessor-version":[{"id":12784,"href":"https:\/\/www.peetri.edu.ee\/pohikool\/wp-json\/wp\/v2\/pages\/1541\/revisions\/12784"}],"wp:attachment":[{"href":"https:\/\/www.peetri.edu.ee\/pohikool\/wp-json\/wp\/v2\/media?parent=1541"}],"curies":[{"name":"wp","href":"https:\/\/api.w.org\/{rel}","templated":true}]}}