{"id":153,"date":"2017-08-11T14:23:25","date_gmt":"2017-08-11T11:23:25","guid":{"rendered":"https:\/\/www.peetri.edu.ee\/pohikool\/?page_id=153"},"modified":"2020-03-06T12:48:26","modified_gmt":"2020-03-06T10:48:26","slug":"arvamused-ja-artiklid","status":"publish","type":"page","link":"https:\/\/www.peetri.edu.ee\/pohikool\/arvamused-ja-artiklid\/","title":{"rendered":"Arvamused ja artiklid"},"content":{"rendered":"<h3>Arvamused<\/h3>\n<p><em>\u00dcks k\u00e4esoleva sajandi m\u00e4rks\u00f5nadest t\u00f6\u00f6turul on kindlasti liider. Liidrit iseloomustavad omadused, mis v\u00f5imaldavad h\u00e4sti hakkama saada\u00a0 nii inimesena kui\u00a0 ka juhina.<\/em><\/p>\n<p><em>T\u00f6\u00f6 iseloom on j\u00f5udmas ajaj\u00e4rku, kus iga t\u00f6\u00f6taja, \u00fcksk\u00f5ik, millises ametis v\u00f5i t\u00f6\u00f6kohal, vajab eelk\u00f5ige h\u00e4id juhtimisoskusi, sest igal t\u00f6\u00f6kohal tuleb olla liider, eelk\u00f5ige iseenda jaoks.<\/em><\/p>\n<p><em>Harjumused, millest dr. Stephen R. Covey oma raamatus \u201eV\u00e4ga efektiivse inimese 7 harjumust\u201c r\u00e4\u00e4gib on liidrioskuste alustala.<\/em><\/p>\n<p><em>Praegu on tavaline, et t\u00f6\u00f6andja kannab\u00a0 suuri koolituskulusid,\u00a0 et oma t\u00f6\u00f6tajatele liidrioskusi \u00f5petada, seep\u00e4rast olen veendunud, et neid oskusi\u00a0 tundvale ja praktiseerivale noorele inimesele annab see tugeva eelise t\u00f6\u00f6turul, \u00fcksk\u00f5ik millises ametis.<\/em><\/p>\n<p><em>Mul v\u00e4ga hea meel, et liidrioskuste \u00f5ppimisega alustatakse juba p\u00f5hikoolis.<\/em><\/p>\n<p><strong>Karin Niinas<br \/>\n<\/strong>TSN Emori juhataja<\/p>\n<p><em>Juba vanaaja filosoofid on j\u00f5udnud t\u00f5demusele, et\u00a0 koost\u00f6\u00f6s peitub j\u00f5ud, k\u00f5ik suured filosoofid on p\u00e4rit oma koolkondadest, kus aruteludes j\u00f5uti s\u00fcnergiani ja hoopis uutele ideedele. T\u00e4nap\u00e4eval on edukad firmad, kus on innovaatilisi lahendusi leiavad kollektiivid ise.<\/em><\/p>\n<p><em>Kuidas j\u00f5uda t\u00f6\u00f6j\u00f5uturule k\u00fcpse koost\u00f6\u00f6valmi partnerina? 7 harjumuse oskused, mille praktikas rakendamine n\u00f5uab harjutamist, aitavad kergemini teisi m\u00f5ista ja ennast teistele paremini arusaadavamaks teha. Nendel oskustel on v\u00e4\u00e4rtus igas eluvaldkonnas.<\/em><\/p>\n<p><em>Meile k\u00f5igile meeldib veeta aega ning teha koost\u00f6\u00f6d inimestega, kes oskavad iseennast, kaaslasi ja elu v\u00e4\u00e4rtustada. Seep\u00e4rast \u00f5petame lastele, kuidas teha vahet \u00f5igel ja valel, et lubadusi tuleb t\u00e4ita, m\u00e4\u00e4ratud t\u00f6\u00f6d \u00e4ra teha ja alustatu l\u00f5pule viia. Need on k\u00f5ik elementaarsed asjad, ometi ei saa ka t\u00e4iskasvanud tihti k\u00f5ige sellega hakkama. \u00a0<\/em><\/p>\n<p><em>Lasteaed ja kool m\u00e4ngivad kodu k\u00f5rval suurt rolli vundamendi ehitamisel, mis aitab lapsel astuda iseseisvasse pere- ning t\u00f6\u00f6ellu k\u00fcpse ja koost\u00f6\u00f6v\u00f5imelise inimesena. Kolme lapse emana ning personalijuhina loodan, et \u201eLiider minus endas\u201c saab iga kooli \u00f5ppeprogrammi osaks. Enesejuhtimist, koost\u00f6\u00f6d ja arengut toetavad harjumused on vajalikud k\u00f5igile vanusest, olukorrast ja rollist olenemata. Need harjumused muudavad inimese v\u00e4\u00e4rtuslikuks igale kollektiivile ja aitavad valitud teel edu saavutada.<\/em><\/p>\n<p><strong>Karl-Eric Schneider ja Madli N\u00f5mmik<\/strong><br \/>\nrahvusvahelise ettev\u00f5tte OpusCapita tippjuhid<\/p>\n<h3>Artiklid<\/h3>\n<p><a href=\"https:\/\/opleht.ee\/2020\/03\/iseloomukasvatus-teadlaste-pilguga\/\">Iseloomukasvatus teadlaste pilguga<\/a> &#8211; \u00d5petajate Leht 6.03.2020<\/p>\n<p><strong><a href=\"https:\/\/www.peetri.edu.ee\/pohikool\/wp-content\/uploads\/sites\/3\/2017\/08\/tuleviku-tootajaid-kasvatades.pdf\">Kuidas Franklin Covey legendaarsed 7 harjumust aitavad n\u00fc\u00fcd ka lastel \u00f5ppida oma elu juhtima<\/a><\/strong><\/p>\n<p><em>Lapsevanemana on meie suurim soov, et lapsest kasvaks inimene, kes teab, mida ta elult soovib ja kuidas oma unistuste poole liikuda. Ta oskab elus \u00f5igeid valikuid teha ja j\u00e4\u00e4da ka tagasil\u00f6\u00f6kide puhul terveks ning iseendale truuks. Kuidas laps nii \u00fcles kasvatada, et ta suudab oma elu sel viisil juhtida, on paras p\u00e4hkel iga\u00fchele puremiseks. \u00dchte v\u00f5imalust tutvustab Kristiina Palm. K\u00a0<\/em><\/p>\n<p><strong>J\u00fcri Saarma: miks ma tahtsin Stephen Coveyt kuulama minna<\/strong><\/p>\n<p><em>Covey juhtimisteooria n\u00f5jatub tugevalt kahele p\u00f5hivundamendile: inimseadustele ja paradigmadele.<\/em><\/p>\n<p><em>\u00dcllatav oli, mida Covey r\u00e4\u00e4kis t\u00f6\u00f6st lastega, mida nad paljudes maades teinud on. Nad \u00f5petavad lastele igap\u00e4evaseid oskusi: kuidas kuulata, vastastikku kasulikke lahendusi leida, oma aega planeerida ja muid asju, mida meil \u00f5petatakse juhtimiskoolitustel. Sellele tasuks minu meelest ka Eestis rohkem t\u00e4helepanu p\u00f6\u00f6rata \u2013 keemia ja f\u00fc\u00fcsika k\u00f5rval v\u00f5iks lastele \u00f5petada ka suhtlemisoskusi.<\/em><\/p>\n","protected":false},"excerpt":{"rendered":"<p>Arvamused \u00dcks k\u00e4esoleva sajandi m\u00e4rks\u00f5nadest t\u00f6\u00f6turul on kindlasti liider. Liidrit iseloomustavad omadused, mis v\u00f5imaldavad h\u00e4sti hakkama saada\u00a0 nii inimesena kui\u00a0&#8230;<\/p>\n","protected":false},"author":1,"featured_media":0,"parent":0,"menu_order":60,"comment_status":"closed","ping_status":"closed","template":"","meta":{"_acf_changed":false,"footnotes":""},"class_list":["post-153","page","type-page","status-publish","hentry"],"yoast_head":"<!-- This site is optimized with the Yoast SEO plugin v27.2 - https:\/\/yoast.com\/product\/yoast-seo-wordpress\/ -->\n<title>Arvamused ja artiklid - Peetri P\u00f5hikool<\/title>\n<meta name=\"robots\" content=\"index, follow, max-snippet:-1, max-image-preview:large, max-video-preview:-1\" \/>\n<link rel=\"canonical\" href=\"https:\/\/www.peetri.edu.ee\/pohikool\/arvamused-ja-artiklid\/\" \/>\n<meta property=\"og:locale\" content=\"et_EE\" \/>\n<meta property=\"og:type\" content=\"article\" \/>\n<meta property=\"og:title\" content=\"Arvamused ja artiklid - Peetri P\u00f5hikool\" \/>\n<meta property=\"og:description\" content=\"Arvamused \u00dcks k\u00e4esoleva sajandi m\u00e4rks\u00f5nadest t\u00f6\u00f6turul on kindlasti liider. Liidrit iseloomustavad omadused, mis v\u00f5imaldavad h\u00e4sti hakkama saada\u00a0 nii inimesena kui\u00a0...\" \/>\n<meta property=\"og:url\" content=\"https:\/\/www.peetri.edu.ee\/pohikool\/arvamused-ja-artiklid\/\" \/>\n<meta property=\"og:site_name\" content=\"Peetri P\u00f5hikool\" \/>\n<meta property=\"article:modified_time\" content=\"2020-03-06T10:48:26+00:00\" \/>\n<meta name=\"twitter:card\" content=\"summary_large_image\" \/>\n<meta name=\"twitter:label1\" content=\"Est. reading time\" \/>\n\t<meta name=\"twitter:data1\" content=\"3 minutit\" \/>\n<script type=\"application\/ld+json\" class=\"yoast-schema-graph\">{\"@context\":\"https:\/\/schema.org\",\"@graph\":[{\"@type\":\"WebPage\",\"@id\":\"https:\/\/www.peetri.edu.ee\/pohikool\/arvamused-ja-artiklid\/\",\"url\":\"https:\/\/www.peetri.edu.ee\/pohikool\/arvamused-ja-artiklid\/\",\"name\":\"Arvamused ja artiklid - Peetri P\u00f5hikool\",\"isPartOf\":{\"@id\":\"https:\/\/www.peetri.edu.ee\/pohikool\/#website\"},\"datePublished\":\"2017-08-11T11:23:25+00:00\",\"dateModified\":\"2020-03-06T10:48:26+00:00\",\"breadcrumb\":{\"@id\":\"https:\/\/www.peetri.edu.ee\/pohikool\/arvamused-ja-artiklid\/#breadcrumb\"},\"inLanguage\":\"et\",\"potentialAction\":[{\"@type\":\"ReadAction\",\"target\":[\"https:\/\/www.peetri.edu.ee\/pohikool\/arvamused-ja-artiklid\/\"]}]},{\"@type\":\"BreadcrumbList\",\"@id\":\"https:\/\/www.peetri.edu.ee\/pohikool\/arvamused-ja-artiklid\/#breadcrumb\",\"itemListElement\":[{\"@type\":\"ListItem\",\"position\":1,\"name\":\"Home\",\"item\":\"https:\/\/www.peetri.edu.ee\/pohikool\/\"},{\"@type\":\"ListItem\",\"position\":2,\"name\":\"Arvamused ja artiklid\"}]},{\"@type\":\"WebSite\",\"@id\":\"https:\/\/www.peetri.edu.ee\/pohikool\/#website\",\"url\":\"https:\/\/www.peetri.edu.ee\/pohikool\/\",\"name\":\"Peetri P\u00f5hikool\",\"description\":\"Igas inimeses on p\u00e4ike, laskem tal s\u00e4rada\",\"potentialAction\":[{\"@type\":\"SearchAction\",\"target\":{\"@type\":\"EntryPoint\",\"urlTemplate\":\"https:\/\/www.peetri.edu.ee\/pohikool\/?s={search_term_string}\"},\"query-input\":{\"@type\":\"PropertyValueSpecification\",\"valueRequired\":true,\"valueName\":\"search_term_string\"}}],\"inLanguage\":\"et\"}]}<\/script>\n<!-- \/ Yoast SEO plugin. -->","yoast_head_json":{"title":"Arvamused ja artiklid - Peetri P\u00f5hikool","robots":{"index":"index","follow":"follow","max-snippet":"max-snippet:-1","max-image-preview":"max-image-preview:large","max-video-preview":"max-video-preview:-1"},"canonical":"https:\/\/www.peetri.edu.ee\/pohikool\/arvamused-ja-artiklid\/","og_locale":"et_EE","og_type":"article","og_title":"Arvamused ja artiklid - Peetri P\u00f5hikool","og_description":"Arvamused \u00dcks k\u00e4esoleva sajandi m\u00e4rks\u00f5nadest t\u00f6\u00f6turul on kindlasti liider. Liidrit iseloomustavad omadused, mis v\u00f5imaldavad h\u00e4sti hakkama saada\u00a0 nii inimesena kui\u00a0...","og_url":"https:\/\/www.peetri.edu.ee\/pohikool\/arvamused-ja-artiklid\/","og_site_name":"Peetri P\u00f5hikool","article_modified_time":"2020-03-06T10:48:26+00:00","twitter_card":"summary_large_image","twitter_misc":{"Est. reading time":"3 minutit"},"schema":{"@context":"https:\/\/schema.org","@graph":[{"@type":"WebPage","@id":"https:\/\/www.peetri.edu.ee\/pohikool\/arvamused-ja-artiklid\/","url":"https:\/\/www.peetri.edu.ee\/pohikool\/arvamused-ja-artiklid\/","name":"Arvamused ja artiklid - Peetri P\u00f5hikool","isPartOf":{"@id":"https:\/\/www.peetri.edu.ee\/pohikool\/#website"},"datePublished":"2017-08-11T11:23:25+00:00","dateModified":"2020-03-06T10:48:26+00:00","breadcrumb":{"@id":"https:\/\/www.peetri.edu.ee\/pohikool\/arvamused-ja-artiklid\/#breadcrumb"},"inLanguage":"et","potentialAction":[{"@type":"ReadAction","target":["https:\/\/www.peetri.edu.ee\/pohikool\/arvamused-ja-artiklid\/"]}]},{"@type":"BreadcrumbList","@id":"https:\/\/www.peetri.edu.ee\/pohikool\/arvamused-ja-artiklid\/#breadcrumb","itemListElement":[{"@type":"ListItem","position":1,"name":"Home","item":"https:\/\/www.peetri.edu.ee\/pohikool\/"},{"@type":"ListItem","position":2,"name":"Arvamused ja artiklid"}]},{"@type":"WebSite","@id":"https:\/\/www.peetri.edu.ee\/pohikool\/#website","url":"https:\/\/www.peetri.edu.ee\/pohikool\/","name":"Peetri P\u00f5hikool","description":"Igas inimeses on p\u00e4ike, laskem tal s\u00e4rada","potentialAction":[{"@type":"SearchAction","target":{"@type":"EntryPoint","urlTemplate":"https:\/\/www.peetri.edu.ee\/pohikool\/?s={search_term_string}"},"query-input":{"@type":"PropertyValueSpecification","valueRequired":true,"valueName":"search_term_string"}}],"inLanguage":"et"}]}},"acf":[],"_links":{"self":[{"href":"https:\/\/www.peetri.edu.ee\/pohikool\/wp-json\/wp\/v2\/pages\/153","targetHints":{"allow":["GET"]}}],"collection":[{"href":"https:\/\/www.peetri.edu.ee\/pohikool\/wp-json\/wp\/v2\/pages"}],"about":[{"href":"https:\/\/www.peetri.edu.ee\/pohikool\/wp-json\/wp\/v2\/types\/page"}],"author":[{"embeddable":true,"href":"https:\/\/www.peetri.edu.ee\/pohikool\/wp-json\/wp\/v2\/users\/1"}],"replies":[{"embeddable":true,"href":"https:\/\/www.peetri.edu.ee\/pohikool\/wp-json\/wp\/v2\/comments?post=153"}],"version-history":[{"count":4,"href":"https:\/\/www.peetri.edu.ee\/pohikool\/wp-json\/wp\/v2\/pages\/153\/revisions"}],"predecessor-version":[{"id":4339,"href":"https:\/\/www.peetri.edu.ee\/pohikool\/wp-json\/wp\/v2\/pages\/153\/revisions\/4339"}],"wp:attachment":[{"href":"https:\/\/www.peetri.edu.ee\/pohikool\/wp-json\/wp\/v2\/media?parent=153"}],"curies":[{"name":"wp","href":"https:\/\/api.w.org\/{rel}","templated":true}]}}