{"id":144,"date":"2017-08-11T13:36:12","date_gmt":"2017-08-11T10:36:12","guid":{"rendered":"https:\/\/www.peetri.edu.ee\/pohikool\/?page_id=144"},"modified":"2018-09-13T13:54:59","modified_gmt":"2018-09-13T10:54:59","slug":"7-harjumust-opilasele","status":"publish","type":"page","link":"https:\/\/www.peetri.edu.ee\/pohikool\/7-harjumust\/miks-meie-koolis\/7-harjumust-opilasele\/","title":{"rendered":"7 harjumust \u00f5pilasele"},"content":{"rendered":"<h3>1. HARJUMUS \u2013 Ole proaktiivne<\/h3>\n<p>Ma vastutan oma tegude eest. Ma haaran initsiatiivi, et asjad saaksid tehtud. Ma valin ise, millega tegelen, kuidas asjadesse suhtun ja millises tujus) olen. Ma ei s\u00fc\u00fcdista teisi, kui olen valesti k\u00e4itunud. Ma k\u00e4itun \u00f5igesti isegi siis, kui keegi ei vaata.<\/p>\n<p><em><strong>Eesti vanas\u00f5nad ja \u00fctlused: Ole oma elu peremees. Haaran h\u00e4rjal sarvist.\u00a0<\/strong><\/em><\/p>\n<h3>2. HARJUMUS \u2013 Alusta l\u00f5ppeesm\u00e4rki silmas pidades<\/h3>\n<p>Ma m\u00f5tlen enne, kui tegutsema asun. Ma teen plaane ja sean eesm\u00e4rke.<\/p>\n<p>Ma tegelen asjadega, mis on olulised ja kasulikud. Mul on t\u00e4htis roll oma klassi tegemistes. Ma aitan kaasa kooli missiooni elluviimisele. P\u00fc\u00fcan olla oma riigi hea kodanik.<\/p>\n<p><em><strong>Eesti vanas\u00f5nad ja \u00fctlused:\u00a0Tahad latva ronida, hakka t\u00fcvest peale.<\/strong><\/em><\/p>\n<h3>3. HARJUMUS \u2013 Sea esmat\u00e4htis esikohale<\/h3>\n<p>Ma kasutan oma aega k\u00f5ige olulisemate asjade tegemiseks ja \u00fctlen &#8220;ei&#8221; asjadele, millega ma ei peaks \u00fcldse tegelema. Ma sean asjad t\u00e4htsuse j\u00e4rjekorda, koostan ajakava ja pean sellest kinni. Ma olen distsiplineeritud ja organiseeritud.<\/p>\n<p><em><strong>Eesti vanas\u00f5nad ja \u00fctlused:\u00a0Tee t\u00f6\u00f6d t\u00f6\u00f6 ajal, aja juttu jutu ajal.\u00a0<\/strong><\/em><\/p>\n<h3>4. HARJUMUS \u2013 M\u00f5tle v\u00f5idan-v\u00f5idad<\/h3>\n<p>Ma julgen avaldada oma soove ning hoolin ka sellest, mida teised tahavad. Ma hoian oma julguse ja hoolivuse tasakaalus. Kui tekib konflikt, otsin lahendusi, millega m\u00f5lemad osapooled oleksid rahul.<\/p>\n<p><em><strong>Eesti vanas\u00f5nad ja \u00fctlused:\u00a0K\u00e4itu teistega nii, nagu sa taha, et teised sinuga k\u00e4ituksid.\u00a0<\/strong><\/em><\/p>\n<h3>5. HARJUMUS \u2013 P\u00fc\u00fca esmalt m\u00f5ista ja alles seej\u00e4rel olla m\u00f5istetud<\/h3>\n<p>Ma kuulan teiste inimeste m\u00f5tteid, tundeid ja ideid k\u00f5rvade, silmade ja s\u00fcdamega ning ei sega nende jutule vahele. Ma p\u00fc\u00fcan k\u00f5igepealt m\u00f5ista ja n\u00e4ha asju nii nagu m\u00f5istab seda teine pool ning alles seej\u00e4rel r\u00e4\u00e4gin julgelt oma m\u00f5tetest.<\/p>\n<p><em><strong>Eesti vanas\u00f5nad ja \u00fctlused: Kuula v\u00f5i su keel muudab su kurdiks. K\u00f5rvad on kuulamiseks, suu s\u00f6\u00f6miseks.\u00a0<\/strong><\/em><\/p>\n<h3>6. HARJUMUS \u2013 Loo s\u00fcnergiat<\/h3>\n<p>Ma hindan teiste inimeste h\u00e4id omadusi ja \u00f5pin nendest. Ma saan h\u00e4sti l\u00e4bi ka nendega, kes on minust erinevad. Ma osalen aktiivselt r\u00fchmat\u00f6\u00f6des ning arvestan alati teiste m\u00f5tete ja ideedega, sest usun, et koos suudame saavutada paremaid tulemusi kui \u00fcksinda tegutsedes. Ma otsin lahendusi, mis on paremad kui need, mida me eraldis tegutsedes suudaksime leida.<\/p>\n<p><em><strong>Eesti vanas\u00f5nad ja \u00fctlused:\u00a0Mitu pead on ikka mitu pead.\u00a0<\/strong><\/em><\/p>\n<h3>7. HARJUMUS \u2013 Terita saagi<\/h3>\n<p>Ma hoolitsen oma keha eest sellega, et s\u00f6\u00f6n tervislikult, teen sporti ja magan piisavalt. Ma arendan oma m\u00f5istust igal v\u00f5imalikul viisil. Mu s\u00fcda on rahul, kui mu suhted pereliikmete ja s\u00f5pradega on head ja meile meeldib koos olla. Mu hing on rahul, kui saan aidata teisi inimesi. Ma kasutan oma aega, et hoida keha, m\u00f5istus, s\u00fcda ja hing tasakaalus.<\/p>\n<p><em><strong>Eesti vanas\u00f5nad ja \u00fctlused:\u00a0T\u00fchi kott ei seisa p\u00fcsti.\u00a0K\u00fclva head, siis kasvab head.<\/strong><\/em><\/p>\n","protected":false},"excerpt":{"rendered":"<p>1. HARJUMUS \u2013 Ole proaktiivne Ma vastutan oma tegude eest. Ma haaran initsiatiivi, et asjad saaksid tehtud. Ma valin ise,&#8230;<\/p>\n","protected":false},"author":1,"featured_media":0,"parent":139,"menu_order":50,"comment_status":"closed","ping_status":"closed","template":"","meta":{"_acf_changed":false,"footnotes":""},"class_list":["post-144","page","type-page","status-publish","hentry"],"yoast_head":"<!-- This site is optimized with the Yoast SEO plugin v27.2 - https:\/\/yoast.com\/product\/yoast-seo-wordpress\/ -->\n<title>7 harjumust \u00f5pilasele - Peetri P\u00f5hikool<\/title>\n<meta name=\"robots\" content=\"index, follow, max-snippet:-1, max-image-preview:large, max-video-preview:-1\" \/>\n<link rel=\"canonical\" href=\"https:\/\/www.peetri.edu.ee\/pohikool\/7-harjumust\/miks-meie-koolis\/7-harjumust-opilasele\/\" \/>\n<meta property=\"og:locale\" content=\"et_EE\" \/>\n<meta property=\"og:type\" content=\"article\" \/>\n<meta property=\"og:title\" content=\"7 harjumust \u00f5pilasele - Peetri P\u00f5hikool\" \/>\n<meta property=\"og:description\" content=\"1. HARJUMUS \u2013 Ole proaktiivne Ma vastutan oma tegude eest. Ma haaran initsiatiivi, et asjad saaksid tehtud. Ma valin ise,...\" \/>\n<meta property=\"og:url\" content=\"https:\/\/www.peetri.edu.ee\/pohikool\/7-harjumust\/miks-meie-koolis\/7-harjumust-opilasele\/\" \/>\n<meta property=\"og:site_name\" content=\"Peetri P\u00f5hikool\" \/>\n<meta property=\"article:modified_time\" content=\"2018-09-13T10:54:59+00:00\" \/>\n<meta name=\"twitter:card\" content=\"summary_large_image\" \/>\n<meta name=\"twitter:label1\" content=\"Est. reading time\" \/>\n\t<meta name=\"twitter:data1\" content=\"2 minutit\" \/>\n<script type=\"application\/ld+json\" class=\"yoast-schema-graph\">{\"@context\":\"https:\/\/schema.org\",\"@graph\":[{\"@type\":\"WebPage\",\"@id\":\"https:\/\/www.peetri.edu.ee\/pohikool\/7-harjumust\/miks-meie-koolis\/7-harjumust-opilasele\/\",\"url\":\"https:\/\/www.peetri.edu.ee\/pohikool\/7-harjumust\/miks-meie-koolis\/7-harjumust-opilasele\/\",\"name\":\"7 harjumust \u00f5pilasele - Peetri P\u00f5hikool\",\"isPartOf\":{\"@id\":\"https:\/\/www.peetri.edu.ee\/pohikool\/#website\"},\"datePublished\":\"2017-08-11T10:36:12+00:00\",\"dateModified\":\"2018-09-13T10:54:59+00:00\",\"breadcrumb\":{\"@id\":\"https:\/\/www.peetri.edu.ee\/pohikool\/7-harjumust\/miks-meie-koolis\/7-harjumust-opilasele\/#breadcrumb\"},\"inLanguage\":\"et\",\"potentialAction\":[{\"@type\":\"ReadAction\",\"target\":[\"https:\/\/www.peetri.edu.ee\/pohikool\/7-harjumust\/miks-meie-koolis\/7-harjumust-opilasele\/\"]}]},{\"@type\":\"BreadcrumbList\",\"@id\":\"https:\/\/www.peetri.edu.ee\/pohikool\/7-harjumust\/miks-meie-koolis\/7-harjumust-opilasele\/#breadcrumb\",\"itemListElement\":[{\"@type\":\"ListItem\",\"position\":1,\"name\":\"Home\",\"item\":\"https:\/\/www.peetri.edu.ee\/pohikool\/\"},{\"@type\":\"ListItem\",\"position\":2,\"name\":\"Liider minus endas\",\"item\":\"https:\/\/www.peetri.edu.ee\/pohikool\/7-harjumust\/\"},{\"@type\":\"ListItem\",\"position\":3,\"name\":\"Miks meie koolis\",\"item\":\"https:\/\/www.peetri.edu.ee\/pohikool\/7-harjumust\/miks-meie-koolis\/\"},{\"@type\":\"ListItem\",\"position\":4,\"name\":\"7 harjumust \u00f5pilasele\"}]},{\"@type\":\"WebSite\",\"@id\":\"https:\/\/www.peetri.edu.ee\/pohikool\/#website\",\"url\":\"https:\/\/www.peetri.edu.ee\/pohikool\/\",\"name\":\"Peetri P\u00f5hikool\",\"description\":\"Igas inimeses on p\u00e4ike, laskem tal s\u00e4rada\",\"potentialAction\":[{\"@type\":\"SearchAction\",\"target\":{\"@type\":\"EntryPoint\",\"urlTemplate\":\"https:\/\/www.peetri.edu.ee\/pohikool\/?s={search_term_string}\"},\"query-input\":{\"@type\":\"PropertyValueSpecification\",\"valueRequired\":true,\"valueName\":\"search_term_string\"}}],\"inLanguage\":\"et\"}]}<\/script>\n<!-- \/ Yoast SEO plugin. -->","yoast_head_json":{"title":"7 harjumust \u00f5pilasele - Peetri P\u00f5hikool","robots":{"index":"index","follow":"follow","max-snippet":"max-snippet:-1","max-image-preview":"max-image-preview:large","max-video-preview":"max-video-preview:-1"},"canonical":"https:\/\/www.peetri.edu.ee\/pohikool\/7-harjumust\/miks-meie-koolis\/7-harjumust-opilasele\/","og_locale":"et_EE","og_type":"article","og_title":"7 harjumust \u00f5pilasele - Peetri P\u00f5hikool","og_description":"1. HARJUMUS \u2013 Ole proaktiivne Ma vastutan oma tegude eest. Ma haaran initsiatiivi, et asjad saaksid tehtud. Ma valin ise,...","og_url":"https:\/\/www.peetri.edu.ee\/pohikool\/7-harjumust\/miks-meie-koolis\/7-harjumust-opilasele\/","og_site_name":"Peetri P\u00f5hikool","article_modified_time":"2018-09-13T10:54:59+00:00","twitter_card":"summary_large_image","twitter_misc":{"Est. reading time":"2 minutit"},"schema":{"@context":"https:\/\/schema.org","@graph":[{"@type":"WebPage","@id":"https:\/\/www.peetri.edu.ee\/pohikool\/7-harjumust\/miks-meie-koolis\/7-harjumust-opilasele\/","url":"https:\/\/www.peetri.edu.ee\/pohikool\/7-harjumust\/miks-meie-koolis\/7-harjumust-opilasele\/","name":"7 harjumust \u00f5pilasele - Peetri P\u00f5hikool","isPartOf":{"@id":"https:\/\/www.peetri.edu.ee\/pohikool\/#website"},"datePublished":"2017-08-11T10:36:12+00:00","dateModified":"2018-09-13T10:54:59+00:00","breadcrumb":{"@id":"https:\/\/www.peetri.edu.ee\/pohikool\/7-harjumust\/miks-meie-koolis\/7-harjumust-opilasele\/#breadcrumb"},"inLanguage":"et","potentialAction":[{"@type":"ReadAction","target":["https:\/\/www.peetri.edu.ee\/pohikool\/7-harjumust\/miks-meie-koolis\/7-harjumust-opilasele\/"]}]},{"@type":"BreadcrumbList","@id":"https:\/\/www.peetri.edu.ee\/pohikool\/7-harjumust\/miks-meie-koolis\/7-harjumust-opilasele\/#breadcrumb","itemListElement":[{"@type":"ListItem","position":1,"name":"Home","item":"https:\/\/www.peetri.edu.ee\/pohikool\/"},{"@type":"ListItem","position":2,"name":"Liider minus endas","item":"https:\/\/www.peetri.edu.ee\/pohikool\/7-harjumust\/"},{"@type":"ListItem","position":3,"name":"Miks meie koolis","item":"https:\/\/www.peetri.edu.ee\/pohikool\/7-harjumust\/miks-meie-koolis\/"},{"@type":"ListItem","position":4,"name":"7 harjumust \u00f5pilasele"}]},{"@type":"WebSite","@id":"https:\/\/www.peetri.edu.ee\/pohikool\/#website","url":"https:\/\/www.peetri.edu.ee\/pohikool\/","name":"Peetri P\u00f5hikool","description":"Igas inimeses on p\u00e4ike, laskem tal s\u00e4rada","potentialAction":[{"@type":"SearchAction","target":{"@type":"EntryPoint","urlTemplate":"https:\/\/www.peetri.edu.ee\/pohikool\/?s={search_term_string}"},"query-input":{"@type":"PropertyValueSpecification","valueRequired":true,"valueName":"search_term_string"}}],"inLanguage":"et"}]}},"acf":[],"_links":{"self":[{"href":"https:\/\/www.peetri.edu.ee\/pohikool\/wp-json\/wp\/v2\/pages\/144","targetHints":{"allow":["GET"]}}],"collection":[{"href":"https:\/\/www.peetri.edu.ee\/pohikool\/wp-json\/wp\/v2\/pages"}],"about":[{"href":"https:\/\/www.peetri.edu.ee\/pohikool\/wp-json\/wp\/v2\/types\/page"}],"author":[{"embeddable":true,"href":"https:\/\/www.peetri.edu.ee\/pohikool\/wp-json\/wp\/v2\/users\/1"}],"replies":[{"embeddable":true,"href":"https:\/\/www.peetri.edu.ee\/pohikool\/wp-json\/wp\/v2\/comments?post=144"}],"version-history":[{"count":5,"href":"https:\/\/www.peetri.edu.ee\/pohikool\/wp-json\/wp\/v2\/pages\/144\/revisions"}],"predecessor-version":[{"id":326,"href":"https:\/\/www.peetri.edu.ee\/pohikool\/wp-json\/wp\/v2\/pages\/144\/revisions\/326"}],"up":[{"embeddable":true,"href":"https:\/\/www.peetri.edu.ee\/pohikool\/wp-json\/wp\/v2\/pages\/139"}],"wp:attachment":[{"href":"https:\/\/www.peetri.edu.ee\/pohikool\/wp-json\/wp\/v2\/media?parent=144"}],"curies":[{"name":"wp","href":"https:\/\/api.w.org\/{rel}","templated":true}]}}