{"id":142,"date":"2017-08-11T13:35:25","date_gmt":"2017-08-11T10:35:25","guid":{"rendered":"https:\/\/www.peetri.edu.ee\/pohikool\/?page_id=142"},"modified":"2018-09-13T13:54:48","modified_gmt":"2018-09-13T10:54:48","slug":"7-harjumust-opetab","status":"publish","type":"page","link":"https:\/\/www.peetri.edu.ee\/pohikool\/7-harjumust\/miks-meie-koolis\/7-harjumust-opetab\/","title":{"rendered":"7 harjumust \u00f5petab"},"content":{"rendered":"<table>\n<thead>\n<tr>\n<td>7 harjumust \u00f5petab<\/td>\n<td>Eluoskused<\/td>\n<td>21. sajadi oskused, mida<br \/>\nlapsevanemad ja t\u00f6\u00f6andjad<br \/>\nsoovivad<\/td>\n<\/tr>\n<\/thead>\n<tbody>\n<tr>\n<td colspan=\"3\"><strong>Enesejuhtimisoskused<\/strong><\/td>\n<\/tr>\n<tr>\n<td>\n<ul>\n<li>Ole proaktiivne<\/li>\n<li>Alusta l\u00f5ppeesm\u00e4rki silmas<br \/>\npidades<\/li>\n<li>Sea esmat\u00e4htis esikohale<\/li>\n<\/ul>\n<\/td>\n<td>\n<ul>\n<li>\u00a0Initsiatiiv<\/li>\n<li>Vastutusv\u00f5ime<\/li>\n<li>Enesekindlus<\/li>\n<li>Visiooni- ja eesm\u00e4rgikindlus<\/li>\n<\/ul>\n<\/td>\n<td>\n<ul>\n<li>Eesm\u00e4rkide p\u00fcstitamine<\/li>\n<li>Organiseeritus<\/li>\n<li>Efektiivne aja kasutamine<\/li>\n<li>Usaldusv\u00e4\u00e4rsus<\/li>\n<\/ul>\n<\/td>\n<\/tr>\n<tr>\n<td colspan=\"3\"><strong>Koost\u00f6\u00f6oskused<\/strong><\/td>\n<\/tr>\n<tr>\n<td>\n<ul>\n<li>M\u00f5tle v\u00f5idan &#8211; v\u00f5idad<\/li>\n<li>P\u00fc\u00fca esmalt m\u00f5ista ja seej\u00e4rel<br \/>\nolla m\u00f5istetud<\/li>\n<li>Loo s\u00fcnergiat<\/li>\n<\/ul>\n<\/td>\n<td>\n<ul>\n<li>Konfliktidega toimetulek<\/li>\n<li>Eetiline k\u00e4itumine<\/li>\n<li>Kuulamisoskused<\/li>\n<li>R\u00e4\u00e4kimisoskused<\/li>\n<li>Vastastikune austus<\/li>\n<\/ul>\n<\/td>\n<td>\n<ul>\n<li>Meeskonnat\u00f6\u00f6 oskused<\/li>\n<li>Probleemide lahendamine<\/li>\n<li>Loomingulisus<\/li>\n<li>Anal\u00fc\u00fctilised oskused<\/li>\n<\/ul>\n<\/td>\n<\/tr>\n<tr>\n<td colspan=\"3\"><strong>Pidev areng ja \u00f5ppimine<\/strong><\/td>\n<\/tr>\n<tr>\n<td>\n<ul>\n<li>Terita saagi<\/li>\n<\/ul>\n<\/td>\n<td>\n<ul>\n<li>Hea f\u00fc\u00fcsiline tervis<\/li>\n<li>Emotsionaalne stabiilsus<\/li>\n<li>T\u00e4hendusrikas t\u00f6\u00f6<\/li>\n<\/ul>\n<\/td>\n<td>\n<ul>\n<li>Hea tuju<\/li>\n<li>Soov \u00f5ppida<\/li>\n<li>Tehnilised oskused<\/li>\n<\/ul>\n<\/td>\n<\/tr>\n<\/tbody>\n<\/table>\n","protected":false},"excerpt":{"rendered":"<p>7 harjumust \u00f5petab Eluoskused 21. sajadi oskused, mida lapsevanemad ja t\u00f6\u00f6andjad soovivad Enesejuhtimisoskused Ole proaktiivne Alusta l\u00f5ppeesm\u00e4rki silmas pidades Sea&#8230;<\/p>\n","protected":false},"author":1,"featured_media":0,"parent":139,"menu_order":40,"comment_status":"closed","ping_status":"closed","template":"","meta":{"_acf_changed":false,"footnotes":""},"class_list":["post-142","page","type-page","status-publish","hentry"],"yoast_head":"<!-- This site is optimized with the Yoast SEO plugin v27.2 - https:\/\/yoast.com\/product\/yoast-seo-wordpress\/ -->\n<title>7 harjumust \u00f5petab - Peetri P\u00f5hikool<\/title>\n<meta name=\"robots\" content=\"index, follow, max-snippet:-1, max-image-preview:large, max-video-preview:-1\" \/>\n<link rel=\"canonical\" href=\"https:\/\/www.peetri.edu.ee\/pohikool\/7-harjumust\/miks-meie-koolis\/7-harjumust-opetab\/\" \/>\n<meta property=\"og:locale\" content=\"et_EE\" \/>\n<meta property=\"og:type\" content=\"article\" \/>\n<meta property=\"og:title\" content=\"7 harjumust \u00f5petab - Peetri P\u00f5hikool\" \/>\n<meta property=\"og:description\" content=\"7 harjumust \u00f5petab Eluoskused 21. sajadi oskused, mida lapsevanemad ja t\u00f6\u00f6andjad soovivad Enesejuhtimisoskused Ole proaktiivne Alusta l\u00f5ppeesm\u00e4rki silmas pidades Sea...\" \/>\n<meta property=\"og:url\" content=\"https:\/\/www.peetri.edu.ee\/pohikool\/7-harjumust\/miks-meie-koolis\/7-harjumust-opetab\/\" \/>\n<meta property=\"og:site_name\" content=\"Peetri P\u00f5hikool\" \/>\n<meta property=\"article:modified_time\" content=\"2018-09-13T10:54:48+00:00\" \/>\n<meta name=\"twitter:card\" content=\"summary_large_image\" \/>\n<meta name=\"twitter:label1\" content=\"Est. reading time\" \/>\n\t<meta name=\"twitter:data1\" content=\"1 minut\" \/>\n<script type=\"application\/ld+json\" class=\"yoast-schema-graph\">{\"@context\":\"https:\/\/schema.org\",\"@graph\":[{\"@type\":\"WebPage\",\"@id\":\"https:\/\/www.peetri.edu.ee\/pohikool\/7-harjumust\/miks-meie-koolis\/7-harjumust-opetab\/\",\"url\":\"https:\/\/www.peetri.edu.ee\/pohikool\/7-harjumust\/miks-meie-koolis\/7-harjumust-opetab\/\",\"name\":\"7 harjumust \u00f5petab - Peetri P\u00f5hikool\",\"isPartOf\":{\"@id\":\"https:\/\/www.peetri.edu.ee\/pohikool\/#website\"},\"datePublished\":\"2017-08-11T10:35:25+00:00\",\"dateModified\":\"2018-09-13T10:54:48+00:00\",\"breadcrumb\":{\"@id\":\"https:\/\/www.peetri.edu.ee\/pohikool\/7-harjumust\/miks-meie-koolis\/7-harjumust-opetab\/#breadcrumb\"},\"inLanguage\":\"et\",\"potentialAction\":[{\"@type\":\"ReadAction\",\"target\":[\"https:\/\/www.peetri.edu.ee\/pohikool\/7-harjumust\/miks-meie-koolis\/7-harjumust-opetab\/\"]}]},{\"@type\":\"BreadcrumbList\",\"@id\":\"https:\/\/www.peetri.edu.ee\/pohikool\/7-harjumust\/miks-meie-koolis\/7-harjumust-opetab\/#breadcrumb\",\"itemListElement\":[{\"@type\":\"ListItem\",\"position\":1,\"name\":\"Home\",\"item\":\"https:\/\/www.peetri.edu.ee\/pohikool\/\"},{\"@type\":\"ListItem\",\"position\":2,\"name\":\"Liider minus endas\",\"item\":\"https:\/\/www.peetri.edu.ee\/pohikool\/7-harjumust\/\"},{\"@type\":\"ListItem\",\"position\":3,\"name\":\"Miks meie koolis\",\"item\":\"https:\/\/www.peetri.edu.ee\/pohikool\/7-harjumust\/miks-meie-koolis\/\"},{\"@type\":\"ListItem\",\"position\":4,\"name\":\"7 harjumust \u00f5petab\"}]},{\"@type\":\"WebSite\",\"@id\":\"https:\/\/www.peetri.edu.ee\/pohikool\/#website\",\"url\":\"https:\/\/www.peetri.edu.ee\/pohikool\/\",\"name\":\"Peetri P\u00f5hikool\",\"description\":\"Igas inimeses on p\u00e4ike, laskem tal s\u00e4rada\",\"potentialAction\":[{\"@type\":\"SearchAction\",\"target\":{\"@type\":\"EntryPoint\",\"urlTemplate\":\"https:\/\/www.peetri.edu.ee\/pohikool\/?s={search_term_string}\"},\"query-input\":{\"@type\":\"PropertyValueSpecification\",\"valueRequired\":true,\"valueName\":\"search_term_string\"}}],\"inLanguage\":\"et\"}]}<\/script>\n<!-- \/ Yoast SEO plugin. -->","yoast_head_json":{"title":"7 harjumust \u00f5petab - Peetri P\u00f5hikool","robots":{"index":"index","follow":"follow","max-snippet":"max-snippet:-1","max-image-preview":"max-image-preview:large","max-video-preview":"max-video-preview:-1"},"canonical":"https:\/\/www.peetri.edu.ee\/pohikool\/7-harjumust\/miks-meie-koolis\/7-harjumust-opetab\/","og_locale":"et_EE","og_type":"article","og_title":"7 harjumust \u00f5petab - Peetri P\u00f5hikool","og_description":"7 harjumust \u00f5petab Eluoskused 21. sajadi oskused, mida lapsevanemad ja t\u00f6\u00f6andjad soovivad Enesejuhtimisoskused Ole proaktiivne Alusta l\u00f5ppeesm\u00e4rki silmas pidades Sea...","og_url":"https:\/\/www.peetri.edu.ee\/pohikool\/7-harjumust\/miks-meie-koolis\/7-harjumust-opetab\/","og_site_name":"Peetri P\u00f5hikool","article_modified_time":"2018-09-13T10:54:48+00:00","twitter_card":"summary_large_image","twitter_misc":{"Est. reading time":"1 minut"},"schema":{"@context":"https:\/\/schema.org","@graph":[{"@type":"WebPage","@id":"https:\/\/www.peetri.edu.ee\/pohikool\/7-harjumust\/miks-meie-koolis\/7-harjumust-opetab\/","url":"https:\/\/www.peetri.edu.ee\/pohikool\/7-harjumust\/miks-meie-koolis\/7-harjumust-opetab\/","name":"7 harjumust \u00f5petab - Peetri P\u00f5hikool","isPartOf":{"@id":"https:\/\/www.peetri.edu.ee\/pohikool\/#website"},"datePublished":"2017-08-11T10:35:25+00:00","dateModified":"2018-09-13T10:54:48+00:00","breadcrumb":{"@id":"https:\/\/www.peetri.edu.ee\/pohikool\/7-harjumust\/miks-meie-koolis\/7-harjumust-opetab\/#breadcrumb"},"inLanguage":"et","potentialAction":[{"@type":"ReadAction","target":["https:\/\/www.peetri.edu.ee\/pohikool\/7-harjumust\/miks-meie-koolis\/7-harjumust-opetab\/"]}]},{"@type":"BreadcrumbList","@id":"https:\/\/www.peetri.edu.ee\/pohikool\/7-harjumust\/miks-meie-koolis\/7-harjumust-opetab\/#breadcrumb","itemListElement":[{"@type":"ListItem","position":1,"name":"Home","item":"https:\/\/www.peetri.edu.ee\/pohikool\/"},{"@type":"ListItem","position":2,"name":"Liider minus endas","item":"https:\/\/www.peetri.edu.ee\/pohikool\/7-harjumust\/"},{"@type":"ListItem","position":3,"name":"Miks meie koolis","item":"https:\/\/www.peetri.edu.ee\/pohikool\/7-harjumust\/miks-meie-koolis\/"},{"@type":"ListItem","position":4,"name":"7 harjumust \u00f5petab"}]},{"@type":"WebSite","@id":"https:\/\/www.peetri.edu.ee\/pohikool\/#website","url":"https:\/\/www.peetri.edu.ee\/pohikool\/","name":"Peetri P\u00f5hikool","description":"Igas inimeses on p\u00e4ike, laskem tal s\u00e4rada","potentialAction":[{"@type":"SearchAction","target":{"@type":"EntryPoint","urlTemplate":"https:\/\/www.peetri.edu.ee\/pohikool\/?s={search_term_string}"},"query-input":{"@type":"PropertyValueSpecification","valueRequired":true,"valueName":"search_term_string"}}],"inLanguage":"et"}]}},"acf":[],"_links":{"self":[{"href":"https:\/\/www.peetri.edu.ee\/pohikool\/wp-json\/wp\/v2\/pages\/142","targetHints":{"allow":["GET"]}}],"collection":[{"href":"https:\/\/www.peetri.edu.ee\/pohikool\/wp-json\/wp\/v2\/pages"}],"about":[{"href":"https:\/\/www.peetri.edu.ee\/pohikool\/wp-json\/wp\/v2\/types\/page"}],"author":[{"embeddable":true,"href":"https:\/\/www.peetri.edu.ee\/pohikool\/wp-json\/wp\/v2\/users\/1"}],"replies":[{"embeddable":true,"href":"https:\/\/www.peetri.edu.ee\/pohikool\/wp-json\/wp\/v2\/comments?post=142"}],"version-history":[{"count":5,"href":"https:\/\/www.peetri.edu.ee\/pohikool\/wp-json\/wp\/v2\/pages\/142\/revisions"}],"predecessor-version":[{"id":1958,"href":"https:\/\/www.peetri.edu.ee\/pohikool\/wp-json\/wp\/v2\/pages\/142\/revisions\/1958"}],"up":[{"embeddable":true,"href":"https:\/\/www.peetri.edu.ee\/pohikool\/wp-json\/wp\/v2\/pages\/139"}],"wp:attachment":[{"href":"https:\/\/www.peetri.edu.ee\/pohikool\/wp-json\/wp\/v2\/media?parent=142"}],"curies":[{"name":"wp","href":"https:\/\/api.w.org\/{rel}","templated":true}]}}