{"id":1402,"date":"2017-12-11T12:27:18","date_gmt":"2017-12-11T10:27:18","guid":{"rendered":"https:\/\/www.peetri.edu.ee\/pohikool\/?page_id=1402"},"modified":"2021-02-10T13:05:18","modified_gmt":"2021-02-10T11:05:18","slug":"heategevus","status":"publish","type":"page","link":"https:\/\/www.peetri.edu.ee\/pohikool\/heategevus\/","title":{"rendered":"Heategevus"},"content":{"rendered":"<h3>Tallinna Loomaaed<\/h3>\n<p>Peetri kool on Tallinna\u00a0Loomaaia ilveste vaderiks alates juuni 2016. Meie heategevuslike s\u00fcgis-, j\u00f5ululaada ja ka perepiknikutel kogutav raha l\u00e4heb ilveste toidulaua toetuseks.<\/p>\n<p><a href=\"http:\/\/www.tlss.ee\/toeta-loomaaeda\/\">http:\/\/www.tlss.ee\/toeta-loomaaeda\/ <\/a><\/p>\n<h3>Eesti Toidupank<\/h3>\n<p>Peetri kooli \u00f5pilased osalevad alates detsembrist 2011 regulaarselt ka Eesti\u00a0Toidupanga t\u00f6\u00f6s. Viimati k\u00e4is kooli \u00d5pilasesindus Sikupilli Kaubanduskeskuse\u00a0toidupanga \u00fcritusel abiks 9. detsembril.<\/p>\n<p><a id=\"LPlnk691368\" class=\"x_OWAAutoLink\" href=\"http:\/\/www.toidupank.ee\/toidupank-tallinnas\/\" target=\"_blank\" rel=\"noopener noreferrer\">http:\/\/www.toidupank.ee\/toidupank-tallinnas\/<\/a><\/p>\n<h3>MT\u00dc\u00a0Mondo<\/h3>\n<p>MT\u00dc Mondoga algas koost\u00f6\u00f6 2015 aastal, kui meie\u00a0kooli k\u00e4sit\u00f6\u00f6\u00f5petaja Inga Veskim\u00e4gi eestvedamisel\u00a0viidi l\u00e4bi\u00a0projekt \u201eMaailma mitu n\u00e4gu\u201c<\/p>\n<p><a id=\"LPlnk667316\" href=\"https:\/\/maailmahariduspeetris.wordpress.com\/maailmapaevad-2015\/\" target=\"_blank\" rel=\"noopener noreferrer\">https:\/\/maailmahariduspeetris.wordpress.com\/maailmapaevad-2015\/<\/a><\/p>\n<p>Projekti raames toimunud laadal kogusime raha heategevuseks, et toetada \u00fchte last Keeniast. Meie &#8220;lapseks&#8221; sai Lavine\u00a0<span id=\"x_x_ms-rterangepaste-start\"><\/span>Wandutu, kes \u00f5pib\u00a0Khaunga p\u00f5hikoolis.\u00a0<span id=\"x_x_ms-rterangepaste-end\"><\/span> Lavine on j\u00f5udnud n\u00fc\u00fcd 9.\u00a0klassi ning tema kirjas\u00f5pradeks on kahe aasta jooksul olnud meie kooli 9.B klass ning \u00f5petaja Pille.<\/p>\n<p><a id=\"LPlnk742484\" class=\"x_x_OWAAutoLink\" href=\"http:\/\/www.mondo.org.ee\/\" target=\"_blank\" rel=\"noopener noreferrer\">http:\/\/www.mondo.org.ee\/<\/a><\/p>\n<p><a id=\"LPlnk391945\" class=\"x_x_OWAAutoLink\" href=\"http:\/\/www.mondo.org.ee\/hoolin\/\" target=\"_blank\" rel=\"noopener noreferrer\">http:\/\/www.mondo.org.ee\/hoolin\/<\/a><\/p>\n<p><a href=\"http:\/\/www.mondo.org.ee\/toeta\/tarkusefond\/\">http:\/\/www.mondo.org.ee\/toeta\/tarkusefond\/<\/a><\/p>\n<p>Pildigalerii Lavine tegemistest leiab siit: <a href=\"https:\/\/drive.google.com\/drive\/folders\/1oGqGQSyMmXFWgP5rZiEPUKSMhpH_8kqU?usp=sharing\">Lavine<\/a><\/p>\n","protected":false},"excerpt":{"rendered":"<p>Tallinna Loomaaed Peetri kool on Tallinna\u00a0Loomaaia ilveste vaderiks alates juuni 2016. Meie heategevuslike s\u00fcgis-, j\u00f5ululaada ja ka perepiknikutel kogutav raha&#8230;<\/p>\n","protected":false},"author":1,"featured_media":0,"parent":0,"menu_order":0,"comment_status":"closed","ping_status":"closed","template":"","meta":{"_acf_changed":false,"footnotes":""},"class_list":["post-1402","page","type-page","status-publish","hentry"],"yoast_head":"<!-- This site is optimized with the Yoast SEO plugin v27.2 - https:\/\/yoast.com\/product\/yoast-seo-wordpress\/ -->\n<title>Heategevus - Peetri P\u00f5hikool<\/title>\n<meta name=\"robots\" content=\"index, follow, max-snippet:-1, max-image-preview:large, max-video-preview:-1\" \/>\n<link rel=\"canonical\" href=\"https:\/\/www.peetri.edu.ee\/pohikool\/heategevus\/\" \/>\n<meta property=\"og:locale\" content=\"et_EE\" \/>\n<meta property=\"og:type\" content=\"article\" \/>\n<meta property=\"og:title\" content=\"Heategevus - Peetri P\u00f5hikool\" \/>\n<meta property=\"og:description\" content=\"Tallinna Loomaaed Peetri kool on Tallinna\u00a0Loomaaia ilveste vaderiks alates juuni 2016. Meie heategevuslike s\u00fcgis-, j\u00f5ululaada ja ka perepiknikutel kogutav raha...\" \/>\n<meta property=\"og:url\" content=\"https:\/\/www.peetri.edu.ee\/pohikool\/heategevus\/\" \/>\n<meta property=\"og:site_name\" content=\"Peetri P\u00f5hikool\" \/>\n<meta property=\"article:modified_time\" content=\"2021-02-10T11:05:18+00:00\" \/>\n<meta name=\"twitter:card\" content=\"summary_large_image\" \/>\n<meta name=\"twitter:label1\" content=\"Est. reading time\" \/>\n\t<meta name=\"twitter:data1\" content=\"1 minut\" \/>\n<script type=\"application\/ld+json\" class=\"yoast-schema-graph\">{\"@context\":\"https:\/\/schema.org\",\"@graph\":[{\"@type\":\"WebPage\",\"@id\":\"https:\/\/www.peetri.edu.ee\/pohikool\/heategevus\/\",\"url\":\"https:\/\/www.peetri.edu.ee\/pohikool\/heategevus\/\",\"name\":\"Heategevus - Peetri P\u00f5hikool\",\"isPartOf\":{\"@id\":\"https:\/\/www.peetri.edu.ee\/pohikool\/#website\"},\"datePublished\":\"2017-12-11T10:27:18+00:00\",\"dateModified\":\"2021-02-10T11:05:18+00:00\",\"breadcrumb\":{\"@id\":\"https:\/\/www.peetri.edu.ee\/pohikool\/heategevus\/#breadcrumb\"},\"inLanguage\":\"et\",\"potentialAction\":[{\"@type\":\"ReadAction\",\"target\":[\"https:\/\/www.peetri.edu.ee\/pohikool\/heategevus\/\"]}]},{\"@type\":\"BreadcrumbList\",\"@id\":\"https:\/\/www.peetri.edu.ee\/pohikool\/heategevus\/#breadcrumb\",\"itemListElement\":[{\"@type\":\"ListItem\",\"position\":1,\"name\":\"Home\",\"item\":\"https:\/\/www.peetri.edu.ee\/pohikool\/\"},{\"@type\":\"ListItem\",\"position\":2,\"name\":\"Heategevus\"}]},{\"@type\":\"WebSite\",\"@id\":\"https:\/\/www.peetri.edu.ee\/pohikool\/#website\",\"url\":\"https:\/\/www.peetri.edu.ee\/pohikool\/\",\"name\":\"Peetri P\u00f5hikool\",\"description\":\"Igas inimeses on p\u00e4ike, laskem tal s\u00e4rada\",\"potentialAction\":[{\"@type\":\"SearchAction\",\"target\":{\"@type\":\"EntryPoint\",\"urlTemplate\":\"https:\/\/www.peetri.edu.ee\/pohikool\/?s={search_term_string}\"},\"query-input\":{\"@type\":\"PropertyValueSpecification\",\"valueRequired\":true,\"valueName\":\"search_term_string\"}}],\"inLanguage\":\"et\"}]}<\/script>\n<!-- \/ Yoast SEO plugin. -->","yoast_head_json":{"title":"Heategevus - Peetri P\u00f5hikool","robots":{"index":"index","follow":"follow","max-snippet":"max-snippet:-1","max-image-preview":"max-image-preview:large","max-video-preview":"max-video-preview:-1"},"canonical":"https:\/\/www.peetri.edu.ee\/pohikool\/heategevus\/","og_locale":"et_EE","og_type":"article","og_title":"Heategevus - Peetri P\u00f5hikool","og_description":"Tallinna Loomaaed Peetri kool on Tallinna\u00a0Loomaaia ilveste vaderiks alates juuni 2016. Meie heategevuslike s\u00fcgis-, j\u00f5ululaada ja ka perepiknikutel kogutav raha...","og_url":"https:\/\/www.peetri.edu.ee\/pohikool\/heategevus\/","og_site_name":"Peetri P\u00f5hikool","article_modified_time":"2021-02-10T11:05:18+00:00","twitter_card":"summary_large_image","twitter_misc":{"Est. reading time":"1 minut"},"schema":{"@context":"https:\/\/schema.org","@graph":[{"@type":"WebPage","@id":"https:\/\/www.peetri.edu.ee\/pohikool\/heategevus\/","url":"https:\/\/www.peetri.edu.ee\/pohikool\/heategevus\/","name":"Heategevus - Peetri P\u00f5hikool","isPartOf":{"@id":"https:\/\/www.peetri.edu.ee\/pohikool\/#website"},"datePublished":"2017-12-11T10:27:18+00:00","dateModified":"2021-02-10T11:05:18+00:00","breadcrumb":{"@id":"https:\/\/www.peetri.edu.ee\/pohikool\/heategevus\/#breadcrumb"},"inLanguage":"et","potentialAction":[{"@type":"ReadAction","target":["https:\/\/www.peetri.edu.ee\/pohikool\/heategevus\/"]}]},{"@type":"BreadcrumbList","@id":"https:\/\/www.peetri.edu.ee\/pohikool\/heategevus\/#breadcrumb","itemListElement":[{"@type":"ListItem","position":1,"name":"Home","item":"https:\/\/www.peetri.edu.ee\/pohikool\/"},{"@type":"ListItem","position":2,"name":"Heategevus"}]},{"@type":"WebSite","@id":"https:\/\/www.peetri.edu.ee\/pohikool\/#website","url":"https:\/\/www.peetri.edu.ee\/pohikool\/","name":"Peetri P\u00f5hikool","description":"Igas inimeses on p\u00e4ike, laskem tal s\u00e4rada","potentialAction":[{"@type":"SearchAction","target":{"@type":"EntryPoint","urlTemplate":"https:\/\/www.peetri.edu.ee\/pohikool\/?s={search_term_string}"},"query-input":{"@type":"PropertyValueSpecification","valueRequired":true,"valueName":"search_term_string"}}],"inLanguage":"et"}]}},"acf":[],"_links":{"self":[{"href":"https:\/\/www.peetri.edu.ee\/pohikool\/wp-json\/wp\/v2\/pages\/1402","targetHints":{"allow":["GET"]}}],"collection":[{"href":"https:\/\/www.peetri.edu.ee\/pohikool\/wp-json\/wp\/v2\/pages"}],"about":[{"href":"https:\/\/www.peetri.edu.ee\/pohikool\/wp-json\/wp\/v2\/types\/page"}],"author":[{"embeddable":true,"href":"https:\/\/www.peetri.edu.ee\/pohikool\/wp-json\/wp\/v2\/users\/1"}],"replies":[{"embeddable":true,"href":"https:\/\/www.peetri.edu.ee\/pohikool\/wp-json\/wp\/v2\/comments?post=1402"}],"version-history":[{"count":5,"href":"https:\/\/www.peetri.edu.ee\/pohikool\/wp-json\/wp\/v2\/pages\/1402\/revisions"}],"predecessor-version":[{"id":5208,"href":"https:\/\/www.peetri.edu.ee\/pohikool\/wp-json\/wp\/v2\/pages\/1402\/revisions\/5208"}],"wp:attachment":[{"href":"https:\/\/www.peetri.edu.ee\/pohikool\/wp-json\/wp\/v2\/media?parent=1402"}],"curies":[{"name":"wp","href":"https:\/\/api.w.org\/{rel}","templated":true}]}}