{"id":13971,"date":"2026-02-26T13:45:36","date_gmt":"2026-02-26T11:45:36","guid":{"rendered":"https:\/\/www.peetri.edu.ee\/pohikool\/?page_id=13971"},"modified":"2026-02-26T15:11:16","modified_gmt":"2026-02-26T13:11:16","slug":"opirannete-tutvustused-2025-2026","status":"publish","type":"page","link":"https:\/\/www.peetri.edu.ee\/pohikool\/opirannete-tutvustused-2025-2026\/","title":{"rendered":"\u00d5pir\u00e4nnete tutvustused (2025-2026)"},"content":{"rendered":"\n<p>Projektis nr \u00a02024-1-EE01-KA122-SCH-000232972 osalenud \u00f5petajad ja \u00f5pilased tutvustasid \u00f5pir\u00e4ndeid sisekoolitustel, veebiseminaridel, \u00f5pilaste kogunemistel, lapsevanemate koosolekutel.<\/p>\n<p><strong>\u00d5petajad tutvustavad \u00f5pir\u00e4ndeid kolleegidele.<\/strong><\/p>\n<p data-wp-editing=\"1\"><a href=\"https:\/\/www.peetri.edu.ee\/pohikool\/wp-content\/uploads\/sites\/3\/2026\/02\/Kreeka-koolitus2-scaled.jpg\"><img loading=\"lazy\" decoding=\"async\" class=\"alignnone  wp-image-13983\" src=\"https:\/\/www.peetri.edu.ee\/pohikool\/wp-content\/uploads\/sites\/3\/2026\/02\/Kreeka-koolitus2-300x211.jpg\" alt=\"\" width=\"277\" height=\"195\" \/><\/a><a href=\"https:\/\/www.peetri.edu.ee\/pohikool\/wp-content\/uploads\/sites\/3\/2026\/02\/Kreeka1.jpg\"><img loading=\"lazy\" decoding=\"async\" class=\"alignnone  wp-image-13977 alignleft\" src=\"https:\/\/www.peetri.edu.ee\/pohikool\/wp-content\/uploads\/sites\/3\/2026\/02\/Kreeka1-300x235.jpg\" alt=\"\" width=\"229\" height=\"180\" \/><\/a><\/p>\n<p data-wp-editing=\"1\"><a href=\"https:\/\/www.peetri.edu.ee\/pohikool\/wp-content\/uploads\/sites\/3\/2026\/02\/Island_koolitus-scaled.jpg\"><img loading=\"lazy\" decoding=\"async\" class=\"alignnone  wp-image-13986\" src=\"https:\/\/www.peetri.edu.ee\/pohikool\/wp-content\/uploads\/sites\/3\/2026\/02\/Island_koolitus-300x211.jpg\" alt=\"\" width=\"251\" height=\"177\" \/>\u00a0<\/a><a href=\"https:\/\/www.peetri.edu.ee\/pohikool\/wp-content\/uploads\/sites\/3\/2026\/02\/Portugal1-scaled.jpg\"><img loading=\"lazy\" decoding=\"async\" class=\"alignnone  wp-image-13974\" src=\"https:\/\/www.peetri.edu.ee\/pohikool\/wp-content\/uploads\/sites\/3\/2026\/02\/Portugal1-300x171.jpg\" alt=\"\" width=\"304\" height=\"173\" \/><\/a><\/p>\n<p data-wp-editing=\"1\"><strong>\u00d5pilased tutvustavad \u00f5pir\u00e4nnet \u00f5pilastele<\/strong><\/p>\n<p><a href=\"https:\/\/www.peetri.edu.ee\/pohikool\/wp-content\/uploads\/sites\/3\/2026\/02\/opilaste-opiranne-scaled.jpg\"><img loading=\"lazy\" decoding=\"async\" class=\"alignnone  wp-image-13980\" src=\"https:\/\/www.peetri.edu.ee\/pohikool\/wp-content\/uploads\/sites\/3\/2026\/02\/opilaste-opiranne-300x72.jpg\" alt=\"\" width=\"567\" height=\"136\" \/><\/a><\/p>\n<p><strong>\u00d5pilaste poolt antud tagasiside Erasmus+ projektile ja \u00f5pilaste tegevustele<\/strong><\/p>\n\n\n\n<p>\u00d5pilaste \u00f5pir\u00e4nne keskendus kultuuride sarnasuste ja erinevuste uurimisele ning nende tutvustamisele oma kooli \u00f5pilastele.<\/p>\n<p>\u00d5pilaste poolt antud tagasiside p\u00f5hjal andis \u00f5pir\u00e4ndel osalenud \u00f5pilaste ettekanne kuulajatele uusi teadmisi ja \u00e4ratas ka huvi rahvusvahelise koost\u00f6\u00f6 vastu. \u00d5pilaste ettekannet peeti huvitavaks ja kaasahaaravaks.\u00a0 Enne esitlust teadsid paljud \u00f5pilased Sardiiniast v\u00e4he v\u00f5i mitte midagi. P\u00e4rast ettekannet said kuulajad uusi teadmisi nii kultuuri, looduse kui ka igap\u00e4evaelu kohta. Mitmed t\u00f5id v\u00e4lja, et \u00f5ppisid midagi uut rahvariiete, v\u00e4rvide ja materjalide, kliima, m\u00e4gede, mere ning kohalike inimeste s\u00f5bralikkuse kohta.<\/p>\n","protected":false},"excerpt":{"rendered":"<p>Projektis nr \u00a02024-1-EE01-KA122-SCH-000232972 osalenud \u00f5petajad ja \u00f5pilased tutvustasid \u00f5pir\u00e4ndeid sisekoolitustel, veebiseminaridel, \u00f5pilaste kogunemistel, lapsevanemate koosolekutel. \u00d5petajad tutvustavad \u00f5pir\u00e4ndeid kolleegidele. \u00a0&#8230;<\/p>\n","protected":false},"author":14,"featured_media":0,"parent":0,"menu_order":0,"comment_status":"closed","ping_status":"closed","template":"","meta":{"_acf_changed":false,"footnotes":""},"class_list":["post-13971","page","type-page","status-publish","hentry"],"yoast_head":"<!-- This site is optimized with the Yoast SEO plugin v27.2 - https:\/\/yoast.com\/product\/yoast-seo-wordpress\/ -->\n<title>\u00d5pir\u00e4nnete tutvustused (2025-2026) - Peetri P\u00f5hikool<\/title>\n<meta name=\"robots\" content=\"index, follow, max-snippet:-1, max-image-preview:large, max-video-preview:-1\" \/>\n<link rel=\"canonical\" href=\"https:\/\/www.peetri.edu.ee\/pohikool\/opirannete-tutvustused-2025-2026\/\" \/>\n<meta property=\"og:locale\" content=\"et_EE\" \/>\n<meta property=\"og:type\" content=\"article\" \/>\n<meta property=\"og:title\" content=\"\u00d5pir\u00e4nnete tutvustused (2025-2026) - Peetri P\u00f5hikool\" \/>\n<meta property=\"og:description\" content=\"Projektis nr \u00a02024-1-EE01-KA122-SCH-000232972 osalenud \u00f5petajad ja \u00f5pilased tutvustasid \u00f5pir\u00e4ndeid sisekoolitustel, veebiseminaridel, \u00f5pilaste kogunemistel, lapsevanemate koosolekutel. \u00d5petajad tutvustavad \u00f5pir\u00e4ndeid kolleegidele. \u00a0...\" \/>\n<meta property=\"og:url\" content=\"https:\/\/www.peetri.edu.ee\/pohikool\/opirannete-tutvustused-2025-2026\/\" \/>\n<meta property=\"og:site_name\" content=\"Peetri P\u00f5hikool\" \/>\n<meta property=\"article:modified_time\" content=\"2026-02-26T13:11:16+00:00\" \/>\n<meta property=\"og:image\" content=\"https:\/\/www.peetri.edu.ee\/pohikool\/wp-content\/uploads\/sites\/3\/2026\/02\/Kreeka-koolitus2-scaled.jpg\" \/>\n\t<meta property=\"og:image:width\" content=\"2560\" \/>\n\t<meta property=\"og:image:height\" content=\"1804\" \/>\n\t<meta property=\"og:image:type\" content=\"image\/jpeg\" \/>\n<meta name=\"twitter:card\" content=\"summary_large_image\" \/>\n<meta name=\"twitter:label1\" content=\"Est. reading time\" \/>\n\t<meta name=\"twitter:data1\" content=\"2 minutit\" \/>\n<script type=\"application\/ld+json\" class=\"yoast-schema-graph\">{\"@context\":\"https:\/\/schema.org\",\"@graph\":[{\"@type\":\"WebPage\",\"@id\":\"https:\/\/www.peetri.edu.ee\/pohikool\/opirannete-tutvustused-2025-2026\/\",\"url\":\"https:\/\/www.peetri.edu.ee\/pohikool\/opirannete-tutvustused-2025-2026\/\",\"name\":\"\u00d5pir\u00e4nnete tutvustused (2025-2026) - Peetri P\u00f5hikool\",\"isPartOf\":{\"@id\":\"https:\/\/www.peetri.edu.ee\/pohikool\/#website\"},\"primaryImageOfPage\":{\"@id\":\"https:\/\/www.peetri.edu.ee\/pohikool\/opirannete-tutvustused-2025-2026\/#primaryimage\"},\"image\":{\"@id\":\"https:\/\/www.peetri.edu.ee\/pohikool\/opirannete-tutvustused-2025-2026\/#primaryimage\"},\"thumbnailUrl\":\"https:\/\/www.peetri.edu.ee\/pohikool\/wp-content\/uploads\/sites\/3\/2026\/02\/Kreeka-koolitus2-300x211.jpg\",\"datePublished\":\"2026-02-26T11:45:36+00:00\",\"dateModified\":\"2026-02-26T13:11:16+00:00\",\"breadcrumb\":{\"@id\":\"https:\/\/www.peetri.edu.ee\/pohikool\/opirannete-tutvustused-2025-2026\/#breadcrumb\"},\"inLanguage\":\"et\",\"potentialAction\":[{\"@type\":\"ReadAction\",\"target\":[\"https:\/\/www.peetri.edu.ee\/pohikool\/opirannete-tutvustused-2025-2026\/\"]}]},{\"@type\":\"ImageObject\",\"inLanguage\":\"et\",\"@id\":\"https:\/\/www.peetri.edu.ee\/pohikool\/opirannete-tutvustused-2025-2026\/#primaryimage\",\"url\":\"https:\/\/www.peetri.edu.ee\/pohikool\/wp-content\/uploads\/sites\/3\/2026\/02\/Kreeka-koolitus2-scaled.jpg\",\"contentUrl\":\"https:\/\/www.peetri.edu.ee\/pohikool\/wp-content\/uploads\/sites\/3\/2026\/02\/Kreeka-koolitus2-scaled.jpg\",\"width\":2560,\"height\":1804},{\"@type\":\"BreadcrumbList\",\"@id\":\"https:\/\/www.peetri.edu.ee\/pohikool\/opirannete-tutvustused-2025-2026\/#breadcrumb\",\"itemListElement\":[{\"@type\":\"ListItem\",\"position\":1,\"name\":\"Home\",\"item\":\"https:\/\/www.peetri.edu.ee\/pohikool\/\"},{\"@type\":\"ListItem\",\"position\":2,\"name\":\"\u00d5pir\u00e4nnete tutvustused (2025-2026)\"}]},{\"@type\":\"WebSite\",\"@id\":\"https:\/\/www.peetri.edu.ee\/pohikool\/#website\",\"url\":\"https:\/\/www.peetri.edu.ee\/pohikool\/\",\"name\":\"Peetri P\u00f5hikool\",\"description\":\"Igas inimeses on p\u00e4ike, laskem tal s\u00e4rada\",\"potentialAction\":[{\"@type\":\"SearchAction\",\"target\":{\"@type\":\"EntryPoint\",\"urlTemplate\":\"https:\/\/www.peetri.edu.ee\/pohikool\/?s={search_term_string}\"},\"query-input\":{\"@type\":\"PropertyValueSpecification\",\"valueRequired\":true,\"valueName\":\"search_term_string\"}}],\"inLanguage\":\"et\"}]}<\/script>\n<!-- \/ Yoast SEO plugin. -->","yoast_head_json":{"title":"\u00d5pir\u00e4nnete tutvustused (2025-2026) - Peetri P\u00f5hikool","robots":{"index":"index","follow":"follow","max-snippet":"max-snippet:-1","max-image-preview":"max-image-preview:large","max-video-preview":"max-video-preview:-1"},"canonical":"https:\/\/www.peetri.edu.ee\/pohikool\/opirannete-tutvustused-2025-2026\/","og_locale":"et_EE","og_type":"article","og_title":"\u00d5pir\u00e4nnete tutvustused (2025-2026) - Peetri P\u00f5hikool","og_description":"Projektis nr \u00a02024-1-EE01-KA122-SCH-000232972 osalenud \u00f5petajad ja \u00f5pilased tutvustasid \u00f5pir\u00e4ndeid sisekoolitustel, veebiseminaridel, \u00f5pilaste kogunemistel, lapsevanemate koosolekutel. \u00d5petajad tutvustavad \u00f5pir\u00e4ndeid kolleegidele. \u00a0...","og_url":"https:\/\/www.peetri.edu.ee\/pohikool\/opirannete-tutvustused-2025-2026\/","og_site_name":"Peetri P\u00f5hikool","article_modified_time":"2026-02-26T13:11:16+00:00","og_image":[{"width":2560,"height":1804,"url":"https:\/\/www.peetri.edu.ee\/pohikool\/wp-content\/uploads\/sites\/3\/2026\/02\/Kreeka-koolitus2-scaled.jpg","type":"image\/jpeg"}],"twitter_card":"summary_large_image","twitter_misc":{"Est. reading time":"2 minutit"},"schema":{"@context":"https:\/\/schema.org","@graph":[{"@type":"WebPage","@id":"https:\/\/www.peetri.edu.ee\/pohikool\/opirannete-tutvustused-2025-2026\/","url":"https:\/\/www.peetri.edu.ee\/pohikool\/opirannete-tutvustused-2025-2026\/","name":"\u00d5pir\u00e4nnete tutvustused (2025-2026) - Peetri P\u00f5hikool","isPartOf":{"@id":"https:\/\/www.peetri.edu.ee\/pohikool\/#website"},"primaryImageOfPage":{"@id":"https:\/\/www.peetri.edu.ee\/pohikool\/opirannete-tutvustused-2025-2026\/#primaryimage"},"image":{"@id":"https:\/\/www.peetri.edu.ee\/pohikool\/opirannete-tutvustused-2025-2026\/#primaryimage"},"thumbnailUrl":"https:\/\/www.peetri.edu.ee\/pohikool\/wp-content\/uploads\/sites\/3\/2026\/02\/Kreeka-koolitus2-300x211.jpg","datePublished":"2026-02-26T11:45:36+00:00","dateModified":"2026-02-26T13:11:16+00:00","breadcrumb":{"@id":"https:\/\/www.peetri.edu.ee\/pohikool\/opirannete-tutvustused-2025-2026\/#breadcrumb"},"inLanguage":"et","potentialAction":[{"@type":"ReadAction","target":["https:\/\/www.peetri.edu.ee\/pohikool\/opirannete-tutvustused-2025-2026\/"]}]},{"@type":"ImageObject","inLanguage":"et","@id":"https:\/\/www.peetri.edu.ee\/pohikool\/opirannete-tutvustused-2025-2026\/#primaryimage","url":"https:\/\/www.peetri.edu.ee\/pohikool\/wp-content\/uploads\/sites\/3\/2026\/02\/Kreeka-koolitus2-scaled.jpg","contentUrl":"https:\/\/www.peetri.edu.ee\/pohikool\/wp-content\/uploads\/sites\/3\/2026\/02\/Kreeka-koolitus2-scaled.jpg","width":2560,"height":1804},{"@type":"BreadcrumbList","@id":"https:\/\/www.peetri.edu.ee\/pohikool\/opirannete-tutvustused-2025-2026\/#breadcrumb","itemListElement":[{"@type":"ListItem","position":1,"name":"Home","item":"https:\/\/www.peetri.edu.ee\/pohikool\/"},{"@type":"ListItem","position":2,"name":"\u00d5pir\u00e4nnete tutvustused (2025-2026)"}]},{"@type":"WebSite","@id":"https:\/\/www.peetri.edu.ee\/pohikool\/#website","url":"https:\/\/www.peetri.edu.ee\/pohikool\/","name":"Peetri P\u00f5hikool","description":"Igas inimeses on p\u00e4ike, laskem tal s\u00e4rada","potentialAction":[{"@type":"SearchAction","target":{"@type":"EntryPoint","urlTemplate":"https:\/\/www.peetri.edu.ee\/pohikool\/?s={search_term_string}"},"query-input":{"@type":"PropertyValueSpecification","valueRequired":true,"valueName":"search_term_string"}}],"inLanguage":"et"}]}},"acf":[],"_links":{"self":[{"href":"https:\/\/www.peetri.edu.ee\/pohikool\/wp-json\/wp\/v2\/pages\/13971","targetHints":{"allow":["GET"]}}],"collection":[{"href":"https:\/\/www.peetri.edu.ee\/pohikool\/wp-json\/wp\/v2\/pages"}],"about":[{"href":"https:\/\/www.peetri.edu.ee\/pohikool\/wp-json\/wp\/v2\/types\/page"}],"author":[{"embeddable":true,"href":"https:\/\/www.peetri.edu.ee\/pohikool\/wp-json\/wp\/v2\/users\/14"}],"replies":[{"embeddable":true,"href":"https:\/\/www.peetri.edu.ee\/pohikool\/wp-json\/wp\/v2\/comments?post=13971"}],"version-history":[{"count":5,"href":"https:\/\/www.peetri.edu.ee\/pohikool\/wp-json\/wp\/v2\/pages\/13971\/revisions"}],"predecessor-version":[{"id":13997,"href":"https:\/\/www.peetri.edu.ee\/pohikool\/wp-json\/wp\/v2\/pages\/13971\/revisions\/13997"}],"wp:attachment":[{"href":"https:\/\/www.peetri.edu.ee\/pohikool\/wp-json\/wp\/v2\/media?parent=13971"}],"curies":[{"name":"wp","href":"https:\/\/api.w.org\/{rel}","templated":true}]}}