{"id":13941,"date":"2026-02-25T13:58:39","date_gmt":"2026-02-25T11:58:39","guid":{"rendered":"https:\/\/www.peetri.edu.ee\/pohikool\/?page_id=13941"},"modified":"2026-02-26T21:32:39","modified_gmt":"2026-02-26T19:32:39","slug":"opilaste-ruhmaviisiline-opiranne-itaalias","status":"publish","type":"page","link":"https:\/\/www.peetri.edu.ee\/pohikool\/opilaste-ruhmaviisiline-opiranne-itaalias\/","title":{"rendered":"\u00d5pilaste r\u00fchmaviisiline \u00f5pir\u00e4nne Itaalias,"},"content":{"rendered":"\n<p><a href=\"https:\/\/www.peetri.edu.ee\/pohikool\/wp-content\/uploads\/sites\/3\/2026\/02\/ET_Co-fundedbytheEU_RGB_POS-scaled.png\"><img loading=\"lazy\" decoding=\"async\" class=\"alignnone size-medium wp-image-13948\" src=\"https:\/\/www.peetri.edu.ee\/pohikool\/wp-content\/uploads\/sites\/3\/2026\/02\/ET_Co-fundedbytheEU_RGB_POS-300x75.png\" alt=\"\" width=\"300\" height=\"75\"> &nbsp; &nbsp; &nbsp; &nbsp; &nbsp; &nbsp;<\/a><a href=\"https:\/\/www.peetri.edu.ee\/pohikool\/wp-content\/uploads\/sites\/3\/2026\/02\/Erasmus-sinine-loosungiga-EST.png\"><img loading=\"lazy\" decoding=\"async\" class=\"alignnone size-medium wp-image-13945\" src=\"https:\/\/www.peetri.edu.ee\/pohikool\/wp-content\/uploads\/sites\/3\/2026\/02\/Erasmus-sinine-loosungiga-EST-300x74.png\" alt=\"\" width=\"300\" height=\"74\"><\/a><\/p>\n\n\n\n<h3><span style=\"color: #000080\"><strong>\u00d5pilaste r\u00fchmaviisiline \u00f5pir\u00e4nne Itaalias<\/strong><\/span><\/h3>\n\n\n\n<p>ISTITUTO COMPRENSIVO<br>&#8220;Eleonora D&#8217;Arborea&#8221;<br>IGLESIAS<\/p>\n\n\n\n<p><\/p>\n\n\n\n<p><span style=\"font-weight: 400\">Peetri kooli 8.d klassi \u00f5pilased k\u00e4isid 1.\u20138. novembril Sardiinias kultuuridevahelisele erinevusele suunatud \u00f5pir\u00e4ndel.<\/span><\/p>\n<p><span style=\"font-weight: 400\">Reis algas juba 1. novembri varahommikul ning \u00f5htuks j\u00f5udsime Sardiinia pealinna Cagliarisse, kus j\u00e4rgmisel p\u00e4eval tutvusime Cagliari vaatamisv\u00e4\u00e4rsustega. K\u00e4isime Saint Remy bastionis, kiikasime sisse kohalikesse kirikutesse ning jalutasime Tuvixeddu nekropolises ringi.<\/span><\/p>\n<p><span style=\"font-weight: 400\">Projekti alguses tutvusime Instituto Comprensivo Pietro Allori kooliga, kes meid vastu v\u00f5ttis. Esimesel p\u00e4eval tutvustasid itaalia \u00f5pilased meile oma kooli ning Iglesiase linna, kus programm toimus, ning eesti \u00f5pilased tutvustasid oma kooli, Eesti riiki ja eesti kultuuri. \u00d5pilased said tuttavaks projekti kaasatud itaalia \u00f5pilastega ning koolimajaga, saime osaleda ka tundides ning k\u00fcsida koolikultuuri kohta k\u00fcsimusi.<\/span><\/p>\n<p><span style=\"font-weight: 400\">Koolip\u00e4evad olid t\u00e4is p\u00f5nevaid v\u00e4ljas\u00f5ite. K\u00fclastasime mineraalide- ja mineraloogiamuuseumit, kus olid v\u00e4lja pandud Sardiinia erinevad kivimid ja mineraalid. Kuna tegemist on ajaloolise kaevanduspiirkonnaga, siis kinnistasime muuseumis saadud teadmisi k\u00fclastusega San Giovanni koopasse, kus meile tutvustati pilkup\u00fc\u00fcdvaid stalaktiite ja stalagmiite.<\/span><\/p>\n<p><span style=\"font-weight: 400\">J\u00e4rgnevatel p\u00e4evadel k\u00fclastasime Porto Flavia sadamat, mis on ehitatud kalju sisse ja mis oli 20. sajandil uuenduslik lahendus kohalikest kaevandustest maavarade transportimiseks. \u00d5pilased tutvusid kohaliku piirkonna ja sealse majandusega ning said uusi teadmisi kohaliku ajaloo kohta.<\/span><\/p>\n<p><span style=\"font-weight: 400\">P\u00f5nevad koolip\u00e4evad aitasid \u00f5pilastel luua \u00fcksteisega tugevamat sidet. \u00d5pilased said \u00fcheskoos osaleda erinevates m\u00e4ngulistes tegevustes, n\u00e4iteks joonistasid eestlased ja itaallased \u00fcksteisest portreesid. Ka ei puudunud programmist toredad vestlusm\u00e4ngud, milles tuli \u00fcksteisele tutvustada oma kultuuride erinevaid tahke. \u00d5pilased tutvustasid \u00fcksteisele erinevaid seltskonnam\u00e4nge, n\u00e4iteks m\u00e4ngisid nad eesti- ja itaaliakeelset \u201cTelefoni\u201d ning m\u00e4ngu \u201cHeeringas, heeringas, \u00fcks, kaks, kolm\u201d.<\/span><\/p>\n<p><span style=\"font-weight: 400\">Peale koolip\u00e4evi k\u00e4isime ka Iglesiase linnas palju ringi, n\u00e4iteks k\u00fclastasime kohalikest muuseumitest veel keskaegsete piinamisvahendite muuseumit, rahvariidemuuseumit ning s\u00f5itsime linnast v\u00e4lja Santa Barbara koobastega tutvuma.<\/span><\/p>\n<p><span style=\"font-weight: 400\">Programmi ametlik osa l\u00f5ppes 7. novembril, mil \u00f5pilased said k\u00e4tte tunnistused. Tunnistused andsid \u00fcle \u00f5petajad Merilin M\u00e4gi ja Giorgio Etzi ning Pietro Allori kooli direktor Maria Giovanna Carta. Seej\u00e4rel said \u00f5pilased veel \u00fchiselt projektil saadud muljeid jagada ning \u00fcksteisele viimased head s\u00f5nad teele panna.<\/span><\/p>\n<p><span style=\"font-weight: 400\">8.d klassi Katriin v\u00f5tab reisimuljed kokku j\u00e4rgmiselt: \u201cOlen Sardiinia reisiga v\u00e4ga-v\u00e4ga rahul ja olen nii-nii t\u00e4nulik meie kahele \u00f5petajale, kes meiega selle toreda seikluse kaasa tegid. K\u00f5ik selle reisi juures oli nii-nii-nii \u00e4ge ja l\u00e4heksin iga hetk tagasi. Reisi juures meeldis mulle k\u00f5ige rohkem see, et saime koos avastada uusi kohti, kultuuri, maitseid ja sealset koolielu.\u201d<\/span><\/p>\n<p><span style=\"font-weight: 400\">\u00d5pilastega k\u00e4isid kaasas \u00f5petajad Merilin ja Janika.<\/span><\/p>\n<p><span style=\"font-weight: 400\">T\u00e4name \u00f5petaja Signe Reidlat Erasmus+ projektide elluviimise eest ning t\u00e4name Instituto Comprensivo Pietro Allori kooli ja Iglesiase linnavalitsust sooja vastuv\u00f5tu eest!<\/span><\/p>\n<p>Rohkem infot: <a href=\"https:\/\/profareng.weebly.com\/otildepilaste-ruumlhmaviisiline-otildepiraumlnne-itaalia.html\">https:\/\/profareng.weebly.com\/otildepilaste-ruumlhmaviisiline-otildepiraumlnne-itaalia.html<\/a><\/p>\n<p>\u00a0<\/p>\n\n\n\n<figure class=\"wp-block-gallery has-nested-images columns-default is-cropped wp-block-gallery-1 is-layout-flex wp-block-gallery-is-layout-flex\">\n<figure class=\"wp-block-image size-large\"><img loading=\"lazy\" decoding=\"async\" width=\"1024\" height=\"768\" data-id=\"14037\" src=\"https:\/\/www.peetri.edu.ee\/pohikool\/wp-content\/uploads\/sites\/3\/2026\/02\/processed-81D8E1C1-6B70-4369-85FA-1708820D6670-1024x768.jpeg\" alt=\"\" class=\"wp-image-14037\" \/><\/figure>\n\n\n\n<figure class=\"wp-block-image size-large\"><img loading=\"lazy\" decoding=\"async\" width=\"1024\" height=\"768\" data-id=\"14040\" src=\"https:\/\/www.peetri.edu.ee\/pohikool\/wp-content\/uploads\/sites\/3\/2026\/02\/processed-535E013C-7C69-4370-A8F3-DEC25F58F658-1024x768.jpeg\" alt=\"\" class=\"wp-image-14040\" \/><\/figure>\n\n\n\n<figure class=\"wp-block-image size-large\"><img loading=\"lazy\" decoding=\"async\" width=\"1024\" height=\"768\" data-id=\"14034\" src=\"https:\/\/www.peetri.edu.ee\/pohikool\/wp-content\/uploads\/sites\/3\/2026\/02\/processed-6D491523-E077-4A5D-ADA7-8B7ED02359AA-1024x768.jpeg\" alt=\"\" class=\"wp-image-14034\" \/><\/figure>\n<\/figure>\n\n\n\n<p>Enne \u00f5pilaste \u00f5pir\u00e4nnet toimus eelkohtumine. Kohtumisel suheldi vastuv\u00f5tva kooli direktoriga ja projekti koordineeriva \u00f5petajaga ning tutvuti linnavalitsuse esindajaga.<\/p>\n<p>Eelkohtumisel lepiti vastuv\u00f5tva kooliga kokku \u00f5pir\u00e4nnete tegevused, saadi \u00fclevaade kohalikust kultuurist ja transpordist.<\/p>\n<p><a href=\"https:\/\/www.peetri.edu.ee\/pohikool\/wp-content\/uploads\/sites\/3\/2026\/02\/1000011259-scaled.jpg\"><img loading=\"lazy\" decoding=\"async\" class=\"alignnone size-medium wp-image-14056\" src=\"https:\/\/www.peetri.edu.ee\/pohikool\/wp-content\/uploads\/sites\/3\/2026\/02\/1000011259-300x169.jpg\" alt=\"\" width=\"300\" height=\"169\" \/><\/a><\/p>\n","protected":false},"excerpt":{"rendered":"<p>&nbsp; &nbsp; &nbsp; &nbsp; &nbsp; &nbsp; \u00d5pilaste r\u00fchmaviisiline \u00f5pir\u00e4nne Itaalias ISTITUTO COMPRENSIVO&#8220;Eleonora D&#8217;Arborea&#8221;IGLESIAS Peetri kooli 8.d klassi \u00f5pilased k\u00e4isid 1.\u20138&#8230;.<\/p>\n","protected":false},"author":14,"featured_media":0,"parent":0,"menu_order":0,"comment_status":"closed","ping_status":"closed","template":"","meta":{"_acf_changed":false,"footnotes":""},"class_list":["post-13941","page","type-page","status-publish","hentry"],"yoast_head":"<!-- This site is optimized with the Yoast SEO plugin v27.2 - https:\/\/yoast.com\/product\/yoast-seo-wordpress\/ -->\n<title>\u00d5pilaste r\u00fchmaviisiline \u00f5pir\u00e4nne Itaalias, - Peetri P\u00f5hikool<\/title>\n<meta name=\"robots\" content=\"index, follow, max-snippet:-1, max-image-preview:large, max-video-preview:-1\" \/>\n<link rel=\"canonical\" href=\"https:\/\/www.peetri.edu.ee\/pohikool\/opilaste-ruhmaviisiline-opiranne-itaalias\/\" \/>\n<meta property=\"og:locale\" content=\"et_EE\" \/>\n<meta property=\"og:type\" content=\"article\" \/>\n<meta property=\"og:title\" content=\"\u00d5pilaste r\u00fchmaviisiline \u00f5pir\u00e4nne Itaalias, - Peetri P\u00f5hikool\" \/>\n<meta property=\"og:description\" content=\"&nbsp; &nbsp; &nbsp; &nbsp; &nbsp; &nbsp; \u00d5pilaste r\u00fchmaviisiline \u00f5pir\u00e4nne Itaalias ISTITUTO COMPRENSIVO&#8220;Eleonora D&#8217;Arborea&#8221;IGLESIAS Peetri kooli 8.d klassi \u00f5pilased k\u00e4isid 1.\u20138....\" \/>\n<meta property=\"og:url\" content=\"https:\/\/www.peetri.edu.ee\/pohikool\/opilaste-ruhmaviisiline-opiranne-itaalias\/\" \/>\n<meta property=\"og:site_name\" content=\"Peetri P\u00f5hikool\" \/>\n<meta property=\"article:modified_time\" content=\"2026-02-26T19:32:39+00:00\" \/>\n<meta property=\"og:image\" content=\"https:\/\/www.peetri.edu.ee\/pohikool\/wp-content\/uploads\/sites\/3\/2026\/02\/ET_Co-fundedbytheEU_RGB_POS-scaled.png\" \/>\n\t<meta property=\"og:image:width\" content=\"2560\" \/>\n\t<meta property=\"og:image:height\" content=\"643\" \/>\n\t<meta property=\"og:image:type\" content=\"image\/png\" \/>\n<meta name=\"twitter:card\" content=\"summary_large_image\" \/>\n<meta name=\"twitter:label1\" content=\"Est. reading time\" \/>\n\t<meta name=\"twitter:data1\" content=\"4 minutit\" \/>\n<script type=\"application\/ld+json\" class=\"yoast-schema-graph\">{\"@context\":\"https:\/\/schema.org\",\"@graph\":[{\"@type\":\"WebPage\",\"@id\":\"https:\/\/www.peetri.edu.ee\/pohikool\/opilaste-ruhmaviisiline-opiranne-itaalias\/\",\"url\":\"https:\/\/www.peetri.edu.ee\/pohikool\/opilaste-ruhmaviisiline-opiranne-itaalias\/\",\"name\":\"\u00d5pilaste r\u00fchmaviisiline \u00f5pir\u00e4nne Itaalias, - Peetri P\u00f5hikool\",\"isPartOf\":{\"@id\":\"https:\/\/www.peetri.edu.ee\/pohikool\/#website\"},\"primaryImageOfPage\":{\"@id\":\"https:\/\/www.peetri.edu.ee\/pohikool\/opilaste-ruhmaviisiline-opiranne-itaalias\/#primaryimage\"},\"image\":{\"@id\":\"https:\/\/www.peetri.edu.ee\/pohikool\/opilaste-ruhmaviisiline-opiranne-itaalias\/#primaryimage\"},\"thumbnailUrl\":\"https:\/\/www.peetri.edu.ee\/pohikool\/wp-content\/uploads\/sites\/3\/2026\/02\/ET_Co-fundedbytheEU_RGB_POS-300x75.png\",\"datePublished\":\"2026-02-25T11:58:39+00:00\",\"dateModified\":\"2026-02-26T19:32:39+00:00\",\"breadcrumb\":{\"@id\":\"https:\/\/www.peetri.edu.ee\/pohikool\/opilaste-ruhmaviisiline-opiranne-itaalias\/#breadcrumb\"},\"inLanguage\":\"et\",\"potentialAction\":[{\"@type\":\"ReadAction\",\"target\":[\"https:\/\/www.peetri.edu.ee\/pohikool\/opilaste-ruhmaviisiline-opiranne-itaalias\/\"]}]},{\"@type\":\"ImageObject\",\"inLanguage\":\"et\",\"@id\":\"https:\/\/www.peetri.edu.ee\/pohikool\/opilaste-ruhmaviisiline-opiranne-itaalias\/#primaryimage\",\"url\":\"https:\/\/www.peetri.edu.ee\/pohikool\/wp-content\/uploads\/sites\/3\/2026\/02\/ET_Co-fundedbytheEU_RGB_POS-scaled.png\",\"contentUrl\":\"https:\/\/www.peetri.edu.ee\/pohikool\/wp-content\/uploads\/sites\/3\/2026\/02\/ET_Co-fundedbytheEU_RGB_POS-scaled.png\",\"width\":2560,\"height\":643},{\"@type\":\"BreadcrumbList\",\"@id\":\"https:\/\/www.peetri.edu.ee\/pohikool\/opilaste-ruhmaviisiline-opiranne-itaalias\/#breadcrumb\",\"itemListElement\":[{\"@type\":\"ListItem\",\"position\":1,\"name\":\"Home\",\"item\":\"https:\/\/www.peetri.edu.ee\/pohikool\/\"},{\"@type\":\"ListItem\",\"position\":2,\"name\":\"\u00d5pilaste r\u00fchmaviisiline \u00f5pir\u00e4nne Itaalias,\"}]},{\"@type\":\"WebSite\",\"@id\":\"https:\/\/www.peetri.edu.ee\/pohikool\/#website\",\"url\":\"https:\/\/www.peetri.edu.ee\/pohikool\/\",\"name\":\"Peetri P\u00f5hikool\",\"description\":\"Igas inimeses on p\u00e4ike, laskem tal s\u00e4rada\",\"potentialAction\":[{\"@type\":\"SearchAction\",\"target\":{\"@type\":\"EntryPoint\",\"urlTemplate\":\"https:\/\/www.peetri.edu.ee\/pohikool\/?s={search_term_string}\"},\"query-input\":{\"@type\":\"PropertyValueSpecification\",\"valueRequired\":true,\"valueName\":\"search_term_string\"}}],\"inLanguage\":\"et\"}]}<\/script>\n<!-- \/ Yoast SEO plugin. -->","yoast_head_json":{"title":"\u00d5pilaste r\u00fchmaviisiline \u00f5pir\u00e4nne Itaalias, - Peetri P\u00f5hikool","robots":{"index":"index","follow":"follow","max-snippet":"max-snippet:-1","max-image-preview":"max-image-preview:large","max-video-preview":"max-video-preview:-1"},"canonical":"https:\/\/www.peetri.edu.ee\/pohikool\/opilaste-ruhmaviisiline-opiranne-itaalias\/","og_locale":"et_EE","og_type":"article","og_title":"\u00d5pilaste r\u00fchmaviisiline \u00f5pir\u00e4nne Itaalias, - Peetri P\u00f5hikool","og_description":"&nbsp; &nbsp; &nbsp; &nbsp; &nbsp; &nbsp; \u00d5pilaste r\u00fchmaviisiline \u00f5pir\u00e4nne Itaalias ISTITUTO COMPRENSIVO&#8220;Eleonora D&#8217;Arborea&#8221;IGLESIAS Peetri kooli 8.d klassi \u00f5pilased k\u00e4isid 1.\u20138....","og_url":"https:\/\/www.peetri.edu.ee\/pohikool\/opilaste-ruhmaviisiline-opiranne-itaalias\/","og_site_name":"Peetri P\u00f5hikool","article_modified_time":"2026-02-26T19:32:39+00:00","og_image":[{"width":2560,"height":643,"url":"https:\/\/www.peetri.edu.ee\/pohikool\/wp-content\/uploads\/sites\/3\/2026\/02\/ET_Co-fundedbytheEU_RGB_POS-scaled.png","type":"image\/png"}],"twitter_card":"summary_large_image","twitter_misc":{"Est. reading time":"4 minutit"},"schema":{"@context":"https:\/\/schema.org","@graph":[{"@type":"WebPage","@id":"https:\/\/www.peetri.edu.ee\/pohikool\/opilaste-ruhmaviisiline-opiranne-itaalias\/","url":"https:\/\/www.peetri.edu.ee\/pohikool\/opilaste-ruhmaviisiline-opiranne-itaalias\/","name":"\u00d5pilaste r\u00fchmaviisiline \u00f5pir\u00e4nne Itaalias, - Peetri P\u00f5hikool","isPartOf":{"@id":"https:\/\/www.peetri.edu.ee\/pohikool\/#website"},"primaryImageOfPage":{"@id":"https:\/\/www.peetri.edu.ee\/pohikool\/opilaste-ruhmaviisiline-opiranne-itaalias\/#primaryimage"},"image":{"@id":"https:\/\/www.peetri.edu.ee\/pohikool\/opilaste-ruhmaviisiline-opiranne-itaalias\/#primaryimage"},"thumbnailUrl":"https:\/\/www.peetri.edu.ee\/pohikool\/wp-content\/uploads\/sites\/3\/2026\/02\/ET_Co-fundedbytheEU_RGB_POS-300x75.png","datePublished":"2026-02-25T11:58:39+00:00","dateModified":"2026-02-26T19:32:39+00:00","breadcrumb":{"@id":"https:\/\/www.peetri.edu.ee\/pohikool\/opilaste-ruhmaviisiline-opiranne-itaalias\/#breadcrumb"},"inLanguage":"et","potentialAction":[{"@type":"ReadAction","target":["https:\/\/www.peetri.edu.ee\/pohikool\/opilaste-ruhmaviisiline-opiranne-itaalias\/"]}]},{"@type":"ImageObject","inLanguage":"et","@id":"https:\/\/www.peetri.edu.ee\/pohikool\/opilaste-ruhmaviisiline-opiranne-itaalias\/#primaryimage","url":"https:\/\/www.peetri.edu.ee\/pohikool\/wp-content\/uploads\/sites\/3\/2026\/02\/ET_Co-fundedbytheEU_RGB_POS-scaled.png","contentUrl":"https:\/\/www.peetri.edu.ee\/pohikool\/wp-content\/uploads\/sites\/3\/2026\/02\/ET_Co-fundedbytheEU_RGB_POS-scaled.png","width":2560,"height":643},{"@type":"BreadcrumbList","@id":"https:\/\/www.peetri.edu.ee\/pohikool\/opilaste-ruhmaviisiline-opiranne-itaalias\/#breadcrumb","itemListElement":[{"@type":"ListItem","position":1,"name":"Home","item":"https:\/\/www.peetri.edu.ee\/pohikool\/"},{"@type":"ListItem","position":2,"name":"\u00d5pilaste r\u00fchmaviisiline \u00f5pir\u00e4nne Itaalias,"}]},{"@type":"WebSite","@id":"https:\/\/www.peetri.edu.ee\/pohikool\/#website","url":"https:\/\/www.peetri.edu.ee\/pohikool\/","name":"Peetri P\u00f5hikool","description":"Igas inimeses on p\u00e4ike, laskem tal s\u00e4rada","potentialAction":[{"@type":"SearchAction","target":{"@type":"EntryPoint","urlTemplate":"https:\/\/www.peetri.edu.ee\/pohikool\/?s={search_term_string}"},"query-input":{"@type":"PropertyValueSpecification","valueRequired":true,"valueName":"search_term_string"}}],"inLanguage":"et"}]}},"acf":[],"_links":{"self":[{"href":"https:\/\/www.peetri.edu.ee\/pohikool\/wp-json\/wp\/v2\/pages\/13941","targetHints":{"allow":["GET"]}}],"collection":[{"href":"https:\/\/www.peetri.edu.ee\/pohikool\/wp-json\/wp\/v2\/pages"}],"about":[{"href":"https:\/\/www.peetri.edu.ee\/pohikool\/wp-json\/wp\/v2\/types\/page"}],"author":[{"embeddable":true,"href":"https:\/\/www.peetri.edu.ee\/pohikool\/wp-json\/wp\/v2\/users\/14"}],"replies":[{"embeddable":true,"href":"https:\/\/www.peetri.edu.ee\/pohikool\/wp-json\/wp\/v2\/comments?post=13941"}],"version-history":[{"count":5,"href":"https:\/\/www.peetri.edu.ee\/pohikool\/wp-json\/wp\/v2\/pages\/13941\/revisions"}],"predecessor-version":[{"id":14059,"href":"https:\/\/www.peetri.edu.ee\/pohikool\/wp-json\/wp\/v2\/pages\/13941\/revisions\/14059"}],"wp:attachment":[{"href":"https:\/\/www.peetri.edu.ee\/pohikool\/wp-json\/wp\/v2\/media?parent=13941"}],"curies":[{"name":"wp","href":"https:\/\/api.w.org\/{rel}","templated":true}]}}