{"id":13928,"date":"2026-02-25T13:42:31","date_gmt":"2026-02-25T11:42:31","guid":{"rendered":"https:\/\/www.peetri.edu.ee\/pohikool\/?page_id=13928"},"modified":"2026-02-25T13:42:32","modified_gmt":"2026-02-25T11:42:32","slug":"toovarjutamine-lme-koolis-bg-brg-furstenfeld-austria","status":"publish","type":"page","link":"https:\/\/www.peetri.edu.ee\/pohikool\/toovarjutamine-lme-koolis-bg-brg-furstenfeld-austria\/","title":{"rendered":"T\u00f6\u00f6varjutamine LME koolis BG.BRG F\u00fcrstenfeld (Austria)"},"content":{"rendered":"","protected":false},"excerpt":{"rendered":"","protected":false},"author":14,"featured_media":0,"parent":0,"menu_order":0,"comment_status":"closed","ping_status":"closed","template":"","meta":{"_acf_changed":false,"footnotes":""},"class_list":["post-13928","page","type-page","status-publish","hentry"],"yoast_head":"<!-- This site is optimized with the Yoast SEO plugin v27.2 - https:\/\/yoast.com\/product\/yoast-seo-wordpress\/ -->\n<title>T\u00f6\u00f6varjutamine LME koolis BG.BRG F\u00fcrstenfeld (Austria) - Peetri P\u00f5hikool<\/title>\n<meta name=\"robots\" content=\"index, follow, max-snippet:-1, max-image-preview:large, max-video-preview:-1\" \/>\n<link rel=\"canonical\" href=\"https:\/\/www.peetri.edu.ee\/pohikool\/toovarjutamine-lme-koolis-bg-brg-furstenfeld-austria\/\" \/>\n<meta property=\"og:locale\" content=\"et_EE\" \/>\n<meta property=\"og:type\" content=\"article\" \/>\n<meta property=\"og:title\" content=\"T\u00f6\u00f6varjutamine LME koolis BG.BRG F\u00fcrstenfeld (Austria) - Peetri P\u00f5hikool\" \/>\n<meta property=\"og:url\" content=\"https:\/\/www.peetri.edu.ee\/pohikool\/toovarjutamine-lme-koolis-bg-brg-furstenfeld-austria\/\" \/>\n<meta property=\"og:site_name\" content=\"Peetri P\u00f5hikool\" \/>\n<meta property=\"article:modified_time\" content=\"2026-02-25T11:42:32+00:00\" \/>\n<meta name=\"twitter:card\" content=\"summary_large_image\" \/>\n<script type=\"application\/ld+json\" class=\"yoast-schema-graph\">{\"@context\":\"https:\/\/schema.org\",\"@graph\":[{\"@type\":\"WebPage\",\"@id\":\"https:\/\/www.peetri.edu.ee\/pohikool\/toovarjutamine-lme-koolis-bg-brg-furstenfeld-austria\/\",\"url\":\"https:\/\/www.peetri.edu.ee\/pohikool\/toovarjutamine-lme-koolis-bg-brg-furstenfeld-austria\/\",\"name\":\"T\u00f6\u00f6varjutamine LME koolis BG.BRG F\u00fcrstenfeld (Austria) - Peetri P\u00f5hikool\",\"isPartOf\":{\"@id\":\"https:\/\/www.peetri.edu.ee\/pohikool\/#website\"},\"datePublished\":\"2026-02-25T11:42:31+00:00\",\"dateModified\":\"2026-02-25T11:42:32+00:00\",\"breadcrumb\":{\"@id\":\"https:\/\/www.peetri.edu.ee\/pohikool\/toovarjutamine-lme-koolis-bg-brg-furstenfeld-austria\/#breadcrumb\"},\"inLanguage\":\"et\",\"potentialAction\":[{\"@type\":\"ReadAction\",\"target\":[\"https:\/\/www.peetri.edu.ee\/pohikool\/toovarjutamine-lme-koolis-bg-brg-furstenfeld-austria\/\"]}]},{\"@type\":\"BreadcrumbList\",\"@id\":\"https:\/\/www.peetri.edu.ee\/pohikool\/toovarjutamine-lme-koolis-bg-brg-furstenfeld-austria\/#breadcrumb\",\"itemListElement\":[{\"@type\":\"ListItem\",\"position\":1,\"name\":\"Home\",\"item\":\"https:\/\/www.peetri.edu.ee\/pohikool\/\"},{\"@type\":\"ListItem\",\"position\":2,\"name\":\"T\u00f6\u00f6varjutamine LME koolis BG.BRG F\u00fcrstenfeld (Austria)\"}]},{\"@type\":\"WebSite\",\"@id\":\"https:\/\/www.peetri.edu.ee\/pohikool\/#website\",\"url\":\"https:\/\/www.peetri.edu.ee\/pohikool\/\",\"name\":\"Peetri P\u00f5hikool\",\"description\":\"Igas inimeses on p\u00e4ike, laskem tal s\u00e4rada\",\"potentialAction\":[{\"@type\":\"SearchAction\",\"target\":{\"@type\":\"EntryPoint\",\"urlTemplate\":\"https:\/\/www.peetri.edu.ee\/pohikool\/?s={search_term_string}\"},\"query-input\":{\"@type\":\"PropertyValueSpecification\",\"valueRequired\":true,\"valueName\":\"search_term_string\"}}],\"inLanguage\":\"et\"}]}<\/script>\n<!-- \/ Yoast SEO plugin. -->","yoast_head_json":{"title":"T\u00f6\u00f6varjutamine LME koolis BG.BRG F\u00fcrstenfeld (Austria) - Peetri P\u00f5hikool","robots":{"index":"index","follow":"follow","max-snippet":"max-snippet:-1","max-image-preview":"max-image-preview:large","max-video-preview":"max-video-preview:-1"},"canonical":"https:\/\/www.peetri.edu.ee\/pohikool\/toovarjutamine-lme-koolis-bg-brg-furstenfeld-austria\/","og_locale":"et_EE","og_type":"article","og_title":"T\u00f6\u00f6varjutamine LME koolis BG.BRG F\u00fcrstenfeld (Austria) - Peetri P\u00f5hikool","og_url":"https:\/\/www.peetri.edu.ee\/pohikool\/toovarjutamine-lme-koolis-bg-brg-furstenfeld-austria\/","og_site_name":"Peetri P\u00f5hikool","article_modified_time":"2026-02-25T11:42:32+00:00","twitter_card":"summary_large_image","schema":{"@context":"https:\/\/schema.org","@graph":[{"@type":"WebPage","@id":"https:\/\/www.peetri.edu.ee\/pohikool\/toovarjutamine-lme-koolis-bg-brg-furstenfeld-austria\/","url":"https:\/\/www.peetri.edu.ee\/pohikool\/toovarjutamine-lme-koolis-bg-brg-furstenfeld-austria\/","name":"T\u00f6\u00f6varjutamine LME koolis BG.BRG F\u00fcrstenfeld (Austria) - Peetri P\u00f5hikool","isPartOf":{"@id":"https:\/\/www.peetri.edu.ee\/pohikool\/#website"},"datePublished":"2026-02-25T11:42:31+00:00","dateModified":"2026-02-25T11:42:32+00:00","breadcrumb":{"@id":"https:\/\/www.peetri.edu.ee\/pohikool\/toovarjutamine-lme-koolis-bg-brg-furstenfeld-austria\/#breadcrumb"},"inLanguage":"et","potentialAction":[{"@type":"ReadAction","target":["https:\/\/www.peetri.edu.ee\/pohikool\/toovarjutamine-lme-koolis-bg-brg-furstenfeld-austria\/"]}]},{"@type":"BreadcrumbList","@id":"https:\/\/www.peetri.edu.ee\/pohikool\/toovarjutamine-lme-koolis-bg-brg-furstenfeld-austria\/#breadcrumb","itemListElement":[{"@type":"ListItem","position":1,"name":"Home","item":"https:\/\/www.peetri.edu.ee\/pohikool\/"},{"@type":"ListItem","position":2,"name":"T\u00f6\u00f6varjutamine LME koolis BG.BRG F\u00fcrstenfeld (Austria)"}]},{"@type":"WebSite","@id":"https:\/\/www.peetri.edu.ee\/pohikool\/#website","url":"https:\/\/www.peetri.edu.ee\/pohikool\/","name":"Peetri P\u00f5hikool","description":"Igas inimeses on p\u00e4ike, laskem tal s\u00e4rada","potentialAction":[{"@type":"SearchAction","target":{"@type":"EntryPoint","urlTemplate":"https:\/\/www.peetri.edu.ee\/pohikool\/?s={search_term_string}"},"query-input":{"@type":"PropertyValueSpecification","valueRequired":true,"valueName":"search_term_string"}}],"inLanguage":"et"}]}},"acf":[],"_links":{"self":[{"href":"https:\/\/www.peetri.edu.ee\/pohikool\/wp-json\/wp\/v2\/pages\/13928","targetHints":{"allow":["GET"]}}],"collection":[{"href":"https:\/\/www.peetri.edu.ee\/pohikool\/wp-json\/wp\/v2\/pages"}],"about":[{"href":"https:\/\/www.peetri.edu.ee\/pohikool\/wp-json\/wp\/v2\/types\/page"}],"author":[{"embeddable":true,"href":"https:\/\/www.peetri.edu.ee\/pohikool\/wp-json\/wp\/v2\/users\/14"}],"replies":[{"embeddable":true,"href":"https:\/\/www.peetri.edu.ee\/pohikool\/wp-json\/wp\/v2\/comments?post=13928"}],"version-history":[{"count":1,"href":"https:\/\/www.peetri.edu.ee\/pohikool\/wp-json\/wp\/v2\/pages\/13928\/revisions"}],"predecessor-version":[{"id":13929,"href":"https:\/\/www.peetri.edu.ee\/pohikool\/wp-json\/wp\/v2\/pages\/13928\/revisions\/13929"}],"wp:attachment":[{"href":"https:\/\/www.peetri.edu.ee\/pohikool\/wp-json\/wp\/v2\/media?parent=13928"}],"curies":[{"name":"wp","href":"https:\/\/api.w.org\/{rel}","templated":true}]}}