{"id":13918,"date":"2026-02-25T13:40:35","date_gmt":"2026-02-25T11:40:35","guid":{"rendered":"https:\/\/www.peetri.edu.ee\/pohikool\/?page_id=13918"},"modified":"2026-03-10T13:48:45","modified_gmt":"2026-03-10T11:48:45","slug":"artifical-intelligence-in-schools-chatgpt-and-ai-for-teachers","status":"publish","type":"page","link":"https:\/\/www.peetri.edu.ee\/pohikool\/artifical-intelligence-in-schools-chatgpt-and-ai-for-teachers\/","title":{"rendered":"Artifical Intelligence in Schools: ChatGpt and AI for Teachers"},"content":{"rendered":"\n<p><a href=\"https:\/\/www.peetri.edu.ee\/pohikool\/wp-content\/uploads\/sites\/3\/2026\/02\/ET_Co-fundedbytheEU_RGB_POS-scaled.png\"><img loading=\"lazy\" decoding=\"async\" class=\"alignnone size-medium wp-image-13948\" src=\"https:\/\/www.peetri.edu.ee\/pohikool\/wp-content\/uploads\/sites\/3\/2026\/02\/ET_Co-fundedbytheEU_RGB_POS-300x75.png\" alt=\"\" width=\"300\" height=\"75\" \/><\/a> <a href=\"https:\/\/www.peetri.edu.ee\/pohikool\/wp-content\/uploads\/sites\/3\/2026\/02\/Erasmus-sinine-loosungiga-EST.png\"><img loading=\"lazy\" decoding=\"async\" class=\"alignnone size-medium wp-image-13945\" src=\"https:\/\/www.peetri.edu.ee\/pohikool\/wp-content\/uploads\/sites\/3\/2026\/02\/Erasmus-sinine-loosungiga-EST-300x74.png\" alt=\"\" width=\"300\" height=\"74\" \/><\/a><\/p>\n<p>31.08 &#8211; 06.09.2025 osalesid digi\u00f5petuse \u00f5petaja Signe ja loodus\u00f5petuse \u00f5petaja Marit koolitusel &#8220;Artifical Intelligence in Schools: ChatGpt and AI for Teachers&#8221;, mis toimus Portugalis Portos.<\/p>\n<p><span data-olk-copy-source=\"MessageBody\">\u00d5pir\u00e4nde ajal uuriti ja anal\u00fc\u00fcsiti tehisintellekti v\u00f5imalusi ning \u00f5piti seda kasutama \u00f5ppetundide kavandamisel ja \u00f5ppeprotsessis. Samuti k\u00e4sitleti tehisintellekti m\u00f5ju t\u00f6\u00f6- ja isiklikule elule ning vahetati osalejate vahel kogemusi. Praktiliste tegevuste k\u00e4igus \u00f5piti koostama t\u00f5husaid ChatGPT p\u00e4ringuid, looma \u00f5ppetegevusi ning kasutama AI-tunde \u00f5pilaste kaasatuse suurendamiseks. Suurimaks v\u00e4\u00e4rtuseks kujunes osalejatevaheline arutelu, \u00fchine anal\u00fc\u00fcs ja j\u00e4relduste tegemine. Koolitus oli oluline, sest tehisintellekt areneb kiiresti ning \u00f5petajatel on vaja selle v\u00f5imalustega kursis olla, et toetada \u00f5pilaste \u00f5ppimist ja kriitilise m\u00f5tlemise arengut.<\/span><\/p>\n<p>Rohkem infot: <a href=\"https:\/\/profareng.weebly.com\/artifical-intelligence-in-schools-chatgpt-and-ai-for-teachers-portugal.html\">https:\/\/profareng.weebly.com\/artifical-intelligence-in-schools-chatgpt-and-ai-for-teachers-portugal.html<\/a><\/p>\n<p>\u00a0<\/p>\n<p>\u00a0<\/p>\n\n\n\n<p><a href=\"https:\/\/www.peetri.edu.ee\/pohikool\/wp-content\/uploads\/sites\/3\/2026\/02\/PXL_20250902_084224990-scaled.jpg\"><img loading=\"lazy\" decoding=\"async\" class=\"alignnone size-medium wp-image-14047\" src=\"https:\/\/www.peetri.edu.ee\/pohikool\/wp-content\/uploads\/sites\/3\/2026\/02\/PXL_20250902_084224990-300x225.jpg\" alt=\"\" width=\"300\" height=\"225\"><\/a> <a href=\"https:\/\/www.peetri.edu.ee\/pohikool\/wp-content\/uploads\/sites\/3\/2026\/02\/PXL_20250905_111041139-scaled.jpg\"><img loading=\"lazy\" decoding=\"async\" class=\"alignnone size-medium wp-image-14050\" src=\"https:\/\/www.peetri.edu.ee\/pohikool\/wp-content\/uploads\/sites\/3\/2026\/02\/PXL_20250905_111041139-300x225.jpg\" alt=\"\" width=\"300\" height=\"225\"> <\/a><a href=\"https:\/\/www.peetri.edu.ee\/pohikool\/wp-content\/uploads\/sites\/3\/2026\/02\/PXL_20250905_111128013.MP_-scaled.jpg\"><img loading=\"lazy\" decoding=\"async\" class=\"alignnone  wp-image-14061\" src=\"https:\/\/www.peetri.edu.ee\/pohikool\/wp-content\/uploads\/sites\/3\/2026\/02\/PXL_20250905_111128013.MP_-226x300.jpg\" alt=\"\" width=\"169\" height=\"225\"><\/a><\/p>\n\n\n\n\n","protected":false},"excerpt":{"rendered":"<p>31.08 &#8211; 06.09.2025 osalesid digi\u00f5petuse \u00f5petaja Signe ja loodus\u00f5petuse \u00f5petaja Marit koolitusel &#8220;Artifical Intelligence in Schools: ChatGpt and AI for&#8230;<\/p>\n","protected":false},"author":14,"featured_media":0,"parent":0,"menu_order":0,"comment_status":"closed","ping_status":"closed","template":"","meta":{"_acf_changed":false,"footnotes":""},"class_list":["post-13918","page","type-page","status-publish","hentry"],"yoast_head":"<!-- This site is optimized with the Yoast SEO plugin v27.2 - https:\/\/yoast.com\/product\/yoast-seo-wordpress\/ -->\n<title>Artifical Intelligence in Schools: ChatGpt and AI for Teachers - Peetri P\u00f5hikool<\/title>\n<meta name=\"robots\" content=\"index, follow, max-snippet:-1, max-image-preview:large, max-video-preview:-1\" \/>\n<link rel=\"canonical\" href=\"https:\/\/www.peetri.edu.ee\/pohikool\/artifical-intelligence-in-schools-chatgpt-and-ai-for-teachers\/\" \/>\n<meta property=\"og:locale\" content=\"et_EE\" \/>\n<meta property=\"og:type\" content=\"article\" \/>\n<meta property=\"og:title\" content=\"Artifical Intelligence in Schools: ChatGpt and AI for Teachers - Peetri P\u00f5hikool\" \/>\n<meta property=\"og:description\" content=\"31.08 &#8211; 06.09.2025 osalesid digi\u00f5petuse \u00f5petaja Signe ja loodus\u00f5petuse \u00f5petaja Marit koolitusel &#8220;Artifical Intelligence in Schools: ChatGpt and AI for...\" \/>\n<meta property=\"og:url\" content=\"https:\/\/www.peetri.edu.ee\/pohikool\/artifical-intelligence-in-schools-chatgpt-and-ai-for-teachers\/\" \/>\n<meta property=\"og:site_name\" content=\"Peetri P\u00f5hikool\" \/>\n<meta property=\"article:modified_time\" content=\"2026-03-10T11:48:45+00:00\" \/>\n<meta property=\"og:image\" content=\"https:\/\/www.peetri.edu.ee\/pohikool\/wp-content\/uploads\/sites\/3\/2026\/02\/ET_Co-fundedbytheEU_RGB_POS-scaled.png\" \/>\n\t<meta property=\"og:image:width\" content=\"2560\" \/>\n\t<meta property=\"og:image:height\" content=\"643\" \/>\n\t<meta property=\"og:image:type\" content=\"image\/png\" \/>\n<meta name=\"twitter:card\" content=\"summary_large_image\" \/>\n<meta name=\"twitter:label1\" content=\"Est. reading time\" \/>\n\t<meta name=\"twitter:data1\" content=\"2 minutit\" \/>\n<script type=\"application\/ld+json\" class=\"yoast-schema-graph\">{\"@context\":\"https:\/\/schema.org\",\"@graph\":[{\"@type\":\"WebPage\",\"@id\":\"https:\/\/www.peetri.edu.ee\/pohikool\/artifical-intelligence-in-schools-chatgpt-and-ai-for-teachers\/\",\"url\":\"https:\/\/www.peetri.edu.ee\/pohikool\/artifical-intelligence-in-schools-chatgpt-and-ai-for-teachers\/\",\"name\":\"Artifical Intelligence in Schools: ChatGpt and AI for Teachers - Peetri P\u00f5hikool\",\"isPartOf\":{\"@id\":\"https:\/\/www.peetri.edu.ee\/pohikool\/#website\"},\"primaryImageOfPage\":{\"@id\":\"https:\/\/www.peetri.edu.ee\/pohikool\/artifical-intelligence-in-schools-chatgpt-and-ai-for-teachers\/#primaryimage\"},\"image\":{\"@id\":\"https:\/\/www.peetri.edu.ee\/pohikool\/artifical-intelligence-in-schools-chatgpt-and-ai-for-teachers\/#primaryimage\"},\"thumbnailUrl\":\"https:\/\/www.peetri.edu.ee\/pohikool\/wp-content\/uploads\/sites\/3\/2026\/02\/ET_Co-fundedbytheEU_RGB_POS-300x75.png\",\"datePublished\":\"2026-02-25T11:40:35+00:00\",\"dateModified\":\"2026-03-10T11:48:45+00:00\",\"breadcrumb\":{\"@id\":\"https:\/\/www.peetri.edu.ee\/pohikool\/artifical-intelligence-in-schools-chatgpt-and-ai-for-teachers\/#breadcrumb\"},\"inLanguage\":\"et\",\"potentialAction\":[{\"@type\":\"ReadAction\",\"target\":[\"https:\/\/www.peetri.edu.ee\/pohikool\/artifical-intelligence-in-schools-chatgpt-and-ai-for-teachers\/\"]}]},{\"@type\":\"ImageObject\",\"inLanguage\":\"et\",\"@id\":\"https:\/\/www.peetri.edu.ee\/pohikool\/artifical-intelligence-in-schools-chatgpt-and-ai-for-teachers\/#primaryimage\",\"url\":\"https:\/\/www.peetri.edu.ee\/pohikool\/wp-content\/uploads\/sites\/3\/2026\/02\/ET_Co-fundedbytheEU_RGB_POS-scaled.png\",\"contentUrl\":\"https:\/\/www.peetri.edu.ee\/pohikool\/wp-content\/uploads\/sites\/3\/2026\/02\/ET_Co-fundedbytheEU_RGB_POS-scaled.png\",\"width\":2560,\"height\":643},{\"@type\":\"BreadcrumbList\",\"@id\":\"https:\/\/www.peetri.edu.ee\/pohikool\/artifical-intelligence-in-schools-chatgpt-and-ai-for-teachers\/#breadcrumb\",\"itemListElement\":[{\"@type\":\"ListItem\",\"position\":1,\"name\":\"Home\",\"item\":\"https:\/\/www.peetri.edu.ee\/pohikool\/\"},{\"@type\":\"ListItem\",\"position\":2,\"name\":\"Artifical Intelligence in Schools: ChatGpt and AI for Teachers\"}]},{\"@type\":\"WebSite\",\"@id\":\"https:\/\/www.peetri.edu.ee\/pohikool\/#website\",\"url\":\"https:\/\/www.peetri.edu.ee\/pohikool\/\",\"name\":\"Peetri P\u00f5hikool\",\"description\":\"Igas inimeses on p\u00e4ike, laskem tal s\u00e4rada\",\"potentialAction\":[{\"@type\":\"SearchAction\",\"target\":{\"@type\":\"EntryPoint\",\"urlTemplate\":\"https:\/\/www.peetri.edu.ee\/pohikool\/?s={search_term_string}\"},\"query-input\":{\"@type\":\"PropertyValueSpecification\",\"valueRequired\":true,\"valueName\":\"search_term_string\"}}],\"inLanguage\":\"et\"}]}<\/script>\n<!-- \/ Yoast SEO plugin. -->","yoast_head_json":{"title":"Artifical Intelligence in Schools: ChatGpt and AI for Teachers - Peetri P\u00f5hikool","robots":{"index":"index","follow":"follow","max-snippet":"max-snippet:-1","max-image-preview":"max-image-preview:large","max-video-preview":"max-video-preview:-1"},"canonical":"https:\/\/www.peetri.edu.ee\/pohikool\/artifical-intelligence-in-schools-chatgpt-and-ai-for-teachers\/","og_locale":"et_EE","og_type":"article","og_title":"Artifical Intelligence in Schools: ChatGpt and AI for Teachers - Peetri P\u00f5hikool","og_description":"31.08 &#8211; 06.09.2025 osalesid digi\u00f5petuse \u00f5petaja Signe ja loodus\u00f5petuse \u00f5petaja Marit koolitusel &#8220;Artifical Intelligence in Schools: ChatGpt and AI for...","og_url":"https:\/\/www.peetri.edu.ee\/pohikool\/artifical-intelligence-in-schools-chatgpt-and-ai-for-teachers\/","og_site_name":"Peetri P\u00f5hikool","article_modified_time":"2026-03-10T11:48:45+00:00","og_image":[{"width":2560,"height":643,"url":"https:\/\/www.peetri.edu.ee\/pohikool\/wp-content\/uploads\/sites\/3\/2026\/02\/ET_Co-fundedbytheEU_RGB_POS-scaled.png","type":"image\/png"}],"twitter_card":"summary_large_image","twitter_misc":{"Est. reading time":"2 minutit"},"schema":{"@context":"https:\/\/schema.org","@graph":[{"@type":"WebPage","@id":"https:\/\/www.peetri.edu.ee\/pohikool\/artifical-intelligence-in-schools-chatgpt-and-ai-for-teachers\/","url":"https:\/\/www.peetri.edu.ee\/pohikool\/artifical-intelligence-in-schools-chatgpt-and-ai-for-teachers\/","name":"Artifical Intelligence in Schools: ChatGpt and AI for Teachers - Peetri P\u00f5hikool","isPartOf":{"@id":"https:\/\/www.peetri.edu.ee\/pohikool\/#website"},"primaryImageOfPage":{"@id":"https:\/\/www.peetri.edu.ee\/pohikool\/artifical-intelligence-in-schools-chatgpt-and-ai-for-teachers\/#primaryimage"},"image":{"@id":"https:\/\/www.peetri.edu.ee\/pohikool\/artifical-intelligence-in-schools-chatgpt-and-ai-for-teachers\/#primaryimage"},"thumbnailUrl":"https:\/\/www.peetri.edu.ee\/pohikool\/wp-content\/uploads\/sites\/3\/2026\/02\/ET_Co-fundedbytheEU_RGB_POS-300x75.png","datePublished":"2026-02-25T11:40:35+00:00","dateModified":"2026-03-10T11:48:45+00:00","breadcrumb":{"@id":"https:\/\/www.peetri.edu.ee\/pohikool\/artifical-intelligence-in-schools-chatgpt-and-ai-for-teachers\/#breadcrumb"},"inLanguage":"et","potentialAction":[{"@type":"ReadAction","target":["https:\/\/www.peetri.edu.ee\/pohikool\/artifical-intelligence-in-schools-chatgpt-and-ai-for-teachers\/"]}]},{"@type":"ImageObject","inLanguage":"et","@id":"https:\/\/www.peetri.edu.ee\/pohikool\/artifical-intelligence-in-schools-chatgpt-and-ai-for-teachers\/#primaryimage","url":"https:\/\/www.peetri.edu.ee\/pohikool\/wp-content\/uploads\/sites\/3\/2026\/02\/ET_Co-fundedbytheEU_RGB_POS-scaled.png","contentUrl":"https:\/\/www.peetri.edu.ee\/pohikool\/wp-content\/uploads\/sites\/3\/2026\/02\/ET_Co-fundedbytheEU_RGB_POS-scaled.png","width":2560,"height":643},{"@type":"BreadcrumbList","@id":"https:\/\/www.peetri.edu.ee\/pohikool\/artifical-intelligence-in-schools-chatgpt-and-ai-for-teachers\/#breadcrumb","itemListElement":[{"@type":"ListItem","position":1,"name":"Home","item":"https:\/\/www.peetri.edu.ee\/pohikool\/"},{"@type":"ListItem","position":2,"name":"Artifical Intelligence in Schools: ChatGpt and AI for Teachers"}]},{"@type":"WebSite","@id":"https:\/\/www.peetri.edu.ee\/pohikool\/#website","url":"https:\/\/www.peetri.edu.ee\/pohikool\/","name":"Peetri P\u00f5hikool","description":"Igas inimeses on p\u00e4ike, laskem tal s\u00e4rada","potentialAction":[{"@type":"SearchAction","target":{"@type":"EntryPoint","urlTemplate":"https:\/\/www.peetri.edu.ee\/pohikool\/?s={search_term_string}"},"query-input":{"@type":"PropertyValueSpecification","valueRequired":true,"valueName":"search_term_string"}}],"inLanguage":"et"}]}},"acf":[],"_links":{"self":[{"href":"https:\/\/www.peetri.edu.ee\/pohikool\/wp-json\/wp\/v2\/pages\/13918","targetHints":{"allow":["GET"]}}],"collection":[{"href":"https:\/\/www.peetri.edu.ee\/pohikool\/wp-json\/wp\/v2\/pages"}],"about":[{"href":"https:\/\/www.peetri.edu.ee\/pohikool\/wp-json\/wp\/v2\/types\/page"}],"author":[{"embeddable":true,"href":"https:\/\/www.peetri.edu.ee\/pohikool\/wp-json\/wp\/v2\/users\/14"}],"replies":[{"embeddable":true,"href":"https:\/\/www.peetri.edu.ee\/pohikool\/wp-json\/wp\/v2\/comments?post=13918"}],"version-history":[{"count":5,"href":"https:\/\/www.peetri.edu.ee\/pohikool\/wp-json\/wp\/v2\/pages\/13918\/revisions"}],"predecessor-version":[{"id":14150,"href":"https:\/\/www.peetri.edu.ee\/pohikool\/wp-json\/wp\/v2\/pages\/13918\/revisions\/14150"}],"wp:attachment":[{"href":"https:\/\/www.peetri.edu.ee\/pohikool\/wp-json\/wp\/v2\/media?parent=13918"}],"curies":[{"name":"wp","href":"https:\/\/api.w.org\/{rel}","templated":true}]}}