{"id":13916,"date":"2026-02-25T13:39:43","date_gmt":"2026-02-25T11:39:43","guid":{"rendered":"https:\/\/www.peetri.edu.ee\/pohikool\/?page_id=13916"},"modified":"2026-02-26T22:36:01","modified_gmt":"2026-02-26T20:36:01","slug":"design-learning-spaces-for-the-21st-century-classroom","status":"publish","type":"page","link":"https:\/\/www.peetri.edu.ee\/pohikool\/design-learning-spaces-for-the-21st-century-classroom\/","title":{"rendered":"Design Learning Spaces for the 21st Century Classroom"},"content":{"rendered":"\n<p><a href=\"https:\/\/www.peetri.edu.ee\/pohikool\/wp-content\/uploads\/sites\/3\/2026\/02\/ET_Co-fundedbytheEU_RGB_POS-scaled.png\"><img loading=\"lazy\" decoding=\"async\" class=\"alignnone size-medium wp-image-13948\" src=\"https:\/\/www.peetri.edu.ee\/pohikool\/wp-content\/uploads\/sites\/3\/2026\/02\/ET_Co-fundedbytheEU_RGB_POS-300x75.png\" alt=\"\" width=\"300\" height=\"75\" \/><\/a> <a href=\"https:\/\/www.peetri.edu.ee\/pohikool\/wp-content\/uploads\/sites\/3\/2026\/02\/Erasmus-sinine-loosungiga-EST.png\"><img loading=\"lazy\" decoding=\"async\" class=\"alignnone size-medium wp-image-13945\" src=\"https:\/\/www.peetri.edu.ee\/pohikool\/wp-content\/uploads\/sites\/3\/2026\/02\/Erasmus-sinine-loosungiga-EST-300x74.png\" alt=\"\" width=\"300\" height=\"74\" \/><\/a><\/p>\n<p>04.08 &#8211; 09.08.2025 osalesid klassi\u00f5petajad Ivi ja Piret Hispaanias koolitusel <span style=\"color: #000080\"><strong>&#8220;Design Learning Spaces for the 21st Century Classroom&#8221;<\/strong><\/span><\/p>\n<p>Koolitus keskendus 21. sajandi \u00f5pik\u00e4situsele, mille eesm\u00e4rk on liikuda \u00f5petajakeskselt loenguvormilt \u00f5pilasekesksema ja kaasavama \u00f5ppimise suunas ning m\u00f5testada \u00fcmber klassiruumi kui \u00f5ppimist kujundav f\u00fc\u00fcsiline ruum (\u201ebuilt pedagogy\u201c).<\/p>\n<p>Teoorias k\u00e4sitletud p\u00f5him\u00f5tted said n\u00e4dala tegevustes praktilise v\u00e4ljundi.<\/p>\n<p>Toimusid tutvumisharjutused, n\u00e4iteks nimesiltide loomine r\u00f5hutas individuaalsust ning aitas m\u00f5ista, kuidas esmamuljed v\u00f5ivad eksitada.<\/p>\n<p>Riigi, kooli ja klassiruumi esitlused koos anal\u00fc\u00fcsiga kujundasid dialooge ja anal\u00fc\u00fcsivat \u00f5pikogemust. <em>\u201cBreaking the walls\u201d<\/em> p\u00f5him\u00f5tet rakendati \u00f5pitegevustes muuseumis ning \u00f5uem\u00e4ngudes, mis n\u00e4itasid, et \u00f5ppimine ei pea toimuma traditsioonilises klassiruumis.<\/p>\n<p>Eneseanal\u00fc\u00fcsi harjutus \u201eThe Hand Reflection Activity\u201c (&#8220;K\u00e4si&#8221;), kunstiteoste t\u00f5lgendamine ja visuaalne tagasiside pakkusid v\u00f5imalust s\u00fcvenemiseks, enesejuhtimiseks ja mitmekesisteks enesev\u00e4ljendusviisideks.<\/p>\n<p>R\u00fchmat\u00f6\u00f6d 21. sajandi klassiruumi teemal aitasid osalejatel kujundada oma \u00f5ppeainete jaoks sobivaid lahendusi ning m\u00f5ista, et isegi v\u00e4ikesed ruumilised ja metoodilised muudatused v\u00f5ivad oluliselt m\u00f5jutada \u00f5ppija aktiivsust, motivatsiooni ja kaasatust.<\/p>\n<p>Koolitus andis osalejatele l\u00e4bi praktiliste tegevuste konkreetsed ideed huvitava, kaasahaarava ja \u00f5ppijakeskse \u00f5pikeskkonna loomiseks.<\/p>\n<p>Rohkem infot:\u00a0 <a href=\"https:\/\/profareng.weebly.com\/design-learning-spaces-for-the-21st-century-classroom-hispaania.html\">https:\/\/profareng.weebly.com\/design-learning-spaces-for-the-21st-century-classroom-hispaania.html<\/a><\/p>\n<p><a href=\"https:\/\/www.peetri.edu.ee\/pohikool\/wp-content\/uploads\/sites\/3\/2026\/02\/Pilt5_Hisp.jpg\"><img loading=\"lazy\" decoding=\"async\" class=\"alignnone size-medium wp-image-14072\" src=\"https:\/\/www.peetri.edu.ee\/pohikool\/wp-content\/uploads\/sites\/3\/2026\/02\/Pilt5_Hisp-300x224.jpg\" alt=\"\" width=\"300\" height=\"224\" \/><\/a> <a href=\"https:\/\/www.peetri.edu.ee\/pohikool\/wp-content\/uploads\/sites\/3\/2026\/02\/Pilt3_Hisp.jpg\"><img loading=\"lazy\" decoding=\"async\" class=\"alignnone size-medium wp-image-14075\" src=\"https:\/\/www.peetri.edu.ee\/pohikool\/wp-content\/uploads\/sites\/3\/2026\/02\/Pilt3_Hisp-300x225.jpg\" alt=\"\" width=\"300\" height=\"225\" \/><\/a> <a href=\"https:\/\/www.peetri.edu.ee\/pohikool\/wp-content\/uploads\/sites\/3\/2026\/02\/Pilt1_Hisp.jpg\"><img loading=\"lazy\" decoding=\"async\" class=\"alignnone  wp-image-14078\" src=\"https:\/\/www.peetri.edu.ee\/pohikool\/wp-content\/uploads\/sites\/3\/2026\/02\/Pilt1_Hisp-225x300.jpg\" alt=\"\" width=\"169\" height=\"225\" \/><\/a><\/p>\n<p><a href=\"https:\/\/www.peetri.edu.ee\/pohikool\/wp-content\/uploads\/sites\/3\/2026\/02\/20250806_101632-scaled.jpg\"><img loading=\"lazy\" decoding=\"async\" class=\"alignnone size-medium wp-image-14085\" src=\"https:\/\/www.peetri.edu.ee\/pohikool\/wp-content\/uploads\/sites\/3\/2026\/02\/20250806_101632-300x225.jpg\" alt=\"\" width=\"300\" height=\"225\" \/><\/a> <a href=\"https:\/\/www.peetri.edu.ee\/pohikool\/wp-content\/uploads\/sites\/3\/2026\/02\/20250805_170646-scaled.jpg\"><img loading=\"lazy\" decoding=\"async\" class=\"alignnone size-medium wp-image-14088\" src=\"https:\/\/www.peetri.edu.ee\/pohikool\/wp-content\/uploads\/sites\/3\/2026\/02\/20250805_170646-300x225.jpg\" alt=\"\" width=\"300\" height=\"225\" \/><\/a><\/p>\n<p>\u00a0<\/p>\n","protected":false},"excerpt":{"rendered":"<p>04.08 &#8211; 09.08.2025 osalesid klassi\u00f5petajad Ivi ja Piret Hispaanias koolitusel &#8220;Design Learning Spaces for the 21st Century Classroom&#8221; Koolitus keskendus&#8230;<\/p>\n","protected":false},"author":14,"featured_media":0,"parent":0,"menu_order":0,"comment_status":"closed","ping_status":"closed","template":"","meta":{"_acf_changed":false,"footnotes":""},"class_list":["post-13916","page","type-page","status-publish","hentry"],"yoast_head":"<!-- This site is optimized with the Yoast SEO plugin v27.2 - https:\/\/yoast.com\/product\/yoast-seo-wordpress\/ -->\n<title>Design Learning Spaces for the 21st Century Classroom - Peetri P\u00f5hikool<\/title>\n<meta name=\"robots\" content=\"index, follow, max-snippet:-1, max-image-preview:large, max-video-preview:-1\" \/>\n<link rel=\"canonical\" href=\"https:\/\/www.peetri.edu.ee\/pohikool\/design-learning-spaces-for-the-21st-century-classroom\/\" \/>\n<meta property=\"og:locale\" content=\"et_EE\" \/>\n<meta property=\"og:type\" content=\"article\" \/>\n<meta property=\"og:title\" content=\"Design Learning Spaces for the 21st Century Classroom - Peetri P\u00f5hikool\" \/>\n<meta property=\"og:description\" content=\"04.08 &#8211; 09.08.2025 osalesid klassi\u00f5petajad Ivi ja Piret Hispaanias koolitusel &#8220;Design Learning Spaces for the 21st Century Classroom&#8221; Koolitus keskendus...\" \/>\n<meta property=\"og:url\" content=\"https:\/\/www.peetri.edu.ee\/pohikool\/design-learning-spaces-for-the-21st-century-classroom\/\" \/>\n<meta property=\"og:site_name\" content=\"Peetri P\u00f5hikool\" \/>\n<meta property=\"article:modified_time\" content=\"2026-02-26T20:36:01+00:00\" \/>\n<meta property=\"og:image\" content=\"https:\/\/www.peetri.edu.ee\/pohikool\/wp-content\/uploads\/sites\/3\/2026\/02\/ET_Co-fundedbytheEU_RGB_POS-scaled.png\" \/>\n\t<meta property=\"og:image:width\" content=\"2560\" \/>\n\t<meta property=\"og:image:height\" content=\"643\" \/>\n\t<meta property=\"og:image:type\" content=\"image\/png\" \/>\n<meta name=\"twitter:card\" content=\"summary_large_image\" \/>\n<meta name=\"twitter:label1\" content=\"Est. reading time\" \/>\n\t<meta name=\"twitter:data1\" content=\"3 minutit\" \/>\n<script type=\"application\/ld+json\" class=\"yoast-schema-graph\">{\"@context\":\"https:\/\/schema.org\",\"@graph\":[{\"@type\":\"WebPage\",\"@id\":\"https:\/\/www.peetri.edu.ee\/pohikool\/design-learning-spaces-for-the-21st-century-classroom\/\",\"url\":\"https:\/\/www.peetri.edu.ee\/pohikool\/design-learning-spaces-for-the-21st-century-classroom\/\",\"name\":\"Design Learning Spaces for the 21st Century Classroom - Peetri P\u00f5hikool\",\"isPartOf\":{\"@id\":\"https:\/\/www.peetri.edu.ee\/pohikool\/#website\"},\"primaryImageOfPage\":{\"@id\":\"https:\/\/www.peetri.edu.ee\/pohikool\/design-learning-spaces-for-the-21st-century-classroom\/#primaryimage\"},\"image\":{\"@id\":\"https:\/\/www.peetri.edu.ee\/pohikool\/design-learning-spaces-for-the-21st-century-classroom\/#primaryimage\"},\"thumbnailUrl\":\"https:\/\/www.peetri.edu.ee\/pohikool\/wp-content\/uploads\/sites\/3\/2026\/02\/ET_Co-fundedbytheEU_RGB_POS-300x75.png\",\"datePublished\":\"2026-02-25T11:39:43+00:00\",\"dateModified\":\"2026-02-26T20:36:01+00:00\",\"breadcrumb\":{\"@id\":\"https:\/\/www.peetri.edu.ee\/pohikool\/design-learning-spaces-for-the-21st-century-classroom\/#breadcrumb\"},\"inLanguage\":\"et\",\"potentialAction\":[{\"@type\":\"ReadAction\",\"target\":[\"https:\/\/www.peetri.edu.ee\/pohikool\/design-learning-spaces-for-the-21st-century-classroom\/\"]}]},{\"@type\":\"ImageObject\",\"inLanguage\":\"et\",\"@id\":\"https:\/\/www.peetri.edu.ee\/pohikool\/design-learning-spaces-for-the-21st-century-classroom\/#primaryimage\",\"url\":\"https:\/\/www.peetri.edu.ee\/pohikool\/wp-content\/uploads\/sites\/3\/2026\/02\/ET_Co-fundedbytheEU_RGB_POS-scaled.png\",\"contentUrl\":\"https:\/\/www.peetri.edu.ee\/pohikool\/wp-content\/uploads\/sites\/3\/2026\/02\/ET_Co-fundedbytheEU_RGB_POS-scaled.png\",\"width\":2560,\"height\":643},{\"@type\":\"BreadcrumbList\",\"@id\":\"https:\/\/www.peetri.edu.ee\/pohikool\/design-learning-spaces-for-the-21st-century-classroom\/#breadcrumb\",\"itemListElement\":[{\"@type\":\"ListItem\",\"position\":1,\"name\":\"Home\",\"item\":\"https:\/\/www.peetri.edu.ee\/pohikool\/\"},{\"@type\":\"ListItem\",\"position\":2,\"name\":\"Design Learning Spaces for the 21st Century Classroom\"}]},{\"@type\":\"WebSite\",\"@id\":\"https:\/\/www.peetri.edu.ee\/pohikool\/#website\",\"url\":\"https:\/\/www.peetri.edu.ee\/pohikool\/\",\"name\":\"Peetri P\u00f5hikool\",\"description\":\"Igas inimeses on p\u00e4ike, laskem tal s\u00e4rada\",\"potentialAction\":[{\"@type\":\"SearchAction\",\"target\":{\"@type\":\"EntryPoint\",\"urlTemplate\":\"https:\/\/www.peetri.edu.ee\/pohikool\/?s={search_term_string}\"},\"query-input\":{\"@type\":\"PropertyValueSpecification\",\"valueRequired\":true,\"valueName\":\"search_term_string\"}}],\"inLanguage\":\"et\"}]}<\/script>\n<!-- \/ Yoast SEO plugin. -->","yoast_head_json":{"title":"Design Learning Spaces for the 21st Century Classroom - Peetri P\u00f5hikool","robots":{"index":"index","follow":"follow","max-snippet":"max-snippet:-1","max-image-preview":"max-image-preview:large","max-video-preview":"max-video-preview:-1"},"canonical":"https:\/\/www.peetri.edu.ee\/pohikool\/design-learning-spaces-for-the-21st-century-classroom\/","og_locale":"et_EE","og_type":"article","og_title":"Design Learning Spaces for the 21st Century Classroom - Peetri P\u00f5hikool","og_description":"04.08 &#8211; 09.08.2025 osalesid klassi\u00f5petajad Ivi ja Piret Hispaanias koolitusel &#8220;Design Learning Spaces for the 21st Century Classroom&#8221; Koolitus keskendus...","og_url":"https:\/\/www.peetri.edu.ee\/pohikool\/design-learning-spaces-for-the-21st-century-classroom\/","og_site_name":"Peetri P\u00f5hikool","article_modified_time":"2026-02-26T20:36:01+00:00","og_image":[{"width":2560,"height":643,"url":"https:\/\/www.peetri.edu.ee\/pohikool\/wp-content\/uploads\/sites\/3\/2026\/02\/ET_Co-fundedbytheEU_RGB_POS-scaled.png","type":"image\/png"}],"twitter_card":"summary_large_image","twitter_misc":{"Est. reading time":"3 minutit"},"schema":{"@context":"https:\/\/schema.org","@graph":[{"@type":"WebPage","@id":"https:\/\/www.peetri.edu.ee\/pohikool\/design-learning-spaces-for-the-21st-century-classroom\/","url":"https:\/\/www.peetri.edu.ee\/pohikool\/design-learning-spaces-for-the-21st-century-classroom\/","name":"Design Learning Spaces for the 21st Century Classroom - Peetri P\u00f5hikool","isPartOf":{"@id":"https:\/\/www.peetri.edu.ee\/pohikool\/#website"},"primaryImageOfPage":{"@id":"https:\/\/www.peetri.edu.ee\/pohikool\/design-learning-spaces-for-the-21st-century-classroom\/#primaryimage"},"image":{"@id":"https:\/\/www.peetri.edu.ee\/pohikool\/design-learning-spaces-for-the-21st-century-classroom\/#primaryimage"},"thumbnailUrl":"https:\/\/www.peetri.edu.ee\/pohikool\/wp-content\/uploads\/sites\/3\/2026\/02\/ET_Co-fundedbytheEU_RGB_POS-300x75.png","datePublished":"2026-02-25T11:39:43+00:00","dateModified":"2026-02-26T20:36:01+00:00","breadcrumb":{"@id":"https:\/\/www.peetri.edu.ee\/pohikool\/design-learning-spaces-for-the-21st-century-classroom\/#breadcrumb"},"inLanguage":"et","potentialAction":[{"@type":"ReadAction","target":["https:\/\/www.peetri.edu.ee\/pohikool\/design-learning-spaces-for-the-21st-century-classroom\/"]}]},{"@type":"ImageObject","inLanguage":"et","@id":"https:\/\/www.peetri.edu.ee\/pohikool\/design-learning-spaces-for-the-21st-century-classroom\/#primaryimage","url":"https:\/\/www.peetri.edu.ee\/pohikool\/wp-content\/uploads\/sites\/3\/2026\/02\/ET_Co-fundedbytheEU_RGB_POS-scaled.png","contentUrl":"https:\/\/www.peetri.edu.ee\/pohikool\/wp-content\/uploads\/sites\/3\/2026\/02\/ET_Co-fundedbytheEU_RGB_POS-scaled.png","width":2560,"height":643},{"@type":"BreadcrumbList","@id":"https:\/\/www.peetri.edu.ee\/pohikool\/design-learning-spaces-for-the-21st-century-classroom\/#breadcrumb","itemListElement":[{"@type":"ListItem","position":1,"name":"Home","item":"https:\/\/www.peetri.edu.ee\/pohikool\/"},{"@type":"ListItem","position":2,"name":"Design Learning Spaces for the 21st Century Classroom"}]},{"@type":"WebSite","@id":"https:\/\/www.peetri.edu.ee\/pohikool\/#website","url":"https:\/\/www.peetri.edu.ee\/pohikool\/","name":"Peetri P\u00f5hikool","description":"Igas inimeses on p\u00e4ike, laskem tal s\u00e4rada","potentialAction":[{"@type":"SearchAction","target":{"@type":"EntryPoint","urlTemplate":"https:\/\/www.peetri.edu.ee\/pohikool\/?s={search_term_string}"},"query-input":{"@type":"PropertyValueSpecification","valueRequired":true,"valueName":"search_term_string"}}],"inLanguage":"et"}]}},"acf":[],"_links":{"self":[{"href":"https:\/\/www.peetri.edu.ee\/pohikool\/wp-json\/wp\/v2\/pages\/13916","targetHints":{"allow":["GET"]}}],"collection":[{"href":"https:\/\/www.peetri.edu.ee\/pohikool\/wp-json\/wp\/v2\/pages"}],"about":[{"href":"https:\/\/www.peetri.edu.ee\/pohikool\/wp-json\/wp\/v2\/types\/page"}],"author":[{"embeddable":true,"href":"https:\/\/www.peetri.edu.ee\/pohikool\/wp-json\/wp\/v2\/users\/14"}],"replies":[{"embeddable":true,"href":"https:\/\/www.peetri.edu.ee\/pohikool\/wp-json\/wp\/v2\/comments?post=13916"}],"version-history":[{"count":5,"href":"https:\/\/www.peetri.edu.ee\/pohikool\/wp-json\/wp\/v2\/pages\/13916\/revisions"}],"predecessor-version":[{"id":14093,"href":"https:\/\/www.peetri.edu.ee\/pohikool\/wp-json\/wp\/v2\/pages\/13916\/revisions\/14093"}],"wp:attachment":[{"href":"https:\/\/www.peetri.edu.ee\/pohikool\/wp-json\/wp\/v2\/media?parent=13916"}],"curies":[{"name":"wp","href":"https:\/\/api.w.org\/{rel}","templated":true}]}}