{"id":13911,"date":"2026-02-25T13:08:55","date_gmt":"2026-02-25T11:08:55","guid":{"rendered":"https:\/\/www.peetri.edu.ee\/pohikool\/?page_id=13911"},"modified":"2026-02-27T13:00:16","modified_gmt":"2026-02-27T11:00:16","slug":"art-music-and-dance-therapy-for-a-inclusive-classroom","status":"publish","type":"page","link":"https:\/\/www.peetri.edu.ee\/pohikool\/2022-2024-projekt\/art-music-and-dance-therapy-for-a-inclusive-classroom\/","title":{"rendered":"Art, Music and Dance Therapy for a Inclusive Classroom"},"content":{"rendered":"\n<p>Teema: <strong>Art, Music, and Dance Therapy for an Inclusive Classroom<\/strong><\/p>\n\n\n\n<p>Aeg: 19.05 \u2013 24.05.2025<\/p>\n\n\n\n<p>Koht: Barcelona, Hispaania<\/p>\n\n\n\n<p>Osalejad: Merleen, Kerstin<\/p>\n\n\n\n<p>Erasmus+ koolitus \u2019Art, Music, and Dance Therapy for an Inclusive Classroom\u2019 toimus 2025. aasta mai kuus, Barcelonas. Koolituse eesm\u00e4rk oli avastada erinevaid loomingulisi viise klassiruumi kaasamiseks, emotsioonide tajumiseks, heaolu edendamiseks. Ja seda k\u00f5ike l\u00e4bi kuntsi, liikumise ja muusika. N\u00e4dal Barcelonas pakkus v\u00e4ga mitmek\u00fclgseid \u00f5ppimis- ja arenemisv\u00f5imalusi. Kasutasime f\u00fc\u00fcsilist klassiruumi, kus reaalselt said selgeks erinevad sotsiaalsed teooriad, kuid v\u00e4ga palju \u00f5pet toimus ka v\u00e4ljaspool klassiruumi. Paikades, kus loominguline l\u00e4henemine \u00f5ppeprotsessile on inspireeritud keskkonnast. V\u00e4ga suureks eeskujuks kogu protsessi juures oli meie \u00f5petaja, Paula. Suurep\u00e4rane eeskuju, kuidas selliste pehmemate, samas s\u00fcgavamate teemadega \u00f5pilastele l\u00e4heneda ja neid delikaatselt k\u00e4sitleda.<\/p>\n\n\n\n<p>Kaasa v\u00f5tsime tohutult inspiratsiooni, veendumuse, et oleme juba praegu oma kooliga \u00f5igel teel, palju h\u00e4id nippe ja teadmisi, et emotsionaalne heaolu on T\u00c4HTIS!<\/p>\n\n\n\n<p>Rohkem infot: <a href=\"https:\/\/profareng.weebly.com\/art-music-and-dance-therapy-for-a-inclusive-classroom-hispaania.html\">https:\/\/profareng.weebly.com\/art-music-and-dance-therapy-for-a-inclusive-classroom-hispaania.html<\/a><\/p>\n\n\n\n<p><a href=\"https:\/\/www.peetri.edu.ee\/pohikool\/wp-content\/uploads\/sites\/3\/2026\/02\/processed-B2CBEF14-7A1E-4E66-B76B-3F8A20D81B5C.jpeg\"><img loading=\"lazy\" decoding=\"async\" class=\"alignnone size-medium wp-image-14125\" src=\"https:\/\/www.peetri.edu.ee\/pohikool\/wp-content\/uploads\/sites\/3\/2026\/02\/processed-B2CBEF14-7A1E-4E66-B76B-3F8A20D81B5C-300x225.jpeg\" alt=\"\" width=\"300\" height=\"225\" \/> \u00a0<\/a><a href=\"https:\/\/www.peetri.edu.ee\/pohikool\/wp-content\/uploads\/sites\/3\/2026\/02\/processed-98F73A04-D015-4A94-9D75-BCB43FE7015E-1.jpeg\"><img loading=\"lazy\" decoding=\"async\" class=\"alignnone size-medium wp-image-14110\" src=\"https:\/\/www.peetri.edu.ee\/pohikool\/wp-content\/uploads\/sites\/3\/2026\/02\/processed-98F73A04-D015-4A94-9D75-BCB43FE7015E-1-300x225.jpeg\" alt=\"\" width=\"300\" height=\"225\" \/> <\/a><a href=\"https:\/\/www.peetri.edu.ee\/pohikool\/wp-content\/uploads\/sites\/3\/2026\/02\/processed-77F37470-8CF9-47FE-BC43-93D1AD9095A5.jpeg\"><img loading=\"lazy\" decoding=\"async\" class=\"alignnone  wp-image-14106\" src=\"https:\/\/www.peetri.edu.ee\/pohikool\/wp-content\/uploads\/sites\/3\/2026\/02\/processed-77F37470-8CF9-47FE-BC43-93D1AD9095A5-225x300.jpeg\" alt=\"\" width=\"173\" height=\"231\" \/><\/a> <a href=\"https:\/\/www.peetri.edu.ee\/pohikool\/wp-content\/uploads\/sites\/3\/2026\/02\/processed-1A7595F5-05CE-4C6E-BCA5-1D2861C8C5FA.jpeg\"><img loading=\"lazy\" decoding=\"async\" class=\"alignnone size-medium wp-image-14122\" src=\"https:\/\/www.peetri.edu.ee\/pohikool\/wp-content\/uploads\/sites\/3\/2026\/02\/processed-1A7595F5-05CE-4C6E-BCA5-1D2861C8C5FA-300x225.jpeg\" alt=\"\" width=\"300\" height=\"225\" \/>\u00a0<\/a> <a href=\"https:\/\/www.peetri.edu.ee\/pohikool\/wp-content\/uploads\/sites\/3\/2026\/02\/processed-D84849EB-B4DC-4CC1-AD4D-6A5A05615B1E.jpeg\"><img loading=\"lazy\" decoding=\"async\" class=\"alignnone  wp-image-14116\" src=\"https:\/\/www.peetri.edu.ee\/pohikool\/wp-content\/uploads\/sites\/3\/2026\/02\/processed-D84849EB-B4DC-4CC1-AD4D-6A5A05615B1E-225x300.jpeg\" alt=\"\" width=\"179\" height=\"239\" \/>\u00a0<\/a> <a href=\"https:\/\/www.peetri.edu.ee\/pohikool\/wp-content\/uploads\/sites\/3\/2026\/02\/original-8C44F6A2-40EE-4524-9DF7-01EEEFB5F696.jpeg\"><img loading=\"lazy\" decoding=\"async\" class=\"alignnone  wp-image-14113\" src=\"https:\/\/www.peetri.edu.ee\/pohikool\/wp-content\/uploads\/sites\/3\/2026\/02\/original-8C44F6A2-40EE-4524-9DF7-01EEEFB5F696-225x300.jpeg\" alt=\"\" width=\"179\" height=\"239\" \/><\/a> \u00a0<\/p>\n\n\n\n\n","protected":false},"excerpt":{"rendered":"<p>Teema: Art, Music, and Dance Therapy for an Inclusive Classroom Aeg: 19.05 \u2013 24.05.2025 Koht: Barcelona, Hispaania Osalejad: Merleen, Kerstin&#8230;<\/p>\n","protected":false},"author":14,"featured_media":0,"parent":12822,"menu_order":0,"comment_status":"closed","ping_status":"closed","template":"","meta":{"_acf_changed":false,"footnotes":""},"class_list":["post-13911","page","type-page","status-publish","hentry"],"yoast_head":"<!-- This site is optimized with the Yoast SEO plugin v27.2 - https:\/\/yoast.com\/product\/yoast-seo-wordpress\/ -->\n<title>Art, Music and Dance Therapy for a Inclusive Classroom - Peetri P\u00f5hikool<\/title>\n<meta name=\"robots\" content=\"index, follow, max-snippet:-1, max-image-preview:large, max-video-preview:-1\" \/>\n<link rel=\"canonical\" href=\"https:\/\/www.peetri.edu.ee\/pohikool\/2022-2024-projekt\/art-music-and-dance-therapy-for-a-inclusive-classroom\/\" \/>\n<meta property=\"og:locale\" content=\"et_EE\" \/>\n<meta property=\"og:type\" content=\"article\" \/>\n<meta property=\"og:title\" content=\"Art, Music and Dance Therapy for a Inclusive Classroom - Peetri P\u00f5hikool\" \/>\n<meta property=\"og:description\" content=\"Teema: Art, Music, and Dance Therapy for an Inclusive Classroom Aeg: 19.05 \u2013 24.05.2025 Koht: Barcelona, Hispaania Osalejad: Merleen, Kerstin...\" \/>\n<meta property=\"og:url\" content=\"https:\/\/www.peetri.edu.ee\/pohikool\/2022-2024-projekt\/art-music-and-dance-therapy-for-a-inclusive-classroom\/\" \/>\n<meta property=\"og:site_name\" content=\"Peetri P\u00f5hikool\" \/>\n<meta property=\"article:modified_time\" content=\"2026-02-27T11:00:16+00:00\" \/>\n<meta property=\"og:image\" content=\"https:\/\/www.peetri.edu.ee\/pohikool\/wp-content\/uploads\/sites\/3\/2026\/02\/processed-B2CBEF14-7A1E-4E66-B76B-3F8A20D81B5C-1024x768.jpeg\" \/>\n\t<meta property=\"og:image:width\" content=\"1024\" \/>\n\t<meta property=\"og:image:height\" content=\"768\" \/>\n\t<meta property=\"og:image:type\" content=\"image\/jpeg\" \/>\n<meta name=\"twitter:card\" content=\"summary_large_image\" \/>\n<meta name=\"twitter:label1\" content=\"Est. reading time\" \/>\n\t<meta name=\"twitter:data1\" content=\"2 minutit\" \/>\n<script type=\"application\/ld+json\" class=\"yoast-schema-graph\">{\"@context\":\"https:\/\/schema.org\",\"@graph\":[{\"@type\":\"WebPage\",\"@id\":\"https:\/\/www.peetri.edu.ee\/pohikool\/2022-2024-projekt\/art-music-and-dance-therapy-for-a-inclusive-classroom\/\",\"url\":\"https:\/\/www.peetri.edu.ee\/pohikool\/2022-2024-projekt\/art-music-and-dance-therapy-for-a-inclusive-classroom\/\",\"name\":\"Art, Music and Dance Therapy for a Inclusive Classroom - Peetri P\u00f5hikool\",\"isPartOf\":{\"@id\":\"https:\/\/www.peetri.edu.ee\/pohikool\/#website\"},\"primaryImageOfPage\":{\"@id\":\"https:\/\/www.peetri.edu.ee\/pohikool\/2022-2024-projekt\/art-music-and-dance-therapy-for-a-inclusive-classroom\/#primaryimage\"},\"image\":{\"@id\":\"https:\/\/www.peetri.edu.ee\/pohikool\/2022-2024-projekt\/art-music-and-dance-therapy-for-a-inclusive-classroom\/#primaryimage\"},\"thumbnailUrl\":\"https:\/\/www.peetri.edu.ee\/pohikool\/wp-content\/uploads\/sites\/3\/2026\/02\/processed-B2CBEF14-7A1E-4E66-B76B-3F8A20D81B5C-300x225.jpeg\",\"datePublished\":\"2026-02-25T11:08:55+00:00\",\"dateModified\":\"2026-02-27T11:00:16+00:00\",\"breadcrumb\":{\"@id\":\"https:\/\/www.peetri.edu.ee\/pohikool\/2022-2024-projekt\/art-music-and-dance-therapy-for-a-inclusive-classroom\/#breadcrumb\"},\"inLanguage\":\"et\",\"potentialAction\":[{\"@type\":\"ReadAction\",\"target\":[\"https:\/\/www.peetri.edu.ee\/pohikool\/2022-2024-projekt\/art-music-and-dance-therapy-for-a-inclusive-classroom\/\"]}]},{\"@type\":\"ImageObject\",\"inLanguage\":\"et\",\"@id\":\"https:\/\/www.peetri.edu.ee\/pohikool\/2022-2024-projekt\/art-music-and-dance-therapy-for-a-inclusive-classroom\/#primaryimage\",\"url\":\"https:\/\/www.peetri.edu.ee\/pohikool\/wp-content\/uploads\/sites\/3\/2026\/02\/processed-B2CBEF14-7A1E-4E66-B76B-3F8A20D81B5C.jpeg\",\"contentUrl\":\"https:\/\/www.peetri.edu.ee\/pohikool\/wp-content\/uploads\/sites\/3\/2026\/02\/processed-B2CBEF14-7A1E-4E66-B76B-3F8A20D81B5C.jpeg\",\"width\":2420,\"height\":1816},{\"@type\":\"BreadcrumbList\",\"@id\":\"https:\/\/www.peetri.edu.ee\/pohikool\/2022-2024-projekt\/art-music-and-dance-therapy-for-a-inclusive-classroom\/#breadcrumb\",\"itemListElement\":[{\"@type\":\"ListItem\",\"position\":1,\"name\":\"Home\",\"item\":\"https:\/\/www.peetri.edu.ee\/pohikool\/\"},{\"@type\":\"ListItem\",\"position\":2,\"name\":\"2024-2026 projekt\",\"item\":\"https:\/\/www.peetri.edu.ee\/pohikool\/2022-2024-projekt\/\"},{\"@type\":\"ListItem\",\"position\":3,\"name\":\"Art, Music and Dance Therapy for a Inclusive Classroom\"}]},{\"@type\":\"WebSite\",\"@id\":\"https:\/\/www.peetri.edu.ee\/pohikool\/#website\",\"url\":\"https:\/\/www.peetri.edu.ee\/pohikool\/\",\"name\":\"Peetri P\u00f5hikool\",\"description\":\"Igas inimeses on p\u00e4ike, laskem tal s\u00e4rada\",\"potentialAction\":[{\"@type\":\"SearchAction\",\"target\":{\"@type\":\"EntryPoint\",\"urlTemplate\":\"https:\/\/www.peetri.edu.ee\/pohikool\/?s={search_term_string}\"},\"query-input\":{\"@type\":\"PropertyValueSpecification\",\"valueRequired\":true,\"valueName\":\"search_term_string\"}}],\"inLanguage\":\"et\"}]}<\/script>\n<!-- \/ Yoast SEO plugin. -->","yoast_head_json":{"title":"Art, Music and Dance Therapy for a Inclusive Classroom - Peetri P\u00f5hikool","robots":{"index":"index","follow":"follow","max-snippet":"max-snippet:-1","max-image-preview":"max-image-preview:large","max-video-preview":"max-video-preview:-1"},"canonical":"https:\/\/www.peetri.edu.ee\/pohikool\/2022-2024-projekt\/art-music-and-dance-therapy-for-a-inclusive-classroom\/","og_locale":"et_EE","og_type":"article","og_title":"Art, Music and Dance Therapy for a Inclusive Classroom - Peetri P\u00f5hikool","og_description":"Teema: Art, Music, and Dance Therapy for an Inclusive Classroom Aeg: 19.05 \u2013 24.05.2025 Koht: Barcelona, Hispaania Osalejad: Merleen, Kerstin...","og_url":"https:\/\/www.peetri.edu.ee\/pohikool\/2022-2024-projekt\/art-music-and-dance-therapy-for-a-inclusive-classroom\/","og_site_name":"Peetri P\u00f5hikool","article_modified_time":"2026-02-27T11:00:16+00:00","og_image":[{"width":1024,"height":768,"url":"https:\/\/www.peetri.edu.ee\/pohikool\/wp-content\/uploads\/sites\/3\/2026\/02\/processed-B2CBEF14-7A1E-4E66-B76B-3F8A20D81B5C-1024x768.jpeg","type":"image\/jpeg"}],"twitter_card":"summary_large_image","twitter_misc":{"Est. reading time":"2 minutit"},"schema":{"@context":"https:\/\/schema.org","@graph":[{"@type":"WebPage","@id":"https:\/\/www.peetri.edu.ee\/pohikool\/2022-2024-projekt\/art-music-and-dance-therapy-for-a-inclusive-classroom\/","url":"https:\/\/www.peetri.edu.ee\/pohikool\/2022-2024-projekt\/art-music-and-dance-therapy-for-a-inclusive-classroom\/","name":"Art, Music and Dance Therapy for a Inclusive Classroom - Peetri P\u00f5hikool","isPartOf":{"@id":"https:\/\/www.peetri.edu.ee\/pohikool\/#website"},"primaryImageOfPage":{"@id":"https:\/\/www.peetri.edu.ee\/pohikool\/2022-2024-projekt\/art-music-and-dance-therapy-for-a-inclusive-classroom\/#primaryimage"},"image":{"@id":"https:\/\/www.peetri.edu.ee\/pohikool\/2022-2024-projekt\/art-music-and-dance-therapy-for-a-inclusive-classroom\/#primaryimage"},"thumbnailUrl":"https:\/\/www.peetri.edu.ee\/pohikool\/wp-content\/uploads\/sites\/3\/2026\/02\/processed-B2CBEF14-7A1E-4E66-B76B-3F8A20D81B5C-300x225.jpeg","datePublished":"2026-02-25T11:08:55+00:00","dateModified":"2026-02-27T11:00:16+00:00","breadcrumb":{"@id":"https:\/\/www.peetri.edu.ee\/pohikool\/2022-2024-projekt\/art-music-and-dance-therapy-for-a-inclusive-classroom\/#breadcrumb"},"inLanguage":"et","potentialAction":[{"@type":"ReadAction","target":["https:\/\/www.peetri.edu.ee\/pohikool\/2022-2024-projekt\/art-music-and-dance-therapy-for-a-inclusive-classroom\/"]}]},{"@type":"ImageObject","inLanguage":"et","@id":"https:\/\/www.peetri.edu.ee\/pohikool\/2022-2024-projekt\/art-music-and-dance-therapy-for-a-inclusive-classroom\/#primaryimage","url":"https:\/\/www.peetri.edu.ee\/pohikool\/wp-content\/uploads\/sites\/3\/2026\/02\/processed-B2CBEF14-7A1E-4E66-B76B-3F8A20D81B5C.jpeg","contentUrl":"https:\/\/www.peetri.edu.ee\/pohikool\/wp-content\/uploads\/sites\/3\/2026\/02\/processed-B2CBEF14-7A1E-4E66-B76B-3F8A20D81B5C.jpeg","width":2420,"height":1816},{"@type":"BreadcrumbList","@id":"https:\/\/www.peetri.edu.ee\/pohikool\/2022-2024-projekt\/art-music-and-dance-therapy-for-a-inclusive-classroom\/#breadcrumb","itemListElement":[{"@type":"ListItem","position":1,"name":"Home","item":"https:\/\/www.peetri.edu.ee\/pohikool\/"},{"@type":"ListItem","position":2,"name":"2024-2026 projekt","item":"https:\/\/www.peetri.edu.ee\/pohikool\/2022-2024-projekt\/"},{"@type":"ListItem","position":3,"name":"Art, Music and Dance Therapy for a Inclusive Classroom"}]},{"@type":"WebSite","@id":"https:\/\/www.peetri.edu.ee\/pohikool\/#website","url":"https:\/\/www.peetri.edu.ee\/pohikool\/","name":"Peetri P\u00f5hikool","description":"Igas inimeses on p\u00e4ike, laskem tal s\u00e4rada","potentialAction":[{"@type":"SearchAction","target":{"@type":"EntryPoint","urlTemplate":"https:\/\/www.peetri.edu.ee\/pohikool\/?s={search_term_string}"},"query-input":{"@type":"PropertyValueSpecification","valueRequired":true,"valueName":"search_term_string"}}],"inLanguage":"et"}]}},"acf":[],"_links":{"self":[{"href":"https:\/\/www.peetri.edu.ee\/pohikool\/wp-json\/wp\/v2\/pages\/13911","targetHints":{"allow":["GET"]}}],"collection":[{"href":"https:\/\/www.peetri.edu.ee\/pohikool\/wp-json\/wp\/v2\/pages"}],"about":[{"href":"https:\/\/www.peetri.edu.ee\/pohikool\/wp-json\/wp\/v2\/types\/page"}],"author":[{"embeddable":true,"href":"https:\/\/www.peetri.edu.ee\/pohikool\/wp-json\/wp\/v2\/users\/14"}],"replies":[{"embeddable":true,"href":"https:\/\/www.peetri.edu.ee\/pohikool\/wp-json\/wp\/v2\/comments?post=13911"}],"version-history":[{"count":5,"href":"https:\/\/www.peetri.edu.ee\/pohikool\/wp-json\/wp\/v2\/pages\/13911\/revisions"}],"predecessor-version":[{"id":14130,"href":"https:\/\/www.peetri.edu.ee\/pohikool\/wp-json\/wp\/v2\/pages\/13911\/revisions\/14130"}],"up":[{"embeddable":true,"href":"https:\/\/www.peetri.edu.ee\/pohikool\/wp-json\/wp\/v2\/pages\/12822"}],"wp:attachment":[{"href":"https:\/\/www.peetri.edu.ee\/pohikool\/wp-json\/wp\/v2\/media?parent=13911"}],"curies":[{"name":"wp","href":"https:\/\/api.w.org\/{rel}","templated":true}]}}