{"id":13906,"date":"2026-02-25T13:03:03","date_gmt":"2026-02-25T11:03:03","guid":{"rendered":"https:\/\/www.peetri.edu.ee\/pohikool\/?page_id=13906"},"modified":"2026-02-27T10:40:57","modified_gmt":"2026-02-27T08:40:57","slug":"rediscovering-the-roots-of-democracy-from-ancient-greece-to-the-european-union","status":"publish","type":"page","link":"https:\/\/www.peetri.edu.ee\/pohikool\/rediscovering-the-roots-of-democracy-from-ancient-greece-to-the-european-union\/","title":{"rendered":"Rediscovering the Roots of Democracy: From Ancient Greece to the European Union"},"content":{"rendered":"\n<p><a href=\"https:\/\/www.peetri.edu.ee\/pohikool\/wp-content\/uploads\/sites\/3\/2026\/02\/ET_Co-fundedbytheEU_RGB_POS-scaled.png\"><img loading=\"lazy\" decoding=\"async\" class=\"alignnone size-medium wp-image-13948\" src=\"https:\/\/www.peetri.edu.ee\/pohikool\/wp-content\/uploads\/sites\/3\/2026\/02\/ET_Co-fundedbytheEU_RGB_POS-300x75.png\" alt=\"\" width=\"300\" height=\"75\"><\/a> &nbsp;&nbsp; &nbsp;&nbsp; &nbsp;&nbsp; &nbsp;&nbsp; &nbsp;&nbsp; &nbsp;&nbsp; &nbsp;&nbsp; &nbsp;&nbsp; &nbsp;&nbsp; &nbsp;&nbsp; &nbsp;&nbsp; &nbsp;&nbsp; &nbsp;&nbsp;<a href=\"https:\/\/www.peetri.edu.ee\/pohikool\/wp-content\/uploads\/sites\/3\/2026\/02\/Erasmus-sinine-loosungiga-EST.png\"><img loading=\"lazy\" decoding=\"async\" class=\"alignnone size-medium wp-image-13945\" src=\"https:\/\/www.peetri.edu.ee\/pohikool\/wp-content\/uploads\/sites\/3\/2026\/02\/Erasmus-sinine-loosungiga-EST-300x74.png\" alt=\"\" width=\"300\" height=\"74\"><\/a><\/p>\n\n\n\n<p>Koolitusel Ateenas (13.04-19.04) <span style=\"color: #000080;\"><strong>\u201eRediscovering the Roots of Democracy: From Ancient Greece to the European Union\u201d<\/strong> <\/span>osalesid koolist ajaloo\u00f5petaja Christian ja draama\u00f5petaja Margus.\u00a0<br \/><br \/>30-tunnise kursuse k\u00e4igus said osalejad \u00fclevaate Vana-Kreeka demokraatia arengust l\u00e4bi aegade ning selle panusest t\u00e4nap\u00e4eva \u00fchiskondadesse ja elustiili. Arutleti ka v\u00e4\u00e4rtuste ja printsiipide \u00fcle, mis hetkel Euroopa Liidus domineerivad. Lisaks omandati uusi teadmisi, kuidas toetada \u00f5pilasi kujunemisel aktiivseteks kodanikeks.\u00a0<br \/>Koolitusel proovisid osalejad l\u00e4bi erinevaid \u00f5ppemetoodikaid, millega v\u00f5iks \u00f5pilasi paremini kaasata. Samuti oli oluline koht ka \u00f5ues\u00f5ppel:\u00a0Pnyxi\u00a0jalamil ning\u00a0Stavros\u00a0Niarchose\u00a0keskuses.\u00a0<\/p>\n<p>Rohkem infot:\u00a0 <a href=\"https:\/\/profareng.weebly.com\/rediscovering-the-roots-of-democracy-from-ancient-greece-to-the-european-union-kreeka.html\">https:\/\/profareng.weebly.com\/rediscovering-the-roots-of-democracy-from-ancient-greece-to-the-european-union-kreeka.html<\/a><\/p>\n\n\n\n<div class=\"responsive-google-slides\">\n  <iframe \n    src=\"https:\/\/docs.google.com\/presentation\/d\/e\/2PACX-1vTViKW9DFQVQNchoK6whFkaDIN_JADrsEE7CZjjYDeTMOY7Y9vPU_8lulB4Kt03yJ5_hlKjp4hVm6H5\/pubembed?start=true&#038;loop=false&#038;delayms=3000\" \n    frameborder=\"0\" \n    allowfullscreen=\"true\" \n    mozallowfullscreen=\"true\" \n    webkitallowfullscreen=\"true\">\n  <\/iframe>\n<\/div>\n\n<style>\n  .responsive-google-slides {\n    position: relative;\n    padding-bottom: 56.25%; \/* kuvasuhe 16:9 *\/\n    height: 0;\n    overflow: hidden;\n    max-width: 100%;\n  }\n  .responsive-google-slides iframe {\n    position: absolute;\n    top: 0;\n    left: 0;\n    width: 100%;\n    height: 100%;\n    border: 0;\n  }\n<\/style>\n\n\n\n<p><a href=\"https:\/\/www.peetri.edu.ee\/pohikool\/wp-content\/uploads\/sites\/3\/2026\/02\/Pilt2_keeka.jpg\"><img loading=\"lazy\" decoding=\"async\" class=\"alignnone size-medium wp-image-14004\" src=\"https:\/\/www.peetri.edu.ee\/pohikool\/wp-content\/uploads\/sites\/3\/2026\/02\/Pilt2_keeka-300x190.jpg\" alt=\"\" width=\"300\" height=\"190\"><\/a>  <a href=\"https:\/\/www.peetri.edu.ee\/pohikool\/wp-content\/uploads\/sites\/3\/2026\/02\/Pilt3_kreeka.png\"><img loading=\"lazy\" decoding=\"async\" class=\"alignnone size-medium wp-image-14010\" src=\"https:\/\/www.peetri.edu.ee\/pohikool\/wp-content\/uploads\/sites\/3\/2026\/02\/Pilt3_kreeka-300x194.png\" alt=\"\" width=\"300\" height=\"194\"><\/a><\/p>\n<p><a href=\"https:\/\/www.peetri.edu.ee\/pohikool\/wp-content\/uploads\/sites\/3\/2026\/02\/Pilt1_Kreeka.png\"><img loading=\"lazy\" decoding=\"async\" class=\"alignnone  wp-image-14007\" src=\"https:\/\/www.peetri.edu.ee\/pohikool\/wp-content\/uploads\/sites\/3\/2026\/02\/Pilt1_Kreeka-300x228.png\" alt=\"\" width=\"357\" height=\"271\"><\/a><\/p>\n\n\n\n\n\n\n","protected":false},"excerpt":{"rendered":"<p>&nbsp;&nbsp; &nbsp;&nbsp; &nbsp;&nbsp; &nbsp;&nbsp; &nbsp;&nbsp; &nbsp;&nbsp; &nbsp;&nbsp; &nbsp;&nbsp; &nbsp;&nbsp; &nbsp;&nbsp; &nbsp;&nbsp; &nbsp;&nbsp; &nbsp;&nbsp; Koolitusel Ateenas (13.04-19.04) \u201eRediscovering the Roots of&#8230;<\/p>\n","protected":false},"author":14,"featured_media":0,"parent":0,"menu_order":0,"comment_status":"closed","ping_status":"closed","template":"","meta":{"_acf_changed":false,"footnotes":""},"class_list":["post-13906","page","type-page","status-publish","hentry"],"yoast_head":"<!-- This site is optimized with the Yoast SEO plugin v27.2 - https:\/\/yoast.com\/product\/yoast-seo-wordpress\/ -->\n<title>Rediscovering the Roots of Democracy: From Ancient Greece to the European Union - Peetri P\u00f5hikool<\/title>\n<meta name=\"robots\" content=\"index, follow, max-snippet:-1, max-image-preview:large, max-video-preview:-1\" \/>\n<link rel=\"canonical\" href=\"https:\/\/www.peetri.edu.ee\/pohikool\/rediscovering-the-roots-of-democracy-from-ancient-greece-to-the-european-union\/\" \/>\n<meta property=\"og:locale\" content=\"et_EE\" \/>\n<meta property=\"og:type\" content=\"article\" \/>\n<meta property=\"og:title\" content=\"Rediscovering the Roots of Democracy: From Ancient Greece to the European Union - Peetri P\u00f5hikool\" \/>\n<meta property=\"og:description\" content=\"&nbsp;&nbsp; &nbsp;&nbsp; &nbsp;&nbsp; &nbsp;&nbsp; &nbsp;&nbsp; &nbsp;&nbsp; &nbsp;&nbsp; &nbsp;&nbsp; &nbsp;&nbsp; &nbsp;&nbsp; &nbsp;&nbsp; &nbsp;&nbsp; &nbsp;&nbsp; Koolitusel Ateenas (13.04-19.04) \u201eRediscovering the Roots of...\" \/>\n<meta property=\"og:url\" content=\"https:\/\/www.peetri.edu.ee\/pohikool\/rediscovering-the-roots-of-democracy-from-ancient-greece-to-the-european-union\/\" \/>\n<meta property=\"og:site_name\" content=\"Peetri P\u00f5hikool\" \/>\n<meta property=\"article:modified_time\" content=\"2026-02-27T08:40:57+00:00\" \/>\n<meta property=\"og:image\" content=\"https:\/\/www.peetri.edu.ee\/pohikool\/wp-content\/uploads\/sites\/3\/2026\/02\/ET_Co-fundedbytheEU_RGB_POS-scaled.png\" \/>\n\t<meta property=\"og:image:width\" content=\"2560\" \/>\n\t<meta property=\"og:image:height\" content=\"643\" \/>\n\t<meta property=\"og:image:type\" content=\"image\/png\" \/>\n<meta name=\"twitter:card\" content=\"summary_large_image\" \/>\n<meta name=\"twitter:label1\" content=\"Est. reading time\" \/>\n\t<meta name=\"twitter:data1\" content=\"2 minutit\" \/>\n<script type=\"application\/ld+json\" class=\"yoast-schema-graph\">{\"@context\":\"https:\/\/schema.org\",\"@graph\":[{\"@type\":\"WebPage\",\"@id\":\"https:\/\/www.peetri.edu.ee\/pohikool\/rediscovering-the-roots-of-democracy-from-ancient-greece-to-the-european-union\/\",\"url\":\"https:\/\/www.peetri.edu.ee\/pohikool\/rediscovering-the-roots-of-democracy-from-ancient-greece-to-the-european-union\/\",\"name\":\"Rediscovering the Roots of Democracy: From Ancient Greece to the European Union - Peetri P\u00f5hikool\",\"isPartOf\":{\"@id\":\"https:\/\/www.peetri.edu.ee\/pohikool\/#website\"},\"primaryImageOfPage\":{\"@id\":\"https:\/\/www.peetri.edu.ee\/pohikool\/rediscovering-the-roots-of-democracy-from-ancient-greece-to-the-european-union\/#primaryimage\"},\"image\":{\"@id\":\"https:\/\/www.peetri.edu.ee\/pohikool\/rediscovering-the-roots-of-democracy-from-ancient-greece-to-the-european-union\/#primaryimage\"},\"thumbnailUrl\":\"https:\/\/www.peetri.edu.ee\/pohikool\/wp-content\/uploads\/sites\/3\/2026\/02\/ET_Co-fundedbytheEU_RGB_POS-300x75.png\",\"datePublished\":\"2026-02-25T11:03:03+00:00\",\"dateModified\":\"2026-02-27T08:40:57+00:00\",\"breadcrumb\":{\"@id\":\"https:\/\/www.peetri.edu.ee\/pohikool\/rediscovering-the-roots-of-democracy-from-ancient-greece-to-the-european-union\/#breadcrumb\"},\"inLanguage\":\"et\",\"potentialAction\":[{\"@type\":\"ReadAction\",\"target\":[\"https:\/\/www.peetri.edu.ee\/pohikool\/rediscovering-the-roots-of-democracy-from-ancient-greece-to-the-european-union\/\"]}]},{\"@type\":\"ImageObject\",\"inLanguage\":\"et\",\"@id\":\"https:\/\/www.peetri.edu.ee\/pohikool\/rediscovering-the-roots-of-democracy-from-ancient-greece-to-the-european-union\/#primaryimage\",\"url\":\"https:\/\/www.peetri.edu.ee\/pohikool\/wp-content\/uploads\/sites\/3\/2026\/02\/ET_Co-fundedbytheEU_RGB_POS-scaled.png\",\"contentUrl\":\"https:\/\/www.peetri.edu.ee\/pohikool\/wp-content\/uploads\/sites\/3\/2026\/02\/ET_Co-fundedbytheEU_RGB_POS-scaled.png\",\"width\":2560,\"height\":643},{\"@type\":\"BreadcrumbList\",\"@id\":\"https:\/\/www.peetri.edu.ee\/pohikool\/rediscovering-the-roots-of-democracy-from-ancient-greece-to-the-european-union\/#breadcrumb\",\"itemListElement\":[{\"@type\":\"ListItem\",\"position\":1,\"name\":\"Home\",\"item\":\"https:\/\/www.peetri.edu.ee\/pohikool\/\"},{\"@type\":\"ListItem\",\"position\":2,\"name\":\"Rediscovering the Roots of Democracy: From Ancient Greece to the European Union\"}]},{\"@type\":\"WebSite\",\"@id\":\"https:\/\/www.peetri.edu.ee\/pohikool\/#website\",\"url\":\"https:\/\/www.peetri.edu.ee\/pohikool\/\",\"name\":\"Peetri P\u00f5hikool\",\"description\":\"Igas inimeses on p\u00e4ike, laskem tal s\u00e4rada\",\"potentialAction\":[{\"@type\":\"SearchAction\",\"target\":{\"@type\":\"EntryPoint\",\"urlTemplate\":\"https:\/\/www.peetri.edu.ee\/pohikool\/?s={search_term_string}\"},\"query-input\":{\"@type\":\"PropertyValueSpecification\",\"valueRequired\":true,\"valueName\":\"search_term_string\"}}],\"inLanguage\":\"et\"}]}<\/script>\n<!-- \/ Yoast SEO plugin. -->","yoast_head_json":{"title":"Rediscovering the Roots of Democracy: From Ancient Greece to the European Union - Peetri P\u00f5hikool","robots":{"index":"index","follow":"follow","max-snippet":"max-snippet:-1","max-image-preview":"max-image-preview:large","max-video-preview":"max-video-preview:-1"},"canonical":"https:\/\/www.peetri.edu.ee\/pohikool\/rediscovering-the-roots-of-democracy-from-ancient-greece-to-the-european-union\/","og_locale":"et_EE","og_type":"article","og_title":"Rediscovering the Roots of Democracy: From Ancient Greece to the European Union - Peetri P\u00f5hikool","og_description":"&nbsp;&nbsp; &nbsp;&nbsp; &nbsp;&nbsp; &nbsp;&nbsp; &nbsp;&nbsp; &nbsp;&nbsp; &nbsp;&nbsp; &nbsp;&nbsp; &nbsp;&nbsp; &nbsp;&nbsp; &nbsp;&nbsp; &nbsp;&nbsp; &nbsp;&nbsp; Koolitusel Ateenas (13.04-19.04) \u201eRediscovering the Roots of...","og_url":"https:\/\/www.peetri.edu.ee\/pohikool\/rediscovering-the-roots-of-democracy-from-ancient-greece-to-the-european-union\/","og_site_name":"Peetri P\u00f5hikool","article_modified_time":"2026-02-27T08:40:57+00:00","og_image":[{"width":2560,"height":643,"url":"https:\/\/www.peetri.edu.ee\/pohikool\/wp-content\/uploads\/sites\/3\/2026\/02\/ET_Co-fundedbytheEU_RGB_POS-scaled.png","type":"image\/png"}],"twitter_card":"summary_large_image","twitter_misc":{"Est. reading time":"2 minutit"},"schema":{"@context":"https:\/\/schema.org","@graph":[{"@type":"WebPage","@id":"https:\/\/www.peetri.edu.ee\/pohikool\/rediscovering-the-roots-of-democracy-from-ancient-greece-to-the-european-union\/","url":"https:\/\/www.peetri.edu.ee\/pohikool\/rediscovering-the-roots-of-democracy-from-ancient-greece-to-the-european-union\/","name":"Rediscovering the Roots of Democracy: From Ancient Greece to the European Union - Peetri P\u00f5hikool","isPartOf":{"@id":"https:\/\/www.peetri.edu.ee\/pohikool\/#website"},"primaryImageOfPage":{"@id":"https:\/\/www.peetri.edu.ee\/pohikool\/rediscovering-the-roots-of-democracy-from-ancient-greece-to-the-european-union\/#primaryimage"},"image":{"@id":"https:\/\/www.peetri.edu.ee\/pohikool\/rediscovering-the-roots-of-democracy-from-ancient-greece-to-the-european-union\/#primaryimage"},"thumbnailUrl":"https:\/\/www.peetri.edu.ee\/pohikool\/wp-content\/uploads\/sites\/3\/2026\/02\/ET_Co-fundedbytheEU_RGB_POS-300x75.png","datePublished":"2026-02-25T11:03:03+00:00","dateModified":"2026-02-27T08:40:57+00:00","breadcrumb":{"@id":"https:\/\/www.peetri.edu.ee\/pohikool\/rediscovering-the-roots-of-democracy-from-ancient-greece-to-the-european-union\/#breadcrumb"},"inLanguage":"et","potentialAction":[{"@type":"ReadAction","target":["https:\/\/www.peetri.edu.ee\/pohikool\/rediscovering-the-roots-of-democracy-from-ancient-greece-to-the-european-union\/"]}]},{"@type":"ImageObject","inLanguage":"et","@id":"https:\/\/www.peetri.edu.ee\/pohikool\/rediscovering-the-roots-of-democracy-from-ancient-greece-to-the-european-union\/#primaryimage","url":"https:\/\/www.peetri.edu.ee\/pohikool\/wp-content\/uploads\/sites\/3\/2026\/02\/ET_Co-fundedbytheEU_RGB_POS-scaled.png","contentUrl":"https:\/\/www.peetri.edu.ee\/pohikool\/wp-content\/uploads\/sites\/3\/2026\/02\/ET_Co-fundedbytheEU_RGB_POS-scaled.png","width":2560,"height":643},{"@type":"BreadcrumbList","@id":"https:\/\/www.peetri.edu.ee\/pohikool\/rediscovering-the-roots-of-democracy-from-ancient-greece-to-the-european-union\/#breadcrumb","itemListElement":[{"@type":"ListItem","position":1,"name":"Home","item":"https:\/\/www.peetri.edu.ee\/pohikool\/"},{"@type":"ListItem","position":2,"name":"Rediscovering the Roots of Democracy: From Ancient Greece to the European Union"}]},{"@type":"WebSite","@id":"https:\/\/www.peetri.edu.ee\/pohikool\/#website","url":"https:\/\/www.peetri.edu.ee\/pohikool\/","name":"Peetri P\u00f5hikool","description":"Igas inimeses on p\u00e4ike, laskem tal s\u00e4rada","potentialAction":[{"@type":"SearchAction","target":{"@type":"EntryPoint","urlTemplate":"https:\/\/www.peetri.edu.ee\/pohikool\/?s={search_term_string}"},"query-input":{"@type":"PropertyValueSpecification","valueRequired":true,"valueName":"search_term_string"}}],"inLanguage":"et"}]}},"acf":[],"_links":{"self":[{"href":"https:\/\/www.peetri.edu.ee\/pohikool\/wp-json\/wp\/v2\/pages\/13906","targetHints":{"allow":["GET"]}}],"collection":[{"href":"https:\/\/www.peetri.edu.ee\/pohikool\/wp-json\/wp\/v2\/pages"}],"about":[{"href":"https:\/\/www.peetri.edu.ee\/pohikool\/wp-json\/wp\/v2\/types\/page"}],"author":[{"embeddable":true,"href":"https:\/\/www.peetri.edu.ee\/pohikool\/wp-json\/wp\/v2\/users\/14"}],"replies":[{"embeddable":true,"href":"https:\/\/www.peetri.edu.ee\/pohikool\/wp-json\/wp\/v2\/comments?post=13906"}],"version-history":[{"count":5,"href":"https:\/\/www.peetri.edu.ee\/pohikool\/wp-json\/wp\/v2\/pages\/13906\/revisions"}],"predecessor-version":[{"id":14099,"href":"https:\/\/www.peetri.edu.ee\/pohikool\/wp-json\/wp\/v2\/pages\/13906\/revisions\/14099"}],"wp:attachment":[{"href":"https:\/\/www.peetri.edu.ee\/pohikool\/wp-json\/wp\/v2\/media?parent=13906"}],"curies":[{"name":"wp","href":"https:\/\/api.w.org\/{rel}","templated":true}]}}