{"id":139,"date":"2017-08-11T13:19:47","date_gmt":"2017-08-11T10:19:47","guid":{"rendered":"https:\/\/www.peetri.edu.ee\/pohikool\/?page_id=139"},"modified":"2018-09-13T13:53:49","modified_gmt":"2018-09-13T10:53:49","slug":"miks-meie-koolis","status":"publish","type":"page","link":"https:\/\/www.peetri.edu.ee\/pohikool\/7-harjumust\/miks-meie-koolis\/","title":{"rendered":"Miks meie koolis"},"content":{"rendered":"<p>Peetri kool on \u00f5ppeasutus, kus rakendame uuenduslikke ja innovaatilisi \u00f5ppeviise eesm\u00e4rgil, et meie kooli \u00f5pilane saaks elus edukalt hakkama, oleks \u00f5nnelik, ennast tundev ja elus toimetulev inimene. 2009. aastal valiti meie kool\u00a0<strong>Microsofti innovaatiliste koolide programmi,\u00a0<\/strong>mis koondab erinevaid uuendusmeelsemaid koole \u00fcle maailma. 2013. aastal p\u00e4lvisime\u00a0<strong>\u201eHea kooli rajaleidja\u201c<\/strong>\u00a0konkursil \u00fchena kolmest koolist Eestis T\u00dc eetikakeskuse tiitli\u00a0<strong>\u201eV\u00e4\u00e4rtuskasvatuse kool 2013\u201c<\/strong>.<\/p>\n<p>Alates 2015\/2016. \u00f5ppeaastast soovime rakendada koolis uudset arendusprotsessi\u00a0<strong>\u201eLiider minus endas\u201c (LME)<\/strong>. P\u00f5hjus on lihtne \u2013 selleks, et meie lapsed saaksid 21. sajandil edukad ja \u00f5nnelikud olla, ei piisa enam ainult akadeemilistest teadmistest, vaid t\u00e4htsad on ka praktilised oskused. 7 harjumuse m\u00f5tteviisid sobivad Peetri kooli p\u00f5him\u00f5tete ja eesm\u00e4rkidega, sest me tahame, et \u00f5pilased suudaksid ennast juhtida ja oleksid teadlikud \u00f5ppijad.<\/p>\n<p><strong>Programm toetab \u00f5ppekava \u00fcldp\u00e4devuste kujundamist.<\/strong>\u00a0Me eeldame, et programmi toel \u00f5pilased m\u00f5istavad ja tajuvad paremini enda rolli \u00f5ppijana, klassi- ja koolikaaslasena ning on teadlikumad oma k\u00e4itumisest ja \u00f5ppimisest. Usume, et meie koolis muutub veel paremaks \u00f5pilaste omavaheline l\u00e4bisaamine, \u00f5pilased on usinamad \u00f5ppijad ja aktiivsemad koolielu korraldajad.<\/p>\n<p>Mujalt maailmast p\u00e4rit n\u00e4idete p\u00f5hjal v\u00f5ib \u00f6elda, et 7 harjumuse rakendamise korral on muutunud paremaks \u00f5pitulemused, on v\u00e4henenud k\u00e4itumisprobleemid ja \u00f5piraskused. M\u00e4rksa olulisemad muudatused toimusid aga laste eluoskustes. \u00d5pilased ja l\u00f5petajad on enesekindlamad, teavad oma tugevusi ja on hoolivad. Nad suudavad vastutada oma valikute ja otsuste eest, teha koost\u00f6\u00f6d, olla tasakaalukad ning enesekindlad.<\/p>\n<p>Tegemist ei ole l\u00fchiajalise projektiga, vaid\u00a0<strong>laiema m\u00f5tteviisiga<\/strong>, mida saab rakendada igas eluvaldkonnas. Soovime, et see saaks meie kooli \u00f5ppekava, aga tegelikult laiemalt\u00a0<strong>kooli kultuuri osaks<\/strong>. LME ei l\u00fclitu kooliprogrammi \u00fche lisatunni v\u00f5i \u2013kohustusena, vaid on osa kooli igap\u00e4evategevusest. 7 harjumuse omandamisele aitavad kaasa \u00f5petajate t\u00f6\u00f6raamatud ja \u00f5pilaste t\u00f6\u00f6vihikud, mis toetavad v\u00e4\u00e4rtuskasvatust, andes \u00fchtlasi ainealaseid lisateadmisi.<\/p>\n<p>Meil on ainult \u00fcks v\u00f5imalus oma lapsi ette valmistada tulevikuks, mida keegi meist ei oska ette n\u00e4ha. Anname oma panuse, et seda \u00fcht ja ainukest v\u00f5imalust kasutada.<\/p>\n","protected":false},"excerpt":{"rendered":"<p>Peetri kool on \u00f5ppeasutus, kus rakendame uuenduslikke ja innovaatilisi \u00f5ppeviise eesm\u00e4rgil, et meie kooli \u00f5pilane saaks elus edukalt hakkama, oleks&#8230;<\/p>\n","protected":false},"author":1,"featured_media":0,"parent":54,"menu_order":20,"comment_status":"closed","ping_status":"closed","template":"","meta":{"_acf_changed":false,"footnotes":""},"class_list":["post-139","page","type-page","status-publish","hentry"],"yoast_head":"<!-- This site is optimized with the Yoast SEO plugin v27.2 - https:\/\/yoast.com\/product\/yoast-seo-wordpress\/ -->\n<title>Miks meie koolis - Peetri P\u00f5hikool<\/title>\n<meta name=\"robots\" content=\"index, follow, max-snippet:-1, max-image-preview:large, max-video-preview:-1\" \/>\n<link rel=\"canonical\" href=\"https:\/\/www.peetri.edu.ee\/pohikool\/7-harjumust\/miks-meie-koolis\/\" \/>\n<meta property=\"og:locale\" content=\"et_EE\" \/>\n<meta property=\"og:type\" content=\"article\" \/>\n<meta property=\"og:title\" content=\"Miks meie koolis - Peetri P\u00f5hikool\" \/>\n<meta property=\"og:description\" content=\"Peetri kool on \u00f5ppeasutus, kus rakendame uuenduslikke ja innovaatilisi \u00f5ppeviise eesm\u00e4rgil, et meie kooli \u00f5pilane saaks elus edukalt hakkama, oleks...\" \/>\n<meta property=\"og:url\" content=\"https:\/\/www.peetri.edu.ee\/pohikool\/7-harjumust\/miks-meie-koolis\/\" \/>\n<meta property=\"og:site_name\" content=\"Peetri P\u00f5hikool\" \/>\n<meta property=\"article:modified_time\" content=\"2018-09-13T10:53:49+00:00\" \/>\n<meta name=\"twitter:card\" content=\"summary_large_image\" \/>\n<meta name=\"twitter:label1\" content=\"Est. reading time\" \/>\n\t<meta name=\"twitter:data1\" content=\"2 minutit\" \/>\n<script type=\"application\/ld+json\" class=\"yoast-schema-graph\">{\"@context\":\"https:\/\/schema.org\",\"@graph\":[{\"@type\":\"WebPage\",\"@id\":\"https:\/\/www.peetri.edu.ee\/pohikool\/7-harjumust\/miks-meie-koolis\/\",\"url\":\"https:\/\/www.peetri.edu.ee\/pohikool\/7-harjumust\/miks-meie-koolis\/\",\"name\":\"Miks meie koolis - Peetri P\u00f5hikool\",\"isPartOf\":{\"@id\":\"https:\/\/www.peetri.edu.ee\/pohikool\/#website\"},\"datePublished\":\"2017-08-11T10:19:47+00:00\",\"dateModified\":\"2018-09-13T10:53:49+00:00\",\"breadcrumb\":{\"@id\":\"https:\/\/www.peetri.edu.ee\/pohikool\/7-harjumust\/miks-meie-koolis\/#breadcrumb\"},\"inLanguage\":\"et\",\"potentialAction\":[{\"@type\":\"ReadAction\",\"target\":[\"https:\/\/www.peetri.edu.ee\/pohikool\/7-harjumust\/miks-meie-koolis\/\"]}]},{\"@type\":\"BreadcrumbList\",\"@id\":\"https:\/\/www.peetri.edu.ee\/pohikool\/7-harjumust\/miks-meie-koolis\/#breadcrumb\",\"itemListElement\":[{\"@type\":\"ListItem\",\"position\":1,\"name\":\"Home\",\"item\":\"https:\/\/www.peetri.edu.ee\/pohikool\/\"},{\"@type\":\"ListItem\",\"position\":2,\"name\":\"Liider minus endas\",\"item\":\"https:\/\/www.peetri.edu.ee\/pohikool\/7-harjumust\/\"},{\"@type\":\"ListItem\",\"position\":3,\"name\":\"Miks meie koolis\"}]},{\"@type\":\"WebSite\",\"@id\":\"https:\/\/www.peetri.edu.ee\/pohikool\/#website\",\"url\":\"https:\/\/www.peetri.edu.ee\/pohikool\/\",\"name\":\"Peetri P\u00f5hikool\",\"description\":\"Igas inimeses on p\u00e4ike, laskem tal s\u00e4rada\",\"potentialAction\":[{\"@type\":\"SearchAction\",\"target\":{\"@type\":\"EntryPoint\",\"urlTemplate\":\"https:\/\/www.peetri.edu.ee\/pohikool\/?s={search_term_string}\"},\"query-input\":{\"@type\":\"PropertyValueSpecification\",\"valueRequired\":true,\"valueName\":\"search_term_string\"}}],\"inLanguage\":\"et\"}]}<\/script>\n<!-- \/ Yoast SEO plugin. -->","yoast_head_json":{"title":"Miks meie koolis - Peetri P\u00f5hikool","robots":{"index":"index","follow":"follow","max-snippet":"max-snippet:-1","max-image-preview":"max-image-preview:large","max-video-preview":"max-video-preview:-1"},"canonical":"https:\/\/www.peetri.edu.ee\/pohikool\/7-harjumust\/miks-meie-koolis\/","og_locale":"et_EE","og_type":"article","og_title":"Miks meie koolis - Peetri P\u00f5hikool","og_description":"Peetri kool on \u00f5ppeasutus, kus rakendame uuenduslikke ja innovaatilisi \u00f5ppeviise eesm\u00e4rgil, et meie kooli \u00f5pilane saaks elus edukalt hakkama, oleks...","og_url":"https:\/\/www.peetri.edu.ee\/pohikool\/7-harjumust\/miks-meie-koolis\/","og_site_name":"Peetri P\u00f5hikool","article_modified_time":"2018-09-13T10:53:49+00:00","twitter_card":"summary_large_image","twitter_misc":{"Est. reading time":"2 minutit"},"schema":{"@context":"https:\/\/schema.org","@graph":[{"@type":"WebPage","@id":"https:\/\/www.peetri.edu.ee\/pohikool\/7-harjumust\/miks-meie-koolis\/","url":"https:\/\/www.peetri.edu.ee\/pohikool\/7-harjumust\/miks-meie-koolis\/","name":"Miks meie koolis - Peetri P\u00f5hikool","isPartOf":{"@id":"https:\/\/www.peetri.edu.ee\/pohikool\/#website"},"datePublished":"2017-08-11T10:19:47+00:00","dateModified":"2018-09-13T10:53:49+00:00","breadcrumb":{"@id":"https:\/\/www.peetri.edu.ee\/pohikool\/7-harjumust\/miks-meie-koolis\/#breadcrumb"},"inLanguage":"et","potentialAction":[{"@type":"ReadAction","target":["https:\/\/www.peetri.edu.ee\/pohikool\/7-harjumust\/miks-meie-koolis\/"]}]},{"@type":"BreadcrumbList","@id":"https:\/\/www.peetri.edu.ee\/pohikool\/7-harjumust\/miks-meie-koolis\/#breadcrumb","itemListElement":[{"@type":"ListItem","position":1,"name":"Home","item":"https:\/\/www.peetri.edu.ee\/pohikool\/"},{"@type":"ListItem","position":2,"name":"Liider minus endas","item":"https:\/\/www.peetri.edu.ee\/pohikool\/7-harjumust\/"},{"@type":"ListItem","position":3,"name":"Miks meie koolis"}]},{"@type":"WebSite","@id":"https:\/\/www.peetri.edu.ee\/pohikool\/#website","url":"https:\/\/www.peetri.edu.ee\/pohikool\/","name":"Peetri P\u00f5hikool","description":"Igas inimeses on p\u00e4ike, laskem tal s\u00e4rada","potentialAction":[{"@type":"SearchAction","target":{"@type":"EntryPoint","urlTemplate":"https:\/\/www.peetri.edu.ee\/pohikool\/?s={search_term_string}"},"query-input":{"@type":"PropertyValueSpecification","valueRequired":true,"valueName":"search_term_string"}}],"inLanguage":"et"}]}},"acf":[],"_links":{"self":[{"href":"https:\/\/www.peetri.edu.ee\/pohikool\/wp-json\/wp\/v2\/pages\/139","targetHints":{"allow":["GET"]}}],"collection":[{"href":"https:\/\/www.peetri.edu.ee\/pohikool\/wp-json\/wp\/v2\/pages"}],"about":[{"href":"https:\/\/www.peetri.edu.ee\/pohikool\/wp-json\/wp\/v2\/types\/page"}],"author":[{"embeddable":true,"href":"https:\/\/www.peetri.edu.ee\/pohikool\/wp-json\/wp\/v2\/users\/1"}],"replies":[{"embeddable":true,"href":"https:\/\/www.peetri.edu.ee\/pohikool\/wp-json\/wp\/v2\/comments?post=139"}],"version-history":[{"count":2,"href":"https:\/\/www.peetri.edu.ee\/pohikool\/wp-json\/wp\/v2\/pages\/139\/revisions"}],"predecessor-version":[{"id":141,"href":"https:\/\/www.peetri.edu.ee\/pohikool\/wp-json\/wp\/v2\/pages\/139\/revisions\/141"}],"up":[{"embeddable":true,"href":"https:\/\/www.peetri.edu.ee\/pohikool\/wp-json\/wp\/v2\/pages\/54"}],"wp:attachment":[{"href":"https:\/\/www.peetri.edu.ee\/pohikool\/wp-json\/wp\/v2\/media?parent=139"}],"curies":[{"name":"wp","href":"https:\/\/api.w.org\/{rel}","templated":true}]}}