{"id":136,"date":"2017-08-11T13:17:11","date_gmt":"2017-08-11T10:17:11","guid":{"rendered":"https:\/\/www.peetri.edu.ee\/pohikool\/?page_id=136"},"modified":"2018-09-13T13:51:15","modified_gmt":"2018-09-13T10:51:15","slug":"liider-minus-endas","status":"publish","type":"page","link":"https:\/\/www.peetri.edu.ee\/pohikool\/7-harjumust\/liider-minus-endas\/","title":{"rendered":"Liider minus endas"},"content":{"rendered":"<h3><strong>\u201e<span style=\"color: #0000ff;\">Liider minus endas<\/span>\u201c programm p\u00f5hineb Stephen R. Covey\u00a0\u201e<span style=\"color: #0000ff;\">V\u00e4ga efektiivse inimese 7 harjumust<\/span>\u201c\u00a0p\u00f5him\u00f5tetel.<\/strong><\/h3>\n<p>\u201eLiider minus endas\u201c programmi \u00f5pilastele t\u00f6\u00f6tas v\u00e4lja USA koolidirektor Muriel Summers, tuginedes vanemate ja tulevaste t\u00f6\u00f6andjate tagasisidele 21. sajandi olulistest hoiakutest ja oskustest nii isiklikus kui ka t\u00f6\u00f6elus.<\/p>\n<p>Programmi peamised p\u00f5him\u00f5tted on lihtsad: elus oluliste p\u00f5hiv\u00e4\u00e4rtuste arendamine, vastutuse v\u00f5tmine ja kandmine, iseenese tugevuste ning n\u00f5rkuste tundmine ning head suhted ja koost\u00f6\u00f6 kaaslastega.<\/p>\n<p>Liidriks olemist me tavaliselt lastega ei seosta. Olla liider ei t\u00e4henda seda, et peab p\u00fc\u00fcdlema k\u00f5rgete v\u00f5i h\u00e4stimakstud ametite poole, k\u00fcll aga aitab see \u00fcha kiiremini muutuvas maailmas \u00fcksk\u00f5ik mis elualal h\u00e4sti hakkama saada.<\/p>\n<p>T\u00e4naseks on programmi \u201eLiider minus endas\u201c ellu viidud ligi 2000 koolis viiel kontinendil, sh ka mitmetes koolides Taanis ning Rootsis.<\/p>\n<p><img loading=\"lazy\" decoding=\"async\" class=\"alignnone size-full wp-image-137\" src=\"https:\/\/www.peetri.edu.ee\/pohikool\/wp-content\/uploads\/sites\/3\/2017\/08\/lme.jpg\" alt=\"\" width=\"1001\" height=\"1200\" \/><\/p>\n","protected":false},"excerpt":{"rendered":"<p>\u201eLiider minus endas\u201c programm p\u00f5hineb Stephen R. Covey\u00a0\u201eV\u00e4ga efektiivse inimese 7 harjumust\u201c\u00a0p\u00f5him\u00f5tetel. \u201eLiider minus endas\u201c programmi \u00f5pilastele t\u00f6\u00f6tas v\u00e4lja USA&#8230;<\/p>\n","protected":false},"author":1,"featured_media":0,"parent":54,"menu_order":10,"comment_status":"closed","ping_status":"closed","template":"","meta":{"_acf_changed":false,"footnotes":""},"class_list":["post-136","page","type-page","status-publish","hentry"],"yoast_head":"<!-- This site is optimized with the Yoast SEO plugin v27.2 - https:\/\/yoast.com\/product\/yoast-seo-wordpress\/ -->\n<title>Liider minus endas - Peetri P\u00f5hikool<\/title>\n<meta name=\"robots\" content=\"index, follow, max-snippet:-1, max-image-preview:large, max-video-preview:-1\" \/>\n<link rel=\"canonical\" href=\"https:\/\/www.peetri.edu.ee\/pohikool\/7-harjumust\/liider-minus-endas\/\" \/>\n<meta property=\"og:locale\" content=\"et_EE\" \/>\n<meta property=\"og:type\" content=\"article\" \/>\n<meta property=\"og:title\" content=\"Liider minus endas - Peetri P\u00f5hikool\" \/>\n<meta property=\"og:description\" content=\"\u201eLiider minus endas\u201c programm p\u00f5hineb Stephen R. Covey\u00a0\u201eV\u00e4ga efektiivse inimese 7 harjumust\u201c\u00a0p\u00f5him\u00f5tetel. \u201eLiider minus endas\u201c programmi \u00f5pilastele t\u00f6\u00f6tas v\u00e4lja USA...\" \/>\n<meta property=\"og:url\" content=\"https:\/\/www.peetri.edu.ee\/pohikool\/7-harjumust\/liider-minus-endas\/\" \/>\n<meta property=\"og:site_name\" content=\"Peetri P\u00f5hikool\" \/>\n<meta property=\"article:modified_time\" content=\"2018-09-13T10:51:15+00:00\" \/>\n<meta property=\"og:image\" content=\"https:\/\/www.peetri.edu.ee\/pohikool\/wp-content\/uploads\/sites\/3\/2017\/08\/lme.jpg\" \/>\n<meta name=\"twitter:card\" content=\"summary_large_image\" \/>\n<meta name=\"twitter:label1\" content=\"Est. reading time\" \/>\n\t<meta name=\"twitter:data1\" content=\"1 minut\" \/>\n<script type=\"application\/ld+json\" class=\"yoast-schema-graph\">{\"@context\":\"https:\/\/schema.org\",\"@graph\":[{\"@type\":\"WebPage\",\"@id\":\"https:\/\/www.peetri.edu.ee\/pohikool\/7-harjumust\/liider-minus-endas\/\",\"url\":\"https:\/\/www.peetri.edu.ee\/pohikool\/7-harjumust\/liider-minus-endas\/\",\"name\":\"Liider minus endas - Peetri P\u00f5hikool\",\"isPartOf\":{\"@id\":\"https:\/\/www.peetri.edu.ee\/pohikool\/#website\"},\"primaryImageOfPage\":{\"@id\":\"https:\/\/www.peetri.edu.ee\/pohikool\/7-harjumust\/liider-minus-endas\/#primaryimage\"},\"image\":{\"@id\":\"https:\/\/www.peetri.edu.ee\/pohikool\/7-harjumust\/liider-minus-endas\/#primaryimage\"},\"thumbnailUrl\":\"https:\/\/www.peetri.edu.ee\/pohikool\/wp-content\/uploads\/sites\/3\/2017\/08\/lme.jpg\",\"datePublished\":\"2017-08-11T10:17:11+00:00\",\"dateModified\":\"2018-09-13T10:51:15+00:00\",\"breadcrumb\":{\"@id\":\"https:\/\/www.peetri.edu.ee\/pohikool\/7-harjumust\/liider-minus-endas\/#breadcrumb\"},\"inLanguage\":\"et\",\"potentialAction\":[{\"@type\":\"ReadAction\",\"target\":[\"https:\/\/www.peetri.edu.ee\/pohikool\/7-harjumust\/liider-minus-endas\/\"]}]},{\"@type\":\"ImageObject\",\"inLanguage\":\"et\",\"@id\":\"https:\/\/www.peetri.edu.ee\/pohikool\/7-harjumust\/liider-minus-endas\/#primaryimage\",\"url\":\"https:\/\/www.peetri.edu.ee\/pohikool\/wp-content\/uploads\/sites\/3\/2017\/08\/lme.jpg\",\"contentUrl\":\"https:\/\/www.peetri.edu.ee\/pohikool\/wp-content\/uploads\/sites\/3\/2017\/08\/lme.jpg\",\"width\":1001,\"height\":1200},{\"@type\":\"BreadcrumbList\",\"@id\":\"https:\/\/www.peetri.edu.ee\/pohikool\/7-harjumust\/liider-minus-endas\/#breadcrumb\",\"itemListElement\":[{\"@type\":\"ListItem\",\"position\":1,\"name\":\"Home\",\"item\":\"https:\/\/www.peetri.edu.ee\/pohikool\/\"},{\"@type\":\"ListItem\",\"position\":2,\"name\":\"Liider minus endas\",\"item\":\"https:\/\/www.peetri.edu.ee\/pohikool\/7-harjumust\/\"},{\"@type\":\"ListItem\",\"position\":3,\"name\":\"Liider minus endas\"}]},{\"@type\":\"WebSite\",\"@id\":\"https:\/\/www.peetri.edu.ee\/pohikool\/#website\",\"url\":\"https:\/\/www.peetri.edu.ee\/pohikool\/\",\"name\":\"Peetri P\u00f5hikool\",\"description\":\"Igas inimeses on p\u00e4ike, laskem tal s\u00e4rada\",\"potentialAction\":[{\"@type\":\"SearchAction\",\"target\":{\"@type\":\"EntryPoint\",\"urlTemplate\":\"https:\/\/www.peetri.edu.ee\/pohikool\/?s={search_term_string}\"},\"query-input\":{\"@type\":\"PropertyValueSpecification\",\"valueRequired\":true,\"valueName\":\"search_term_string\"}}],\"inLanguage\":\"et\"}]}<\/script>\n<!-- \/ Yoast SEO plugin. -->","yoast_head_json":{"title":"Liider minus endas - Peetri P\u00f5hikool","robots":{"index":"index","follow":"follow","max-snippet":"max-snippet:-1","max-image-preview":"max-image-preview:large","max-video-preview":"max-video-preview:-1"},"canonical":"https:\/\/www.peetri.edu.ee\/pohikool\/7-harjumust\/liider-minus-endas\/","og_locale":"et_EE","og_type":"article","og_title":"Liider minus endas - Peetri P\u00f5hikool","og_description":"\u201eLiider minus endas\u201c programm p\u00f5hineb Stephen R. Covey\u00a0\u201eV\u00e4ga efektiivse inimese 7 harjumust\u201c\u00a0p\u00f5him\u00f5tetel. \u201eLiider minus endas\u201c programmi \u00f5pilastele t\u00f6\u00f6tas v\u00e4lja USA...","og_url":"https:\/\/www.peetri.edu.ee\/pohikool\/7-harjumust\/liider-minus-endas\/","og_site_name":"Peetri P\u00f5hikool","article_modified_time":"2018-09-13T10:51:15+00:00","og_image":[{"url":"https:\/\/www.peetri.edu.ee\/pohikool\/wp-content\/uploads\/sites\/3\/2017\/08\/lme.jpg","type":"","width":"","height":""}],"twitter_card":"summary_large_image","twitter_misc":{"Est. reading time":"1 minut"},"schema":{"@context":"https:\/\/schema.org","@graph":[{"@type":"WebPage","@id":"https:\/\/www.peetri.edu.ee\/pohikool\/7-harjumust\/liider-minus-endas\/","url":"https:\/\/www.peetri.edu.ee\/pohikool\/7-harjumust\/liider-minus-endas\/","name":"Liider minus endas - Peetri P\u00f5hikool","isPartOf":{"@id":"https:\/\/www.peetri.edu.ee\/pohikool\/#website"},"primaryImageOfPage":{"@id":"https:\/\/www.peetri.edu.ee\/pohikool\/7-harjumust\/liider-minus-endas\/#primaryimage"},"image":{"@id":"https:\/\/www.peetri.edu.ee\/pohikool\/7-harjumust\/liider-minus-endas\/#primaryimage"},"thumbnailUrl":"https:\/\/www.peetri.edu.ee\/pohikool\/wp-content\/uploads\/sites\/3\/2017\/08\/lme.jpg","datePublished":"2017-08-11T10:17:11+00:00","dateModified":"2018-09-13T10:51:15+00:00","breadcrumb":{"@id":"https:\/\/www.peetri.edu.ee\/pohikool\/7-harjumust\/liider-minus-endas\/#breadcrumb"},"inLanguage":"et","potentialAction":[{"@type":"ReadAction","target":["https:\/\/www.peetri.edu.ee\/pohikool\/7-harjumust\/liider-minus-endas\/"]}]},{"@type":"ImageObject","inLanguage":"et","@id":"https:\/\/www.peetri.edu.ee\/pohikool\/7-harjumust\/liider-minus-endas\/#primaryimage","url":"https:\/\/www.peetri.edu.ee\/pohikool\/wp-content\/uploads\/sites\/3\/2017\/08\/lme.jpg","contentUrl":"https:\/\/www.peetri.edu.ee\/pohikool\/wp-content\/uploads\/sites\/3\/2017\/08\/lme.jpg","width":1001,"height":1200},{"@type":"BreadcrumbList","@id":"https:\/\/www.peetri.edu.ee\/pohikool\/7-harjumust\/liider-minus-endas\/#breadcrumb","itemListElement":[{"@type":"ListItem","position":1,"name":"Home","item":"https:\/\/www.peetri.edu.ee\/pohikool\/"},{"@type":"ListItem","position":2,"name":"Liider minus endas","item":"https:\/\/www.peetri.edu.ee\/pohikool\/7-harjumust\/"},{"@type":"ListItem","position":3,"name":"Liider minus endas"}]},{"@type":"WebSite","@id":"https:\/\/www.peetri.edu.ee\/pohikool\/#website","url":"https:\/\/www.peetri.edu.ee\/pohikool\/","name":"Peetri P\u00f5hikool","description":"Igas inimeses on p\u00e4ike, laskem tal s\u00e4rada","potentialAction":[{"@type":"SearchAction","target":{"@type":"EntryPoint","urlTemplate":"https:\/\/www.peetri.edu.ee\/pohikool\/?s={search_term_string}"},"query-input":{"@type":"PropertyValueSpecification","valueRequired":true,"valueName":"search_term_string"}}],"inLanguage":"et"}]}},"acf":[],"_links":{"self":[{"href":"https:\/\/www.peetri.edu.ee\/pohikool\/wp-json\/wp\/v2\/pages\/136","targetHints":{"allow":["GET"]}}],"collection":[{"href":"https:\/\/www.peetri.edu.ee\/pohikool\/wp-json\/wp\/v2\/pages"}],"about":[{"href":"https:\/\/www.peetri.edu.ee\/pohikool\/wp-json\/wp\/v2\/types\/page"}],"author":[{"embeddable":true,"href":"https:\/\/www.peetri.edu.ee\/pohikool\/wp-json\/wp\/v2\/users\/1"}],"replies":[{"embeddable":true,"href":"https:\/\/www.peetri.edu.ee\/pohikool\/wp-json\/wp\/v2\/comments?post=136"}],"version-history":[{"count":5,"href":"https:\/\/www.peetri.edu.ee\/pohikool\/wp-json\/wp\/v2\/pages\/136\/revisions"}],"predecessor-version":[{"id":3983,"href":"https:\/\/www.peetri.edu.ee\/pohikool\/wp-json\/wp\/v2\/pages\/136\/revisions\/3983"}],"up":[{"embeddable":true,"href":"https:\/\/www.peetri.edu.ee\/pohikool\/wp-json\/wp\/v2\/pages\/54"}],"wp:attachment":[{"href":"https:\/\/www.peetri.edu.ee\/pohikool\/wp-json\/wp\/v2\/media?parent=136"}],"curies":[{"name":"wp","href":"https:\/\/api.w.org\/{rel}","templated":true}]}}