{"id":12958,"date":"2025-04-30T11:22:51","date_gmt":"2025-04-30T08:22:51","guid":{"rendered":"https:\/\/www.peetri.edu.ee\/pohikool\/?page_id=12958"},"modified":"2025-05-01T17:13:18","modified_gmt":"2025-05-01T14:13:18","slug":"the-city-of-young-dreams","status":"publish","type":"page","link":"https:\/\/www.peetri.edu.ee\/pohikool\/the-city-of-young-dreams\/","title":{"rendered":"The City of Young Dreams"},"content":{"rendered":"\n<p><a href=\"https:\/\/www.peetri.edu.ee\/pohikool\/wp-content\/uploads\/sites\/3\/2025\/04\/logo-city-min_0.jpg\"><img loading=\"lazy\" decoding=\"async\" class=\"alignnone size-full wp-image-12975 alignleft\" src=\"https:\/\/www.peetri.edu.ee\/pohikool\/wp-content\/uploads\/sites\/3\/2025\/04\/logo-city-min_0.jpg\" alt=\"\" width=\"80\" height=\"80\" \/><\/a><\/p>\n<div class=\"x_elementToProof\" data-olk-copy-source=\"MessageBody\">Projekti <span style=\"color: #333399\"><strong>&#8220;The City of Young Dreams&#8221;<\/strong>\u00a0<\/span>raames viidi l\u00e4bi mitmesuguseid Web 2.0 t\u00f6\u00f6riistade abil toetatud tegevusi, et noortest saaks aktiivsed kodanikud, kes tegutsevad sotsiaalse vastutuse teadlikkusega. Projekti eesm\u00e4rk oli, et noored omandaksid vajalikud teadmised, oskused ja enesekindluse, et luua muutusi oma kogukondades ja keskkonnas. Noori julgustatakse oma arvamust avaldama interaktiivsete ja loominguliste meetodite abil.<\/div>\n<div class=\"x_elementToProof\">\u00a0<\/div>\n<div class=\"x_elementToProof\">Projektis osales kaksteist 8c klassi \u00f5pilast ja inglise keele \u00f5petaja Pille Soobik.<\/div>\n<div>\u00a0<\/div>\n<div>\u00a0<\/div>\n<div>Projekt:\u00a0 <a href=\"https:\/\/school-education.ec.europa.eu\/en\/etwinning\/projects\/city-young-dreams\/twinspace\/pages\">https:\/\/school-education.ec.europa.eu\/en\/etwinning\/projects\/city-young-dreams\/twinspace\/pages<\/a><\/div>\n<div>\u00a0<\/div>\n<div><a href=\"https:\/\/www.peetri.edu.ee\/pohikool\/wp-content\/uploads\/sites\/3\/2025\/04\/eTwinning-2.jpg\"><img loading=\"lazy\" decoding=\"async\" class=\"alignnone size-medium wp-image-12963\" src=\"https:\/\/www.peetri.edu.ee\/pohikool\/wp-content\/uploads\/sites\/3\/2025\/04\/eTwinning-2-300x300.jpg\" alt=\"\" width=\"300\" height=\"300\" \/><\/a> \u00a0<a href=\"https:\/\/www.peetri.edu.ee\/pohikool\/wp-content\/uploads\/sites\/3\/2025\/04\/eTwinning-mascot-making-scaled.jpg\"><img loading=\"lazy\" decoding=\"async\" class=\"alignnone size-medium wp-image-12969\" src=\"https:\/\/www.peetri.edu.ee\/pohikool\/wp-content\/uploads\/sites\/3\/2025\/04\/eTwinning-mascot-making-300x300.jpg\" alt=\"\" width=\"300\" height=\"300\" \/><\/a><\/div>\n<div><a href=\"https:\/\/www.peetri.edu.ee\/pohikool\/wp-content\/uploads\/sites\/3\/2025\/04\/Making-profileavatar1-scaled.jpg\"><img loading=\"lazy\" decoding=\"async\" class=\"alignnone size-medium wp-image-12966\" src=\"https:\/\/www.peetri.edu.ee\/pohikool\/wp-content\/uploads\/sites\/3\/2025\/04\/Making-profileavatar1-300x201.jpg\" alt=\"\" width=\"300\" height=\"201\" \/><\/a> <a href=\"https:\/\/www.peetri.edu.ee\/pohikool\/wp-content\/uploads\/sites\/3\/2025\/05\/eTwinning-kooli-kodulehele-1.jpg\"><img loading=\"lazy\" decoding=\"async\" class=\"alignnone size-medium wp-image-12983\" src=\"https:\/\/www.peetri.edu.ee\/pohikool\/wp-content\/uploads\/sites\/3\/2025\/05\/eTwinning-kooli-kodulehele-1-300x199.jpg\" alt=\"\" width=\"300\" height=\"199\" \/><\/a><\/div>\n<div>\u00a0 \u00a0 \u00a0 \u00a0 \u00a0 \u00a0 \u00a0 \u00a0 \u00a0 \u00a0 \u00a0 \u00a0 \u00a0 \u00a0 \u00a0 \u00a0 \u00a0 \u00a0 \u00a0 \u00a0 \u00a0 \u00a0 \u00a0 \u00a0 \u00a0 \u00a0 \u00a0 \u00a0 \u00a0 \u00a0 \u00a0 \u00a0 \u00a0 \u00a0 \u00a0 \u00a0 \u00a0 \u00a0 \u00a0 \u00a0 \u00a0 \u00a0 \u00a0 \u00a0 \u00a0 \u00a0 \u00a0 \u00a0 \u00a0 \u00a0 \u00a0<\/div>\n<div>\u00a0<\/div>\n<div>\u00a0<\/div>\n\n\n","protected":false},"excerpt":{"rendered":"<p>Projekti &#8220;The City of Young Dreams&#8221;\u00a0raames viidi l\u00e4bi mitmesuguseid Web 2.0 t\u00f6\u00f6riistade abil toetatud tegevusi, et noortest saaks aktiivsed kodanikud,&#8230;<\/p>\n","protected":false},"author":1,"featured_media":0,"parent":0,"menu_order":0,"comment_status":"closed","ping_status":"closed","template":"","meta":{"_acf_changed":false,"footnotes":""},"class_list":["post-12958","page","type-page","status-publish","hentry"],"yoast_head":"<!-- This site is optimized with the Yoast SEO plugin v27.2 - https:\/\/yoast.com\/product\/yoast-seo-wordpress\/ -->\n<title>The City of Young Dreams - Peetri P\u00f5hikool<\/title>\n<meta name=\"robots\" content=\"index, follow, max-snippet:-1, max-image-preview:large, max-video-preview:-1\" \/>\n<link rel=\"canonical\" href=\"https:\/\/www.peetri.edu.ee\/pohikool\/the-city-of-young-dreams\/\" \/>\n<meta property=\"og:locale\" content=\"et_EE\" \/>\n<meta property=\"og:type\" content=\"article\" \/>\n<meta property=\"og:title\" content=\"The City of Young Dreams - Peetri P\u00f5hikool\" \/>\n<meta property=\"og:description\" content=\"Projekti &#8220;The City of Young Dreams&#8221;\u00a0raames viidi l\u00e4bi mitmesuguseid Web 2.0 t\u00f6\u00f6riistade abil toetatud tegevusi, et noortest saaks aktiivsed kodanikud,...\" \/>\n<meta property=\"og:url\" content=\"https:\/\/www.peetri.edu.ee\/pohikool\/the-city-of-young-dreams\/\" \/>\n<meta property=\"og:site_name\" content=\"Peetri P\u00f5hikool\" \/>\n<meta property=\"article:modified_time\" content=\"2025-05-01T14:13:18+00:00\" \/>\n<meta property=\"og:image\" content=\"https:\/\/www.peetri.edu.ee\/pohikool\/wp-content\/uploads\/sites\/3\/2025\/04\/logo-city-min_0.jpg\" \/>\n\t<meta property=\"og:image:width\" content=\"80\" \/>\n\t<meta property=\"og:image:height\" content=\"80\" \/>\n\t<meta property=\"og:image:type\" content=\"image\/jpeg\" \/>\n<meta name=\"twitter:card\" content=\"summary_large_image\" \/>\n<meta name=\"twitter:label1\" content=\"Est. reading time\" \/>\n\t<meta name=\"twitter:data1\" content=\"2 minutit\" \/>\n<script type=\"application\/ld+json\" class=\"yoast-schema-graph\">{\"@context\":\"https:\/\/schema.org\",\"@graph\":[{\"@type\":\"WebPage\",\"@id\":\"https:\/\/www.peetri.edu.ee\/pohikool\/the-city-of-young-dreams\/\",\"url\":\"https:\/\/www.peetri.edu.ee\/pohikool\/the-city-of-young-dreams\/\",\"name\":\"The City of Young Dreams - Peetri P\u00f5hikool\",\"isPartOf\":{\"@id\":\"https:\/\/www.peetri.edu.ee\/pohikool\/#website\"},\"primaryImageOfPage\":{\"@id\":\"https:\/\/www.peetri.edu.ee\/pohikool\/the-city-of-young-dreams\/#primaryimage\"},\"image\":{\"@id\":\"https:\/\/www.peetri.edu.ee\/pohikool\/the-city-of-young-dreams\/#primaryimage\"},\"thumbnailUrl\":\"https:\/\/www.peetri.edu.ee\/pohikool\/wp-content\/uploads\/sites\/3\/2025\/04\/logo-city-min_0.jpg\",\"datePublished\":\"2025-04-30T08:22:51+00:00\",\"dateModified\":\"2025-05-01T14:13:18+00:00\",\"breadcrumb\":{\"@id\":\"https:\/\/www.peetri.edu.ee\/pohikool\/the-city-of-young-dreams\/#breadcrumb\"},\"inLanguage\":\"et\",\"potentialAction\":[{\"@type\":\"ReadAction\",\"target\":[\"https:\/\/www.peetri.edu.ee\/pohikool\/the-city-of-young-dreams\/\"]}]},{\"@type\":\"ImageObject\",\"inLanguage\":\"et\",\"@id\":\"https:\/\/www.peetri.edu.ee\/pohikool\/the-city-of-young-dreams\/#primaryimage\",\"url\":\"https:\/\/www.peetri.edu.ee\/pohikool\/wp-content\/uploads\/sites\/3\/2025\/04\/logo-city-min_0.jpg\",\"contentUrl\":\"https:\/\/www.peetri.edu.ee\/pohikool\/wp-content\/uploads\/sites\/3\/2025\/04\/logo-city-min_0.jpg\",\"width\":80,\"height\":80},{\"@type\":\"BreadcrumbList\",\"@id\":\"https:\/\/www.peetri.edu.ee\/pohikool\/the-city-of-young-dreams\/#breadcrumb\",\"itemListElement\":[{\"@type\":\"ListItem\",\"position\":1,\"name\":\"Home\",\"item\":\"https:\/\/www.peetri.edu.ee\/pohikool\/\"},{\"@type\":\"ListItem\",\"position\":2,\"name\":\"The City of Young Dreams\"}]},{\"@type\":\"WebSite\",\"@id\":\"https:\/\/www.peetri.edu.ee\/pohikool\/#website\",\"url\":\"https:\/\/www.peetri.edu.ee\/pohikool\/\",\"name\":\"Peetri P\u00f5hikool\",\"description\":\"Igas inimeses on p\u00e4ike, laskem tal s\u00e4rada\",\"potentialAction\":[{\"@type\":\"SearchAction\",\"target\":{\"@type\":\"EntryPoint\",\"urlTemplate\":\"https:\/\/www.peetri.edu.ee\/pohikool\/?s={search_term_string}\"},\"query-input\":{\"@type\":\"PropertyValueSpecification\",\"valueRequired\":true,\"valueName\":\"search_term_string\"}}],\"inLanguage\":\"et\"}]}<\/script>\n<!-- \/ Yoast SEO plugin. -->","yoast_head_json":{"title":"The City of Young Dreams - Peetri P\u00f5hikool","robots":{"index":"index","follow":"follow","max-snippet":"max-snippet:-1","max-image-preview":"max-image-preview:large","max-video-preview":"max-video-preview:-1"},"canonical":"https:\/\/www.peetri.edu.ee\/pohikool\/the-city-of-young-dreams\/","og_locale":"et_EE","og_type":"article","og_title":"The City of Young Dreams - Peetri P\u00f5hikool","og_description":"Projekti &#8220;The City of Young Dreams&#8221;\u00a0raames viidi l\u00e4bi mitmesuguseid Web 2.0 t\u00f6\u00f6riistade abil toetatud tegevusi, et noortest saaks aktiivsed kodanikud,...","og_url":"https:\/\/www.peetri.edu.ee\/pohikool\/the-city-of-young-dreams\/","og_site_name":"Peetri P\u00f5hikool","article_modified_time":"2025-05-01T14:13:18+00:00","og_image":[{"width":80,"height":80,"url":"https:\/\/www.peetri.edu.ee\/pohikool\/wp-content\/uploads\/sites\/3\/2025\/04\/logo-city-min_0.jpg","type":"image\/jpeg"}],"twitter_card":"summary_large_image","twitter_misc":{"Est. reading time":"2 minutit"},"schema":{"@context":"https:\/\/schema.org","@graph":[{"@type":"WebPage","@id":"https:\/\/www.peetri.edu.ee\/pohikool\/the-city-of-young-dreams\/","url":"https:\/\/www.peetri.edu.ee\/pohikool\/the-city-of-young-dreams\/","name":"The City of Young Dreams - Peetri P\u00f5hikool","isPartOf":{"@id":"https:\/\/www.peetri.edu.ee\/pohikool\/#website"},"primaryImageOfPage":{"@id":"https:\/\/www.peetri.edu.ee\/pohikool\/the-city-of-young-dreams\/#primaryimage"},"image":{"@id":"https:\/\/www.peetri.edu.ee\/pohikool\/the-city-of-young-dreams\/#primaryimage"},"thumbnailUrl":"https:\/\/www.peetri.edu.ee\/pohikool\/wp-content\/uploads\/sites\/3\/2025\/04\/logo-city-min_0.jpg","datePublished":"2025-04-30T08:22:51+00:00","dateModified":"2025-05-01T14:13:18+00:00","breadcrumb":{"@id":"https:\/\/www.peetri.edu.ee\/pohikool\/the-city-of-young-dreams\/#breadcrumb"},"inLanguage":"et","potentialAction":[{"@type":"ReadAction","target":["https:\/\/www.peetri.edu.ee\/pohikool\/the-city-of-young-dreams\/"]}]},{"@type":"ImageObject","inLanguage":"et","@id":"https:\/\/www.peetri.edu.ee\/pohikool\/the-city-of-young-dreams\/#primaryimage","url":"https:\/\/www.peetri.edu.ee\/pohikool\/wp-content\/uploads\/sites\/3\/2025\/04\/logo-city-min_0.jpg","contentUrl":"https:\/\/www.peetri.edu.ee\/pohikool\/wp-content\/uploads\/sites\/3\/2025\/04\/logo-city-min_0.jpg","width":80,"height":80},{"@type":"BreadcrumbList","@id":"https:\/\/www.peetri.edu.ee\/pohikool\/the-city-of-young-dreams\/#breadcrumb","itemListElement":[{"@type":"ListItem","position":1,"name":"Home","item":"https:\/\/www.peetri.edu.ee\/pohikool\/"},{"@type":"ListItem","position":2,"name":"The City of Young Dreams"}]},{"@type":"WebSite","@id":"https:\/\/www.peetri.edu.ee\/pohikool\/#website","url":"https:\/\/www.peetri.edu.ee\/pohikool\/","name":"Peetri P\u00f5hikool","description":"Igas inimeses on p\u00e4ike, laskem tal s\u00e4rada","potentialAction":[{"@type":"SearchAction","target":{"@type":"EntryPoint","urlTemplate":"https:\/\/www.peetri.edu.ee\/pohikool\/?s={search_term_string}"},"query-input":{"@type":"PropertyValueSpecification","valueRequired":true,"valueName":"search_term_string"}}],"inLanguage":"et"}]}},"acf":[],"_links":{"self":[{"href":"https:\/\/www.peetri.edu.ee\/pohikool\/wp-json\/wp\/v2\/pages\/12958","targetHints":{"allow":["GET"]}}],"collection":[{"href":"https:\/\/www.peetri.edu.ee\/pohikool\/wp-json\/wp\/v2\/pages"}],"about":[{"href":"https:\/\/www.peetri.edu.ee\/pohikool\/wp-json\/wp\/v2\/types\/page"}],"author":[{"embeddable":true,"href":"https:\/\/www.peetri.edu.ee\/pohikool\/wp-json\/wp\/v2\/users\/1"}],"replies":[{"embeddable":true,"href":"https:\/\/www.peetri.edu.ee\/pohikool\/wp-json\/wp\/v2\/comments?post=12958"}],"version-history":[{"count":5,"href":"https:\/\/www.peetri.edu.ee\/pohikool\/wp-json\/wp\/v2\/pages\/12958\/revisions"}],"predecessor-version":[{"id":12986,"href":"https:\/\/www.peetri.edu.ee\/pohikool\/wp-json\/wp\/v2\/pages\/12958\/revisions\/12986"}],"wp:attachment":[{"href":"https:\/\/www.peetri.edu.ee\/pohikool\/wp-json\/wp\/v2\/media?parent=12958"}],"curies":[{"name":"wp","href":"https:\/\/api.w.org\/{rel}","templated":true}]}}