{"id":12938,"date":"2025-04-30T08:18:01","date_gmt":"2025-04-30T05:18:01","guid":{"rendered":"https:\/\/www.peetri.edu.ee\/pohikool\/?page_id=12938"},"modified":"2025-04-30T09:44:35","modified_gmt":"2025-04-30T06:44:35","slug":"shared-future","status":"publish","type":"page","link":"https:\/\/www.peetri.edu.ee\/pohikool\/shared-future\/","title":{"rendered":"Shared Future"},"content":{"rendered":"\n<p>\u00a0<\/p>\n<p><img loading=\"lazy\" decoding=\"async\" class=\"aligncenter size-full wp-image-12947\" src=\"https:\/\/www.peetri.edu.ee\/pohikool\/wp-content\/uploads\/sites\/3\/2025\/04\/Shared-Future2.jpg\" alt=\"\" width=\"938\" height=\"511\" \/><\/p>\n<p>Sel \u00f5ppeaastal osales meie kooli \u00f5pilased ja \u00f5petaja Inga Veskim\u00e4gi, Anneli Ramos-P\u00f5der ja Margit Alesmaa inspireerivas rahvusvahelises projektis \u201e Shared Future\u201c, mille eesm\u00e4rk oli t\u00f5sta \u00f5pilaste teadlikkust keskkonnateemadest, kliimamuutustest ja toidukao probleemidest. Projekti idee ja teema m\u00f5tles v\u00e4lja meie kooli \u00f5petaja, kes jagas oma visiooni partneritega Hispaania Zaragoza koolist. Projekti \u00fclesehitus ja koost\u00f6\u00f6platvorm loodi eTwinningu keskkonnas, kuhu kutsuti ka teised \u00f5petajad ning \u00f5pilased.<\/p>\n<p>Projekti eriline fookus oli toetada \u00f5pilaste iseseisvust ja enesejuhtimist. L\u00e4htudes p\u00f5him\u00f5ttest, et noorte teadmised ja valikud m\u00f5jutavad meie planeedi tulevikku, kujundati tegevused selliselt, et iga osaleja sai uurida ja anal\u00fc\u00fcsida oma keskkonnajalaj\u00e4lge ning m\u00f5ista j\u00e4tkusuutlike otsuste t\u00e4htsust.<\/p>\n<p>\u00dche olulise tegevusena koostati kolme linna \u2013 Tallinna, Helsingi ja Hispaania linna \u2013 keskkonnaanal\u00fc\u00fcsi t\u00f6\u00f6lehed. \u00d5pilased t\u00e4itsid t\u00f6\u00f6lehed linnatuuride k\u00e4igus, j\u00e4lgides kohaliku keskkonna ja s\u00e4\u00e4stva arengu m\u00e4rke. Lisaks viidi l\u00e4bi praktiline t\u00f6\u00f6tuba, kus rahvusvahelistes meeskondades anal\u00fc\u00fcsiti erinevate riikide toidutarbimist ja kulutusi. \u00d5pilased t\u00f6\u00f6tasid meeskondades, arutlesid ja esitlesid oma j\u00e4reldusi, harjutades nii kriitilist m\u00f5tlemist kui ka koost\u00f6\u00f6oskusi.<\/p>\n<p>Eraldi tegevusena toimus kodunduse t\u00f6\u00f6tuba, kus tutvustati Eesti k\u00f6\u00f6ki ja valmistati rahvustoite 0-toidukao p\u00f5him\u00f5ttel. Valminud toidud ja \u00f5pilaste tegevused j\u00e4\u00e4dvustati \u00f5ppevideotena, mida saavad tulevikus kasutada ka teised \u00f5ppijad.<\/p>\n<p>Projekti jooksul koguti ja anal\u00fc\u00fcsiti ka tagasisidet. Spetsiaalselt koostatud k\u00fcsitluste abil hinnati \u00f5pilaste kogemusi ja saadud teadmisi. Tagasiside n\u00e4itas, et projekt suurendas oluliselt osalejate teadlikkust keskkonnaprobleemidest ning andis neile praktilisi oskusi, kuidas igap\u00e4evaseid valikuid keskkonnas\u00f5bralikumalt teha.<\/p>\n<p>Kooli tasandil aitasime suurendada projekti n\u00e4htavust, luues koolimajja infoseina ja jagades infot kooli Facebooki lehel ning kodulehel. Nii said kogu koolipere ja lapsevanemad osa meie \u00f5pilaste rahvusvahelisest koost\u00f6\u00f6st ja \u00f5piseiklustest.<\/p>\n<p>Projekt oli suurep\u00e4rane n\u00e4ide sellest, kuidas rahvusvaheline koost\u00f6\u00f6 rikastab \u00f5ppet\u00f6\u00f6d, toetab \u00f5pilaste enesejuhtimise arengut ja kasvatab keskkonnateadlikkust. Meie kooli \u00f5pilased n\u00e4itasid \u00fcles suurt huvi ja aktiivsust ning said v\u00e4\u00e4rtusliku kogemuse, mis inspireerib neid tegema teadlikumaid valikuid ka tulevikus.<\/p>\n\n\n\n<p><img loading=\"lazy\" decoding=\"async\" class=\"aligncenter size-large wp-image-12953\" src=\"https:\/\/www.peetri.edu.ee\/pohikool\/wp-content\/uploads\/sites\/3\/2025\/04\/Shared-Future5-1024x768.jpg\" alt=\"\" width=\"1024\" height=\"768\" \/><\/p>\n<p>\u00a0<\/p>\n<p><img loading=\"lazy\" decoding=\"async\" class=\"aligncenter size-large wp-image-12944\" src=\"https:\/\/www.peetri.edu.ee\/pohikool\/wp-content\/uploads\/sites\/3\/2025\/04\/Shared-Future1-1024x773.jpg\" alt=\"\" width=\"1024\" height=\"773\" \/><\/p>\n<p>\u00a0<\/p>\n<p><img loading=\"lazy\" decoding=\"async\" class=\"aligncenter size-large wp-image-12941\" src=\"https:\/\/www.peetri.edu.ee\/pohikool\/wp-content\/uploads\/sites\/3\/2025\/04\/20241107_111612-1-768x1024.jpg\" alt=\"\" width=\"768\" height=\"1024\" \/><\/p>\n<p>\u00a0<\/p>\n<p><img loading=\"lazy\" decoding=\"async\" class=\"aligncenter size-large wp-image-12950\" src=\"https:\/\/www.peetri.edu.ee\/pohikool\/wp-content\/uploads\/sites\/3\/2025\/04\/Shared-Future3-1024x768.jpg\" alt=\"\" width=\"1024\" height=\"768\" \/><\/p>\n\n\n","protected":false},"excerpt":{"rendered":"<p>\u00a0 Sel \u00f5ppeaastal osales meie kooli \u00f5pilased ja \u00f5petaja Inga Veskim\u00e4gi, Anneli Ramos-P\u00f5der ja Margit Alesmaa inspireerivas rahvusvahelises projektis \u201e&#8230;<\/p>\n","protected":false},"author":1,"featured_media":0,"parent":0,"menu_order":0,"comment_status":"closed","ping_status":"closed","template":"","meta":{"_acf_changed":false,"footnotes":""},"class_list":["post-12938","page","type-page","status-publish","hentry"],"yoast_head":"<!-- This site is optimized with the Yoast SEO plugin v27.2 - https:\/\/yoast.com\/product\/yoast-seo-wordpress\/ -->\n<title>Shared Future - Peetri P\u00f5hikool<\/title>\n<meta name=\"robots\" content=\"index, follow, max-snippet:-1, max-image-preview:large, max-video-preview:-1\" \/>\n<link rel=\"canonical\" href=\"https:\/\/www.peetri.edu.ee\/pohikool\/shared-future\/\" \/>\n<meta property=\"og:locale\" content=\"et_EE\" \/>\n<meta property=\"og:type\" content=\"article\" \/>\n<meta property=\"og:title\" content=\"Shared Future - Peetri P\u00f5hikool\" \/>\n<meta property=\"og:description\" content=\"\u00a0 Sel \u00f5ppeaastal osales meie kooli \u00f5pilased ja \u00f5petaja Inga Veskim\u00e4gi, Anneli Ramos-P\u00f5der ja Margit Alesmaa inspireerivas rahvusvahelises projektis \u201e...\" \/>\n<meta property=\"og:url\" content=\"https:\/\/www.peetri.edu.ee\/pohikool\/shared-future\/\" \/>\n<meta property=\"og:site_name\" content=\"Peetri P\u00f5hikool\" \/>\n<meta property=\"article:modified_time\" content=\"2025-04-30T06:44:35+00:00\" \/>\n<meta property=\"og:image\" content=\"https:\/\/www.peetri.edu.ee\/pohikool\/wp-content\/uploads\/sites\/3\/2025\/04\/Shared-Future2.jpg\" \/>\n\t<meta property=\"og:image:width\" content=\"938\" \/>\n\t<meta property=\"og:image:height\" content=\"511\" \/>\n\t<meta property=\"og:image:type\" content=\"image\/jpeg\" \/>\n<meta name=\"twitter:card\" content=\"summary_large_image\" \/>\n<meta name=\"twitter:label1\" content=\"Est. reading time\" \/>\n\t<meta name=\"twitter:data1\" content=\"3 minutit\" \/>\n<script type=\"application\/ld+json\" class=\"yoast-schema-graph\">{\"@context\":\"https:\/\/schema.org\",\"@graph\":[{\"@type\":\"WebPage\",\"@id\":\"https:\/\/www.peetri.edu.ee\/pohikool\/shared-future\/\",\"url\":\"https:\/\/www.peetri.edu.ee\/pohikool\/shared-future\/\",\"name\":\"Shared Future - Peetri P\u00f5hikool\",\"isPartOf\":{\"@id\":\"https:\/\/www.peetri.edu.ee\/pohikool\/#website\"},\"primaryImageOfPage\":{\"@id\":\"https:\/\/www.peetri.edu.ee\/pohikool\/shared-future\/#primaryimage\"},\"image\":{\"@id\":\"https:\/\/www.peetri.edu.ee\/pohikool\/shared-future\/#primaryimage\"},\"thumbnailUrl\":\"https:\/\/www.peetri.edu.ee\/pohikool\/wp-content\/uploads\/sites\/3\/2025\/04\/Shared-Future2.jpg\",\"datePublished\":\"2025-04-30T05:18:01+00:00\",\"dateModified\":\"2025-04-30T06:44:35+00:00\",\"breadcrumb\":{\"@id\":\"https:\/\/www.peetri.edu.ee\/pohikool\/shared-future\/#breadcrumb\"},\"inLanguage\":\"et\",\"potentialAction\":[{\"@type\":\"ReadAction\",\"target\":[\"https:\/\/www.peetri.edu.ee\/pohikool\/shared-future\/\"]}]},{\"@type\":\"ImageObject\",\"inLanguage\":\"et\",\"@id\":\"https:\/\/www.peetri.edu.ee\/pohikool\/shared-future\/#primaryimage\",\"url\":\"https:\/\/www.peetri.edu.ee\/pohikool\/wp-content\/uploads\/sites\/3\/2025\/04\/Shared-Future2.jpg\",\"contentUrl\":\"https:\/\/www.peetri.edu.ee\/pohikool\/wp-content\/uploads\/sites\/3\/2025\/04\/Shared-Future2.jpg\",\"width\":938,\"height\":511},{\"@type\":\"BreadcrumbList\",\"@id\":\"https:\/\/www.peetri.edu.ee\/pohikool\/shared-future\/#breadcrumb\",\"itemListElement\":[{\"@type\":\"ListItem\",\"position\":1,\"name\":\"Home\",\"item\":\"https:\/\/www.peetri.edu.ee\/pohikool\/\"},{\"@type\":\"ListItem\",\"position\":2,\"name\":\"Shared Future\"}]},{\"@type\":\"WebSite\",\"@id\":\"https:\/\/www.peetri.edu.ee\/pohikool\/#website\",\"url\":\"https:\/\/www.peetri.edu.ee\/pohikool\/\",\"name\":\"Peetri P\u00f5hikool\",\"description\":\"Igas inimeses on p\u00e4ike, laskem tal s\u00e4rada\",\"potentialAction\":[{\"@type\":\"SearchAction\",\"target\":{\"@type\":\"EntryPoint\",\"urlTemplate\":\"https:\/\/www.peetri.edu.ee\/pohikool\/?s={search_term_string}\"},\"query-input\":{\"@type\":\"PropertyValueSpecification\",\"valueRequired\":true,\"valueName\":\"search_term_string\"}}],\"inLanguage\":\"et\"}]}<\/script>\n<!-- \/ Yoast SEO plugin. -->","yoast_head_json":{"title":"Shared Future - Peetri P\u00f5hikool","robots":{"index":"index","follow":"follow","max-snippet":"max-snippet:-1","max-image-preview":"max-image-preview:large","max-video-preview":"max-video-preview:-1"},"canonical":"https:\/\/www.peetri.edu.ee\/pohikool\/shared-future\/","og_locale":"et_EE","og_type":"article","og_title":"Shared Future - Peetri P\u00f5hikool","og_description":"\u00a0 Sel \u00f5ppeaastal osales meie kooli \u00f5pilased ja \u00f5petaja Inga Veskim\u00e4gi, Anneli Ramos-P\u00f5der ja Margit Alesmaa inspireerivas rahvusvahelises projektis \u201e...","og_url":"https:\/\/www.peetri.edu.ee\/pohikool\/shared-future\/","og_site_name":"Peetri P\u00f5hikool","article_modified_time":"2025-04-30T06:44:35+00:00","og_image":[{"width":938,"height":511,"url":"https:\/\/www.peetri.edu.ee\/pohikool\/wp-content\/uploads\/sites\/3\/2025\/04\/Shared-Future2.jpg","type":"image\/jpeg"}],"twitter_card":"summary_large_image","twitter_misc":{"Est. reading time":"3 minutit"},"schema":{"@context":"https:\/\/schema.org","@graph":[{"@type":"WebPage","@id":"https:\/\/www.peetri.edu.ee\/pohikool\/shared-future\/","url":"https:\/\/www.peetri.edu.ee\/pohikool\/shared-future\/","name":"Shared Future - Peetri P\u00f5hikool","isPartOf":{"@id":"https:\/\/www.peetri.edu.ee\/pohikool\/#website"},"primaryImageOfPage":{"@id":"https:\/\/www.peetri.edu.ee\/pohikool\/shared-future\/#primaryimage"},"image":{"@id":"https:\/\/www.peetri.edu.ee\/pohikool\/shared-future\/#primaryimage"},"thumbnailUrl":"https:\/\/www.peetri.edu.ee\/pohikool\/wp-content\/uploads\/sites\/3\/2025\/04\/Shared-Future2.jpg","datePublished":"2025-04-30T05:18:01+00:00","dateModified":"2025-04-30T06:44:35+00:00","breadcrumb":{"@id":"https:\/\/www.peetri.edu.ee\/pohikool\/shared-future\/#breadcrumb"},"inLanguage":"et","potentialAction":[{"@type":"ReadAction","target":["https:\/\/www.peetri.edu.ee\/pohikool\/shared-future\/"]}]},{"@type":"ImageObject","inLanguage":"et","@id":"https:\/\/www.peetri.edu.ee\/pohikool\/shared-future\/#primaryimage","url":"https:\/\/www.peetri.edu.ee\/pohikool\/wp-content\/uploads\/sites\/3\/2025\/04\/Shared-Future2.jpg","contentUrl":"https:\/\/www.peetri.edu.ee\/pohikool\/wp-content\/uploads\/sites\/3\/2025\/04\/Shared-Future2.jpg","width":938,"height":511},{"@type":"BreadcrumbList","@id":"https:\/\/www.peetri.edu.ee\/pohikool\/shared-future\/#breadcrumb","itemListElement":[{"@type":"ListItem","position":1,"name":"Home","item":"https:\/\/www.peetri.edu.ee\/pohikool\/"},{"@type":"ListItem","position":2,"name":"Shared Future"}]},{"@type":"WebSite","@id":"https:\/\/www.peetri.edu.ee\/pohikool\/#website","url":"https:\/\/www.peetri.edu.ee\/pohikool\/","name":"Peetri P\u00f5hikool","description":"Igas inimeses on p\u00e4ike, laskem tal s\u00e4rada","potentialAction":[{"@type":"SearchAction","target":{"@type":"EntryPoint","urlTemplate":"https:\/\/www.peetri.edu.ee\/pohikool\/?s={search_term_string}"},"query-input":{"@type":"PropertyValueSpecification","valueRequired":true,"valueName":"search_term_string"}}],"inLanguage":"et"}]}},"acf":[],"_links":{"self":[{"href":"https:\/\/www.peetri.edu.ee\/pohikool\/wp-json\/wp\/v2\/pages\/12938","targetHints":{"allow":["GET"]}}],"collection":[{"href":"https:\/\/www.peetri.edu.ee\/pohikool\/wp-json\/wp\/v2\/pages"}],"about":[{"href":"https:\/\/www.peetri.edu.ee\/pohikool\/wp-json\/wp\/v2\/types\/page"}],"author":[{"embeddable":true,"href":"https:\/\/www.peetri.edu.ee\/pohikool\/wp-json\/wp\/v2\/users\/1"}],"replies":[{"embeddable":true,"href":"https:\/\/www.peetri.edu.ee\/pohikool\/wp-json\/wp\/v2\/comments?post=12938"}],"version-history":[{"count":2,"href":"https:\/\/www.peetri.edu.ee\/pohikool\/wp-json\/wp\/v2\/pages\/12938\/revisions"}],"predecessor-version":[{"id":12957,"href":"https:\/\/www.peetri.edu.ee\/pohikool\/wp-json\/wp\/v2\/pages\/12938\/revisions\/12957"}],"wp:attachment":[{"href":"https:\/\/www.peetri.edu.ee\/pohikool\/wp-json\/wp\/v2\/media?parent=12938"}],"curies":[{"name":"wp","href":"https:\/\/api.w.org\/{rel}","templated":true}]}}