{"id":12931,"date":"2025-04-14T15:20:05","date_gmt":"2025-04-14T12:20:05","guid":{"rendered":"https:\/\/www.peetri.edu.ee\/pohikool\/?page_id=12931"},"modified":"2025-04-14T15:20:06","modified_gmt":"2025-04-14T12:20:06","slug":"projekt-vaikelahendused-rae-valla-koolide-hev-opilastele","status":"publish","type":"page","link":"https:\/\/www.peetri.edu.ee\/pohikool\/projekt-vaikelahendused-rae-valla-koolide-hev-opilastele\/","title":{"rendered":"Projekt \u201cV\u00e4ikelahendused Rae valla koolide HEV \u00f5pilastele\u201d"},"content":{"rendered":"\n<p><img loading=\"lazy\" decoding=\"async\" class=\"aligncenter size-full wp-image-12889\" src=\"https:\/\/www.peetri.edu.ee\/pohikool\/wp-content\/uploads\/sites\/3\/2025\/03\/tulevikuheaks.png\" alt=\"\" width=\"1022\" height=\"594\" \/><\/p>\n\n\n\n\n\n<p><span data-ogsc=\"\" data-olk-copy-source=\"MessageBody\">Projektis osalevad k\u00f5ik valla koolid, kes <\/span>soetasid vahendeid HEV \u00f5pilaste integreerimiseks. Projekti tulemusena soetati Peetri Lasteaed-P\u00f5hikooli 18 arvutit, \u00f5pikapslid, tasakaalurada, erinevate \u00f5ppetegevuste jaoks kott-toolid ning tasakaalupallid, vahesirmid ja mitmed \u00f5ppem\u00e4ngud.\u00a0<\/p>\n","protected":false},"excerpt":{"rendered":"<p>Projektis osalevad k\u00f5ik valla koolid, kes soetasid vahendeid HEV \u00f5pilaste integreerimiseks. Projekti tulemusena soetati Peetri Lasteaed-P\u00f5hikooli 18 arvutit, \u00f5pikapslid, tasakaalurada,&#8230;<\/p>\n","protected":false},"author":1,"featured_media":0,"parent":0,"menu_order":0,"comment_status":"closed","ping_status":"closed","template":"","meta":{"_acf_changed":false,"footnotes":""},"class_list":["post-12931","page","type-page","status-publish","hentry"],"yoast_head":"<!-- This site is optimized with the Yoast SEO plugin v27.2 - https:\/\/yoast.com\/product\/yoast-seo-wordpress\/ -->\n<title>Projekt \u201cV\u00e4ikelahendused Rae valla koolide HEV \u00f5pilastele\u201d - Peetri P\u00f5hikool<\/title>\n<meta name=\"robots\" content=\"index, follow, max-snippet:-1, max-image-preview:large, max-video-preview:-1\" \/>\n<link rel=\"canonical\" href=\"https:\/\/www.peetri.edu.ee\/pohikool\/projekt-vaikelahendused-rae-valla-koolide-hev-opilastele\/\" \/>\n<meta property=\"og:locale\" content=\"et_EE\" \/>\n<meta property=\"og:type\" content=\"article\" \/>\n<meta property=\"og:title\" content=\"Projekt \u201cV\u00e4ikelahendused Rae valla koolide HEV \u00f5pilastele\u201d - Peetri P\u00f5hikool\" \/>\n<meta property=\"og:description\" content=\"Projektis osalevad k\u00f5ik valla koolid, kes soetasid vahendeid HEV \u00f5pilaste integreerimiseks. Projekti tulemusena soetati Peetri Lasteaed-P\u00f5hikooli 18 arvutit, \u00f5pikapslid, tasakaalurada,...\" \/>\n<meta property=\"og:url\" content=\"https:\/\/www.peetri.edu.ee\/pohikool\/projekt-vaikelahendused-rae-valla-koolide-hev-opilastele\/\" \/>\n<meta property=\"og:site_name\" content=\"Peetri P\u00f5hikool\" \/>\n<meta property=\"article:modified_time\" content=\"2025-04-14T12:20:06+00:00\" \/>\n<meta property=\"og:image\" content=\"https:\/\/www.peetri.edu.ee\/pohikool\/wp-content\/uploads\/sites\/3\/2025\/03\/tulevikuheaks.png\" \/>\n\t<meta property=\"og:image:width\" content=\"1022\" \/>\n\t<meta property=\"og:image:height\" content=\"594\" \/>\n\t<meta property=\"og:image:type\" content=\"image\/png\" \/>\n<meta name=\"twitter:card\" content=\"summary_large_image\" \/>\n<meta name=\"twitter:label1\" content=\"Est. reading time\" \/>\n\t<meta name=\"twitter:data1\" content=\"1 minut\" \/>\n<script type=\"application\/ld+json\" class=\"yoast-schema-graph\">{\"@context\":\"https:\/\/schema.org\",\"@graph\":[{\"@type\":\"WebPage\",\"@id\":\"https:\/\/www.peetri.edu.ee\/pohikool\/projekt-vaikelahendused-rae-valla-koolide-hev-opilastele\/\",\"url\":\"https:\/\/www.peetri.edu.ee\/pohikool\/projekt-vaikelahendused-rae-valla-koolide-hev-opilastele\/\",\"name\":\"Projekt \u201cV\u00e4ikelahendused Rae valla koolide HEV \u00f5pilastele\u201d - Peetri P\u00f5hikool\",\"isPartOf\":{\"@id\":\"https:\/\/www.peetri.edu.ee\/pohikool\/#website\"},\"primaryImageOfPage\":{\"@id\":\"https:\/\/www.peetri.edu.ee\/pohikool\/projekt-vaikelahendused-rae-valla-koolide-hev-opilastele\/#primaryimage\"},\"image\":{\"@id\":\"https:\/\/www.peetri.edu.ee\/pohikool\/projekt-vaikelahendused-rae-valla-koolide-hev-opilastele\/#primaryimage\"},\"thumbnailUrl\":\"https:\/\/www.peetri.edu.ee\/pohikool\/wp-content\/uploads\/sites\/3\/2025\/03\/tulevikuheaks.png\",\"datePublished\":\"2025-04-14T12:20:05+00:00\",\"dateModified\":\"2025-04-14T12:20:06+00:00\",\"breadcrumb\":{\"@id\":\"https:\/\/www.peetri.edu.ee\/pohikool\/projekt-vaikelahendused-rae-valla-koolide-hev-opilastele\/#breadcrumb\"},\"inLanguage\":\"et\",\"potentialAction\":[{\"@type\":\"ReadAction\",\"target\":[\"https:\/\/www.peetri.edu.ee\/pohikool\/projekt-vaikelahendused-rae-valla-koolide-hev-opilastele\/\"]}]},{\"@type\":\"ImageObject\",\"inLanguage\":\"et\",\"@id\":\"https:\/\/www.peetri.edu.ee\/pohikool\/projekt-vaikelahendused-rae-valla-koolide-hev-opilastele\/#primaryimage\",\"url\":\"https:\/\/www.peetri.edu.ee\/pohikool\/wp-content\/uploads\/sites\/3\/2025\/03\/tulevikuheaks.png\",\"contentUrl\":\"https:\/\/www.peetri.edu.ee\/pohikool\/wp-content\/uploads\/sites\/3\/2025\/03\/tulevikuheaks.png\",\"width\":1022,\"height\":594},{\"@type\":\"BreadcrumbList\",\"@id\":\"https:\/\/www.peetri.edu.ee\/pohikool\/projekt-vaikelahendused-rae-valla-koolide-hev-opilastele\/#breadcrumb\",\"itemListElement\":[{\"@type\":\"ListItem\",\"position\":1,\"name\":\"Home\",\"item\":\"https:\/\/www.peetri.edu.ee\/pohikool\/\"},{\"@type\":\"ListItem\",\"position\":2,\"name\":\"Projekt \u201cV\u00e4ikelahendused Rae valla koolide HEV \u00f5pilastele\u201d\"}]},{\"@type\":\"WebSite\",\"@id\":\"https:\/\/www.peetri.edu.ee\/pohikool\/#website\",\"url\":\"https:\/\/www.peetri.edu.ee\/pohikool\/\",\"name\":\"Peetri P\u00f5hikool\",\"description\":\"Igas inimeses on p\u00e4ike, laskem tal s\u00e4rada\",\"potentialAction\":[{\"@type\":\"SearchAction\",\"target\":{\"@type\":\"EntryPoint\",\"urlTemplate\":\"https:\/\/www.peetri.edu.ee\/pohikool\/?s={search_term_string}\"},\"query-input\":{\"@type\":\"PropertyValueSpecification\",\"valueRequired\":true,\"valueName\":\"search_term_string\"}}],\"inLanguage\":\"et\"}]}<\/script>\n<!-- \/ Yoast SEO plugin. -->","yoast_head_json":{"title":"Projekt \u201cV\u00e4ikelahendused Rae valla koolide HEV \u00f5pilastele\u201d - Peetri P\u00f5hikool","robots":{"index":"index","follow":"follow","max-snippet":"max-snippet:-1","max-image-preview":"max-image-preview:large","max-video-preview":"max-video-preview:-1"},"canonical":"https:\/\/www.peetri.edu.ee\/pohikool\/projekt-vaikelahendused-rae-valla-koolide-hev-opilastele\/","og_locale":"et_EE","og_type":"article","og_title":"Projekt \u201cV\u00e4ikelahendused Rae valla koolide HEV \u00f5pilastele\u201d - Peetri P\u00f5hikool","og_description":"Projektis osalevad k\u00f5ik valla koolid, kes soetasid vahendeid HEV \u00f5pilaste integreerimiseks. Projekti tulemusena soetati Peetri Lasteaed-P\u00f5hikooli 18 arvutit, \u00f5pikapslid, tasakaalurada,...","og_url":"https:\/\/www.peetri.edu.ee\/pohikool\/projekt-vaikelahendused-rae-valla-koolide-hev-opilastele\/","og_site_name":"Peetri P\u00f5hikool","article_modified_time":"2025-04-14T12:20:06+00:00","og_image":[{"width":1022,"height":594,"url":"https:\/\/www.peetri.edu.ee\/pohikool\/wp-content\/uploads\/sites\/3\/2025\/03\/tulevikuheaks.png","type":"image\/png"}],"twitter_card":"summary_large_image","twitter_misc":{"Est. reading time":"1 minut"},"schema":{"@context":"https:\/\/schema.org","@graph":[{"@type":"WebPage","@id":"https:\/\/www.peetri.edu.ee\/pohikool\/projekt-vaikelahendused-rae-valla-koolide-hev-opilastele\/","url":"https:\/\/www.peetri.edu.ee\/pohikool\/projekt-vaikelahendused-rae-valla-koolide-hev-opilastele\/","name":"Projekt \u201cV\u00e4ikelahendused Rae valla koolide HEV \u00f5pilastele\u201d - Peetri P\u00f5hikool","isPartOf":{"@id":"https:\/\/www.peetri.edu.ee\/pohikool\/#website"},"primaryImageOfPage":{"@id":"https:\/\/www.peetri.edu.ee\/pohikool\/projekt-vaikelahendused-rae-valla-koolide-hev-opilastele\/#primaryimage"},"image":{"@id":"https:\/\/www.peetri.edu.ee\/pohikool\/projekt-vaikelahendused-rae-valla-koolide-hev-opilastele\/#primaryimage"},"thumbnailUrl":"https:\/\/www.peetri.edu.ee\/pohikool\/wp-content\/uploads\/sites\/3\/2025\/03\/tulevikuheaks.png","datePublished":"2025-04-14T12:20:05+00:00","dateModified":"2025-04-14T12:20:06+00:00","breadcrumb":{"@id":"https:\/\/www.peetri.edu.ee\/pohikool\/projekt-vaikelahendused-rae-valla-koolide-hev-opilastele\/#breadcrumb"},"inLanguage":"et","potentialAction":[{"@type":"ReadAction","target":["https:\/\/www.peetri.edu.ee\/pohikool\/projekt-vaikelahendused-rae-valla-koolide-hev-opilastele\/"]}]},{"@type":"ImageObject","inLanguage":"et","@id":"https:\/\/www.peetri.edu.ee\/pohikool\/projekt-vaikelahendused-rae-valla-koolide-hev-opilastele\/#primaryimage","url":"https:\/\/www.peetri.edu.ee\/pohikool\/wp-content\/uploads\/sites\/3\/2025\/03\/tulevikuheaks.png","contentUrl":"https:\/\/www.peetri.edu.ee\/pohikool\/wp-content\/uploads\/sites\/3\/2025\/03\/tulevikuheaks.png","width":1022,"height":594},{"@type":"BreadcrumbList","@id":"https:\/\/www.peetri.edu.ee\/pohikool\/projekt-vaikelahendused-rae-valla-koolide-hev-opilastele\/#breadcrumb","itemListElement":[{"@type":"ListItem","position":1,"name":"Home","item":"https:\/\/www.peetri.edu.ee\/pohikool\/"},{"@type":"ListItem","position":2,"name":"Projekt \u201cV\u00e4ikelahendused Rae valla koolide HEV \u00f5pilastele\u201d"}]},{"@type":"WebSite","@id":"https:\/\/www.peetri.edu.ee\/pohikool\/#website","url":"https:\/\/www.peetri.edu.ee\/pohikool\/","name":"Peetri P\u00f5hikool","description":"Igas inimeses on p\u00e4ike, laskem tal s\u00e4rada","potentialAction":[{"@type":"SearchAction","target":{"@type":"EntryPoint","urlTemplate":"https:\/\/www.peetri.edu.ee\/pohikool\/?s={search_term_string}"},"query-input":{"@type":"PropertyValueSpecification","valueRequired":true,"valueName":"search_term_string"}}],"inLanguage":"et"}]}},"acf":[],"_links":{"self":[{"href":"https:\/\/www.peetri.edu.ee\/pohikool\/wp-json\/wp\/v2\/pages\/12931","targetHints":{"allow":["GET"]}}],"collection":[{"href":"https:\/\/www.peetri.edu.ee\/pohikool\/wp-json\/wp\/v2\/pages"}],"about":[{"href":"https:\/\/www.peetri.edu.ee\/pohikool\/wp-json\/wp\/v2\/types\/page"}],"author":[{"embeddable":true,"href":"https:\/\/www.peetri.edu.ee\/pohikool\/wp-json\/wp\/v2\/users\/1"}],"replies":[{"embeddable":true,"href":"https:\/\/www.peetri.edu.ee\/pohikool\/wp-json\/wp\/v2\/comments?post=12931"}],"version-history":[{"count":1,"href":"https:\/\/www.peetri.edu.ee\/pohikool\/wp-json\/wp\/v2\/pages\/12931\/revisions"}],"predecessor-version":[{"id":12932,"href":"https:\/\/www.peetri.edu.ee\/pohikool\/wp-json\/wp\/v2\/pages\/12931\/revisions\/12932"}],"wp:attachment":[{"href":"https:\/\/www.peetri.edu.ee\/pohikool\/wp-json\/wp\/v2\/media?parent=12931"}],"curies":[{"name":"wp","href":"https:\/\/api.w.org\/{rel}","templated":true}]}}