{"id":129,"date":"2017-08-11T13:04:20","date_gmt":"2017-08-11T10:04:20","guid":{"rendered":"https:\/\/www.peetri.edu.ee\/pohikool\/?page_id=129"},"modified":"2024-09-24T12:50:30","modified_gmt":"2024-09-24T09:50:30","slug":"juhendid","status":"publish","type":"page","link":"https:\/\/www.peetri.edu.ee\/pohikool\/oppetoo\/juhendid\/","title":{"rendered":"Juhendid"},"content":{"rendered":"<ul>\n<li>Kirjalike t\u00f6\u00f6de vormistamise juhend (<a href=\"https:\/\/www.peetri.edu.ee\/pohikool\/wp-content\/uploads\/sites\/3\/2022\/11\/Kirjalike-t\u00f6\u00f6de-vormistamise-juhend-2022.pdf\">pdf<\/a>)<\/li>\n<li><a href=\"https:\/\/www.youtube.com\/watch?v=spOZDTRsBhE\">Kirjalike t\u00f6\u00f6de vormistamise videojuhend<\/a><\/li>\n<li>Esitluse p\u00f5hi (<a href=\"https:\/\/www.peetri.edu.ee\/pohikool\/wp-content\/uploads\/sites\/3\/2023\/03\/Esitlusepohi2023.pdf\">pdf<\/a>)\/(<a href=\"https:\/\/www.peetri.edu.ee\/pohikool\/wp-content\/uploads\/sites\/3\/2023\/03\/Esitlusepohi2023.pptx\">pptx<\/a>)\/(<a href=\"https:\/\/docs.google.com\/presentation\/d\/12NeTaEdVu7V-2o8p1Lv-BraQ7QZV5cMtyA3RrdqHAd0\/edit?usp=sharing\">Google Slide<\/a>)<\/li>\n<li>Loovt\u00f6\u00f6 koostamise juhend (<a href=\"https:\/\/www.peetri.edu.ee\/pohikool\/wp-content\/uploads\/sites\/3\/2024\/09\/Loovtoo-koostamise-juhend-2024.pdf\">pdf<\/a>)<\/li>\n<li>Lisa 1. Loovt\u00f6\u00f6de tegevuskava (<a href=\"https:\/\/www.peetri.edu.ee\/pohikool\/wp-content\/uploads\/sites\/3\/2022\/10\/Lisa-1.-Loovt\u00f6\u00f6-tegevuskava.docx\">docx<\/a>)<\/li>\n<li>Lisa 2. Juhendaja tagasiside (<a href=\"https:\/\/www.peetri.edu.ee\/pohikool\/wp-content\/uploads\/sites\/3\/2023\/03\/juhendajatagasiside.pdf\">pdf<\/a>)\/(<a href=\"https:\/\/www.peetri.edu.ee\/pohikool\/wp-content\/uploads\/sites\/3\/2023\/03\/Lisa-2.-Juhendaja-tagasiside.docx\">docx<\/a>)<\/li>\n<li>Lisa 3. Loovt\u00f6\u00f6de teemad. Tabel klassijuhatajale (<a href=\"https:\/\/www.peetri.edu.ee\/pohikool\/wp-content\/uploads\/sites\/3\/2022\/10\/Lisa-3.-Loovt\u00f6\u00f6-teemad.-Tabel-klassijuhatajale.docx\">docx<\/a>)<\/li>\n<li>Lisa 4. Loovt\u00f6\u00f6de kinnitusleht (<a href=\"https:\/\/www.peetri.edu.ee\/pohikool\/wp-content\/uploads\/sites\/3\/2023\/10\/kinnitusleht.pdf\">pdf<\/a>)<\/li>\n<\/ul>\n","protected":false},"excerpt":{"rendered":"<p>Kirjalike t\u00f6\u00f6de vormistamise juhend (pdf) Kirjalike t\u00f6\u00f6de vormistamise videojuhend Esitluse p\u00f5hi (pdf)\/(pptx)\/(Google Slide) Loovt\u00f6\u00f6 koostamise juhend (pdf) Lisa 1. Loovt\u00f6\u00f6de&#8230;<\/p>\n","protected":false},"author":1,"featured_media":0,"parent":52,"menu_order":90,"comment_status":"closed","ping_status":"closed","template":"","meta":{"_acf_changed":false,"footnotes":""},"class_list":["post-129","page","type-page","status-publish","hentry"],"yoast_head":"<!-- This site is optimized with the Yoast SEO plugin v27.2 - https:\/\/yoast.com\/product\/yoast-seo-wordpress\/ -->\n<title>Juhendid - Peetri P\u00f5hikool<\/title>\n<meta name=\"robots\" content=\"index, follow, max-snippet:-1, max-image-preview:large, max-video-preview:-1\" \/>\n<link rel=\"canonical\" href=\"https:\/\/www.peetri.edu.ee\/pohikool\/oppetoo\/juhendid\/\" \/>\n<meta property=\"og:locale\" content=\"et_EE\" \/>\n<meta property=\"og:type\" content=\"article\" \/>\n<meta property=\"og:title\" content=\"Juhendid - Peetri P\u00f5hikool\" \/>\n<meta property=\"og:description\" content=\"Kirjalike t\u00f6\u00f6de vormistamise juhend (pdf) Kirjalike t\u00f6\u00f6de vormistamise videojuhend Esitluse p\u00f5hi (pdf)\/(pptx)\/(Google Slide) Loovt\u00f6\u00f6 koostamise juhend (pdf) Lisa 1. Loovt\u00f6\u00f6de...\" \/>\n<meta property=\"og:url\" content=\"https:\/\/www.peetri.edu.ee\/pohikool\/oppetoo\/juhendid\/\" \/>\n<meta property=\"og:site_name\" content=\"Peetri P\u00f5hikool\" \/>\n<meta property=\"article:modified_time\" content=\"2024-09-24T09:50:30+00:00\" \/>\n<meta name=\"twitter:card\" content=\"summary_large_image\" \/>\n<meta name=\"twitter:label1\" content=\"Est. reading time\" \/>\n\t<meta name=\"twitter:data1\" content=\"1 minut\" \/>\n<script type=\"application\/ld+json\" class=\"yoast-schema-graph\">{\"@context\":\"https:\/\/schema.org\",\"@graph\":[{\"@type\":\"WebPage\",\"@id\":\"https:\/\/www.peetri.edu.ee\/pohikool\/oppetoo\/juhendid\/\",\"url\":\"https:\/\/www.peetri.edu.ee\/pohikool\/oppetoo\/juhendid\/\",\"name\":\"Juhendid - Peetri P\u00f5hikool\",\"isPartOf\":{\"@id\":\"https:\/\/www.peetri.edu.ee\/pohikool\/#website\"},\"datePublished\":\"2017-08-11T10:04:20+00:00\",\"dateModified\":\"2024-09-24T09:50:30+00:00\",\"breadcrumb\":{\"@id\":\"https:\/\/www.peetri.edu.ee\/pohikool\/oppetoo\/juhendid\/#breadcrumb\"},\"inLanguage\":\"et\",\"potentialAction\":[{\"@type\":\"ReadAction\",\"target\":[\"https:\/\/www.peetri.edu.ee\/pohikool\/oppetoo\/juhendid\/\"]}]},{\"@type\":\"BreadcrumbList\",\"@id\":\"https:\/\/www.peetri.edu.ee\/pohikool\/oppetoo\/juhendid\/#breadcrumb\",\"itemListElement\":[{\"@type\":\"ListItem\",\"position\":1,\"name\":\"Home\",\"item\":\"https:\/\/www.peetri.edu.ee\/pohikool\/\"},{\"@type\":\"ListItem\",\"position\":2,\"name\":\"\u00d5ppet\u00f6\u00f6\",\"item\":\"https:\/\/www.peetri.edu.ee\/pohikool\/oppetoo\/\"},{\"@type\":\"ListItem\",\"position\":3,\"name\":\"Juhendid\"}]},{\"@type\":\"WebSite\",\"@id\":\"https:\/\/www.peetri.edu.ee\/pohikool\/#website\",\"url\":\"https:\/\/www.peetri.edu.ee\/pohikool\/\",\"name\":\"Peetri P\u00f5hikool\",\"description\":\"Igas inimeses on p\u00e4ike, laskem tal s\u00e4rada\",\"potentialAction\":[{\"@type\":\"SearchAction\",\"target\":{\"@type\":\"EntryPoint\",\"urlTemplate\":\"https:\/\/www.peetri.edu.ee\/pohikool\/?s={search_term_string}\"},\"query-input\":{\"@type\":\"PropertyValueSpecification\",\"valueRequired\":true,\"valueName\":\"search_term_string\"}}],\"inLanguage\":\"et\"}]}<\/script>\n<!-- \/ Yoast SEO plugin. -->","yoast_head_json":{"title":"Juhendid - Peetri P\u00f5hikool","robots":{"index":"index","follow":"follow","max-snippet":"max-snippet:-1","max-image-preview":"max-image-preview:large","max-video-preview":"max-video-preview:-1"},"canonical":"https:\/\/www.peetri.edu.ee\/pohikool\/oppetoo\/juhendid\/","og_locale":"et_EE","og_type":"article","og_title":"Juhendid - Peetri P\u00f5hikool","og_description":"Kirjalike t\u00f6\u00f6de vormistamise juhend (pdf) Kirjalike t\u00f6\u00f6de vormistamise videojuhend Esitluse p\u00f5hi (pdf)\/(pptx)\/(Google Slide) Loovt\u00f6\u00f6 koostamise juhend (pdf) Lisa 1. Loovt\u00f6\u00f6de...","og_url":"https:\/\/www.peetri.edu.ee\/pohikool\/oppetoo\/juhendid\/","og_site_name":"Peetri P\u00f5hikool","article_modified_time":"2024-09-24T09:50:30+00:00","twitter_card":"summary_large_image","twitter_misc":{"Est. reading time":"1 minut"},"schema":{"@context":"https:\/\/schema.org","@graph":[{"@type":"WebPage","@id":"https:\/\/www.peetri.edu.ee\/pohikool\/oppetoo\/juhendid\/","url":"https:\/\/www.peetri.edu.ee\/pohikool\/oppetoo\/juhendid\/","name":"Juhendid - Peetri P\u00f5hikool","isPartOf":{"@id":"https:\/\/www.peetri.edu.ee\/pohikool\/#website"},"datePublished":"2017-08-11T10:04:20+00:00","dateModified":"2024-09-24T09:50:30+00:00","breadcrumb":{"@id":"https:\/\/www.peetri.edu.ee\/pohikool\/oppetoo\/juhendid\/#breadcrumb"},"inLanguage":"et","potentialAction":[{"@type":"ReadAction","target":["https:\/\/www.peetri.edu.ee\/pohikool\/oppetoo\/juhendid\/"]}]},{"@type":"BreadcrumbList","@id":"https:\/\/www.peetri.edu.ee\/pohikool\/oppetoo\/juhendid\/#breadcrumb","itemListElement":[{"@type":"ListItem","position":1,"name":"Home","item":"https:\/\/www.peetri.edu.ee\/pohikool\/"},{"@type":"ListItem","position":2,"name":"\u00d5ppet\u00f6\u00f6","item":"https:\/\/www.peetri.edu.ee\/pohikool\/oppetoo\/"},{"@type":"ListItem","position":3,"name":"Juhendid"}]},{"@type":"WebSite","@id":"https:\/\/www.peetri.edu.ee\/pohikool\/#website","url":"https:\/\/www.peetri.edu.ee\/pohikool\/","name":"Peetri P\u00f5hikool","description":"Igas inimeses on p\u00e4ike, laskem tal s\u00e4rada","potentialAction":[{"@type":"SearchAction","target":{"@type":"EntryPoint","urlTemplate":"https:\/\/www.peetri.edu.ee\/pohikool\/?s={search_term_string}"},"query-input":{"@type":"PropertyValueSpecification","valueRequired":true,"valueName":"search_term_string"}}],"inLanguage":"et"}]}},"acf":[],"_links":{"self":[{"href":"https:\/\/www.peetri.edu.ee\/pohikool\/wp-json\/wp\/v2\/pages\/129","targetHints":{"allow":["GET"]}}],"collection":[{"href":"https:\/\/www.peetri.edu.ee\/pohikool\/wp-json\/wp\/v2\/pages"}],"about":[{"href":"https:\/\/www.peetri.edu.ee\/pohikool\/wp-json\/wp\/v2\/types\/page"}],"author":[{"embeddable":true,"href":"https:\/\/www.peetri.edu.ee\/pohikool\/wp-json\/wp\/v2\/users\/1"}],"replies":[{"embeddable":true,"href":"https:\/\/www.peetri.edu.ee\/pohikool\/wp-json\/wp\/v2\/comments?post=129"}],"version-history":[{"count":5,"href":"https:\/\/www.peetri.edu.ee\/pohikool\/wp-json\/wp\/v2\/pages\/129\/revisions"}],"predecessor-version":[{"id":12487,"href":"https:\/\/www.peetri.edu.ee\/pohikool\/wp-json\/wp\/v2\/pages\/129\/revisions\/12487"}],"up":[{"embeddable":true,"href":"https:\/\/www.peetri.edu.ee\/pohikool\/wp-json\/wp\/v2\/pages\/52"}],"wp:attachment":[{"href":"https:\/\/www.peetri.edu.ee\/pohikool\/wp-json\/wp\/v2\/media?parent=129"}],"curies":[{"name":"wp","href":"https:\/\/api.w.org\/{rel}","templated":true}]}}