{"id":12822,"date":"2025-02-07T23:30:02","date_gmt":"2025-02-07T21:30:02","guid":{"rendered":"https:\/\/www.peetri.edu.ee\/pohikool\/?page_id=12822"},"modified":"2025-03-26T12:43:46","modified_gmt":"2025-03-26T10:43:46","slug":"2022-2024-projekt","status":"publish","type":"page","link":"https:\/\/www.peetri.edu.ee\/pohikool\/2022-2024-projekt\/","title":{"rendered":"2024-2026 projekt"},"content":{"rendered":"\n<h2><span style=\"color: #008080\"><b>Loominguline \u00f5ppimine ja inspireerivad \u00f5pikogemused<\/b><\/span><\/h2>\n<p><span style=\"font-weight: 400\">Projekt nr: 2024-1-EE01-KA122-SCH-000232972 <a href=\"https:\/\/www.peetri.edu.ee\/pohikool\/wp-content\/uploads\/sites\/3\/2025\/02\/logoEL-300x83-1.png\"><img loading=\"lazy\" decoding=\"async\" class=\"size-full wp-image-12826 alignright\" src=\"https:\/\/www.peetri.edu.ee\/pohikool\/wp-content\/uploads\/sites\/3\/2025\/02\/logoEL-300x83-1.png\" alt=\"\" width=\"300\" height=\"83\" \/><\/a><\/span><\/p>\n<p><span style=\"font-weight: 400\">Periood: 11\/11\/2024 &#8211; 10\/05\/2026<\/span><\/p>\n<p><strong>\u00d5pir\u00e4nde projekti rahastab\u00a0Euroopa Liit<\/strong><strong>\u00a0 ja toetust saadi kogu projektile<\/strong>.<\/p>\n<h3><span style=\"color: #008080\"><strong>Projekti eem\u00e4rgid:<\/strong><\/span><\/h3>\n<ul>\n<li style=\"font-weight: 400\"><span style=\"font-weight: 400\">Inspireeriva \u00f5pikeskkonna loomine ja mitmek\u00fclgse l\u00e4henemise rakendamine \u00f5ppemeetodites.<\/span><\/li>\n<li style=\"font-weight: 400\"><span style=\"font-weight: 400\">Haridust\u00f6\u00f6taja professionaalse arengu toetamine.<\/span><\/li>\n<li style=\"font-weight: 400\"><span style=\"font-weight: 400\">Kultuurilise teadlikkuse suurendamine ja v\u00f5\u00f5rkeelse suhtlemise edendamine.<\/span><\/li>\n<li style=\"font-weight: 400\"><span style=\"font-weight: 400\">Rahvusvahelise ja omavahelise koost\u00f6\u00f6 soodustamine.<\/span><\/li>\n<li style=\"font-weight: 400\"><span style=\"font-weight: 400\">Uued \u00f5ppimis- ja \u00f5petamismeetodid ning l\u00e4henemised.<\/span><\/li>\n<li style=\"font-weight: 400\"><span style=\"font-weight: 400\">Loovus, kunst ja kultuur.<\/span><\/li>\n<li style=\"font-weight: 400\"><span style=\"font-weight: 400\">Digitaalne sisu ja pedagoogilised praktikad.<\/span><\/li>\n<\/ul>\n<h3><span style=\"color: #008080\">Tegevused:<\/span><\/h3>\n<p><span style=\"font-weight: 400\">1) <\/span><b>\u00d5pilaste r\u00fchmaviisilise \u00f5pir\u00e4nde<\/b><span style=\"font-weight: 400\"> korral osalev \u00f5pilane j\u00e4lgib partnerkooli praktilisi tegevusi ja osaleb \u00f5ppetegevustes, saab rahvusvahelisi kontakte, teeb koost\u00f6\u00f6d ja suhtleb partnerkoolide \u00f5pilastega, arendab koost\u00f6\u00f6 ja meeskonnat\u00f6\u00f6 oskuseid, parendab inglise keele ja digioskuseid l\u00e4bi projekti tegevuste, edendab kultuurilisi teadmisi Euroopa kahe teineteisest kauge piirkonna vahel, tutvustab \u00f5pir\u00e4ndel kogetut \u00f5pilasesinduses, \u00f5pilaste kogunemistel ja osaleb j\u00e4tkutegevustes, annab hinnangu \u00f5pir\u00e4nde ja projekti j\u00e4tkutegevuste kohta. \u00d5pir\u00e4nde \u00f5piv\u00e4ljundite saavutamist tunnustatakse partnerkooli poolt v\u00e4lja antud tunnistuse ja Europassi \u00f5pir\u00e4ndetunnistusega.<\/span><\/p>\n<p><span style=\"font-weight: 400\">2) <\/span><b>T\u00f6\u00f6varjuks<\/b><span style=\"font-weight: 400\"> mineku puhul soovitakse toetada kooli t\u00f6\u00f6tajate professionaalset arengut, t\u00f5sta motivatsiooni, suurendada kultuurilise teadlikkust, edendada v\u00f5\u00f5rkeeles, soodustada rahvusvahelist koost\u00f6\u00f6d ja rakendada elukestva \u00f5ppe p\u00f5him\u00f5tet pakkudes \u00f5pir\u00e4nnetel osalemise v\u00f5imalust. T\u00f6\u00f6varjutamise korral soovitakse teha koost\u00f6\u00f6d teiste koolide \u00f5petajatega, pakkudes \u00f5petajatele v\u00f5imalust k\u00fclastada teisest riigist p\u00e4rit kolleegide tunde ja j\u00e4lgida nende igap\u00e4evast t\u00f6\u00f6d, \u00f5ppida nende kogemustest ning teha t\u00f5husamat koos\u00f6\u00f6d oma organisatsiooni haridust\u00f6\u00f6tajatega.<\/span><\/p>\n<p><span style=\"font-weight: 400\">3) <\/span><b>Koolituste<\/b><span style=\"font-weight: 400\"> abil soovitakse\u00a0 soovitakse toetada kooli t\u00f6\u00f6tajate professionaalset arengut, t\u00f5sta motivatsiooni ja pakkuda eneset\u00e4iendamise v\u00f5imalust rahvusvahelisel koolitusel, kus k\u00e4sitletakse erinevaid \u00f5ppemeetoditeid sh kombineeritud \u00f5pet, keskkonnas\u00f5bralikkust, digitaalse sisu loomist, tehisintellekti kasutamist \u00f5ppeesm\u00e4rgil, v\u00f5\u00f5rkeelse teksti m\u00f5istmist ja arusaamist. Koolituste tulemusel saab \u00f5petaja muuta koolirutiini elavamaks ja toetavamaks. Koolitustel omandatud teadmisi ja saadud \u00f5ppemeetodeid on v\u00f5imalik kasutada erinevate \u00f5ppeainete ning erineva tasemega \u00f5pilaste \u00f5petamisel ja l\u00f5imingute loomisel. Koost\u00f6\u00f6r\u00fchmad tegelevad \u00f5pitu sidumisega ja koolituste k\u00e4igus saadud oskuste rakendamisega<\/span><\/p>\n<p>\u00a0<\/p>\n<h3><span style=\"color: #008080\">Planeeritud \u00f5pir\u00e4nded<\/span><\/h3>\n<table dir=\"ltr\" border=\"1\" cellspacing=\"0\" cellpadding=\"0\" data-sheets-root=\"1\" data-sheets-baot=\"1\"><colgroup><col width=\"267\" \/><col width=\"72\" \/><\/colgroup>\n<tbody>\n<tr>\n<td>Kursuse nimi<br \/>Organisatsiooni nimi<\/td>\n<td>Osalejate arv<\/td>\n<\/tr>\n<tr>\n<td>Well-Being and Stress Management<br \/>(Smart Teacher Play More)<\/td>\n<td>3<\/td>\n<\/tr>\n<tr>\n<td>A Happy Lesson: Valuable Tips to Create a Joyful Classroom<br \/>(Europass Teacher Academy)<\/td>\n<td>2<\/td>\n<\/tr>\n<tr>\n<td>Design Learning Spaces for the 21st Century Classroom<br \/>(Europass Teacher Academy)<\/td>\n<td>2<\/td>\n<\/tr>\n<tr>\n<td>Rediscovering the Roots of Democracy: From Ancient Greece to the European Union<br \/>(Europass Teacher Academy)<\/td>\n<td>2<\/td>\n<\/tr>\n<tr>\n<td>Art, Music, and Dance Therapy for an Inclusive Classroom<br \/>(Europass Teacher Academy)<\/td>\n<td>2<\/td>\n<\/tr>\n<tr>\n<td>Artifical Intelligence in Schools: ChatGpt and AI for Teachers<br \/>(Erasmus Learning Academy)<\/td>\n<td>2<\/td>\n<\/tr>\n<tr>\n<td>The Child First: Montessori, Reggio Emilia System and Contemporary Approaches to Pre-School Education<br \/>(Europass Teacher Academy)<\/td>\n<td>2<\/td>\n<\/tr>\n<tr>\n<td>Kindergarten Teachers Play to Learn More <br \/>(Smart Teacher Play More)<\/td>\n<td>2<\/td>\n<\/tr>\n<tr>\n<td>T\u00f6\u00f6vari Austrias (v\u00f5imalusel LME koolis) <br \/><br \/><\/td>\n<td>4<\/td>\n<\/tr>\n<tr>\n<td>T\u00f6\u00f6vari Austrias<br \/>(transport, buss ja\/v\u00f5i rong)<\/td>\n<td>2<\/td>\n<\/tr>\n<tr>\n<td>T\u00f6\u00f6vari Hispaanias<\/td>\n<td>2<\/td>\n<\/tr>\n<tr>\n<td>\u00a0<\/td>\n<td>\u00a0<\/td>\n<\/tr>\n<tr>\n<td>\u00d5pilaste \u00f5pir\u00e4nne Itaalias<br \/>ISTITUTO COMPRENSIVO<br \/>&#8220;Eleonora D&#8217;Arborea&#8221;<br \/>IGLESIAS &#8211; SU<\/td>\n<td>5<\/td>\n<\/tr>\n<tr>\n<td>KOKKU<\/td>\n<td>30<\/td>\n<\/tr>\n<\/tbody>\n<\/table>\n\n\n","protected":false},"excerpt":{"rendered":"<p>Loominguline \u00f5ppimine ja inspireerivad \u00f5pikogemused Projekt nr: 2024-1-EE01-KA122-SCH-000232972 Periood: 11\/11\/2024 &#8211; 10\/05\/2026 \u00d5pir\u00e4nde projekti rahastab\u00a0Euroopa Liit\u00a0 ja toetust saadi kogu&#8230;<\/p>\n","protected":false},"author":14,"featured_media":0,"parent":0,"menu_order":0,"comment_status":"closed","ping_status":"closed","template":"","meta":{"_acf_changed":false,"footnotes":""},"class_list":["post-12822","page","type-page","status-publish","hentry"],"yoast_head":"<!-- This site is optimized with the Yoast SEO plugin v27.2 - https:\/\/yoast.com\/product\/yoast-seo-wordpress\/ -->\n<title>2024-2026 projekt - Peetri P\u00f5hikool<\/title>\n<meta name=\"robots\" content=\"index, follow, max-snippet:-1, max-image-preview:large, max-video-preview:-1\" \/>\n<link rel=\"canonical\" href=\"https:\/\/www.peetri.edu.ee\/pohikool\/2022-2024-projekt\/\" \/>\n<meta property=\"og:locale\" content=\"et_EE\" \/>\n<meta property=\"og:type\" content=\"article\" \/>\n<meta property=\"og:title\" content=\"2024-2026 projekt - Peetri P\u00f5hikool\" \/>\n<meta property=\"og:description\" content=\"Loominguline \u00f5ppimine ja inspireerivad \u00f5pikogemused Projekt nr: 2024-1-EE01-KA122-SCH-000232972 Periood: 11\/11\/2024 &#8211; 10\/05\/2026 \u00d5pir\u00e4nde projekti rahastab\u00a0Euroopa Liit\u00a0 ja toetust saadi kogu...\" \/>\n<meta property=\"og:url\" content=\"https:\/\/www.peetri.edu.ee\/pohikool\/2022-2024-projekt\/\" \/>\n<meta property=\"og:site_name\" content=\"Peetri P\u00f5hikool\" \/>\n<meta property=\"article:modified_time\" content=\"2025-03-26T10:43:46+00:00\" \/>\n<meta property=\"og:image\" content=\"https:\/\/www.peetri.edu.ee\/pohikool\/wp-content\/uploads\/sites\/3\/2025\/02\/logoEL-300x83-1.png\" \/>\n\t<meta property=\"og:image:width\" content=\"300\" \/>\n\t<meta property=\"og:image:height\" content=\"83\" \/>\n\t<meta property=\"og:image:type\" content=\"image\/png\" \/>\n<meta name=\"twitter:card\" content=\"summary_large_image\" \/>\n<meta name=\"twitter:label1\" content=\"Est. reading time\" \/>\n\t<meta name=\"twitter:data1\" content=\"3 minutit\" \/>\n<script type=\"application\/ld+json\" class=\"yoast-schema-graph\">{\"@context\":\"https:\/\/schema.org\",\"@graph\":[{\"@type\":\"WebPage\",\"@id\":\"https:\/\/www.peetri.edu.ee\/pohikool\/2022-2024-projekt\/\",\"url\":\"https:\/\/www.peetri.edu.ee\/pohikool\/2022-2024-projekt\/\",\"name\":\"2024-2026 projekt - Peetri P\u00f5hikool\",\"isPartOf\":{\"@id\":\"https:\/\/www.peetri.edu.ee\/pohikool\/#website\"},\"primaryImageOfPage\":{\"@id\":\"https:\/\/www.peetri.edu.ee\/pohikool\/2022-2024-projekt\/#primaryimage\"},\"image\":{\"@id\":\"https:\/\/www.peetri.edu.ee\/pohikool\/2022-2024-projekt\/#primaryimage\"},\"thumbnailUrl\":\"https:\/\/www.peetri.edu.ee\/pohikool\/wp-content\/uploads\/sites\/3\/2025\/02\/logoEL-300x83-1.png\",\"datePublished\":\"2025-02-07T21:30:02+00:00\",\"dateModified\":\"2025-03-26T10:43:46+00:00\",\"breadcrumb\":{\"@id\":\"https:\/\/www.peetri.edu.ee\/pohikool\/2022-2024-projekt\/#breadcrumb\"},\"inLanguage\":\"et\",\"potentialAction\":[{\"@type\":\"ReadAction\",\"target\":[\"https:\/\/www.peetri.edu.ee\/pohikool\/2022-2024-projekt\/\"]}]},{\"@type\":\"ImageObject\",\"inLanguage\":\"et\",\"@id\":\"https:\/\/www.peetri.edu.ee\/pohikool\/2022-2024-projekt\/#primaryimage\",\"url\":\"https:\/\/www.peetri.edu.ee\/pohikool\/wp-content\/uploads\/sites\/3\/2025\/02\/logoEL-300x83-1.png\",\"contentUrl\":\"https:\/\/www.peetri.edu.ee\/pohikool\/wp-content\/uploads\/sites\/3\/2025\/02\/logoEL-300x83-1.png\",\"width\":300,\"height\":83},{\"@type\":\"BreadcrumbList\",\"@id\":\"https:\/\/www.peetri.edu.ee\/pohikool\/2022-2024-projekt\/#breadcrumb\",\"itemListElement\":[{\"@type\":\"ListItem\",\"position\":1,\"name\":\"Home\",\"item\":\"https:\/\/www.peetri.edu.ee\/pohikool\/\"},{\"@type\":\"ListItem\",\"position\":2,\"name\":\"2024-2026 projekt\"}]},{\"@type\":\"WebSite\",\"@id\":\"https:\/\/www.peetri.edu.ee\/pohikool\/#website\",\"url\":\"https:\/\/www.peetri.edu.ee\/pohikool\/\",\"name\":\"Peetri P\u00f5hikool\",\"description\":\"Igas inimeses on p\u00e4ike, laskem tal s\u00e4rada\",\"potentialAction\":[{\"@type\":\"SearchAction\",\"target\":{\"@type\":\"EntryPoint\",\"urlTemplate\":\"https:\/\/www.peetri.edu.ee\/pohikool\/?s={search_term_string}\"},\"query-input\":{\"@type\":\"PropertyValueSpecification\",\"valueRequired\":true,\"valueName\":\"search_term_string\"}}],\"inLanguage\":\"et\"}]}<\/script>\n<!-- \/ Yoast SEO plugin. -->","yoast_head_json":{"title":"2024-2026 projekt - Peetri P\u00f5hikool","robots":{"index":"index","follow":"follow","max-snippet":"max-snippet:-1","max-image-preview":"max-image-preview:large","max-video-preview":"max-video-preview:-1"},"canonical":"https:\/\/www.peetri.edu.ee\/pohikool\/2022-2024-projekt\/","og_locale":"et_EE","og_type":"article","og_title":"2024-2026 projekt - Peetri P\u00f5hikool","og_description":"Loominguline \u00f5ppimine ja inspireerivad \u00f5pikogemused Projekt nr: 2024-1-EE01-KA122-SCH-000232972 Periood: 11\/11\/2024 &#8211; 10\/05\/2026 \u00d5pir\u00e4nde projekti rahastab\u00a0Euroopa Liit\u00a0 ja toetust saadi kogu...","og_url":"https:\/\/www.peetri.edu.ee\/pohikool\/2022-2024-projekt\/","og_site_name":"Peetri P\u00f5hikool","article_modified_time":"2025-03-26T10:43:46+00:00","og_image":[{"width":300,"height":83,"url":"https:\/\/www.peetri.edu.ee\/pohikool\/wp-content\/uploads\/sites\/3\/2025\/02\/logoEL-300x83-1.png","type":"image\/png"}],"twitter_card":"summary_large_image","twitter_misc":{"Est. reading time":"3 minutit"},"schema":{"@context":"https:\/\/schema.org","@graph":[{"@type":"WebPage","@id":"https:\/\/www.peetri.edu.ee\/pohikool\/2022-2024-projekt\/","url":"https:\/\/www.peetri.edu.ee\/pohikool\/2022-2024-projekt\/","name":"2024-2026 projekt - Peetri P\u00f5hikool","isPartOf":{"@id":"https:\/\/www.peetri.edu.ee\/pohikool\/#website"},"primaryImageOfPage":{"@id":"https:\/\/www.peetri.edu.ee\/pohikool\/2022-2024-projekt\/#primaryimage"},"image":{"@id":"https:\/\/www.peetri.edu.ee\/pohikool\/2022-2024-projekt\/#primaryimage"},"thumbnailUrl":"https:\/\/www.peetri.edu.ee\/pohikool\/wp-content\/uploads\/sites\/3\/2025\/02\/logoEL-300x83-1.png","datePublished":"2025-02-07T21:30:02+00:00","dateModified":"2025-03-26T10:43:46+00:00","breadcrumb":{"@id":"https:\/\/www.peetri.edu.ee\/pohikool\/2022-2024-projekt\/#breadcrumb"},"inLanguage":"et","potentialAction":[{"@type":"ReadAction","target":["https:\/\/www.peetri.edu.ee\/pohikool\/2022-2024-projekt\/"]}]},{"@type":"ImageObject","inLanguage":"et","@id":"https:\/\/www.peetri.edu.ee\/pohikool\/2022-2024-projekt\/#primaryimage","url":"https:\/\/www.peetri.edu.ee\/pohikool\/wp-content\/uploads\/sites\/3\/2025\/02\/logoEL-300x83-1.png","contentUrl":"https:\/\/www.peetri.edu.ee\/pohikool\/wp-content\/uploads\/sites\/3\/2025\/02\/logoEL-300x83-1.png","width":300,"height":83},{"@type":"BreadcrumbList","@id":"https:\/\/www.peetri.edu.ee\/pohikool\/2022-2024-projekt\/#breadcrumb","itemListElement":[{"@type":"ListItem","position":1,"name":"Home","item":"https:\/\/www.peetri.edu.ee\/pohikool\/"},{"@type":"ListItem","position":2,"name":"2024-2026 projekt"}]},{"@type":"WebSite","@id":"https:\/\/www.peetri.edu.ee\/pohikool\/#website","url":"https:\/\/www.peetri.edu.ee\/pohikool\/","name":"Peetri P\u00f5hikool","description":"Igas inimeses on p\u00e4ike, laskem tal s\u00e4rada","potentialAction":[{"@type":"SearchAction","target":{"@type":"EntryPoint","urlTemplate":"https:\/\/www.peetri.edu.ee\/pohikool\/?s={search_term_string}"},"query-input":{"@type":"PropertyValueSpecification","valueRequired":true,"valueName":"search_term_string"}}],"inLanguage":"et"}]}},"acf":[],"_links":{"self":[{"href":"https:\/\/www.peetri.edu.ee\/pohikool\/wp-json\/wp\/v2\/pages\/12822","targetHints":{"allow":["GET"]}}],"collection":[{"href":"https:\/\/www.peetri.edu.ee\/pohikool\/wp-json\/wp\/v2\/pages"}],"about":[{"href":"https:\/\/www.peetri.edu.ee\/pohikool\/wp-json\/wp\/v2\/types\/page"}],"author":[{"embeddable":true,"href":"https:\/\/www.peetri.edu.ee\/pohikool\/wp-json\/wp\/v2\/users\/14"}],"replies":[{"embeddable":true,"href":"https:\/\/www.peetri.edu.ee\/pohikool\/wp-json\/wp\/v2\/comments?post=12822"}],"version-history":[{"count":5,"href":"https:\/\/www.peetri.edu.ee\/pohikool\/wp-json\/wp\/v2\/pages\/12822\/revisions"}],"predecessor-version":[{"id":12908,"href":"https:\/\/www.peetri.edu.ee\/pohikool\/wp-json\/wp\/v2\/pages\/12822\/revisions\/12908"}],"wp:attachment":[{"href":"https:\/\/www.peetri.edu.ee\/pohikool\/wp-json\/wp\/v2\/media?parent=12822"}],"curies":[{"name":"wp","href":"https:\/\/api.w.org\/{rel}","templated":true}]}}