{"id":12660,"date":"2024-11-28T17:50:37","date_gmt":"2024-11-28T15:50:37","guid":{"rendered":"https:\/\/www.peetri.edu.ee\/pohikool\/?page_id=12660"},"modified":"2025-02-10T08:17:10","modified_gmt":"2025-02-10T06:17:10","slug":"etwinningu-voistlus-2024-meie-heaolu-kalender","status":"publish","type":"page","link":"https:\/\/www.peetri.edu.ee\/pohikool\/meie-kool\/projektid\/etwinning\/2024-2025\/etwinningu-voistlus-2024-meie-heaolu-kalender\/","title":{"rendered":"eTwinningu v\u00f5istlus 2024 &#8220;Meie heaolu kalender&#8221;"},"content":{"rendered":"<p><a href=\"https:\/\/www.peetri.edu.ee\/pohikool\/wp-content\/uploads\/sites\/3\/2025\/02\/etw_logo2.png\"><img loading=\"lazy\" decoding=\"async\" class=\" wp-image-12814 alignleft\" src=\"https:\/\/www.peetri.edu.ee\/pohikool\/wp-content\/uploads\/sites\/3\/2025\/02\/etw_logo2-300x227.png\" alt=\"\" width=\"160\" height=\"121\" \/><\/a>Toimus eTwinningu &#8220;Meie heaolu kalendri&#8221; koostamise v\u00f5istlus. \u00d5pilased said harjutada koost\u00f6\u00f6d, digip\u00e4devusi ning m\u00f5elda, mis teeb neid \u00f5nnelikuks ja tagab heaolu. (<a href=\"https:\/\/harno.ee\/etwinning#etwinningu-voistlus-\">https:\/\/harno.ee\/etwinning#etwinningu-voistlus-<\/a>)<\/p>\n<p>Peetri kooli 2.-4. klassi \u00f5pilased tegid koost\u00f6\u00f6d oma kooli erinevate klasside \u00f5pilastega ja Surju Kooli \u00f5pilastega. Koost\u00f6\u00f6 tulemusel valmis 2024 aasta detsembrikuu kalender.<\/p>\n<p>7. klassi \u00f5pilased tegid koost\u00f6\u00f6d J\u00fcri Kooli 7. klassi \u00f5pilastega ja P\u00e4rnu Tammsaare Kooliga.<\/p>\n<h3><span style=\"color: #0000ff\">2.-4 Klassi kalender<\/span><\/h3>\n\n\n\n\n<div style=\"position: relative; width: 100%; height: 0; padding-top: 56.2500%;\n padding-bottom: 0; box-shadow: 0 2px 8px 0 rgba(63,69,81,0.16); margin-top: 1.6em; margin-bottom: 0.9em; overflow: hidden;\n border-radius: 8px; will-change: transform;\">\n  <iframe loading=\"lazy\" style=\"position: absolute; width: 100%; height: 100%; top: 0; left: 0; border: none; padding: 0;margin: 0;\"\n    src=\"https:\/\/www.canva.com\/design\/DAGXxvHpYWg\/piMl9hyNVG8SYnnKi_K_hA\/view?embed\" allowfullscreen=\"allowfullscreen\" allow=\"fullscreen\">\n  <\/iframe>\n<\/div>\n<a href=\"https:&#x2F;&#x2F;www.canva.com&#x2F;design&#x2F;DAGXxvHpYWg&#x2F;piMl9hyNVG8SYnnKi_K_hA&#x2F;view?utm_content=DAGXxvHpYWg&amp;utm_campaign=designshare&amp;utm_medium=embeds&amp;utm_source=link\" target=\"_blank\" rel=\"noopener\">2-4.kl _ Heolu kalender_detsember2024<\/a> autorilt Signe Reidla\n\n\n\n<h3><span style=\"color: #0000ff;\">5.-7. klassi heaolu kalender<\/span><\/h3>\n\n\n\n<div style=\"position: relative; width: 100%; height: 0; padding-top: 56.2500%;\n padding-bottom: 0; box-shadow: 0 2px 8px 0 rgba(63,69,81,0.16); margin-top: 1.6em; margin-bottom: 0.9em; overflow: hidden;\n border-radius: 8px; will-change: transform;\">\n  <iframe loading=\"lazy\" style=\"position: absolute; width: 100%; height: 100%; top: 0; left: 0; border: none; padding: 0;margin: 0;\"\n    src=\"https:\/\/www.canva.com\/design\/DAGWQFyIfBs\/rOROOHEzQAhrNrFX3rTNEw\/view?embed\" allowfullscreen=\"allowfullscreen\" allow=\"fullscreen\">\n  <\/iframe>\n<\/div>\n<a href=\"https:&#x2F;&#x2F;www.canva.com&#x2F;design&#x2F;DAGWQFyIfBs&#x2F;rOROOHEzQAhrNrFX3rTNEw&#x2F;view?utm_content=DAGWQFyIfBs&amp;utm_campaign=designshare&amp;utm_medium=embeds&amp;utm_source=link\" target=\"_blank\" rel=\"noopener\">5.-7. kl_Heolu kalender_2024<\/a> autorilt Signe Reidla\n\n\n\n<h3><span style=\"color: #0000ff;\">V\u00f5istluse reklaamplakat<\/span><\/h3>\n<p><a href=\"https:\/\/www.peetri.edu.ee\/pohikool\/wp-content\/uploads\/sites\/3\/2024\/11\/466666970_10162014321118769_4627473387511699376_n.jpg\"><img loading=\"lazy\" decoding=\"async\" class=\"alignnone  wp-image-12668\" src=\"https:\/\/www.peetri.edu.ee\/pohikool\/wp-content\/uploads\/sites\/3\/2024\/11\/466666970_10162014321118769_4627473387511699376_n-300x300.jpg\" alt=\"\" width=\"394\" height=\"394\" \/><\/a><\/p>\n<p>\u00a0<\/p>\n\n\n\n\n","protected":false},"excerpt":{"rendered":"<p>Toimus eTwinningu &#8220;Meie heaolu kalendri&#8221; koostamise v\u00f5istlus. \u00d5pilased said harjutada koost\u00f6\u00f6d, digip\u00e4devusi ning m\u00f5elda, mis teeb neid \u00f5nnelikuks ja tagab&#8230;<\/p>\n","protected":false},"author":14,"featured_media":0,"parent":12657,"menu_order":0,"comment_status":"closed","ping_status":"closed","template":"","meta":{"_acf_changed":false,"footnotes":""},"class_list":["post-12660","page","type-page","status-publish","hentry"],"yoast_head":"<!-- This site is optimized with the Yoast SEO plugin v27.2 - https:\/\/yoast.com\/product\/yoast-seo-wordpress\/ -->\n<title>eTwinningu v\u00f5istlus 2024 &quot;Meie heaolu kalender&quot; - Peetri P\u00f5hikool<\/title>\n<meta name=\"robots\" content=\"index, follow, max-snippet:-1, max-image-preview:large, max-video-preview:-1\" \/>\n<link rel=\"canonical\" href=\"https:\/\/www.peetri.edu.ee\/pohikool\/meie-kool\/projektid\/etwinning\/2024-2025\/etwinningu-voistlus-2024-meie-heaolu-kalender\/\" \/>\n<meta property=\"og:locale\" content=\"et_EE\" \/>\n<meta property=\"og:type\" content=\"article\" \/>\n<meta property=\"og:title\" content=\"eTwinningu v\u00f5istlus 2024 &quot;Meie heaolu kalender&quot; - Peetri P\u00f5hikool\" \/>\n<meta property=\"og:description\" content=\"Toimus eTwinningu &#8220;Meie heaolu kalendri&#8221; koostamise v\u00f5istlus. \u00d5pilased said harjutada koost\u00f6\u00f6d, digip\u00e4devusi ning m\u00f5elda, mis teeb neid \u00f5nnelikuks ja tagab...\" \/>\n<meta property=\"og:url\" content=\"https:\/\/www.peetri.edu.ee\/pohikool\/meie-kool\/projektid\/etwinning\/2024-2025\/etwinningu-voistlus-2024-meie-heaolu-kalender\/\" \/>\n<meta property=\"og:site_name\" content=\"Peetri P\u00f5hikool\" \/>\n<meta property=\"article:modified_time\" content=\"2025-02-10T06:17:10+00:00\" \/>\n<meta property=\"og:image\" content=\"https:\/\/www.peetri.edu.ee\/pohikool\/wp-content\/uploads\/sites\/3\/2025\/02\/etw_logo2.png\" \/>\n\t<meta property=\"og:image:width\" content=\"920\" \/>\n\t<meta property=\"og:image:height\" content=\"696\" \/>\n\t<meta property=\"og:image:type\" content=\"image\/png\" \/>\n<meta name=\"twitter:card\" content=\"summary_large_image\" \/>\n<meta name=\"twitter:label1\" content=\"Est. reading time\" \/>\n\t<meta name=\"twitter:data1\" content=\"1 minut\" \/>\n<script type=\"application\/ld+json\" class=\"yoast-schema-graph\">{\"@context\":\"https:\/\/schema.org\",\"@graph\":[{\"@type\":\"WebPage\",\"@id\":\"https:\/\/www.peetri.edu.ee\/pohikool\/meie-kool\/projektid\/etwinning\/2024-2025\/etwinningu-voistlus-2024-meie-heaolu-kalender\/\",\"url\":\"https:\/\/www.peetri.edu.ee\/pohikool\/meie-kool\/projektid\/etwinning\/2024-2025\/etwinningu-voistlus-2024-meie-heaolu-kalender\/\",\"name\":\"eTwinningu v\u00f5istlus 2024 \\\"Meie heaolu kalender\\\" - Peetri P\u00f5hikool\",\"isPartOf\":{\"@id\":\"https:\/\/www.peetri.edu.ee\/pohikool\/#website\"},\"primaryImageOfPage\":{\"@id\":\"https:\/\/www.peetri.edu.ee\/pohikool\/meie-kool\/projektid\/etwinning\/2024-2025\/etwinningu-voistlus-2024-meie-heaolu-kalender\/#primaryimage\"},\"image\":{\"@id\":\"https:\/\/www.peetri.edu.ee\/pohikool\/meie-kool\/projektid\/etwinning\/2024-2025\/etwinningu-voistlus-2024-meie-heaolu-kalender\/#primaryimage\"},\"thumbnailUrl\":\"https:\/\/www.peetri.edu.ee\/pohikool\/wp-content\/uploads\/sites\/3\/2025\/02\/etw_logo2-300x227.png\",\"datePublished\":\"2024-11-28T15:50:37+00:00\",\"dateModified\":\"2025-02-10T06:17:10+00:00\",\"breadcrumb\":{\"@id\":\"https:\/\/www.peetri.edu.ee\/pohikool\/meie-kool\/projektid\/etwinning\/2024-2025\/etwinningu-voistlus-2024-meie-heaolu-kalender\/#breadcrumb\"},\"inLanguage\":\"et\",\"potentialAction\":[{\"@type\":\"ReadAction\",\"target\":[\"https:\/\/www.peetri.edu.ee\/pohikool\/meie-kool\/projektid\/etwinning\/2024-2025\/etwinningu-voistlus-2024-meie-heaolu-kalender\/\"]}]},{\"@type\":\"ImageObject\",\"inLanguage\":\"et\",\"@id\":\"https:\/\/www.peetri.edu.ee\/pohikool\/meie-kool\/projektid\/etwinning\/2024-2025\/etwinningu-voistlus-2024-meie-heaolu-kalender\/#primaryimage\",\"url\":\"https:\/\/www.peetri.edu.ee\/pohikool\/wp-content\/uploads\/sites\/3\/2025\/02\/etw_logo2.png\",\"contentUrl\":\"https:\/\/www.peetri.edu.ee\/pohikool\/wp-content\/uploads\/sites\/3\/2025\/02\/etw_logo2.png\",\"width\":920,\"height\":696},{\"@type\":\"BreadcrumbList\",\"@id\":\"https:\/\/www.peetri.edu.ee\/pohikool\/meie-kool\/projektid\/etwinning\/2024-2025\/etwinningu-voistlus-2024-meie-heaolu-kalender\/#breadcrumb\",\"itemListElement\":[{\"@type\":\"ListItem\",\"position\":1,\"name\":\"Home\",\"item\":\"https:\/\/www.peetri.edu.ee\/pohikool\/\"},{\"@type\":\"ListItem\",\"position\":2,\"name\":\"Meie kool\",\"item\":\"https:\/\/www.peetri.edu.ee\/pohikool\/\"},{\"@type\":\"ListItem\",\"position\":3,\"name\":\"Projektid\",\"item\":\"https:\/\/www.peetri.edu.ee\/pohikool\/meie-kool\/projektid\/\"},{\"@type\":\"ListItem\",\"position\":4,\"name\":\"eTwinning\",\"item\":\"https:\/\/www.peetri.edu.ee\/pohikool\/meie-kool\/projektid\/etwinning\/\"},{\"@type\":\"ListItem\",\"position\":5,\"name\":\"2024\/2025\",\"item\":\"https:\/\/www.peetri.edu.ee\/pohikool\/meie-kool\/projektid\/etwinning\/2024-2025\/\"},{\"@type\":\"ListItem\",\"position\":6,\"name\":\"eTwinningu v\u00f5istlus 2024 &#8220;Meie heaolu kalender&#8221;\"}]},{\"@type\":\"WebSite\",\"@id\":\"https:\/\/www.peetri.edu.ee\/pohikool\/#website\",\"url\":\"https:\/\/www.peetri.edu.ee\/pohikool\/\",\"name\":\"Peetri P\u00f5hikool\",\"description\":\"Igas inimeses on p\u00e4ike, laskem tal s\u00e4rada\",\"potentialAction\":[{\"@type\":\"SearchAction\",\"target\":{\"@type\":\"EntryPoint\",\"urlTemplate\":\"https:\/\/www.peetri.edu.ee\/pohikool\/?s={search_term_string}\"},\"query-input\":{\"@type\":\"PropertyValueSpecification\",\"valueRequired\":true,\"valueName\":\"search_term_string\"}}],\"inLanguage\":\"et\"}]}<\/script>\n<!-- \/ Yoast SEO plugin. -->","yoast_head_json":{"title":"eTwinningu v\u00f5istlus 2024 \"Meie heaolu kalender\" - Peetri P\u00f5hikool","robots":{"index":"index","follow":"follow","max-snippet":"max-snippet:-1","max-image-preview":"max-image-preview:large","max-video-preview":"max-video-preview:-1"},"canonical":"https:\/\/www.peetri.edu.ee\/pohikool\/meie-kool\/projektid\/etwinning\/2024-2025\/etwinningu-voistlus-2024-meie-heaolu-kalender\/","og_locale":"et_EE","og_type":"article","og_title":"eTwinningu v\u00f5istlus 2024 \"Meie heaolu kalender\" - Peetri P\u00f5hikool","og_description":"Toimus eTwinningu &#8220;Meie heaolu kalendri&#8221; koostamise v\u00f5istlus. \u00d5pilased said harjutada koost\u00f6\u00f6d, digip\u00e4devusi ning m\u00f5elda, mis teeb neid \u00f5nnelikuks ja tagab...","og_url":"https:\/\/www.peetri.edu.ee\/pohikool\/meie-kool\/projektid\/etwinning\/2024-2025\/etwinningu-voistlus-2024-meie-heaolu-kalender\/","og_site_name":"Peetri P\u00f5hikool","article_modified_time":"2025-02-10T06:17:10+00:00","og_image":[{"width":920,"height":696,"url":"https:\/\/www.peetri.edu.ee\/pohikool\/wp-content\/uploads\/sites\/3\/2025\/02\/etw_logo2.png","type":"image\/png"}],"twitter_card":"summary_large_image","twitter_misc":{"Est. reading time":"1 minut"},"schema":{"@context":"https:\/\/schema.org","@graph":[{"@type":"WebPage","@id":"https:\/\/www.peetri.edu.ee\/pohikool\/meie-kool\/projektid\/etwinning\/2024-2025\/etwinningu-voistlus-2024-meie-heaolu-kalender\/","url":"https:\/\/www.peetri.edu.ee\/pohikool\/meie-kool\/projektid\/etwinning\/2024-2025\/etwinningu-voistlus-2024-meie-heaolu-kalender\/","name":"eTwinningu v\u00f5istlus 2024 \"Meie heaolu kalender\" - Peetri P\u00f5hikool","isPartOf":{"@id":"https:\/\/www.peetri.edu.ee\/pohikool\/#website"},"primaryImageOfPage":{"@id":"https:\/\/www.peetri.edu.ee\/pohikool\/meie-kool\/projektid\/etwinning\/2024-2025\/etwinningu-voistlus-2024-meie-heaolu-kalender\/#primaryimage"},"image":{"@id":"https:\/\/www.peetri.edu.ee\/pohikool\/meie-kool\/projektid\/etwinning\/2024-2025\/etwinningu-voistlus-2024-meie-heaolu-kalender\/#primaryimage"},"thumbnailUrl":"https:\/\/www.peetri.edu.ee\/pohikool\/wp-content\/uploads\/sites\/3\/2025\/02\/etw_logo2-300x227.png","datePublished":"2024-11-28T15:50:37+00:00","dateModified":"2025-02-10T06:17:10+00:00","breadcrumb":{"@id":"https:\/\/www.peetri.edu.ee\/pohikool\/meie-kool\/projektid\/etwinning\/2024-2025\/etwinningu-voistlus-2024-meie-heaolu-kalender\/#breadcrumb"},"inLanguage":"et","potentialAction":[{"@type":"ReadAction","target":["https:\/\/www.peetri.edu.ee\/pohikool\/meie-kool\/projektid\/etwinning\/2024-2025\/etwinningu-voistlus-2024-meie-heaolu-kalender\/"]}]},{"@type":"ImageObject","inLanguage":"et","@id":"https:\/\/www.peetri.edu.ee\/pohikool\/meie-kool\/projektid\/etwinning\/2024-2025\/etwinningu-voistlus-2024-meie-heaolu-kalender\/#primaryimage","url":"https:\/\/www.peetri.edu.ee\/pohikool\/wp-content\/uploads\/sites\/3\/2025\/02\/etw_logo2.png","contentUrl":"https:\/\/www.peetri.edu.ee\/pohikool\/wp-content\/uploads\/sites\/3\/2025\/02\/etw_logo2.png","width":920,"height":696},{"@type":"BreadcrumbList","@id":"https:\/\/www.peetri.edu.ee\/pohikool\/meie-kool\/projektid\/etwinning\/2024-2025\/etwinningu-voistlus-2024-meie-heaolu-kalender\/#breadcrumb","itemListElement":[{"@type":"ListItem","position":1,"name":"Home","item":"https:\/\/www.peetri.edu.ee\/pohikool\/"},{"@type":"ListItem","position":2,"name":"Meie kool","item":"https:\/\/www.peetri.edu.ee\/pohikool\/"},{"@type":"ListItem","position":3,"name":"Projektid","item":"https:\/\/www.peetri.edu.ee\/pohikool\/meie-kool\/projektid\/"},{"@type":"ListItem","position":4,"name":"eTwinning","item":"https:\/\/www.peetri.edu.ee\/pohikool\/meie-kool\/projektid\/etwinning\/"},{"@type":"ListItem","position":5,"name":"2024\/2025","item":"https:\/\/www.peetri.edu.ee\/pohikool\/meie-kool\/projektid\/etwinning\/2024-2025\/"},{"@type":"ListItem","position":6,"name":"eTwinningu v\u00f5istlus 2024 &#8220;Meie heaolu kalender&#8221;"}]},{"@type":"WebSite","@id":"https:\/\/www.peetri.edu.ee\/pohikool\/#website","url":"https:\/\/www.peetri.edu.ee\/pohikool\/","name":"Peetri P\u00f5hikool","description":"Igas inimeses on p\u00e4ike, laskem tal s\u00e4rada","potentialAction":[{"@type":"SearchAction","target":{"@type":"EntryPoint","urlTemplate":"https:\/\/www.peetri.edu.ee\/pohikool\/?s={search_term_string}"},"query-input":{"@type":"PropertyValueSpecification","valueRequired":true,"valueName":"search_term_string"}}],"inLanguage":"et"}]}},"acf":[],"_links":{"self":[{"href":"https:\/\/www.peetri.edu.ee\/pohikool\/wp-json\/wp\/v2\/pages\/12660","targetHints":{"allow":["GET"]}}],"collection":[{"href":"https:\/\/www.peetri.edu.ee\/pohikool\/wp-json\/wp\/v2\/pages"}],"about":[{"href":"https:\/\/www.peetri.edu.ee\/pohikool\/wp-json\/wp\/v2\/types\/page"}],"author":[{"embeddable":true,"href":"https:\/\/www.peetri.edu.ee\/pohikool\/wp-json\/wp\/v2\/users\/14"}],"replies":[{"embeddable":true,"href":"https:\/\/www.peetri.edu.ee\/pohikool\/wp-json\/wp\/v2\/comments?post=12660"}],"version-history":[{"count":5,"href":"https:\/\/www.peetri.edu.ee\/pohikool\/wp-json\/wp\/v2\/pages\/12660\/revisions"}],"predecessor-version":[{"id":12836,"href":"https:\/\/www.peetri.edu.ee\/pohikool\/wp-json\/wp\/v2\/pages\/12660\/revisions\/12836"}],"up":[{"embeddable":true,"href":"https:\/\/www.peetri.edu.ee\/pohikool\/wp-json\/wp\/v2\/pages\/12657"}],"wp:attachment":[{"href":"https:\/\/www.peetri.edu.ee\/pohikool\/wp-json\/wp\/v2\/media?parent=12660"}],"curies":[{"name":"wp","href":"https:\/\/api.w.org\/{rel}","templated":true}]}}