{"id":12528,"date":"2024-10-16T17:07:12","date_gmt":"2024-10-16T14:07:12","guid":{"rendered":"https:\/\/www.peetri.edu.ee\/pohikool\/?page_id=12528"},"modified":"2024-11-28T16:50:45","modified_gmt":"2024-11-28T14:50:45","slug":"cs-week-2024","status":"publish","type":"page","link":"https:\/\/www.peetri.edu.ee\/pohikool\/cs-week-2024\/","title":{"rendered":"CS Week 2024"},"content":{"rendered":"\n<figure class=\"wp-block-image size-large\"><img loading=\"lazy\" decoding=\"async\" width=\"1024\" height=\"205\" src=\"https:\/\/www.peetri.edu.ee\/pohikool\/wp-content\/uploads\/sites\/3\/2024\/10\/image-1024x205.png\" alt=\"\" class=\"wp-image-12530\" \/><\/figure>\n\n\n\n<p><strong>Programmeerimisn\u00e4dala Code Week ja ProgeTiigri \u00f5pilas\u00fcrituse raames korraldatakse Peetri koolis ja lasteaias 14.10 &#8211; 15.11.2024\u00a0 \u00f5pilastele erinevaid tegevusi ja \u00f5pitubasid. Koolis toimuv \u00fcritus kannab nime CS Week.<\/strong><\/p>\n<p>\u00d5pitoad viiakse l\u00e4bi\u00a0 Harno, ESF ja Progetiigri toetusel.<\/p>\n<p>T\u00f6\u00f6tubasid viivad l\u00e4bi \u00f5petajad Signe Reidla ja Tuuli Haljaste.\u00a0<\/p>\n<p><em>\u00dcleeuroopaline programmeerimisn\u00e4dal\u00a0Code\u00a0Week\u00a0on Euroopa Komisjoni algatatud \u00fcrituste seeria, mille raames kutsutakse \u00fcles k\u00f5iki tehnoloogiaharidusest huvitatud ettev\u00f5tteid, organisatsioone ja haridusasutusi r\u00e4\u00e4kima programmeerimisest ning korraldama sellega seotud \u00fcritusi.<\/em><\/p>\n<p>14.-27. oktoobrini toimub programmeerimisn\u00e4dal Code Week, mille eesm\u00e4rk on tutvustada programmeerimist.<\/p>\n<p>\u00dcritusi kantakse\u00a0 CodeWeek kaardile (<a href=\"https:\/\/codeweek.eu\/events\">https:\/\/codeweek.eu\/events)<\/a><\/p>\n<p>Tegevused:<\/p>\n<p><b>\u00a0 Ozobot muinasjutumaal<br \/><\/b><\/p>\n<p><span style=\"font-weight: 400\">\u00d5pilased joonistavad\u00a0 muinasjutumaa. M\u00f5tlevad sellele, et Ozobot peaks j\u00f5udma \u00fchest kohast teise.\u00a0<\/span><\/p>\n<p><span style=\"font-weight: 400\">Joonistamist alustab \u00fcks v\u00f5istkond, seda j\u00e4tkab j\u00e4rgmine ja nii edasi kuni esialgselt joonistust alustanud v\u00f5istkond j\u00f5uab oma alustatud lehe juurde tagasi.\u00a0<\/span><\/p>\n<p><span style=\"font-weight: 400\">Joonistavad tehtud muinasjutumaale rada, et ozobot j\u00f5uaks l\u00e4bida k\u00f5ik joonisele tehtud pildid.<\/span><\/p>\n<p><span style=\"font-weight: 400\">Kasutavad erinevaid v\u00e4rve ja v\u00f5imalusel kiiruse muutmise koode.<\/span><\/p>\n<p><b>Nutirongiga liikuma<\/b><\/p>\n<p><span style=\"font-weight: 400\">\u00d5pilased ehitavad rongile raja, \u00f5pivad rongi<\/span><\/p>\n<p><span style=\"font-weight: 400\">liikumist v\u00e4rvikoodidega, teevad raja etteantud pildi j\u00e4rgi. Raja k\u00f5rvale pannakse \u00f5petaja poole etteantud kohtadesse legoklotsid, v\u00f5istkond peab rongi selliselt liikuma panema, et rong legoklotside juures peatuks\u00a0 ja peatuse ajal tohivad sealt v\u00f5tta ainult \u00f5petaja poolt etteantud arvu klotse. \u00dclesannet korratakse umbes 15 minutit. Kaks v\u00f5istkonda liidetakse ja koost\u00f6\u00f6s peavad nad kogutud klotsidest ehitama unistuste maja (maju). Juhivad \u00e4pi abil rongi liikumist.<\/span><\/p>\n<p><b>Matatalab r\u00e4ndab ajas<\/b><\/p>\n<p><span style=\"font-weight: 400\">\u00d5pilased on jaotatud gruppidesse.\u00a0<\/span><\/p>\n<p><span style=\"font-weight: 400\">\u00d5pilased \u00f5pivad roboteid klotside j\u00e4rgi liikuma panema, katsetavad robotiga joonistamist. M\u00f5tlevad v\u00e4lja kujundi, raja, pildi vms ja koostavad selle pildi joonistamiseks rajakaardi (nooltega t\u00e4histatud liikumine). \u00dcks \u00f5pilaste r\u00fchm\u00a0 annab enda loodud rajakaardi teisele r\u00fchmale. Rajakaardi saanud grupp peab roboti selle j\u00e4rgi liikuma panema ja kasutades pliiatsit saama pildi, mille eelmine grupp on teinud.\u00a0<\/span><\/p>\n<p><b>Kooditunnid<\/b><\/p>\n<p>\u00d5pilased tutvuvad veebikeskkonnas code.org lihtsate ja m\u00e4nguliste \u00fclesannete kaudu\u00a0 programmeerimise p\u00f5hialustega, arendavad loogilist m\u00f5tlemist ja probleemide lahendamise oskusi.<\/p>\n<p>\u00a0<\/p>\n<p>\u00a0<\/p>\n\n\n\n<p><strong>T\u00f6\u00f6toad<\/strong> on kantud Code Week kaardile:\u00a0 <a href=\"https:\/\/codeweek.eu\/events\">https:\/\/codeweek.eu\/events<\/a><\/p>\n\n\n\n<figure class=\"wp-block-image size-full\"><img loading=\"lazy\" decoding=\"async\" width=\"259\" height=\"151\" src=\"https:\/\/www.peetri.edu.ee\/pohikool\/wp-content\/uploads\/sites\/3\/2024\/11\/image.png\" alt=\"\" class=\"wp-image-12590\" \/><\/figure>\n\n\n<p>Kahes <strong>18. oktoobril t<\/strong>oimunud &#8220;Ozobot muinasjutumaal&#8221; t\u00f6\u00f6toas osales kokku 68 \u00f5pilast. Esimeses t\u00f6\u00f6toas oli 34 \u00f5pilast ja teises 33 \u00f5pilast).\u00a0 \u00a0Osalesid 2. klassi ja lasteaia \u00f5pilased.\u00a0<\/p>\n<p><a href=\"https:\/\/www.peetri.edu.ee\/pohikool\/wp-content\/uploads\/sites\/3\/2024\/11\/20241126_190310-COLLAGE-scaled.jpg\"><img loading=\"lazy\" decoding=\"async\" class=\"size-medium wp-image-12606 alignleft\" src=\"https:\/\/www.peetri.edu.ee\/pohikool\/wp-content\/uploads\/sites\/3\/2024\/11\/20241126_190310-COLLAGE-169x300.jpg\" alt=\"\" width=\"169\" height=\"300\" \/><\/a> <a href=\"https:\/\/www.peetri.edu.ee\/pohikool\/wp-content\/uploads\/sites\/3\/2024\/11\/Outlook-qkjzvtby-scaled.jpg\"><img loading=\"lazy\" decoding=\"async\" class=\"wp-image-12631 alignleft\" src=\"https:\/\/www.peetri.edu.ee\/pohikool\/wp-content\/uploads\/sites\/3\/2024\/11\/Outlook-qkjzvtby-300x200.jpg\" alt=\"\" width=\"441\" height=\"294\" \/><\/a><\/p>\n<p>\u00a0<\/p>\n<p>\u00a0<\/p>\n<p>\u00a0<\/p>\n<p>\u00a0<\/p>\n<p>\u00a0<\/p>\n<p>\u00a0<\/p>\n<p>\u00a0<\/p>\n<p><a href=\"https:\/\/www.peetri.edu.ee\/pohikool\/wp-content\/uploads\/sites\/3\/2024\/11\/20241126_190033-COLLAGE-scaled.jpg\"><img loading=\"lazy\" decoding=\"async\" class=\"size-medium wp-image-12609 alignleft\" src=\"https:\/\/www.peetri.edu.ee\/pohikool\/wp-content\/uploads\/sites\/3\/2024\/11\/20241126_190033-COLLAGE-300x300.jpg\" alt=\"\" width=\"300\" height=\"300\" \/><br \/><\/a><a href=\"https:\/\/www.peetri.edu.ee\/pohikool\/wp-content\/uploads\/sites\/3\/2024\/11\/16.jpg\"><img loading=\"lazy\" decoding=\"async\" class=\"alignnone  wp-image-12634\" src=\"https:\/\/www.peetri.edu.ee\/pohikool\/wp-content\/uploads\/sites\/3\/2024\/11\/16-300x200.jpg\" alt=\"\" width=\"407\" height=\"271\" \/><\/a><\/p>\n<p>\u00a0<\/p>\n<p><strong>17. oktoobril<\/strong> toimunud\u00a0 t\u00f6\u00f6toas\u00a0 &#8220;Nutirongiga liikuma&#8221; osales\u00a0 39 \u00f5pilast (1. b klassi \u00f5pilased ja lasteaia \u00f5pilased)\u00a0<\/p>\n<p><strong><a href=\"https:\/\/www.peetri.edu.ee\/pohikool\/wp-content\/uploads\/sites\/3\/2024\/11\/20241126_184704-COLLAGE-scaled.jpg\"><img loading=\"lazy\" decoding=\"async\" class=\" wp-image-12596 alignleft\" src=\"https:\/\/www.peetri.edu.ee\/pohikool\/wp-content\/uploads\/sites\/3\/2024\/11\/20241126_184704-COLLAGE-169x300.jpg\" alt=\"\" width=\"284\" height=\"504\" \/><\/a><\/strong><\/p>\n<p><a href=\"https:\/\/www.peetri.edu.ee\/pohikool\/wp-content\/uploads\/sites\/3\/2024\/11\/14.jpg\"><img loading=\"lazy\" decoding=\"async\" class=\"alignnone  wp-image-12637\" src=\"https:\/\/www.peetri.edu.ee\/pohikool\/wp-content\/uploads\/sites\/3\/2024\/11\/14-261x300.jpg\" alt=\"\" width=\"411\" height=\"472\" \/><\/a><\/p>\n<p>\u00a0<\/p>\n<p>\u00a0<\/p>\n<p><strong>15. novembril<\/strong> toimunud t\u00f6\u00f6toas &#8220;Nutirongiga liikuma&#8221; osales 39 \u00f5pilast (3.b klassi \u00f5pilased ja lasteaiai \u00f5pilased).<\/p>\n<p><strong><a href=\"https:\/\/www.peetri.edu.ee\/pohikool\/wp-content\/uploads\/sites\/3\/2024\/11\/20241126_185220-COLLAGE-scaled.jpg\"><img loading=\"lazy\" decoding=\"async\" class=\" wp-image-12600 alignleft\" src=\"https:\/\/www.peetri.edu.ee\/pohikool\/wp-content\/uploads\/sites\/3\/2024\/11\/20241126_185220-COLLAGE-300x300.jpg\" alt=\"\" width=\"299\" height=\"299\" \/><\/a><\/strong><\/p>\n<p><strong><a href=\"https:\/\/www.peetri.edu.ee\/pohikool\/wp-content\/uploads\/sites\/3\/2024\/11\/20241126_185052-COLLAGE-scaled.jpg\"><img loading=\"lazy\" decoding=\"async\" class=\" wp-image-12603 alignleft\" src=\"https:\/\/www.peetri.edu.ee\/pohikool\/wp-content\/uploads\/sites\/3\/2024\/11\/20241126_185052-COLLAGE-200x300.jpg\" alt=\"\" width=\"198\" height=\"297\" \/><\/a><\/strong><\/p>\n<p><a href=\"https:\/\/www.peetri.edu.ee\/pohikool\/wp-content\/uploads\/sites\/3\/2024\/11\/13.jpg\"><img loading=\"lazy\" decoding=\"async\" class=\"size-medium wp-image-12640 alignleft\" src=\"https:\/\/www.peetri.edu.ee\/pohikool\/wp-content\/uploads\/sites\/3\/2024\/11\/13-225x300.jpg\" alt=\"\" width=\"225\" height=\"300\" \/><\/a><\/p>\n<p>\u00a0<\/p>\n<p>\u00a0<\/p>\n<p>\u00a0<\/p>\n<p>\u00a0<\/p>\n<p>\u00a0<\/p>\n<p>\u00a0<\/p>\n<p>3. klassi \u00f5pilaste tagasiside:\u00a0<br \/>T\u00f6\u00f6toas harjutati koost\u00f6\u00f6d, \u00f5piti rongi v\u00e4rvikoodide abil liikuma panemist, ehitati legodest unistuste maju v\u00f5i linnu. Nutirong pidi tegema peatuseid legoklotside juures, mis v\u00f5imaldas \u00f5pilastel neid kokku korjata, et hiljem unistuste linn ehitada.<\/p>\n<p>N\u00e4iteks l\u00f5pptulemusena valmis linn kus on j\u00e4rv, pood, park, majad, Ahhaa keskus, hotell. \u00dche t\u00f6\u00f6 eesm\u00e4rgiks oli, et legode jaoks oleks linn. V\u00e4ga huvitavaks osutus \u00fche grupi t\u00f6\u00f6, milleks oli\u00a0 gepardile tehtud mahla joomise tool. \u00dcheks ehitiseke oli oman\u00e4oline mesilastaru.<\/p>\n<p>\u00d5pilastele meeldis robootika ja teha omavahelist koost\u00f6\u00f6d.\u00a0<\/p>\n<p>\u00a0<\/p>\n<p><strong>30.oktoobril<\/strong> toimunud t\u00f6\u00f6toas &#8220;Matatalab r\u00e4ndab ajas&#8221;\u00a0 osales kokku 34 \u00f5pilast (1.klassi ja lasteaia \u00f5pilased).<\/p>\n<p><strong><a href=\"https:\/\/www.peetri.edu.ee\/pohikool\/wp-content\/uploads\/sites\/3\/2024\/11\/20241126_191054-COLLAGE-scaled.jpg\"><img loading=\"lazy\" decoding=\"async\" class=\" wp-image-12612 alignleft\" src=\"https:\/\/www.peetri.edu.ee\/pohikool\/wp-content\/uploads\/sites\/3\/2024\/11\/20241126_191054-COLLAGE-169x300.jpg\" alt=\"\" width=\"228\" height=\"405\" \/><\/a><\/strong><\/p>\n<p><a href=\"https:\/\/www.peetri.edu.ee\/pohikool\/wp-content\/uploads\/sites\/3\/2024\/11\/1.jpg\"><img loading=\"lazy\" decoding=\"async\" class=\"alignnone  wp-image-12643\" src=\"https:\/\/www.peetri.edu.ee\/pohikool\/wp-content\/uploads\/sites\/3\/2024\/11\/1-225x300.jpg\" alt=\"\" width=\"310\" height=\"413\" \/><\/a><\/p>\n<p>\u00a0<\/p>\n<p><strong>8. novembri<\/strong> t\u00f6\u00f6toas &#8220;Matatalab r\u00e4ndab ajas&#8221; osales\u00a0 32 \u00f5pilast (2.klassi ja lasteaia \u00f5pilased).<\/p>\n<p><a href=\"https:\/\/www.peetri.edu.ee\/pohikool\/wp-content\/uploads\/sites\/3\/2024\/11\/20241126_190925-COLLAGE-scaled.jpg\"><img loading=\"lazy\" decoding=\"async\" class=\"size-medium wp-image-12615 alignleft\" src=\"https:\/\/www.peetri.edu.ee\/pohikool\/wp-content\/uploads\/sites\/3\/2024\/11\/20241126_190925-COLLAGE-300x300.jpg\" alt=\"\" width=\"300\" height=\"300\" \/><\/a><\/p>\n<p>\u00a0<\/p>\n<p>\u00a0<\/p>\n<p>\u00a0<\/p>\n<p>\u00a0<\/p>\n<p>\u00a0<\/p>\n<p>\u00a0<\/p>\n<p>\u00a0<\/p>\n<p>Kooditund toimus <strong>15. oktoobril.<\/strong> Sellest v\u00f5tsid osa 5.b klassi \u00f5pilased.\u00a0<\/p>\n<p>\u00a0<\/p>","protected":false},"excerpt":{"rendered":"<p>Programmeerimisn\u00e4dala Code Week ja ProgeTiigri \u00f5pilas\u00fcrituse raames korraldatakse Peetri koolis ja lasteaias 14.10 &#8211; 15.11.2024\u00a0 \u00f5pilastele erinevaid tegevusi ja \u00f5pitubasid&#8230;.<\/p>\n","protected":false},"author":14,"featured_media":0,"parent":0,"menu_order":0,"comment_status":"closed","ping_status":"closed","template":"","meta":{"_acf_changed":false,"footnotes":""},"class_list":["post-12528","page","type-page","status-publish","hentry"],"yoast_head":"<!-- This site is optimized with the Yoast SEO plugin v27.2 - https:\/\/yoast.com\/product\/yoast-seo-wordpress\/ -->\n<title>CS Week 2024 - Peetri P\u00f5hikool<\/title>\n<meta name=\"robots\" content=\"index, follow, max-snippet:-1, max-image-preview:large, max-video-preview:-1\" \/>\n<link rel=\"canonical\" href=\"https:\/\/www.peetri.edu.ee\/pohikool\/cs-week-2024\/\" \/>\n<meta property=\"og:locale\" content=\"et_EE\" \/>\n<meta property=\"og:type\" content=\"article\" \/>\n<meta property=\"og:title\" content=\"CS Week 2024 - Peetri P\u00f5hikool\" \/>\n<meta property=\"og:description\" content=\"Programmeerimisn\u00e4dala Code Week ja ProgeTiigri \u00f5pilas\u00fcrituse raames korraldatakse Peetri koolis ja lasteaias 14.10 &#8211; 15.11.2024\u00a0 \u00f5pilastele erinevaid tegevusi ja \u00f5pitubasid....\" \/>\n<meta property=\"og:url\" content=\"https:\/\/www.peetri.edu.ee\/pohikool\/cs-week-2024\/\" \/>\n<meta property=\"og:site_name\" content=\"Peetri P\u00f5hikool\" \/>\n<meta property=\"article:modified_time\" content=\"2024-11-28T14:50:45+00:00\" \/>\n<meta property=\"og:image\" content=\"https:\/\/www.peetri.edu.ee\/pohikool\/wp-content\/uploads\/sites\/3\/2024\/10\/image.png\" \/>\n\t<meta property=\"og:image:width\" content=\"1156\" \/>\n\t<meta property=\"og:image:height\" content=\"231\" \/>\n\t<meta property=\"og:image:type\" content=\"image\/png\" \/>\n<meta name=\"twitter:card\" content=\"summary_large_image\" \/>\n<meta name=\"twitter:label1\" content=\"Est. reading time\" \/>\n\t<meta name=\"twitter:data1\" content=\"6 minutit\" \/>\n<script type=\"application\/ld+json\" class=\"yoast-schema-graph\">{\"@context\":\"https:\/\/schema.org\",\"@graph\":[{\"@type\":\"WebPage\",\"@id\":\"https:\/\/www.peetri.edu.ee\/pohikool\/cs-week-2024\/\",\"url\":\"https:\/\/www.peetri.edu.ee\/pohikool\/cs-week-2024\/\",\"name\":\"CS Week 2024 - Peetri P\u00f5hikool\",\"isPartOf\":{\"@id\":\"https:\/\/www.peetri.edu.ee\/pohikool\/#website\"},\"primaryImageOfPage\":{\"@id\":\"https:\/\/www.peetri.edu.ee\/pohikool\/cs-week-2024\/#primaryimage\"},\"image\":{\"@id\":\"https:\/\/www.peetri.edu.ee\/pohikool\/cs-week-2024\/#primaryimage\"},\"thumbnailUrl\":\"https:\/\/www.peetri.edu.ee\/pohikool\/wp-content\/uploads\/sites\/3\/2024\/10\/image-1024x205.png\",\"datePublished\":\"2024-10-16T14:07:12+00:00\",\"dateModified\":\"2024-11-28T14:50:45+00:00\",\"breadcrumb\":{\"@id\":\"https:\/\/www.peetri.edu.ee\/pohikool\/cs-week-2024\/#breadcrumb\"},\"inLanguage\":\"et\",\"potentialAction\":[{\"@type\":\"ReadAction\",\"target\":[\"https:\/\/www.peetri.edu.ee\/pohikool\/cs-week-2024\/\"]}]},{\"@type\":\"ImageObject\",\"inLanguage\":\"et\",\"@id\":\"https:\/\/www.peetri.edu.ee\/pohikool\/cs-week-2024\/#primaryimage\",\"url\":\"https:\/\/www.peetri.edu.ee\/pohikool\/wp-content\/uploads\/sites\/3\/2024\/10\/image.png\",\"contentUrl\":\"https:\/\/www.peetri.edu.ee\/pohikool\/wp-content\/uploads\/sites\/3\/2024\/10\/image.png\",\"width\":1156,\"height\":231},{\"@type\":\"BreadcrumbList\",\"@id\":\"https:\/\/www.peetri.edu.ee\/pohikool\/cs-week-2024\/#breadcrumb\",\"itemListElement\":[{\"@type\":\"ListItem\",\"position\":1,\"name\":\"Home\",\"item\":\"https:\/\/www.peetri.edu.ee\/pohikool\/\"},{\"@type\":\"ListItem\",\"position\":2,\"name\":\"CS Week 2024\"}]},{\"@type\":\"WebSite\",\"@id\":\"https:\/\/www.peetri.edu.ee\/pohikool\/#website\",\"url\":\"https:\/\/www.peetri.edu.ee\/pohikool\/\",\"name\":\"Peetri P\u00f5hikool\",\"description\":\"Igas inimeses on p\u00e4ike, laskem tal s\u00e4rada\",\"potentialAction\":[{\"@type\":\"SearchAction\",\"target\":{\"@type\":\"EntryPoint\",\"urlTemplate\":\"https:\/\/www.peetri.edu.ee\/pohikool\/?s={search_term_string}\"},\"query-input\":{\"@type\":\"PropertyValueSpecification\",\"valueRequired\":true,\"valueName\":\"search_term_string\"}}],\"inLanguage\":\"et\"}]}<\/script>\n<!-- \/ Yoast SEO plugin. -->","yoast_head_json":{"title":"CS Week 2024 - Peetri P\u00f5hikool","robots":{"index":"index","follow":"follow","max-snippet":"max-snippet:-1","max-image-preview":"max-image-preview:large","max-video-preview":"max-video-preview:-1"},"canonical":"https:\/\/www.peetri.edu.ee\/pohikool\/cs-week-2024\/","og_locale":"et_EE","og_type":"article","og_title":"CS Week 2024 - Peetri P\u00f5hikool","og_description":"Programmeerimisn\u00e4dala Code Week ja ProgeTiigri \u00f5pilas\u00fcrituse raames korraldatakse Peetri koolis ja lasteaias 14.10 &#8211; 15.11.2024\u00a0 \u00f5pilastele erinevaid tegevusi ja \u00f5pitubasid....","og_url":"https:\/\/www.peetri.edu.ee\/pohikool\/cs-week-2024\/","og_site_name":"Peetri P\u00f5hikool","article_modified_time":"2024-11-28T14:50:45+00:00","og_image":[{"width":1156,"height":231,"url":"https:\/\/www.peetri.edu.ee\/pohikool\/wp-content\/uploads\/sites\/3\/2024\/10\/image.png","type":"image\/png"}],"twitter_card":"summary_large_image","twitter_misc":{"Est. reading time":"6 minutit"},"schema":{"@context":"https:\/\/schema.org","@graph":[{"@type":"WebPage","@id":"https:\/\/www.peetri.edu.ee\/pohikool\/cs-week-2024\/","url":"https:\/\/www.peetri.edu.ee\/pohikool\/cs-week-2024\/","name":"CS Week 2024 - Peetri P\u00f5hikool","isPartOf":{"@id":"https:\/\/www.peetri.edu.ee\/pohikool\/#website"},"primaryImageOfPage":{"@id":"https:\/\/www.peetri.edu.ee\/pohikool\/cs-week-2024\/#primaryimage"},"image":{"@id":"https:\/\/www.peetri.edu.ee\/pohikool\/cs-week-2024\/#primaryimage"},"thumbnailUrl":"https:\/\/www.peetri.edu.ee\/pohikool\/wp-content\/uploads\/sites\/3\/2024\/10\/image-1024x205.png","datePublished":"2024-10-16T14:07:12+00:00","dateModified":"2024-11-28T14:50:45+00:00","breadcrumb":{"@id":"https:\/\/www.peetri.edu.ee\/pohikool\/cs-week-2024\/#breadcrumb"},"inLanguage":"et","potentialAction":[{"@type":"ReadAction","target":["https:\/\/www.peetri.edu.ee\/pohikool\/cs-week-2024\/"]}]},{"@type":"ImageObject","inLanguage":"et","@id":"https:\/\/www.peetri.edu.ee\/pohikool\/cs-week-2024\/#primaryimage","url":"https:\/\/www.peetri.edu.ee\/pohikool\/wp-content\/uploads\/sites\/3\/2024\/10\/image.png","contentUrl":"https:\/\/www.peetri.edu.ee\/pohikool\/wp-content\/uploads\/sites\/3\/2024\/10\/image.png","width":1156,"height":231},{"@type":"BreadcrumbList","@id":"https:\/\/www.peetri.edu.ee\/pohikool\/cs-week-2024\/#breadcrumb","itemListElement":[{"@type":"ListItem","position":1,"name":"Home","item":"https:\/\/www.peetri.edu.ee\/pohikool\/"},{"@type":"ListItem","position":2,"name":"CS Week 2024"}]},{"@type":"WebSite","@id":"https:\/\/www.peetri.edu.ee\/pohikool\/#website","url":"https:\/\/www.peetri.edu.ee\/pohikool\/","name":"Peetri P\u00f5hikool","description":"Igas inimeses on p\u00e4ike, laskem tal s\u00e4rada","potentialAction":[{"@type":"SearchAction","target":{"@type":"EntryPoint","urlTemplate":"https:\/\/www.peetri.edu.ee\/pohikool\/?s={search_term_string}"},"query-input":{"@type":"PropertyValueSpecification","valueRequired":true,"valueName":"search_term_string"}}],"inLanguage":"et"}]}},"acf":[],"_links":{"self":[{"href":"https:\/\/www.peetri.edu.ee\/pohikool\/wp-json\/wp\/v2\/pages\/12528","targetHints":{"allow":["GET"]}}],"collection":[{"href":"https:\/\/www.peetri.edu.ee\/pohikool\/wp-json\/wp\/v2\/pages"}],"about":[{"href":"https:\/\/www.peetri.edu.ee\/pohikool\/wp-json\/wp\/v2\/types\/page"}],"author":[{"embeddable":true,"href":"https:\/\/www.peetri.edu.ee\/pohikool\/wp-json\/wp\/v2\/users\/14"}],"replies":[{"embeddable":true,"href":"https:\/\/www.peetri.edu.ee\/pohikool\/wp-json\/wp\/v2\/comments?post=12528"}],"version-history":[{"count":5,"href":"https:\/\/www.peetri.edu.ee\/pohikool\/wp-json\/wp\/v2\/pages\/12528\/revisions"}],"predecessor-version":[{"id":12648,"href":"https:\/\/www.peetri.edu.ee\/pohikool\/wp-json\/wp\/v2\/pages\/12528\/revisions\/12648"}],"wp:attachment":[{"href":"https:\/\/www.peetri.edu.ee\/pohikool\/wp-json\/wp\/v2\/media?parent=12528"}],"curies":[{"name":"wp","href":"https:\/\/api.w.org\/{rel}","templated":true}]}}