{"id":121,"date":"2017-08-11T12:55:52","date_gmt":"2017-08-11T09:55:52","guid":{"rendered":"https:\/\/www.peetri.edu.ee\/pohikool\/?page_id=121"},"modified":"2024-01-25T13:16:17","modified_gmt":"2024-01-25T11:16:17","slug":"psuhholoog","status":"publish","type":"page","link":"https:\/\/www.peetri.edu.ee\/pohikool\/meie-kool\/inimesed\/tugiteenused\/psuhholoog\/","title":{"rendered":"Ps\u00fchholoog"},"content":{"rendered":"<p>Koolips\u00fchholoog tegeleb \u00f5pilaste, vajadusel ka \u00f5petajate ja lapsevanemate ps\u00fchholoogilise n\u00f5ustamisega, juhindudes lapse heaolust ja arengu toetamisest ning tagades tema ps\u00fchholoogilise kaitstuse.<\/p>\n<h4>Peamised tegevusvaldkonnad:<\/h4>\n<ul>\n<li>\u00f5pilaste individuaalne n\u00f5ustamine\u00a0\u2013 isikliku elu ja \u00f5ppet\u00f6\u00f6ga seotud probleemide lahendamine, suhtlemisoskuste arendamine, valikute ja otsuste tegemine;<\/li>\n<li>\u00f5pilaste grupin\u00f5ustamine\u00a0\u2013 sarnaste probleemidega ja\/v\u00f5i samas klassis \u00f5ppivate \u00f5pilaste n\u00f5ustamine, grupiarutelude l\u00e4biviimine;<\/li>\n<li>lapsevanemate ning \u00f5petajate toetamine ja n\u00f5ustamine lapse \u00f5ppet\u00f6\u00f6d ja k\u00e4itumist puudutavates k\u00fcsimustes;<\/li>\n<li>laste arengut ja heaolu m\u00f5jutavate tegurite hindamine, sekkumiste kavandamine ja l\u00e4biviimine;<\/li>\n<li>osalemine last \u00fcmbritsevas koost\u00f6\u00f6v\u00f5rgustikus ja vajadusel \u00f5pilase suunamine teiste spetsialistide poole;<\/li>\n<li>teabe jagamine erinevate abi ja info saamise v\u00f5imaluste kohta.<\/li>\n<\/ul>\n<p><strong>Thea Rumberg-Torga<\/strong><br \/>\n<a href=\"mailto:thea.rumberg-torga@peetri.edu.ee\" target=\"_blank\" rel=\"noopener\">thea.rumberg-torga@peetri.edu.ee<br \/>\n<\/a>55 670 972<\/p>\n<p><strong>Vanematel on vastuv\u0151tule p\u00f6\u00f6rdumiseks vajalik eelnev registreerimine.<\/strong><\/p>\n","protected":false},"excerpt":{"rendered":"<p>Koolips\u00fchholoog tegeleb \u00f5pilaste, vajadusel ka \u00f5petajate ja lapsevanemate ps\u00fchholoogilise n\u00f5ustamisega, juhindudes lapse heaolust ja arengu toetamisest ning tagades tema ps\u00fchholoogilise&#8230;<\/p>\n","protected":false},"author":1,"featured_media":0,"parent":103,"menu_order":60,"comment_status":"closed","ping_status":"closed","template":"","meta":{"_acf_changed":false,"footnotes":""},"class_list":["post-121","page","type-page","status-publish","hentry"],"yoast_head":"<!-- This site is optimized with the Yoast SEO plugin v27.2 - https:\/\/yoast.com\/product\/yoast-seo-wordpress\/ -->\n<title>Ps\u00fchholoog - Peetri P\u00f5hikool<\/title>\n<meta name=\"robots\" content=\"index, follow, max-snippet:-1, max-image-preview:large, max-video-preview:-1\" \/>\n<link rel=\"canonical\" href=\"https:\/\/www.peetri.edu.ee\/pohikool\/meie-kool\/inimesed\/tugiteenused\/psuhholoog\/\" \/>\n<meta property=\"og:locale\" content=\"et_EE\" \/>\n<meta property=\"og:type\" content=\"article\" \/>\n<meta property=\"og:title\" content=\"Ps\u00fchholoog - Peetri P\u00f5hikool\" \/>\n<meta property=\"og:description\" content=\"Koolips\u00fchholoog tegeleb \u00f5pilaste, vajadusel ka \u00f5petajate ja lapsevanemate ps\u00fchholoogilise n\u00f5ustamisega, juhindudes lapse heaolust ja arengu toetamisest ning tagades tema ps\u00fchholoogilise...\" \/>\n<meta property=\"og:url\" content=\"https:\/\/www.peetri.edu.ee\/pohikool\/meie-kool\/inimesed\/tugiteenused\/psuhholoog\/\" \/>\n<meta property=\"og:site_name\" content=\"Peetri P\u00f5hikool\" \/>\n<meta property=\"article:modified_time\" content=\"2024-01-25T11:16:17+00:00\" \/>\n<meta name=\"twitter:card\" content=\"summary_large_image\" \/>\n<meta name=\"twitter:label1\" content=\"Est. reading time\" \/>\n\t<meta name=\"twitter:data1\" content=\"1 minut\" \/>\n<script type=\"application\/ld+json\" class=\"yoast-schema-graph\">{\"@context\":\"https:\/\/schema.org\",\"@graph\":[{\"@type\":\"WebPage\",\"@id\":\"https:\/\/www.peetri.edu.ee\/pohikool\/meie-kool\/inimesed\/tugiteenused\/psuhholoog\/\",\"url\":\"https:\/\/www.peetri.edu.ee\/pohikool\/meie-kool\/inimesed\/tugiteenused\/psuhholoog\/\",\"name\":\"Ps\u00fchholoog - Peetri P\u00f5hikool\",\"isPartOf\":{\"@id\":\"https:\/\/www.peetri.edu.ee\/pohikool\/#website\"},\"datePublished\":\"2017-08-11T09:55:52+00:00\",\"dateModified\":\"2024-01-25T11:16:17+00:00\",\"breadcrumb\":{\"@id\":\"https:\/\/www.peetri.edu.ee\/pohikool\/meie-kool\/inimesed\/tugiteenused\/psuhholoog\/#breadcrumb\"},\"inLanguage\":\"et\",\"potentialAction\":[{\"@type\":\"ReadAction\",\"target\":[\"https:\/\/www.peetri.edu.ee\/pohikool\/meie-kool\/inimesed\/tugiteenused\/psuhholoog\/\"]}]},{\"@type\":\"BreadcrumbList\",\"@id\":\"https:\/\/www.peetri.edu.ee\/pohikool\/meie-kool\/inimesed\/tugiteenused\/psuhholoog\/#breadcrumb\",\"itemListElement\":[{\"@type\":\"ListItem\",\"position\":1,\"name\":\"Home\",\"item\":\"https:\/\/www.peetri.edu.ee\/pohikool\/\"},{\"@type\":\"ListItem\",\"position\":2,\"name\":\"Meie kool\",\"item\":\"https:\/\/www.peetri.edu.ee\/pohikool\/\"},{\"@type\":\"ListItem\",\"position\":3,\"name\":\"Inimesed\",\"item\":\"https:\/\/www.peetri.edu.ee\/pohikool\/meie-kool\/inimesed\/\"},{\"@type\":\"ListItem\",\"position\":4,\"name\":\"Tugispetsialistid\",\"item\":\"https:\/\/www.peetri.edu.ee\/pohikool\/meie-kool\/inimesed\/tugiteenused\/\"},{\"@type\":\"ListItem\",\"position\":5,\"name\":\"Ps\u00fchholoog\"}]},{\"@type\":\"WebSite\",\"@id\":\"https:\/\/www.peetri.edu.ee\/pohikool\/#website\",\"url\":\"https:\/\/www.peetri.edu.ee\/pohikool\/\",\"name\":\"Peetri P\u00f5hikool\",\"description\":\"Igas inimeses on p\u00e4ike, laskem tal s\u00e4rada\",\"potentialAction\":[{\"@type\":\"SearchAction\",\"target\":{\"@type\":\"EntryPoint\",\"urlTemplate\":\"https:\/\/www.peetri.edu.ee\/pohikool\/?s={search_term_string}\"},\"query-input\":{\"@type\":\"PropertyValueSpecification\",\"valueRequired\":true,\"valueName\":\"search_term_string\"}}],\"inLanguage\":\"et\"}]}<\/script>\n<!-- \/ Yoast SEO plugin. -->","yoast_head_json":{"title":"Ps\u00fchholoog - Peetri P\u00f5hikool","robots":{"index":"index","follow":"follow","max-snippet":"max-snippet:-1","max-image-preview":"max-image-preview:large","max-video-preview":"max-video-preview:-1"},"canonical":"https:\/\/www.peetri.edu.ee\/pohikool\/meie-kool\/inimesed\/tugiteenused\/psuhholoog\/","og_locale":"et_EE","og_type":"article","og_title":"Ps\u00fchholoog - Peetri P\u00f5hikool","og_description":"Koolips\u00fchholoog tegeleb \u00f5pilaste, vajadusel ka \u00f5petajate ja lapsevanemate ps\u00fchholoogilise n\u00f5ustamisega, juhindudes lapse heaolust ja arengu toetamisest ning tagades tema ps\u00fchholoogilise...","og_url":"https:\/\/www.peetri.edu.ee\/pohikool\/meie-kool\/inimesed\/tugiteenused\/psuhholoog\/","og_site_name":"Peetri P\u00f5hikool","article_modified_time":"2024-01-25T11:16:17+00:00","twitter_card":"summary_large_image","twitter_misc":{"Est. reading time":"1 minut"},"schema":{"@context":"https:\/\/schema.org","@graph":[{"@type":"WebPage","@id":"https:\/\/www.peetri.edu.ee\/pohikool\/meie-kool\/inimesed\/tugiteenused\/psuhholoog\/","url":"https:\/\/www.peetri.edu.ee\/pohikool\/meie-kool\/inimesed\/tugiteenused\/psuhholoog\/","name":"Ps\u00fchholoog - Peetri P\u00f5hikool","isPartOf":{"@id":"https:\/\/www.peetri.edu.ee\/pohikool\/#website"},"datePublished":"2017-08-11T09:55:52+00:00","dateModified":"2024-01-25T11:16:17+00:00","breadcrumb":{"@id":"https:\/\/www.peetri.edu.ee\/pohikool\/meie-kool\/inimesed\/tugiteenused\/psuhholoog\/#breadcrumb"},"inLanguage":"et","potentialAction":[{"@type":"ReadAction","target":["https:\/\/www.peetri.edu.ee\/pohikool\/meie-kool\/inimesed\/tugiteenused\/psuhholoog\/"]}]},{"@type":"BreadcrumbList","@id":"https:\/\/www.peetri.edu.ee\/pohikool\/meie-kool\/inimesed\/tugiteenused\/psuhholoog\/#breadcrumb","itemListElement":[{"@type":"ListItem","position":1,"name":"Home","item":"https:\/\/www.peetri.edu.ee\/pohikool\/"},{"@type":"ListItem","position":2,"name":"Meie kool","item":"https:\/\/www.peetri.edu.ee\/pohikool\/"},{"@type":"ListItem","position":3,"name":"Inimesed","item":"https:\/\/www.peetri.edu.ee\/pohikool\/meie-kool\/inimesed\/"},{"@type":"ListItem","position":4,"name":"Tugispetsialistid","item":"https:\/\/www.peetri.edu.ee\/pohikool\/meie-kool\/inimesed\/tugiteenused\/"},{"@type":"ListItem","position":5,"name":"Ps\u00fchholoog"}]},{"@type":"WebSite","@id":"https:\/\/www.peetri.edu.ee\/pohikool\/#website","url":"https:\/\/www.peetri.edu.ee\/pohikool\/","name":"Peetri P\u00f5hikool","description":"Igas inimeses on p\u00e4ike, laskem tal s\u00e4rada","potentialAction":[{"@type":"SearchAction","target":{"@type":"EntryPoint","urlTemplate":"https:\/\/www.peetri.edu.ee\/pohikool\/?s={search_term_string}"},"query-input":{"@type":"PropertyValueSpecification","valueRequired":true,"valueName":"search_term_string"}}],"inLanguage":"et"}]}},"acf":[],"_links":{"self":[{"href":"https:\/\/www.peetri.edu.ee\/pohikool\/wp-json\/wp\/v2\/pages\/121","targetHints":{"allow":["GET"]}}],"collection":[{"href":"https:\/\/www.peetri.edu.ee\/pohikool\/wp-json\/wp\/v2\/pages"}],"about":[{"href":"https:\/\/www.peetri.edu.ee\/pohikool\/wp-json\/wp\/v2\/types\/page"}],"author":[{"embeddable":true,"href":"https:\/\/www.peetri.edu.ee\/pohikool\/wp-json\/wp\/v2\/users\/1"}],"replies":[{"embeddable":true,"href":"https:\/\/www.peetri.edu.ee\/pohikool\/wp-json\/wp\/v2\/comments?post=121"}],"version-history":[{"count":3,"href":"https:\/\/www.peetri.edu.ee\/pohikool\/wp-json\/wp\/v2\/pages\/121\/revisions"}],"predecessor-version":[{"id":8369,"href":"https:\/\/www.peetri.edu.ee\/pohikool\/wp-json\/wp\/v2\/pages\/121\/revisions\/8369"}],"up":[{"embeddable":true,"href":"https:\/\/www.peetri.edu.ee\/pohikool\/wp-json\/wp\/v2\/pages\/103"}],"wp:attachment":[{"href":"https:\/\/www.peetri.edu.ee\/pohikool\/wp-json\/wp\/v2\/media?parent=121"}],"curies":[{"name":"wp","href":"https:\/\/api.w.org\/{rel}","templated":true}]}}