{"id":119,"date":"2017-08-11T12:54:30","date_gmt":"2017-08-11T09:54:30","guid":{"rendered":"https:\/\/www.peetri.edu.ee\/pohikool\/?page_id=119"},"modified":"2024-01-25T13:16:04","modified_gmt":"2024-01-25T11:16:04","slug":"kooliode","status":"publish","type":"page","link":"https:\/\/www.peetri.edu.ee\/pohikool\/meie-kool\/inimesed\/tugiteenused\/kooliode\/","title":{"rendered":"Kooli\u00f5de"},"content":{"rendered":"<p>Koolitervishoiuteenust osutatakse lapsevanema soovil. Koolitervishoiuteenus ei sisalda haiguste ravi. Ravi vajava \u00f5pilase puhul teavitab kooli\u00f5de \u00f5pilast v\u00f5i lapsevanemat vajadusest minna perearsti v\u00f5i eriarsti juurde, kes v\u00f5tab tarvitusele vajalikud abin\u00f5ud haigestunud lapse abistamiseks.<\/p>\n<h4>Kooli\u00f5e \u00fclesandeks on \u00f5pilaste:<\/h4>\n<ul>\n<li>tervisliku seisundi j\u00e4lgimine;<\/li>\n<li>tervisliku eluviisi kujundamine;<\/li>\n<li>haigestumiste ja krooniliste haiguste v\u00e4ljakujunemise ennetamine;<\/li>\n<li>\u00f5ppekoormuse j\u00e4lgimine;<\/li>\n<li>tervisliku keskkonna loomises osalemine;<\/li>\n<li>koolitoidu kvaliteedi kontrollimine;<\/li>\n<li>v\u00e4ltimatu abi osutamine.<\/li>\n<\/ul>\n<h4>Lisainfot lapsevanemale:<\/h4>\n<ul>\n<li>Vaktsineerimisest\u00a0<a href=\"http:\/\/www.vaktsineeri.ee\/\" target=\"_blank\" rel=\"noopener\">www.vaktsineeri.ee<\/a><\/li>\n<li>Nakkushaigustest\u00a0<a href=\"http:\/\/www.terviseamet.ee\/\" target=\"_blank\" rel=\"noopener\">www.terviseamet.ee<\/a><\/li>\n<li>\u00d5pilaste ja \u00fcli\u00f5pilaste ravikindlustus meil ja mujal\u00a0<a href=\"http:\/\/www.haigekassa.ee\/\" target=\"_blank\" rel=\"noopener\">www.haigekassa.ee<\/a><\/li>\n<li style=\"list-style-type: none;\"><\/li>\n<\/ul>\n<p><strong>Vastuv\u00f5tu ajad: E-R 8.30-14.30<\/strong><\/p>\n<p><strong>Olga Vesselova<\/strong><br \/>\n<a href=\"mailto:olga.vesselova@peetri.edu.ee\">olga.vesselova@peetri.edu.ee\u00a0<\/a><br \/>\n55 616 145<\/p>\n","protected":false},"excerpt":{"rendered":"<p>Koolitervishoiuteenust osutatakse lapsevanema soovil. Koolitervishoiuteenus ei sisalda haiguste ravi. Ravi vajava \u00f5pilase puhul teavitab kooli\u00f5de \u00f5pilast v\u00f5i lapsevanemat vajadusest minna&#8230;<\/p>\n","protected":false},"author":1,"featured_media":0,"parent":103,"menu_order":50,"comment_status":"closed","ping_status":"closed","template":"","meta":{"_acf_changed":false,"footnotes":""},"class_list":["post-119","page","type-page","status-publish","hentry"],"yoast_head":"<!-- This site is optimized with the Yoast SEO plugin v27.2 - https:\/\/yoast.com\/product\/yoast-seo-wordpress\/ -->\n<title>Kooli\u00f5de - Peetri P\u00f5hikool<\/title>\n<meta name=\"robots\" content=\"index, follow, max-snippet:-1, max-image-preview:large, max-video-preview:-1\" \/>\n<link rel=\"canonical\" href=\"https:\/\/www.peetri.edu.ee\/pohikool\/meie-kool\/inimesed\/tugiteenused\/kooliode\/\" \/>\n<meta property=\"og:locale\" content=\"et_EE\" \/>\n<meta property=\"og:type\" content=\"article\" \/>\n<meta property=\"og:title\" content=\"Kooli\u00f5de - Peetri P\u00f5hikool\" \/>\n<meta property=\"og:description\" content=\"Koolitervishoiuteenust osutatakse lapsevanema soovil. Koolitervishoiuteenus ei sisalda haiguste ravi. Ravi vajava \u00f5pilase puhul teavitab kooli\u00f5de \u00f5pilast v\u00f5i lapsevanemat vajadusest minna...\" \/>\n<meta property=\"og:url\" content=\"https:\/\/www.peetri.edu.ee\/pohikool\/meie-kool\/inimesed\/tugiteenused\/kooliode\/\" \/>\n<meta property=\"og:site_name\" content=\"Peetri P\u00f5hikool\" \/>\n<meta property=\"article:modified_time\" content=\"2024-01-25T11:16:04+00:00\" \/>\n<meta name=\"twitter:card\" content=\"summary_large_image\" \/>\n<meta name=\"twitter:label1\" content=\"Est. reading time\" \/>\n\t<meta name=\"twitter:data1\" content=\"1 minut\" \/>\n<script type=\"application\/ld+json\" class=\"yoast-schema-graph\">{\"@context\":\"https:\/\/schema.org\",\"@graph\":[{\"@type\":\"WebPage\",\"@id\":\"https:\/\/www.peetri.edu.ee\/pohikool\/meie-kool\/inimesed\/tugiteenused\/kooliode\/\",\"url\":\"https:\/\/www.peetri.edu.ee\/pohikool\/meie-kool\/inimesed\/tugiteenused\/kooliode\/\",\"name\":\"Kooli\u00f5de - Peetri P\u00f5hikool\",\"isPartOf\":{\"@id\":\"https:\/\/www.peetri.edu.ee\/pohikool\/#website\"},\"datePublished\":\"2017-08-11T09:54:30+00:00\",\"dateModified\":\"2024-01-25T11:16:04+00:00\",\"breadcrumb\":{\"@id\":\"https:\/\/www.peetri.edu.ee\/pohikool\/meie-kool\/inimesed\/tugiteenused\/kooliode\/#breadcrumb\"},\"inLanguage\":\"et\",\"potentialAction\":[{\"@type\":\"ReadAction\",\"target\":[\"https:\/\/www.peetri.edu.ee\/pohikool\/meie-kool\/inimesed\/tugiteenused\/kooliode\/\"]}]},{\"@type\":\"BreadcrumbList\",\"@id\":\"https:\/\/www.peetri.edu.ee\/pohikool\/meie-kool\/inimesed\/tugiteenused\/kooliode\/#breadcrumb\",\"itemListElement\":[{\"@type\":\"ListItem\",\"position\":1,\"name\":\"Home\",\"item\":\"https:\/\/www.peetri.edu.ee\/pohikool\/\"},{\"@type\":\"ListItem\",\"position\":2,\"name\":\"Meie kool\",\"item\":\"https:\/\/www.peetri.edu.ee\/pohikool\/\"},{\"@type\":\"ListItem\",\"position\":3,\"name\":\"Inimesed\",\"item\":\"https:\/\/www.peetri.edu.ee\/pohikool\/meie-kool\/inimesed\/\"},{\"@type\":\"ListItem\",\"position\":4,\"name\":\"Tugispetsialistid\",\"item\":\"https:\/\/www.peetri.edu.ee\/pohikool\/meie-kool\/inimesed\/tugiteenused\/\"},{\"@type\":\"ListItem\",\"position\":5,\"name\":\"Kooli\u00f5de\"}]},{\"@type\":\"WebSite\",\"@id\":\"https:\/\/www.peetri.edu.ee\/pohikool\/#website\",\"url\":\"https:\/\/www.peetri.edu.ee\/pohikool\/\",\"name\":\"Peetri P\u00f5hikool\",\"description\":\"Igas inimeses on p\u00e4ike, laskem tal s\u00e4rada\",\"potentialAction\":[{\"@type\":\"SearchAction\",\"target\":{\"@type\":\"EntryPoint\",\"urlTemplate\":\"https:\/\/www.peetri.edu.ee\/pohikool\/?s={search_term_string}\"},\"query-input\":{\"@type\":\"PropertyValueSpecification\",\"valueRequired\":true,\"valueName\":\"search_term_string\"}}],\"inLanguage\":\"et\"}]}<\/script>\n<!-- \/ Yoast SEO plugin. -->","yoast_head_json":{"title":"Kooli\u00f5de - Peetri P\u00f5hikool","robots":{"index":"index","follow":"follow","max-snippet":"max-snippet:-1","max-image-preview":"max-image-preview:large","max-video-preview":"max-video-preview:-1"},"canonical":"https:\/\/www.peetri.edu.ee\/pohikool\/meie-kool\/inimesed\/tugiteenused\/kooliode\/","og_locale":"et_EE","og_type":"article","og_title":"Kooli\u00f5de - Peetri P\u00f5hikool","og_description":"Koolitervishoiuteenust osutatakse lapsevanema soovil. Koolitervishoiuteenus ei sisalda haiguste ravi. Ravi vajava \u00f5pilase puhul teavitab kooli\u00f5de \u00f5pilast v\u00f5i lapsevanemat vajadusest minna...","og_url":"https:\/\/www.peetri.edu.ee\/pohikool\/meie-kool\/inimesed\/tugiteenused\/kooliode\/","og_site_name":"Peetri P\u00f5hikool","article_modified_time":"2024-01-25T11:16:04+00:00","twitter_card":"summary_large_image","twitter_misc":{"Est. reading time":"1 minut"},"schema":{"@context":"https:\/\/schema.org","@graph":[{"@type":"WebPage","@id":"https:\/\/www.peetri.edu.ee\/pohikool\/meie-kool\/inimesed\/tugiteenused\/kooliode\/","url":"https:\/\/www.peetri.edu.ee\/pohikool\/meie-kool\/inimesed\/tugiteenused\/kooliode\/","name":"Kooli\u00f5de - Peetri P\u00f5hikool","isPartOf":{"@id":"https:\/\/www.peetri.edu.ee\/pohikool\/#website"},"datePublished":"2017-08-11T09:54:30+00:00","dateModified":"2024-01-25T11:16:04+00:00","breadcrumb":{"@id":"https:\/\/www.peetri.edu.ee\/pohikool\/meie-kool\/inimesed\/tugiteenused\/kooliode\/#breadcrumb"},"inLanguage":"et","potentialAction":[{"@type":"ReadAction","target":["https:\/\/www.peetri.edu.ee\/pohikool\/meie-kool\/inimesed\/tugiteenused\/kooliode\/"]}]},{"@type":"BreadcrumbList","@id":"https:\/\/www.peetri.edu.ee\/pohikool\/meie-kool\/inimesed\/tugiteenused\/kooliode\/#breadcrumb","itemListElement":[{"@type":"ListItem","position":1,"name":"Home","item":"https:\/\/www.peetri.edu.ee\/pohikool\/"},{"@type":"ListItem","position":2,"name":"Meie kool","item":"https:\/\/www.peetri.edu.ee\/pohikool\/"},{"@type":"ListItem","position":3,"name":"Inimesed","item":"https:\/\/www.peetri.edu.ee\/pohikool\/meie-kool\/inimesed\/"},{"@type":"ListItem","position":4,"name":"Tugispetsialistid","item":"https:\/\/www.peetri.edu.ee\/pohikool\/meie-kool\/inimesed\/tugiteenused\/"},{"@type":"ListItem","position":5,"name":"Kooli\u00f5de"}]},{"@type":"WebSite","@id":"https:\/\/www.peetri.edu.ee\/pohikool\/#website","url":"https:\/\/www.peetri.edu.ee\/pohikool\/","name":"Peetri P\u00f5hikool","description":"Igas inimeses on p\u00e4ike, laskem tal s\u00e4rada","potentialAction":[{"@type":"SearchAction","target":{"@type":"EntryPoint","urlTemplate":"https:\/\/www.peetri.edu.ee\/pohikool\/?s={search_term_string}"},"query-input":{"@type":"PropertyValueSpecification","valueRequired":true,"valueName":"search_term_string"}}],"inLanguage":"et"}]}},"acf":[],"_links":{"self":[{"href":"https:\/\/www.peetri.edu.ee\/pohikool\/wp-json\/wp\/v2\/pages\/119","targetHints":{"allow":["GET"]}}],"collection":[{"href":"https:\/\/www.peetri.edu.ee\/pohikool\/wp-json\/wp\/v2\/pages"}],"about":[{"href":"https:\/\/www.peetri.edu.ee\/pohikool\/wp-json\/wp\/v2\/types\/page"}],"author":[{"embeddable":true,"href":"https:\/\/www.peetri.edu.ee\/pohikool\/wp-json\/wp\/v2\/users\/1"}],"replies":[{"embeddable":true,"href":"https:\/\/www.peetri.edu.ee\/pohikool\/wp-json\/wp\/v2\/comments?post=119"}],"version-history":[{"count":4,"href":"https:\/\/www.peetri.edu.ee\/pohikool\/wp-json\/wp\/v2\/pages\/119\/revisions"}],"predecessor-version":[{"id":8368,"href":"https:\/\/www.peetri.edu.ee\/pohikool\/wp-json\/wp\/v2\/pages\/119\/revisions\/8368"}],"up":[{"embeddable":true,"href":"https:\/\/www.peetri.edu.ee\/pohikool\/wp-json\/wp\/v2\/pages\/103"}],"wp:attachment":[{"href":"https:\/\/www.peetri.edu.ee\/pohikool\/wp-json\/wp\/v2\/media?parent=119"}],"curies":[{"name":"wp","href":"https:\/\/api.w.org\/{rel}","templated":true}]}}