{"id":116,"date":"2017-08-11T12:53:26","date_gmt":"2017-08-11T09:53:26","guid":{"rendered":"https:\/\/www.peetri.edu.ee\/pohikool\/?page_id=116"},"modified":"2025-02-14T13:49:49","modified_gmt":"2025-02-14T11:49:49","slug":"eripedagoog","status":"publish","type":"page","link":"https:\/\/www.peetri.edu.ee\/pohikool\/meie-kool\/inimesed\/tugiteenused\/eripedagoog\/","title":{"rendered":"Eripedagoog"},"content":{"rendered":"<p>Eripedagoogi p\u00f5hitegevus on erimetoodikat kasutades suunata hariduslike erivajadustega lapse arengut, et soodustada ps\u00fc\u00fchiliste protsesside ja isiksuse arengut. Eripedagoogi tundides \u00f5pitakse v\u00e4ikestes gruppides ning k\u00f5ik lapsed saavad vajalikul hulgal individuaalset t\u00e4helepanu. Tundides tegeleme \u00f5igekirja \u00f5ppimise, lugemisoskuse parandamise, suulise v\u00e4ljendusoskuse arendamise ja palju muu olulisega. M\u00e4ngime ja lahendame t\u00e4helepanu, m\u00e4lu ja taju arendavaid \u00fclesandeid.<\/p>\n<p><strong>Tiina Larionova<\/strong><br \/><a href=\"mailto:tiina.larionova@peetri.edu.ee\">tiina.larionova@peetri.edu.ee<\/a><\/p>\n<p><strong>Kristel Kallaste<\/strong><br \/><a href=\"mailto:kristel.kallaste@peetri.edu.ee\">kristel.kallaste@peetri.edu.ee<\/a><\/p>\n\n","protected":false},"excerpt":{"rendered":"<p>Eripedagoogi p\u00f5hitegevus on erimetoodikat kasutades suunata hariduslike erivajadustega lapse arengut, et soodustada ps\u00fc\u00fchiliste protsesside ja isiksuse arengut. Eripedagoogi tundides \u00f5pitakse&#8230;<\/p>\n","protected":false},"author":1,"featured_media":0,"parent":103,"menu_order":40,"comment_status":"closed","ping_status":"closed","template":"","meta":{"_acf_changed":false,"footnotes":""},"class_list":["post-116","page","type-page","status-publish","hentry"],"yoast_head":"<!-- This site is optimized with the Yoast SEO plugin v27.2 - https:\/\/yoast.com\/product\/yoast-seo-wordpress\/ -->\n<title>Eripedagoog - Peetri P\u00f5hikool<\/title>\n<meta name=\"robots\" content=\"index, follow, max-snippet:-1, max-image-preview:large, max-video-preview:-1\" \/>\n<link rel=\"canonical\" href=\"https:\/\/www.peetri.edu.ee\/pohikool\/meie-kool\/inimesed\/tugiteenused\/eripedagoog\/\" \/>\n<meta property=\"og:locale\" content=\"et_EE\" \/>\n<meta property=\"og:type\" content=\"article\" \/>\n<meta property=\"og:title\" content=\"Eripedagoog - Peetri P\u00f5hikool\" \/>\n<meta property=\"og:description\" content=\"Eripedagoogi p\u00f5hitegevus on erimetoodikat kasutades suunata hariduslike erivajadustega lapse arengut, et soodustada ps\u00fc\u00fchiliste protsesside ja isiksuse arengut. Eripedagoogi tundides \u00f5pitakse...\" \/>\n<meta property=\"og:url\" content=\"https:\/\/www.peetri.edu.ee\/pohikool\/meie-kool\/inimesed\/tugiteenused\/eripedagoog\/\" \/>\n<meta property=\"og:site_name\" content=\"Peetri P\u00f5hikool\" \/>\n<meta property=\"article:modified_time\" content=\"2025-02-14T11:49:49+00:00\" \/>\n<meta name=\"twitter:card\" content=\"summary_large_image\" \/>\n<meta name=\"twitter:label1\" content=\"Est. reading time\" \/>\n\t<meta name=\"twitter:data1\" content=\"1 minut\" \/>\n<script type=\"application\/ld+json\" class=\"yoast-schema-graph\">{\"@context\":\"https:\/\/schema.org\",\"@graph\":[{\"@type\":\"WebPage\",\"@id\":\"https:\/\/www.peetri.edu.ee\/pohikool\/meie-kool\/inimesed\/tugiteenused\/eripedagoog\/\",\"url\":\"https:\/\/www.peetri.edu.ee\/pohikool\/meie-kool\/inimesed\/tugiteenused\/eripedagoog\/\",\"name\":\"Eripedagoog - Peetri P\u00f5hikool\",\"isPartOf\":{\"@id\":\"https:\/\/www.peetri.edu.ee\/pohikool\/#website\"},\"datePublished\":\"2017-08-11T09:53:26+00:00\",\"dateModified\":\"2025-02-14T11:49:49+00:00\",\"breadcrumb\":{\"@id\":\"https:\/\/www.peetri.edu.ee\/pohikool\/meie-kool\/inimesed\/tugiteenused\/eripedagoog\/#breadcrumb\"},\"inLanguage\":\"et\",\"potentialAction\":[{\"@type\":\"ReadAction\",\"target\":[\"https:\/\/www.peetri.edu.ee\/pohikool\/meie-kool\/inimesed\/tugiteenused\/eripedagoog\/\"]}]},{\"@type\":\"BreadcrumbList\",\"@id\":\"https:\/\/www.peetri.edu.ee\/pohikool\/meie-kool\/inimesed\/tugiteenused\/eripedagoog\/#breadcrumb\",\"itemListElement\":[{\"@type\":\"ListItem\",\"position\":1,\"name\":\"Home\",\"item\":\"https:\/\/www.peetri.edu.ee\/pohikool\/\"},{\"@type\":\"ListItem\",\"position\":2,\"name\":\"Meie kool\",\"item\":\"https:\/\/www.peetri.edu.ee\/pohikool\/\"},{\"@type\":\"ListItem\",\"position\":3,\"name\":\"Inimesed\",\"item\":\"https:\/\/www.peetri.edu.ee\/pohikool\/meie-kool\/inimesed\/\"},{\"@type\":\"ListItem\",\"position\":4,\"name\":\"Tugispetsialistid\",\"item\":\"https:\/\/www.peetri.edu.ee\/pohikool\/meie-kool\/inimesed\/tugiteenused\/\"},{\"@type\":\"ListItem\",\"position\":5,\"name\":\"Eripedagoog\"}]},{\"@type\":\"WebSite\",\"@id\":\"https:\/\/www.peetri.edu.ee\/pohikool\/#website\",\"url\":\"https:\/\/www.peetri.edu.ee\/pohikool\/\",\"name\":\"Peetri P\u00f5hikool\",\"description\":\"Igas inimeses on p\u00e4ike, laskem tal s\u00e4rada\",\"potentialAction\":[{\"@type\":\"SearchAction\",\"target\":{\"@type\":\"EntryPoint\",\"urlTemplate\":\"https:\/\/www.peetri.edu.ee\/pohikool\/?s={search_term_string}\"},\"query-input\":{\"@type\":\"PropertyValueSpecification\",\"valueRequired\":true,\"valueName\":\"search_term_string\"}}],\"inLanguage\":\"et\"}]}<\/script>\n<!-- \/ Yoast SEO plugin. -->","yoast_head_json":{"title":"Eripedagoog - Peetri P\u00f5hikool","robots":{"index":"index","follow":"follow","max-snippet":"max-snippet:-1","max-image-preview":"max-image-preview:large","max-video-preview":"max-video-preview:-1"},"canonical":"https:\/\/www.peetri.edu.ee\/pohikool\/meie-kool\/inimesed\/tugiteenused\/eripedagoog\/","og_locale":"et_EE","og_type":"article","og_title":"Eripedagoog - Peetri P\u00f5hikool","og_description":"Eripedagoogi p\u00f5hitegevus on erimetoodikat kasutades suunata hariduslike erivajadustega lapse arengut, et soodustada ps\u00fc\u00fchiliste protsesside ja isiksuse arengut. Eripedagoogi tundides \u00f5pitakse...","og_url":"https:\/\/www.peetri.edu.ee\/pohikool\/meie-kool\/inimesed\/tugiteenused\/eripedagoog\/","og_site_name":"Peetri P\u00f5hikool","article_modified_time":"2025-02-14T11:49:49+00:00","twitter_card":"summary_large_image","twitter_misc":{"Est. reading time":"1 minut"},"schema":{"@context":"https:\/\/schema.org","@graph":[{"@type":"WebPage","@id":"https:\/\/www.peetri.edu.ee\/pohikool\/meie-kool\/inimesed\/tugiteenused\/eripedagoog\/","url":"https:\/\/www.peetri.edu.ee\/pohikool\/meie-kool\/inimesed\/tugiteenused\/eripedagoog\/","name":"Eripedagoog - Peetri P\u00f5hikool","isPartOf":{"@id":"https:\/\/www.peetri.edu.ee\/pohikool\/#website"},"datePublished":"2017-08-11T09:53:26+00:00","dateModified":"2025-02-14T11:49:49+00:00","breadcrumb":{"@id":"https:\/\/www.peetri.edu.ee\/pohikool\/meie-kool\/inimesed\/tugiteenused\/eripedagoog\/#breadcrumb"},"inLanguage":"et","potentialAction":[{"@type":"ReadAction","target":["https:\/\/www.peetri.edu.ee\/pohikool\/meie-kool\/inimesed\/tugiteenused\/eripedagoog\/"]}]},{"@type":"BreadcrumbList","@id":"https:\/\/www.peetri.edu.ee\/pohikool\/meie-kool\/inimesed\/tugiteenused\/eripedagoog\/#breadcrumb","itemListElement":[{"@type":"ListItem","position":1,"name":"Home","item":"https:\/\/www.peetri.edu.ee\/pohikool\/"},{"@type":"ListItem","position":2,"name":"Meie kool","item":"https:\/\/www.peetri.edu.ee\/pohikool\/"},{"@type":"ListItem","position":3,"name":"Inimesed","item":"https:\/\/www.peetri.edu.ee\/pohikool\/meie-kool\/inimesed\/"},{"@type":"ListItem","position":4,"name":"Tugispetsialistid","item":"https:\/\/www.peetri.edu.ee\/pohikool\/meie-kool\/inimesed\/tugiteenused\/"},{"@type":"ListItem","position":5,"name":"Eripedagoog"}]},{"@type":"WebSite","@id":"https:\/\/www.peetri.edu.ee\/pohikool\/#website","url":"https:\/\/www.peetri.edu.ee\/pohikool\/","name":"Peetri P\u00f5hikool","description":"Igas inimeses on p\u00e4ike, laskem tal s\u00e4rada","potentialAction":[{"@type":"SearchAction","target":{"@type":"EntryPoint","urlTemplate":"https:\/\/www.peetri.edu.ee\/pohikool\/?s={search_term_string}"},"query-input":{"@type":"PropertyValueSpecification","valueRequired":true,"valueName":"search_term_string"}}],"inLanguage":"et"}]}},"acf":[],"_links":{"self":[{"href":"https:\/\/www.peetri.edu.ee\/pohikool\/wp-json\/wp\/v2\/pages\/116","targetHints":{"allow":["GET"]}}],"collection":[{"href":"https:\/\/www.peetri.edu.ee\/pohikool\/wp-json\/wp\/v2\/pages"}],"about":[{"href":"https:\/\/www.peetri.edu.ee\/pohikool\/wp-json\/wp\/v2\/types\/page"}],"author":[{"embeddable":true,"href":"https:\/\/www.peetri.edu.ee\/pohikool\/wp-json\/wp\/v2\/users\/1"}],"replies":[{"embeddable":true,"href":"https:\/\/www.peetri.edu.ee\/pohikool\/wp-json\/wp\/v2\/comments?post=116"}],"version-history":[{"count":5,"href":"https:\/\/www.peetri.edu.ee\/pohikool\/wp-json\/wp\/v2\/pages\/116\/revisions"}],"predecessor-version":[{"id":12873,"href":"https:\/\/www.peetri.edu.ee\/pohikool\/wp-json\/wp\/v2\/pages\/116\/revisions\/12873"}],"up":[{"embeddable":true,"href":"https:\/\/www.peetri.edu.ee\/pohikool\/wp-json\/wp\/v2\/pages\/103"}],"wp:attachment":[{"href":"https:\/\/www.peetri.edu.ee\/pohikool\/wp-json\/wp\/v2\/media?parent=116"}],"curies":[{"name":"wp","href":"https:\/\/api.w.org\/{rel}","templated":true}]}}