{"id":110,"date":"2017-08-11T12:52:17","date_gmt":"2017-08-11T09:52:17","guid":{"rendered":"https:\/\/www.peetri.edu.ee\/pohikool\/?page_id=110"},"modified":"2024-01-25T13:06:31","modified_gmt":"2024-01-25T11:06:31","slug":"sotsiaalpedagoog","status":"publish","type":"page","link":"https:\/\/www.peetri.edu.ee\/pohikool\/meie-kool\/inimesed\/tugiteenused\/sotsiaalpedagoog\/","title":{"rendered":"Sotsiaalpedagoog"},"content":{"rendered":"<p>Sotsiaalpedagoogi \u00fclesanne on aidata kaasa heade suhete kujunemisele \u00f5pilaste endi ning \u00f5pilaste ja \u00f5petajate vahel. Vajadusel loob sotsiaalpedagoog lapse toetuseks v\u00f5rgustiku, kuhu on kaasa haaratud nii lapsevanemad, \u00f5petajad, lapse klassikaaslased ja s\u00f5brad, vajadusel ka omavalitsuse, noorsoopolitsei ja teiste ametkondade esindajad.<\/p>\n<p>Sotsiaalpedagoog n\u00f5ustab \u00f5pilasi ja lapsevanemaid ning teeb ennetust\u00f6\u00f6d koolis esinevate sotsiaalsete probleemide valdkonnas.<\/p>\n<p><b>Kristina Teppanainen<\/b><br \/>\n<a href=\"mailto:kristina.teppanainen@peetri.edu.ee\">kristina.teppanainen@peetri.edu.ee<\/a><br \/>\n58 390 657<\/p>\n","protected":false},"excerpt":{"rendered":"<p>Sotsiaalpedagoogi \u00fclesanne on aidata kaasa heade suhete kujunemisele \u00f5pilaste endi ning \u00f5pilaste ja \u00f5petajate vahel. Vajadusel loob sotsiaalpedagoog lapse toetuseks&#8230;<\/p>\n","protected":false},"author":1,"featured_media":0,"parent":103,"menu_order":20,"comment_status":"closed","ping_status":"closed","template":"","meta":{"_acf_changed":false,"footnotes":""},"class_list":["post-110","page","type-page","status-publish","hentry"],"yoast_head":"<!-- This site is optimized with the Yoast SEO plugin v27.2 - https:\/\/yoast.com\/product\/yoast-seo-wordpress\/ -->\n<title>Sotsiaalpedagoog - Peetri P\u00f5hikool<\/title>\n<meta name=\"robots\" content=\"index, follow, max-snippet:-1, max-image-preview:large, max-video-preview:-1\" \/>\n<link rel=\"canonical\" href=\"https:\/\/www.peetri.edu.ee\/pohikool\/meie-kool\/inimesed\/tugiteenused\/sotsiaalpedagoog\/\" \/>\n<meta property=\"og:locale\" content=\"et_EE\" \/>\n<meta property=\"og:type\" content=\"article\" \/>\n<meta property=\"og:title\" content=\"Sotsiaalpedagoog - Peetri P\u00f5hikool\" \/>\n<meta property=\"og:description\" content=\"Sotsiaalpedagoogi \u00fclesanne on aidata kaasa heade suhete kujunemisele \u00f5pilaste endi ning \u00f5pilaste ja \u00f5petajate vahel. Vajadusel loob sotsiaalpedagoog lapse toetuseks...\" \/>\n<meta property=\"og:url\" content=\"https:\/\/www.peetri.edu.ee\/pohikool\/meie-kool\/inimesed\/tugiteenused\/sotsiaalpedagoog\/\" \/>\n<meta property=\"og:site_name\" content=\"Peetri P\u00f5hikool\" \/>\n<meta property=\"article:modified_time\" content=\"2024-01-25T11:06:31+00:00\" \/>\n<meta name=\"twitter:card\" content=\"summary_large_image\" \/>\n<script type=\"application\/ld+json\" class=\"yoast-schema-graph\">{\"@context\":\"https:\/\/schema.org\",\"@graph\":[{\"@type\":\"WebPage\",\"@id\":\"https:\/\/www.peetri.edu.ee\/pohikool\/meie-kool\/inimesed\/tugiteenused\/sotsiaalpedagoog\/\",\"url\":\"https:\/\/www.peetri.edu.ee\/pohikool\/meie-kool\/inimesed\/tugiteenused\/sotsiaalpedagoog\/\",\"name\":\"Sotsiaalpedagoog - Peetri P\u00f5hikool\",\"isPartOf\":{\"@id\":\"https:\/\/www.peetri.edu.ee\/pohikool\/#website\"},\"datePublished\":\"2017-08-11T09:52:17+00:00\",\"dateModified\":\"2024-01-25T11:06:31+00:00\",\"breadcrumb\":{\"@id\":\"https:\/\/www.peetri.edu.ee\/pohikool\/meie-kool\/inimesed\/tugiteenused\/sotsiaalpedagoog\/#breadcrumb\"},\"inLanguage\":\"et\",\"potentialAction\":[{\"@type\":\"ReadAction\",\"target\":[\"https:\/\/www.peetri.edu.ee\/pohikool\/meie-kool\/inimesed\/tugiteenused\/sotsiaalpedagoog\/\"]}]},{\"@type\":\"BreadcrumbList\",\"@id\":\"https:\/\/www.peetri.edu.ee\/pohikool\/meie-kool\/inimesed\/tugiteenused\/sotsiaalpedagoog\/#breadcrumb\",\"itemListElement\":[{\"@type\":\"ListItem\",\"position\":1,\"name\":\"Home\",\"item\":\"https:\/\/www.peetri.edu.ee\/pohikool\/\"},{\"@type\":\"ListItem\",\"position\":2,\"name\":\"Meie kool\",\"item\":\"https:\/\/www.peetri.edu.ee\/pohikool\/\"},{\"@type\":\"ListItem\",\"position\":3,\"name\":\"Inimesed\",\"item\":\"https:\/\/www.peetri.edu.ee\/pohikool\/meie-kool\/inimesed\/\"},{\"@type\":\"ListItem\",\"position\":4,\"name\":\"Tugispetsialistid\",\"item\":\"https:\/\/www.peetri.edu.ee\/pohikool\/meie-kool\/inimesed\/tugiteenused\/\"},{\"@type\":\"ListItem\",\"position\":5,\"name\":\"Sotsiaalpedagoog\"}]},{\"@type\":\"WebSite\",\"@id\":\"https:\/\/www.peetri.edu.ee\/pohikool\/#website\",\"url\":\"https:\/\/www.peetri.edu.ee\/pohikool\/\",\"name\":\"Peetri P\u00f5hikool\",\"description\":\"Igas inimeses on p\u00e4ike, laskem tal s\u00e4rada\",\"potentialAction\":[{\"@type\":\"SearchAction\",\"target\":{\"@type\":\"EntryPoint\",\"urlTemplate\":\"https:\/\/www.peetri.edu.ee\/pohikool\/?s={search_term_string}\"},\"query-input\":{\"@type\":\"PropertyValueSpecification\",\"valueRequired\":true,\"valueName\":\"search_term_string\"}}],\"inLanguage\":\"et\"}]}<\/script>\n<!-- \/ Yoast SEO plugin. -->","yoast_head_json":{"title":"Sotsiaalpedagoog - Peetri P\u00f5hikool","robots":{"index":"index","follow":"follow","max-snippet":"max-snippet:-1","max-image-preview":"max-image-preview:large","max-video-preview":"max-video-preview:-1"},"canonical":"https:\/\/www.peetri.edu.ee\/pohikool\/meie-kool\/inimesed\/tugiteenused\/sotsiaalpedagoog\/","og_locale":"et_EE","og_type":"article","og_title":"Sotsiaalpedagoog - Peetri P\u00f5hikool","og_description":"Sotsiaalpedagoogi \u00fclesanne on aidata kaasa heade suhete kujunemisele \u00f5pilaste endi ning \u00f5pilaste ja \u00f5petajate vahel. Vajadusel loob sotsiaalpedagoog lapse toetuseks...","og_url":"https:\/\/www.peetri.edu.ee\/pohikool\/meie-kool\/inimesed\/tugiteenused\/sotsiaalpedagoog\/","og_site_name":"Peetri P\u00f5hikool","article_modified_time":"2024-01-25T11:06:31+00:00","twitter_card":"summary_large_image","schema":{"@context":"https:\/\/schema.org","@graph":[{"@type":"WebPage","@id":"https:\/\/www.peetri.edu.ee\/pohikool\/meie-kool\/inimesed\/tugiteenused\/sotsiaalpedagoog\/","url":"https:\/\/www.peetri.edu.ee\/pohikool\/meie-kool\/inimesed\/tugiteenused\/sotsiaalpedagoog\/","name":"Sotsiaalpedagoog - Peetri P\u00f5hikool","isPartOf":{"@id":"https:\/\/www.peetri.edu.ee\/pohikool\/#website"},"datePublished":"2017-08-11T09:52:17+00:00","dateModified":"2024-01-25T11:06:31+00:00","breadcrumb":{"@id":"https:\/\/www.peetri.edu.ee\/pohikool\/meie-kool\/inimesed\/tugiteenused\/sotsiaalpedagoog\/#breadcrumb"},"inLanguage":"et","potentialAction":[{"@type":"ReadAction","target":["https:\/\/www.peetri.edu.ee\/pohikool\/meie-kool\/inimesed\/tugiteenused\/sotsiaalpedagoog\/"]}]},{"@type":"BreadcrumbList","@id":"https:\/\/www.peetri.edu.ee\/pohikool\/meie-kool\/inimesed\/tugiteenused\/sotsiaalpedagoog\/#breadcrumb","itemListElement":[{"@type":"ListItem","position":1,"name":"Home","item":"https:\/\/www.peetri.edu.ee\/pohikool\/"},{"@type":"ListItem","position":2,"name":"Meie kool","item":"https:\/\/www.peetri.edu.ee\/pohikool\/"},{"@type":"ListItem","position":3,"name":"Inimesed","item":"https:\/\/www.peetri.edu.ee\/pohikool\/meie-kool\/inimesed\/"},{"@type":"ListItem","position":4,"name":"Tugispetsialistid","item":"https:\/\/www.peetri.edu.ee\/pohikool\/meie-kool\/inimesed\/tugiteenused\/"},{"@type":"ListItem","position":5,"name":"Sotsiaalpedagoog"}]},{"@type":"WebSite","@id":"https:\/\/www.peetri.edu.ee\/pohikool\/#website","url":"https:\/\/www.peetri.edu.ee\/pohikool\/","name":"Peetri P\u00f5hikool","description":"Igas inimeses on p\u00e4ike, laskem tal s\u00e4rada","potentialAction":[{"@type":"SearchAction","target":{"@type":"EntryPoint","urlTemplate":"https:\/\/www.peetri.edu.ee\/pohikool\/?s={search_term_string}"},"query-input":{"@type":"PropertyValueSpecification","valueRequired":true,"valueName":"search_term_string"}}],"inLanguage":"et"}]}},"acf":[],"_links":{"self":[{"href":"https:\/\/www.peetri.edu.ee\/pohikool\/wp-json\/wp\/v2\/pages\/110","targetHints":{"allow":["GET"]}}],"collection":[{"href":"https:\/\/www.peetri.edu.ee\/pohikool\/wp-json\/wp\/v2\/pages"}],"about":[{"href":"https:\/\/www.peetri.edu.ee\/pohikool\/wp-json\/wp\/v2\/types\/page"}],"author":[{"embeddable":true,"href":"https:\/\/www.peetri.edu.ee\/pohikool\/wp-json\/wp\/v2\/users\/1"}],"replies":[{"embeddable":true,"href":"https:\/\/www.peetri.edu.ee\/pohikool\/wp-json\/wp\/v2\/comments?post=110"}],"version-history":[{"count":5,"href":"https:\/\/www.peetri.edu.ee\/pohikool\/wp-json\/wp\/v2\/pages\/110\/revisions"}],"predecessor-version":[{"id":8367,"href":"https:\/\/www.peetri.edu.ee\/pohikool\/wp-json\/wp\/v2\/pages\/110\/revisions\/8367"}],"up":[{"embeddable":true,"href":"https:\/\/www.peetri.edu.ee\/pohikool\/wp-json\/wp\/v2\/pages\/103"}],"wp:attachment":[{"href":"https:\/\/www.peetri.edu.ee\/pohikool\/wp-json\/wp\/v2\/media?parent=110"}],"curies":[{"name":"wp","href":"https:\/\/api.w.org\/{rel}","templated":true}]}}